{"id":2592,"date":"2021-10-04T14:08:12","date_gmt":"2021-10-04T12:08:12","guid":{"rendered":"https:\/\/lillehealthcare.com\/?page_id=2592"},"modified":"2021-11-17T17:08:04","modified_gmt":"2021-11-17T16:08:04","slug":"zaklad-produkcyjny-w-dourges","status":"publish","type":"page","link":"https:\/\/lillehealthcare.com\/pl\/nasze-zobowiazania\/zaklad-produkcyjny-w-dourges\/","title":{"rendered":"Zak\u0142ad produkcyjny w Dourges"},"content":{"rendered":"<div class=\"wpb-content-wrapper\"><p>[vc_row unlock_row_content=&#8221;yes&#8221; row_height_percent=&#8221;0&#8243; override_padding=&#8221;yes&#8221; h_padding=&#8221;2&#8243; top_padding=&#8221;0&#8243; bottom_padding=&#8221;0&#8243; overlay_alpha=&#8221;50&#8243; gutter_size=&#8221;3&#8243; column_width_percent=&#8221;100&#8243; shift_y=&#8221;0&#8243; z_index=&#8221;0&#8243;][vc_column width=&#8221;1\/1&#8243;][uncode_block id=&#8221;2375&#8243; inside_column=&#8221;yes&#8221;][\/vc_column][\/vc_row][vc_row row_height_percent=&#8221;0&#8243; override_padding=&#8221;yes&#8221; h_padding=&#8221;2&#8243; top_padding=&#8221;3&#8243; bottom_padding=&#8221;3&#8243; overlay_alpha=&#8221;50&#8243; gutter_size=&#8221;3&#8243; column_width_percent=&#8221;100&#8243; shift_y=&#8221;0&#8243; z_index=&#8221;0&#8243;][vc_column width=&#8221;1\/1&#8243;][vc_custom_heading text_color=&#8221;color-pblue&#8221; heading_semantic=&#8221;div&#8221; text_size=&#8221;h6&#8243; text_weight=&#8221;700&#8243; text_transform=&#8221;uppercase&#8221; text_height=&#8221;fontheight-24&#8243; el_class=&#8221;bold-text pblue up country-tag france-tag mb-16&#8243; uncode_shortcode_id=&#8221;116493&#8243; text_color_type=&#8221;uncode-palette&#8221;]Francja[\/vc_custom_heading][vc_custom_heading text_weight=&#8221;500&#8243; el_class=&#8221;margin-0&#8243; uncode_shortcode_id=&#8221;926300&#8243;]Zak\u0142ad produkcyjny w Dourges[\/vc_custom_heading][vc_row_inner row_inner_height_percent=&#8221;0&#8243; overlay_alpha=&#8221;50&#8243; equal_height=&#8221;yes&#8221; gutter_size=&#8221;0&#8243; shift_y=&#8221;0&#8243; z_index=&#8221;0&#8243; css=&#8221;.vc_custom_1622197156451{margin-top: 32px !important;}&#8221;][vc_column_inner column_width_percent=&#8221;100&#8243; gutter_size=&#8221;3&#8243; overlay_alpha=&#8221;50&#8243; shift_x=&#8221;0&#8243; shift_y=&#8221;0&#8243; shift_y_down=&#8221;0&#8243; z_index=&#8221;0&#8243; medium_width=&#8221;0&#8243; mobile_width=&#8221;0&#8243; width=&#8221;2\/3&#8243; el_class=&#8221;video-column&#8221;][vc_raw_html]JTNDZGl2JTIwY2xhc3MlM0QlMjJ2aWRlby13cmFwcGVyJTIyJTNFJTBBJTNDaWZyYW1lJTIwc3JjJTNEJTIyaHR0cHMlM0ElMkYlMkZwbGF5ZXIudmltZW8uY29tJTJGdmlkZW8lMkY1NjMxOTQxNDglMjIlMjB3aWR0aCUzRCUyMjY0MCUyMiUyMGhlaWdodCUzRCUyMjM2MSUyMiUyMCUyMGZyYW1lYm9yZGVyJTNEJTIyMCUyMiUyMGFsbG93JTNEJTIyYXV0b3BsYXklM0IlMjBmdWxsc2NyZWVuJTNCJTIwcGljdHVyZS1pbi1waWN0dXJlJTIyJTNFJTNDJTJGaWZyYW1lJTNFJTBBJTNDJTJGZGl2JTNF[\/vc_raw_html][\/vc_column_inner][vc_column_inner column_width_percent=&#8221;100&#8243; gutter_size=&#8221;3&#8243; overlay_alpha=&#8221;50&#8243; shift_x=&#8221;0&#8243; shift_y=&#8221;0&#8243; shift_y_down=&#8221;0&#8243; z_index=&#8221;0&#8243; medium_width=&#8221;0&#8243; mobile_width=&#8221;0&#8243; width=&#8221;1\/3&#8243; el_class=&#8221;stacked-images&#8221;][vc_raw_html el_class=&#8221;production-site-images&#8221;]JTNDZGl2JTIwY2xhc3MlM0QlMjJpc28taWNvbi1pbWclMjByb3VuZGVkLWltZzIlMjBwcy1pbWFnZTElMjIlM0UlMEElM0MlMkZkaXYlM0UlMEElMEElM0NkaXYlMjBjbGFzcyUzRCUyMnJvdW5kZWQtaW1nMiUyMHBzLWltYWdlMiUyMiUzRSUwQSUzQyUyRmRpdiUzRSUwQSUwQSUzQ2RpdiUyMGNsYXNzJTNEJTIycm91bmRlZC1pbWcyJTIwcHMtaW1hZ2UzJTIyJTNFJTBBJTNDJTJGZGl2JTNF[\/vc_raw_html][\/vc_column_inner][\/vc_row_inner][vc_column_text css=&#8221;.vc_custom_1633349265503{margin-top: 60px !important;}&#8221; el_class=&#8221;reg-text&#8221; uncode_shortcode_id=&#8221;158431&#8243;]Zak\u0142ad produkcyjny Dourges mie\u015bci si\u0119 w regionie Hauts-de-France. Ta wyj\u0105tkowo nowoczesna fabryka zosta\u0142a otwarta w 2016 roku i realizuje produkcj\u0119 r\u00f3\u017cnych wyrob\u00f3w dla doros\u0142ych oraz zapewnia zatrudnienie na poziomie 200 os\u00f3b. Maj\u0105c na uwadze zr\u00f3wnowa\u017cony rozw\u00f3j i ochron\u0119 \u015brodowiska, system zarz\u0105dzania \u015brodowiskowego w Dourges jest od lat certyfikowany za zgodno\u015b\u0107 z ISO 14001 przez akredytowany podmiot. Z dum\u0105 produkujemy nasze wyroby we Francji![\/vc_column_text][vc_column_text css=&#8221;.vc_custom_1633349276670{margin-top: 20px !important;}&#8221; el_class=&#8221;reg-text&#8221; uncode_shortcode_id=&#8221;143765&#8243;]Niekt\u00f3re zdj\u0119cia lub filmy mog\u0142y zosta\u0107 wykonane przed pandemi\u0105 COVID-19, co t\u0142umaczy brak masek.[\/vc_column_text][\/vc_column][\/vc_row][vc_row unlock_row_content=&#8221;yes&#8221; row_height_percent=&#8221;0&#8243; override_padding=&#8221;yes&#8221; h_padding=&#8221;2&#8243; top_padding=&#8221;0&#8243; bottom_padding=&#8221;3&#8243; overlay_alpha=&#8221;50&#8243; gutter_size=&#8221;3&#8243; column_width_percent=&#8221;100&#8243; shift_y=&#8221;0&#8243; z_index=&#8221;0&#8243;][vc_column width=&#8221;1\/1&#8243;][vc_custom_heading text_color=&#8221;accent&#8221; heading_semantic=&#8221;div&#8221; text_size=&#8221;h6&#8243; text_weight=&#8221;400&#8243; text_height=&#8221;fontheight-24&#8243; el_class=&#8221;green-link arrow-link&#8221; uncode_shortcode_id=&#8221;101764&#8243; text_color_type=&#8221;uncode-palette&#8221;]<a href=\"\/pl\/nasze-zobowiazania\/\">Powr\u00f3t do naszych zobowi\u0105za\u0144<\/a>[\/vc_custom_heading][\/vc_column][\/vc_row]<\/p>\n<\/div>","protected":false},"excerpt":{"rendered":"<p>[vc_row unlock_row_content=&#8221;yes&#8221; row_height_percent=&#8221;0&#8243; override_padding=&#8221;yes&#8221; h_padding=&#8221;2&#8243; top_padding=&#8221;0&#8243; bottom_padding=&#8221;0&#8243; overlay_alpha=&#8221;50&#8243; gutter_size=&#8221;3&#8243; column_width_percent=&#8221;100&#8243; shift_y=&#8221;0&#8243; z_index=&#8221;0&#8243;][vc_column width=&#8221;1\/1&#8243;][uncode_block id=&#8221;2375&#8243; inside_column=&#8221;yes&#8221;][\/vc_column][\/vc_row][vc_row row_height_percent=&#8221;0&#8243; override_padding=&#8221;yes&#8221; h_padding=&#8221;2&#8243; top_padding=&#8221;3&#8243; bottom_padding=&#8221;3&#8243; [&hellip;]<\/p>\n","protected":false},"author":3,"featured_media":0,"parent":2594,"menu_order":0,"comment_status":"closed","ping_status":"closed","template":"","meta":{"footnotes":""},"class_list":["post-2592","page","type-page","status-publish","hentry"],"yoast_head":"<!-- This site is optimized with the Yoast SEO Premium plugin v27.4 (Yoast SEO v27.4) - https:\/\/yoast.com\/product\/yoast-seo-premium-wordpress\/ -->\n<title>Zak\u0142ad produkcyjny w Dourges &#183; Lille Healthcare<\/title>\n<meta name=\"description\" content=\"Chcia\u0142by\u015b dowiedzie\u0107 si\u0119 wi\u0119cej o naszym zak\u0142adzie produkcyjnym w Dourges we Francji? Poka\u017cemy Ci wszystko bez tajemnic.\" \/>\n<meta name=\"robots\" content=\"index, follow, max-snippet:-1, max-image-preview:large, max-video-preview:-1\" \/>\n<link rel=\"canonical\" href=\"https:\/\/lillehealthcare.com\/pl\/nasze-zobowiazania\/zaklad-produkcyjny-w-dourges\/\" \/>\n<meta property=\"og:locale\" content=\"pl_PL\" \/>\n<meta property=\"og:type\" content=\"article\" \/>\n<meta property=\"og:title\" content=\"Zak\u0142ad produkcyjny w Dourges\" \/>\n<meta property=\"og:description\" content=\"Chcia\u0142by\u015b dowiedzie\u0107 si\u0119 wi\u0119cej o naszym zak\u0142adzie produkcyjnym w Dourges we Francji? Poka\u017cemy Ci wszystko bez tajemnic.\" \/>\n<meta property=\"og:url\" content=\"https:\/\/lillehealthcare.com\/pl\/nasze-zobowiazania\/zaklad-produkcyjny-w-dourges\/\" \/>\n<meta property=\"og:site_name\" content=\"Lille Healthcare\" \/>\n<meta property=\"article:modified_time\" content=\"2021-11-17T16:08:04+00:00\" \/>\n<meta property=\"og:image\" content=\"https:\/\/lillehealthcare.com\/wp-content\/uploads\/2021\/05\/hero-couple.jpg\" \/>\n\t<meta property=\"og:image:width\" content=\"960\" \/>\n\t<meta property=\"og:image:height\" content=\"639\" \/>\n\t<meta property=\"og:image:type\" content=\"image\/jpeg\" \/>\n<meta name=\"twitter:card\" content=\"summary_large_image\" \/>\n<meta name=\"twitter:label1\" content=\"Szacowany czas czytania\" \/>\n\t<meta name=\"twitter:data1\" content=\"1 minuta\" \/>\n<script type=\"application\/ld+json\" class=\"yoast-schema-graph\">{\"@context\":\"https:\\\/\\\/schema.org\",\"@graph\":[{\"@type\":\"WebPage\",\"@id\":\"https:\\\/\\\/lillehealthcare.com\\\/pl\\\/nasze-zobowiazania\\\/zaklad-produkcyjny-w-dourges\\\/\",\"url\":\"https:\\\/\\\/lillehealthcare.com\\\/pl\\\/nasze-zobowiazania\\\/zaklad-produkcyjny-w-dourges\\\/\",\"name\":\"Zak\u0142ad produkcyjny w Dourges &#183; Lille Healthcare\",\"isPartOf\":{\"@id\":\"https:\\\/\\\/lillehealthcare.com\\\/pl\\\/#website\"},\"datePublished\":\"2021-10-04T12:08:12+00:00\",\"dateModified\":\"2021-11-17T16:08:04+00:00\",\"description\":\"Chcia\u0142by\u015b dowiedzie\u0107 si\u0119 wi\u0119cej o naszym zak\u0142adzie produkcyjnym w Dourges we Francji? Poka\u017cemy Ci wszystko bez tajemnic.\",\"breadcrumb\":{\"@id\":\"https:\\\/\\\/lillehealthcare.com\\\/pl\\\/nasze-zobowiazania\\\/zaklad-produkcyjny-w-dourges\\\/#breadcrumb\"},\"inLanguage\":\"pl-PL\",\"potentialAction\":[{\"@type\":\"ReadAction\",\"target\":[\"https:\\\/\\\/lillehealthcare.com\\\/pl\\\/nasze-zobowiazania\\\/zaklad-produkcyjny-w-dourges\\\/\"]}]},{\"@type\":\"BreadcrumbList\",\"@id\":\"https:\\\/\\\/lillehealthcare.com\\\/pl\\\/nasze-zobowiazania\\\/zaklad-produkcyjny-w-dourges\\\/#breadcrumb\",\"itemListElement\":[{\"@type\":\"ListItem\",\"position\":1,\"name\":\"Home\",\"item\":\"https:\\\/\\\/lillehealthcare.com\\\/pl\\\/\"},{\"@type\":\"ListItem\",\"position\":2,\"name\":\"Nasze zobowi\u0105zania\",\"item\":\"https:\\\/\\\/lillehealthcare.com\\\/pl\\\/nasze-zobowiazania\\\/\"},{\"@type\":\"ListItem\",\"position\":3,\"name\":\"Zak\u0142ad produkcyjny w Dourges\"}]},{\"@type\":\"WebSite\",\"@id\":\"https:\\\/\\\/lillehealthcare.com\\\/pl\\\/#website\",\"url\":\"https:\\\/\\\/lillehealthcare.com\\\/pl\\\/\",\"name\":\"Lille Healthcare\",\"description\":\"Incontinence products suitable for everyone\u2019s needs\",\"publisher\":{\"@id\":\"https:\\\/\\\/lillehealthcare.com\\\/pl\\\/#organization\"},\"potentialAction\":[{\"@type\":\"SearchAction\",\"target\":{\"@type\":\"EntryPoint\",\"urlTemplate\":\"https:\\\/\\\/lillehealthcare.com\\\/pl\\\/?s={search_term_string}\"},\"query-input\":{\"@type\":\"PropertyValueSpecification\",\"valueRequired\":true,\"valueName\":\"search_term_string\"}}],\"inLanguage\":\"pl-PL\"},{\"@type\":\"Organization\",\"@id\":\"https:\\\/\\\/lillehealthcare.com\\\/pl\\\/#organization\",\"name\":\"Lille Healthcare\",\"url\":\"https:\\\/\\\/lillehealthcare.com\\\/pl\\\/\",\"logo\":{\"@type\":\"ImageObject\",\"inLanguage\":\"pl-PL\",\"@id\":\"https:\\\/\\\/lillehealthcare.com\\\/pl\\\/#\\\/schema\\\/logo\\\/image\\\/\",\"url\":\"https:\\\/\\\/lillehealthcare.com\\\/wp-content\\\/uploads\\\/2021\\\/05\\\/logoLilleHealthCareCMJN.svg\",\"contentUrl\":\"https:\\\/\\\/lillehealthcare.com\\\/wp-content\\\/uploads\\\/2021\\\/05\\\/logoLilleHealthCareCMJN.svg\",\"width\":100,\"height\":100,\"caption\":\"Lille Healthcare\"},\"image\":{\"@id\":\"https:\\\/\\\/lillehealthcare.com\\\/pl\\\/#\\\/schema\\\/logo\\\/image\\\/\"}}]}<\/script>\n<!-- \/ Yoast SEO Premium plugin. -->","yoast_head_json":{"title":"Zak\u0142ad produkcyjny w Dourges &#183; Lille Healthcare","description":"Chcia\u0142by\u015b dowiedzie\u0107 si\u0119 wi\u0119cej o naszym zak\u0142adzie produkcyjnym w Dourges we Francji? Poka\u017cemy Ci wszystko bez tajemnic.","robots":{"index":"index","follow":"follow","max-snippet":"max-snippet:-1","max-image-preview":"max-image-preview:large","max-video-preview":"max-video-preview:-1"},"canonical":"https:\/\/lillehealthcare.com\/pl\/nasze-zobowiazania\/zaklad-produkcyjny-w-dourges\/","og_locale":"pl_PL","og_type":"article","og_title":"Zak\u0142ad produkcyjny w Dourges","og_description":"Chcia\u0142by\u015b dowiedzie\u0107 si\u0119 wi\u0119cej o naszym zak\u0142adzie produkcyjnym w Dourges we Francji? Poka\u017cemy Ci wszystko bez tajemnic.","og_url":"https:\/\/lillehealthcare.com\/pl\/nasze-zobowiazania\/zaklad-produkcyjny-w-dourges\/","og_site_name":"Lille Healthcare","article_modified_time":"2021-11-17T16:08:04+00:00","og_image":[{"width":960,"height":639,"url":"https:\/\/lillehealthcare.com\/wp-content\/uploads\/2021\/05\/hero-couple.jpg","type":"image\/jpeg"}],"twitter_card":"summary_large_image","twitter_misc":{"Szacowany czas czytania":"1 minuta"},"schema":{"@context":"https:\/\/schema.org","@graph":[{"@type":"WebPage","@id":"https:\/\/lillehealthcare.com\/pl\/nasze-zobowiazania\/zaklad-produkcyjny-w-dourges\/","url":"https:\/\/lillehealthcare.com\/pl\/nasze-zobowiazania\/zaklad-produkcyjny-w-dourges\/","name":"Zak\u0142ad produkcyjny w Dourges &#183; Lille Healthcare","isPartOf":{"@id":"https:\/\/lillehealthcare.com\/pl\/#website"},"datePublished":"2021-10-04T12:08:12+00:00","dateModified":"2021-11-17T16:08:04+00:00","description":"Chcia\u0142by\u015b dowiedzie\u0107 si\u0119 wi\u0119cej o naszym zak\u0142adzie produkcyjnym w Dourges we Francji? Poka\u017cemy Ci wszystko bez tajemnic.","breadcrumb":{"@id":"https:\/\/lillehealthcare.com\/pl\/nasze-zobowiazania\/zaklad-produkcyjny-w-dourges\/#breadcrumb"},"inLanguage":"pl-PL","potentialAction":[{"@type":"ReadAction","target":["https:\/\/lillehealthcare.com\/pl\/nasze-zobowiazania\/zaklad-produkcyjny-w-dourges\/"]}]},{"@type":"BreadcrumbList","@id":"https:\/\/lillehealthcare.com\/pl\/nasze-zobowiazania\/zaklad-produkcyjny-w-dourges\/#breadcrumb","itemListElement":[{"@type":"ListItem","position":1,"name":"Home","item":"https:\/\/lillehealthcare.com\/pl\/"},{"@type":"ListItem","position":2,"name":"Nasze zobowi\u0105zania","item":"https:\/\/lillehealthcare.com\/pl\/nasze-zobowiazania\/"},{"@type":"ListItem","position":3,"name":"Zak\u0142ad produkcyjny w Dourges"}]},{"@type":"WebSite","@id":"https:\/\/lillehealthcare.com\/pl\/#website","url":"https:\/\/lillehealthcare.com\/pl\/","name":"Lille Healthcare","description":"Incontinence products suitable for everyone\u2019s needs","publisher":{"@id":"https:\/\/lillehealthcare.com\/pl\/#organization"},"potentialAction":[{"@type":"SearchAction","target":{"@type":"EntryPoint","urlTemplate":"https:\/\/lillehealthcare.com\/pl\/?s={search_term_string}"},"query-input":{"@type":"PropertyValueSpecification","valueRequired":true,"valueName":"search_term_string"}}],"inLanguage":"pl-PL"},{"@type":"Organization","@id":"https:\/\/lillehealthcare.com\/pl\/#organization","name":"Lille Healthcare","url":"https:\/\/lillehealthcare.com\/pl\/","logo":{"@type":"ImageObject","inLanguage":"pl-PL","@id":"https:\/\/lillehealthcare.com\/pl\/#\/schema\/logo\/image\/","url":"https:\/\/lillehealthcare.com\/wp-content\/uploads\/2021\/05\/logoLilleHealthCareCMJN.svg","contentUrl":"https:\/\/lillehealthcare.com\/wp-content\/uploads\/2021\/05\/logoLilleHealthCareCMJN.svg","width":100,"height":100,"caption":"Lille Healthcare"},"image":{"@id":"https:\/\/lillehealthcare.com\/pl\/#\/schema\/logo\/image\/"}}]}},"_links":{"self":[{"href":"https:\/\/lillehealthcare.com\/pl\/wp-json\/wp\/v2\/pages\/2592","targetHints":{"allow":["GET"]}}],"collection":[{"href":"https:\/\/lillehealthcare.com\/pl\/wp-json\/wp\/v2\/pages"}],"about":[{"href":"https:\/\/lillehealthcare.com\/pl\/wp-json\/wp\/v2\/types\/page"}],"author":[{"embeddable":true,"href":"https:\/\/lillehealthcare.com\/pl\/wp-json\/wp\/v2\/users\/3"}],"replies":[{"embeddable":true,"href":"https:\/\/lillehealthcare.com\/pl\/wp-json\/wp\/v2\/comments?post=2592"}],"version-history":[{"count":0,"href":"https:\/\/lillehealthcare.com\/pl\/wp-json\/wp\/v2\/pages\/2592\/revisions"}],"up":[{"embeddable":true,"href":"https:\/\/lillehealthcare.com\/pl\/wp-json\/wp\/v2\/pages\/2594"}],"wp:attachment":[{"href":"https:\/\/lillehealthcare.com\/pl\/wp-json\/wp\/v2\/media?parent=2592"}],"curies":[{"name":"wp","href":"https:\/\/api.w.org\/{rel}","templated":true}]}}