{"id":2591,"date":"2021-10-02T19:20:58","date_gmt":"2021-10-02T17:20:58","guid":{"rendered":"https:\/\/lillehealthcare.com\/?page_id=2591"},"modified":"2021-11-17T10:24:35","modified_gmt":"2021-11-17T09:24:35","slug":"produkty-wspomagajace","status":"publish","type":"page","link":"https:\/\/lillehealthcare.com\/pl\/nasze-produkty\/produkty-wspomagajace\/","title":{"rendered":"Produkty wspomagaj\u0105ce"},"content":{"rendered":"<div class=\"wpb-content-wrapper\"><p>[vc_row row_height_percent=&#8221;0&#8243; override_padding=&#8221;yes&#8221; h_padding=&#8221;2&#8243; top_padding=&#8221;0&#8243; bottom_padding=&#8221;0&#8243; overlay_alpha=&#8221;50&#8243; gutter_size=&#8221;3&#8243; column_width_percent=&#8221;100&#8243; shift_y=&#8221;0&#8243; z_index=&#8221;0&#8243; inverted_device_order=&#8221;yes&#8221; el_class=&#8221;hero-section draw-up padded-left&#8221; el_id=&#8221;cp-hero&#8221;][vc_column column_width_percent=&#8221;100&#8243; gutter_size=&#8221;3&#8243; overlay_alpha=&#8221;50&#8243; shift_x=&#8221;0&#8243; shift_y=&#8221;0&#8243; shift_y_down=&#8221;0&#8243; z_index=&#8221;0&#8243; medium_width=&#8221;0&#8243; mobile_width=&#8221;0&#8243; width=&#8221;1\/2&#8243; el_class=&#8221;hero-text&#8221; css=&#8221;.vc_custom_1621429572972{padding-bottom: 47px !important;}&#8221;][uncode_block id=&#8221;87&#8243; inside_column=&#8221;yes&#8221;][vc_custom_heading heading_semantic=&#8221;h1&#8243; text_size=&#8221;h1&#8243; text_height=&#8221;fontheight-57&#8243; sub_lead=&#8221;yes&#8221; el_class=&#8221;subheader&#8221; uncode_shortcode_id=&#8221;161001&#8243;]Produkty wspomagaj\u0105ce[\/vc_custom_heading][vc_column_text el_class=&#8221;reg-text leader-text anchor-text&#8221; uncode_shortcode_id=&#8221;156230&#8243;]Jako uzupe\u0142nienie naszej gamy produkt\u00f3w ochronnych stosowanych w przypadku nietrzymania moczu, kt\u00f3re mo\u017cna dostosowa\u0107 do indywidualnych potrzeb ka\u017cdej osoby, firma Lille Healthcare opracowa\u0142a szereg wyrob\u00f3w pozwalaj\u0105cych chroni\u0107 po\u015bciel i dba\u0107 o zdrowie sk\u00f3ry.[\/vc_column_text][\/vc_column][vc_column column_width_percent=&#8221;100&#8243; gutter_size=&#8221;3&#8243; overlay_alpha=&#8221;50&#8243; shift_x=&#8221;0&#8243; shift_y=&#8221;0&#8243; shift_y_down=&#8221;0&#8243; z_index=&#8221;0&#8243; medium_width=&#8221;0&#8243; mobile_width=&#8221;0&#8243; width=&#8221;1\/2&#8243; el_class=&#8221;image-column&#8221;][vc_single_image media=&#8221;457&#8243; media_width_percent=&#8221;100&#8243; el_class=&#8221;rounded-img&#8221;][\/vc_column][\/vc_row][vc_row row_height_percent=&#8221;0&#8243; override_padding=&#8221;yes&#8221; h_padding=&#8221;2&#8243; top_padding=&#8221;4&#8243; bottom_padding=&#8221;3&#8243; back_color=&#8221;color-white&#8221; overlay_alpha=&#8221;50&#8243; gutter_size=&#8221;3&#8243; column_width_percent=&#8221;100&#8243; shift_y=&#8221;0&#8243; z_index=&#8221;0&#8243; el_id=&#8221;cp-string&#8221;][vc_column column_width_percent=&#8221;100&#8243; gutter_size=&#8221;3&#8243; overlay_alpha=&#8221;50&#8243; shift_x=&#8221;0&#8243; shift_y=&#8221;0&#8243; shift_y_down=&#8221;0&#8243; z_index=&#8221;0&#8243; medium_width=&#8221;0&#8243; mobile_width=&#8221;0&#8243; width=&#8221;1\/1&#8243; el_class=&#8221;string-column&#8221;][vc_row_inner row_inner_height_percent=&#8221;0&#8243; overlay_alpha=&#8221;50&#8243; gutter_size=&#8221;3&#8243; shift_y=&#8221;0&#8243; z_index=&#8221;0&#8243;][vc_column_inner width=&#8221;1\/3&#8243;][vc_single_image media=&#8221;463&#8243; media_width_percent=&#8221;100&#8243; alignment=&#8221;center&#8221; el_class=&#8221;lille-image&#8221;][\/vc_column_inner][vc_column_inner column_width_percent=&#8221;100&#8243; gutter_size=&#8221;3&#8243; overlay_alpha=&#8221;50&#8243; shift_x=&#8221;0&#8243; shift_y=&#8221;0&#8243; shift_y_down=&#8221;0&#8243; z_index=&#8221;0&#8243; medium_width=&#8221;0&#8243; mobile_width=&#8221;0&#8243; width=&#8221;2\/3&#8243; el_class=&#8221;product-item-row&#8221;][vc_custom_heading heading_semantic=&#8221;h3&#8243; text_font=&#8221;font-rubik&#8221; text_size=&#8221;h3&#8243; text_weight=&#8221;400&#8243;]<strong>Lille CLASSIC<\/strong> bed[\/vc_custom_heading][vc_column_text css=&#8221;.vc_custom_1633194965843{margin-top: 20px !important;margin-bottom: 16px !important;}&#8221; uncode_shortcode_id=&#8221;132056&#8243;]Lille CLASSIC bed to podk\u0142ady, kt\u00f3re umo\u017cliwiaj\u0105 skuteczn\u0105 ochron\u0119 \u0142\u00f3\u017cka i krzese\u0142. Mo\u017cna je stosowa\u0107 razem z produktami Lille SUPREM.<\/p>\n<p>Dost\u0119pne w 4 rozmiarach: 40&#215;60, 60&#215;60, 60&#215;90 i 90&#215;180 cm.[\/vc_column_text][vc_single_image media=&#8221;308&#8243; media_width_percent=&#8221;100&#8243; el_class=&#8221;lille-image drop-icon&#8221;][vc_single_image media=&#8221;307&#8243; media_width_percent=&#8221;100&#8243; el_class=&#8221;lille-image drop-icon&#8221;][vc_single_image media=&#8221;312&#8243; media_width_percent=&#8221;100&#8243; el_class=&#8221;lille-image drop-icon&#8221;][\/vc_column_inner][\/vc_row_inner][vc_row_inner row_inner_height_percent=&#8221;0&#8243; overlay_alpha=&#8221;50&#8243; gutter_size=&#8221;0&#8243; shift_y=&#8221;0&#8243; z_index=&#8221;0&#8243;][vc_column_inner width=&#8221;1\/2&#8243;][vc_single_image media=&#8221;462&#8243; media_width_percent=&#8221;100&#8243; alignment=&#8221;right&#8221; el_class=&#8221;lille-image float-right&#8221;][\/vc_column_inner][vc_column_inner column_width_percent=&#8221;100&#8243; gutter_size=&#8221;3&#8243; overlay_alpha=&#8221;50&#8243; shift_x=&#8221;0&#8243; shift_y=&#8221;0&#8243; shift_y_down=&#8221;0&#8243; z_index=&#8221;0&#8243; medium_width=&#8221;0&#8243; mobile_width=&#8221;0&#8243; width=&#8221;1\/2&#8243; el_class=&#8221;product-item-row&#8221;][vc_custom_heading heading_semantic=&#8221;h3&#8243; text_font=&#8221;font-rubik&#8221; text_size=&#8221;h3&#8243; text_weight=&#8221;400&#8243; uncode_shortcode_id=&#8221;766956&#8243;]Chusteczki nawil\u017cane <strong>Lille<\/strong> [\/vc_custom_heading][vc_column_text css=&#8221;.vc_custom_1633195089360{margin-top: 20px !important;margin-bottom: 16px !important;}&#8221; uncode_shortcode_id=&#8221;222968&#8243;]Aby pom\u00f3c w codziennych czynno\u015bciach, Lille Healthcare opracowa\u0142o przyjemne i wygodne w u\u017cyciu chusteczki nawil\u017cane.<\/p>\n<p>Nasze chusteczki nawil\u017cane sk\u0142adaj\u0105 si\u0119 w 98% ze sk\u0142adnik\u00f3w naturalnych, w tym aloesu, dobranych specjalnie z my\u015bl\u0105 o ograniczeniu ryzyka reakcji alergicznej.<\/p>\n<p>Ka\u017cde opakowanie zawiera 80 chusteczek i ma wygodne zamkni\u0119cie, dzi\u0119ki kt\u00f3remu chusteczki pozostaj\u0105 wilgotne.[\/vc_column_text][\/vc_column_inner][\/vc_row_inner][\/vc_column][\/vc_row][vc_row row_height_percent=&#8221;0&#8243; override_padding=&#8221;yes&#8221; h_padding=&#8221;2&#8243; top_padding=&#8221;0&#8243; bottom_padding=&#8221;3&#8243; back_color=&#8221;color-white&#8221; overlay_alpha=&#8221;50&#8243; gutter_size=&#8221;3&#8243; column_width_percent=&#8221;100&#8243; shift_y=&#8221;0&#8243; z_index=&#8221;0&#8243; el_id=&#8221;portfolio-section&#8221;][vc_column width=&#8221;1\/1&#8243;][vc_row_inner row_inner_height_percent=&#8221;0&#8243; back_color=&#8221;color-lgreen&#8221; overlay_alpha=&#8221;50&#8243; gutter_size=&#8221;3&#8243; shift_y=&#8221;0&#8243; z_index=&#8221;0&#8243; el_class=&#8221;inco-portfolio&#8221; el_id=&#8221;portfolio-row&#8221; css=&#8221;.vc_custom_1623600678248{padding-bottom: 0px !important;}&#8221;][vc_column_inner column_width_percent=&#8221;100&#8243; gutter_size=&#8221;3&#8243; overlay_alpha=&#8221;50&#8243; shift_x=&#8221;0&#8243; shift_y=&#8221;0&#8243; shift_y_down=&#8221;0&#8243; z_index=&#8221;0&#8243; medium_width=&#8221;0&#8243; mobile_width=&#8221;0&#8243; width=&#8221;1\/3&#8243;][vc_custom_heading heading_semantic=&#8221;h3&#8243; text_font=&#8221;font-rubik&#8221; text_size=&#8221;h3&#8243; el_class=&#8221;mb-10&#8243; uncode_shortcode_id=&#8221;473198&#8243;]Dobierz produkt[\/vc_custom_heading][vc_column_text css=&#8221;.vc_custom_1633195114612{margin-top: 0px !important;}&#8221; uncode_shortcode_id=&#8221;214452&#8243;]Znajd\u017a w\u0142a\u015bciw\u0105 ochron\u0119 na ka\u017cd\u0105 sytuacj\u0119![\/vc_column_text][\/vc_column_inner][vc_column_inner column_width_percent=&#8221;100&#8243; gutter_size=&#8221;3&#8243; overlay_alpha=&#8221;50&#8243; shift_x=&#8221;0&#8243; shift_y=&#8221;0&#8243; shift_y_down=&#8221;0&#8243; z_index=&#8221;0&#8243; medium_width=&#8221;0&#8243; mobile_width=&#8221;0&#8243; width=&#8221;2\/3&#8243;][vc_single_image media=&#8221;305&#8243; media_width_percent=&#8221;100&#8243; alignment=&#8221;center&#8221; el_class=&#8221;lille-image&#8221;][\/vc_column_inner][\/vc_row_inner][vc_row_inner row_inner_height_percent=&#8221;0&#8243; back_color=&#8221;color-lgreen&#8221; overlay_alpha=&#8221;50&#8243; gutter_size=&#8221;3&#8243; shift_y=&#8221;0&#8243; z_index=&#8221;0&#8243; el_class=&#8221;inco-portfolio&#8221; el_id=&#8221;portfolio-btn&#8221; css=&#8221;.vc_custom_1623600177582{margin-top: 0px !important;padding-top: 0px !important;}&#8221;][vc_column_inner width=&#8221;1\/3&#8243;][vc_button shadow=&#8221;yes&#8221; border_width=&#8221;0&#8243; link=&#8221;url:%2Fpl%2Fnasze-produkty%2F|title:Nasze%20produkty&#8221; el_class=&#8221;white-btn mmb-50&#8243; uncode_shortcode_id=&#8221;177565&#8243;]Odkryj wszystkie nasze produkty ochronne[\/vc_button][\/vc_column_inner][vc_column_inner width=&#8221;2\/3&#8243;][\/vc_column_inner][\/vc_row_inner][\/vc_column][\/vc_row]<\/p>\n<\/div>","protected":false},"excerpt":{"rendered":"<p>[vc_row row_height_percent=&#8221;0&#8243; override_padding=&#8221;yes&#8221; h_padding=&#8221;2&#8243; top_padding=&#8221;0&#8243; bottom_padding=&#8221;0&#8243; overlay_alpha=&#8221;50&#8243; gutter_size=&#8221;3&#8243; column_width_percent=&#8221;100&#8243; shift_y=&#8221;0&#8243; z_index=&#8221;0&#8243; inverted_device_order=&#8221;yes&#8221; el_class=&#8221;hero-section draw-up padded-left&#8221; el_id=&#8221;cp-hero&#8221;][vc_column column_width_percent=&#8221;100&#8243; gutter_size=&#8221;3&#8243; overlay_alpha=&#8221;50&#8243; shift_x=&#8221;0&#8243; [&hellip;]<\/p>\n","protected":false},"author":3,"featured_media":0,"parent":2510,"menu_order":0,"comment_status":"closed","ping_status":"closed","template":"","meta":{"footnotes":""},"class_list":["post-2591","page","type-page","status-publish","hentry"],"yoast_head":"<!-- This site is optimized with the Yoast SEO Premium plugin v27.4 (Yoast SEO v27.4) - https:\/\/yoast.com\/product\/yoast-seo-premium-wordpress\/ -->\n<title>Produkty wspomagaj\u0105ce Lille &#183; Lille Healthcare<\/title>\n<meta name=\"description\" content=\"Produkty z linii Lille CLASSIC to podk\u0142ady ochronne na \u0142\u00f3\u017cko oraz chusteczki nawil\u017cane do oczyszczania sk\u00f3ry.\" \/>\n<meta name=\"robots\" content=\"index, follow, max-snippet:-1, max-image-preview:large, max-video-preview:-1\" \/>\n<link rel=\"canonical\" href=\"https:\/\/lillehealthcare.com\/pl\/nasze-produkty\/produkty-wspomagajace\/\" \/>\n<meta property=\"og:locale\" content=\"pl_PL\" \/>\n<meta property=\"og:type\" content=\"article\" \/>\n<meta property=\"og:title\" content=\"Produkty wspomagaj\u0105ce\" \/>\n<meta property=\"og:description\" content=\"Produkty z linii Lille CLASSIC to podk\u0142ady ochronne na \u0142\u00f3\u017cko oraz chusteczki nawil\u017cane do oczyszczania sk\u00f3ry.\" \/>\n<meta property=\"og:url\" content=\"https:\/\/lillehealthcare.com\/pl\/nasze-produkty\/produkty-wspomagajace\/\" \/>\n<meta property=\"og:site_name\" content=\"Lille Healthcare\" \/>\n<meta property=\"article:modified_time\" content=\"2021-11-17T09:24:35+00:00\" \/>\n<meta property=\"og:image\" content=\"https:\/\/lillehealthcare.com\/wp-content\/uploads\/2021\/05\/hero-couple.jpg\" \/>\n\t<meta property=\"og:image:width\" content=\"960\" \/>\n\t<meta property=\"og:image:height\" content=\"639\" \/>\n\t<meta property=\"og:image:type\" content=\"image\/jpeg\" \/>\n<meta name=\"twitter:card\" content=\"summary_large_image\" \/>\n<meta name=\"twitter:label1\" content=\"Szacowany czas czytania\" \/>\n\t<meta name=\"twitter:data1\" content=\"2 minuty\" \/>\n<script type=\"application\/ld+json\" class=\"yoast-schema-graph\">{\"@context\":\"https:\\\/\\\/schema.org\",\"@graph\":[{\"@type\":\"WebPage\",\"@id\":\"https:\\\/\\\/lillehealthcare.com\\\/pl\\\/nasze-produkty\\\/produkty-wspomagajace\\\/\",\"url\":\"https:\\\/\\\/lillehealthcare.com\\\/pl\\\/nasze-produkty\\\/produkty-wspomagajace\\\/\",\"name\":\"Produkty wspomagaj\u0105ce Lille &#183; Lille Healthcare\",\"isPartOf\":{\"@id\":\"https:\\\/\\\/lillehealthcare.com\\\/pl\\\/#website\"},\"datePublished\":\"2021-10-02T17:20:58+00:00\",\"dateModified\":\"2021-11-17T09:24:35+00:00\",\"description\":\"Produkty z linii Lille CLASSIC to podk\u0142ady ochronne na \u0142\u00f3\u017cko oraz chusteczki nawil\u017cane do oczyszczania sk\u00f3ry.\",\"breadcrumb\":{\"@id\":\"https:\\\/\\\/lillehealthcare.com\\\/pl\\\/nasze-produkty\\\/produkty-wspomagajace\\\/#breadcrumb\"},\"inLanguage\":\"pl-PL\",\"potentialAction\":[{\"@type\":\"ReadAction\",\"target\":[\"https:\\\/\\\/lillehealthcare.com\\\/pl\\\/nasze-produkty\\\/produkty-wspomagajace\\\/\"]}]},{\"@type\":\"BreadcrumbList\",\"@id\":\"https:\\\/\\\/lillehealthcare.com\\\/pl\\\/nasze-produkty\\\/produkty-wspomagajace\\\/#breadcrumb\",\"itemListElement\":[{\"@type\":\"ListItem\",\"position\":1,\"name\":\"Home\",\"item\":\"https:\\\/\\\/lillehealthcare.com\\\/pl\\\/\"},{\"@type\":\"ListItem\",\"position\":2,\"name\":\"Nasze produkty\",\"item\":\"https:\\\/\\\/lillehealthcare.com\\\/pl\\\/nasze-produkty\\\/\"},{\"@type\":\"ListItem\",\"position\":3,\"name\":\"Produkty wspomagaj\u0105ce\"}]},{\"@type\":\"WebSite\",\"@id\":\"https:\\\/\\\/lillehealthcare.com\\\/pl\\\/#website\",\"url\":\"https:\\\/\\\/lillehealthcare.com\\\/pl\\\/\",\"name\":\"Lille Healthcare\",\"description\":\"Incontinence products suitable for everyone\u2019s needs\",\"publisher\":{\"@id\":\"https:\\\/\\\/lillehealthcare.com\\\/pl\\\/#organization\"},\"potentialAction\":[{\"@type\":\"SearchAction\",\"target\":{\"@type\":\"EntryPoint\",\"urlTemplate\":\"https:\\\/\\\/lillehealthcare.com\\\/pl\\\/?s={search_term_string}\"},\"query-input\":{\"@type\":\"PropertyValueSpecification\",\"valueRequired\":true,\"valueName\":\"search_term_string\"}}],\"inLanguage\":\"pl-PL\"},{\"@type\":\"Organization\",\"@id\":\"https:\\\/\\\/lillehealthcare.com\\\/pl\\\/#organization\",\"name\":\"Lille Healthcare\",\"url\":\"https:\\\/\\\/lillehealthcare.com\\\/pl\\\/\",\"logo\":{\"@type\":\"ImageObject\",\"inLanguage\":\"pl-PL\",\"@id\":\"https:\\\/\\\/lillehealthcare.com\\\/pl\\\/#\\\/schema\\\/logo\\\/image\\\/\",\"url\":\"https:\\\/\\\/lillehealthcare.com\\\/wp-content\\\/uploads\\\/2021\\\/05\\\/logoLilleHealthCareCMJN.svg\",\"contentUrl\":\"https:\\\/\\\/lillehealthcare.com\\\/wp-content\\\/uploads\\\/2021\\\/05\\\/logoLilleHealthCareCMJN.svg\",\"width\":100,\"height\":100,\"caption\":\"Lille Healthcare\"},\"image\":{\"@id\":\"https:\\\/\\\/lillehealthcare.com\\\/pl\\\/#\\\/schema\\\/logo\\\/image\\\/\"}}]}<\/script>\n<!-- \/ Yoast SEO Premium plugin. -->","yoast_head_json":{"title":"Produkty wspomagaj\u0105ce Lille &#183; Lille Healthcare","description":"Produkty z linii Lille CLASSIC to podk\u0142ady ochronne na \u0142\u00f3\u017cko oraz chusteczki nawil\u017cane do oczyszczania sk\u00f3ry.","robots":{"index":"index","follow":"follow","max-snippet":"max-snippet:-1","max-image-preview":"max-image-preview:large","max-video-preview":"max-video-preview:-1"},"canonical":"https:\/\/lillehealthcare.com\/pl\/nasze-produkty\/produkty-wspomagajace\/","og_locale":"pl_PL","og_type":"article","og_title":"Produkty wspomagaj\u0105ce","og_description":"Produkty z linii Lille CLASSIC to podk\u0142ady ochronne na \u0142\u00f3\u017cko oraz chusteczki nawil\u017cane do oczyszczania sk\u00f3ry.","og_url":"https:\/\/lillehealthcare.com\/pl\/nasze-produkty\/produkty-wspomagajace\/","og_site_name":"Lille Healthcare","article_modified_time":"2021-11-17T09:24:35+00:00","og_image":[{"width":960,"height":639,"url":"https:\/\/lillehealthcare.com\/wp-content\/uploads\/2021\/05\/hero-couple.jpg","type":"image\/jpeg"}],"twitter_card":"summary_large_image","twitter_misc":{"Szacowany czas czytania":"2 minuty"},"schema":{"@context":"https:\/\/schema.org","@graph":[{"@type":"WebPage","@id":"https:\/\/lillehealthcare.com\/pl\/nasze-produkty\/produkty-wspomagajace\/","url":"https:\/\/lillehealthcare.com\/pl\/nasze-produkty\/produkty-wspomagajace\/","name":"Produkty wspomagaj\u0105ce Lille &#183; Lille Healthcare","isPartOf":{"@id":"https:\/\/lillehealthcare.com\/pl\/#website"},"datePublished":"2021-10-02T17:20:58+00:00","dateModified":"2021-11-17T09:24:35+00:00","description":"Produkty z linii Lille CLASSIC to podk\u0142ady ochronne na \u0142\u00f3\u017cko oraz chusteczki nawil\u017cane do oczyszczania sk\u00f3ry.","breadcrumb":{"@id":"https:\/\/lillehealthcare.com\/pl\/nasze-produkty\/produkty-wspomagajace\/#breadcrumb"},"inLanguage":"pl-PL","potentialAction":[{"@type":"ReadAction","target":["https:\/\/lillehealthcare.com\/pl\/nasze-produkty\/produkty-wspomagajace\/"]}]},{"@type":"BreadcrumbList","@id":"https:\/\/lillehealthcare.com\/pl\/nasze-produkty\/produkty-wspomagajace\/#breadcrumb","itemListElement":[{"@type":"ListItem","position":1,"name":"Home","item":"https:\/\/lillehealthcare.com\/pl\/"},{"@type":"ListItem","position":2,"name":"Nasze produkty","item":"https:\/\/lillehealthcare.com\/pl\/nasze-produkty\/"},{"@type":"ListItem","position":3,"name":"Produkty wspomagaj\u0105ce"}]},{"@type":"WebSite","@id":"https:\/\/lillehealthcare.com\/pl\/#website","url":"https:\/\/lillehealthcare.com\/pl\/","name":"Lille Healthcare","description":"Incontinence products suitable for everyone\u2019s needs","publisher":{"@id":"https:\/\/lillehealthcare.com\/pl\/#organization"},"potentialAction":[{"@type":"SearchAction","target":{"@type":"EntryPoint","urlTemplate":"https:\/\/lillehealthcare.com\/pl\/?s={search_term_string}"},"query-input":{"@type":"PropertyValueSpecification","valueRequired":true,"valueName":"search_term_string"}}],"inLanguage":"pl-PL"},{"@type":"Organization","@id":"https:\/\/lillehealthcare.com\/pl\/#organization","name":"Lille Healthcare","url":"https:\/\/lillehealthcare.com\/pl\/","logo":{"@type":"ImageObject","inLanguage":"pl-PL","@id":"https:\/\/lillehealthcare.com\/pl\/#\/schema\/logo\/image\/","url":"https:\/\/lillehealthcare.com\/wp-content\/uploads\/2021\/05\/logoLilleHealthCareCMJN.svg","contentUrl":"https:\/\/lillehealthcare.com\/wp-content\/uploads\/2021\/05\/logoLilleHealthCareCMJN.svg","width":100,"height":100,"caption":"Lille Healthcare"},"image":{"@id":"https:\/\/lillehealthcare.com\/pl\/#\/schema\/logo\/image\/"}}]}},"_links":{"self":[{"href":"https:\/\/lillehealthcare.com\/pl\/wp-json\/wp\/v2\/pages\/2591","targetHints":{"allow":["GET"]}}],"collection":[{"href":"https:\/\/lillehealthcare.com\/pl\/wp-json\/wp\/v2\/pages"}],"about":[{"href":"https:\/\/lillehealthcare.com\/pl\/wp-json\/wp\/v2\/types\/page"}],"author":[{"embeddable":true,"href":"https:\/\/lillehealthcare.com\/pl\/wp-json\/wp\/v2\/users\/3"}],"replies":[{"embeddable":true,"href":"https:\/\/lillehealthcare.com\/pl\/wp-json\/wp\/v2\/comments?post=2591"}],"version-history":[{"count":0,"href":"https:\/\/lillehealthcare.com\/pl\/wp-json\/wp\/v2\/pages\/2591\/revisions"}],"up":[{"embeddable":true,"href":"https:\/\/lillehealthcare.com\/pl\/wp-json\/wp\/v2\/pages\/2510"}],"wp:attachment":[{"href":"https:\/\/lillehealthcare.com\/pl\/wp-json\/wp\/v2\/media?parent=2591"}],"curies":[{"name":"wp","href":"https:\/\/api.w.org\/{rel}","templated":true}]}}