{"id":2583,"date":"2021-10-02T18:36:33","date_gmt":"2021-10-02T16:36:33","guid":{"rendered":"https:\/\/lillehealthcare.com\/?page_id=2583"},"modified":"2021-11-17T10:25:57","modified_gmt":"2021-11-17T09:25:57","slug":"lille-suprem-light","status":"publish","type":"page","link":"https:\/\/lillehealthcare.com\/pl\/nasze-produkty\/lille-suprem-light\/","title":{"rendered":"Lille SUPREM light"},"content":{"rendered":"<div class=\"wpb-content-wrapper\"><p>[vc_row row_height_percent=&#8221;0&#8243; override_padding=&#8221;yes&#8221; h_padding=&#8221;2&#8243; top_padding=&#8221;0&#8243; bottom_padding=&#8221;3&#8243; overlay_alpha=&#8221;50&#8243; gutter_size=&#8221;3&#8243; column_width_percent=&#8221;100&#8243; shift_y=&#8221;0&#8243; z_index=&#8221;0&#8243; el_class=&#8221;hero-section suprem-light draw-up&#8221; el_id=&#8221;product-hero&#8221;][vc_column column_width_percent=&#8221;100&#8243; gutter_size=&#8221;3&#8243; overlay_alpha=&#8221;50&#8243; shift_x=&#8221;0&#8243; shift_y=&#8221;0&#8243; shift_y_down=&#8221;0&#8243; z_index=&#8221;0&#8243; medium_width=&#8221;0&#8243; mobile_width=&#8221;0&#8243; width=&#8221;1\/2&#8243; el_class=&#8221;image-column&#8221;][vc_single_image media=&#8221;2195&#8243; media_width_percent=&#8221;100&#8243; alignment=&#8221;center&#8221; el_class=&#8221;lille-image&#8221;][\/vc_column][vc_column column_width_percent=&#8221;100&#8243; gutter_size=&#8221;3&#8243; overlay_alpha=&#8221;50&#8243; shift_x=&#8221;0&#8243; shift_y=&#8221;0&#8243; shift_y_down=&#8221;0&#8243; z_index=&#8221;0&#8243; medium_width=&#8221;0&#8243; mobile_width=&#8221;0&#8243; width=&#8221;1\/2&#8243; el_class=&#8221;hero-text&#8221; css=&#8221;.vc_custom_1623497675973{padding-bottom: 47px !important;}&#8221;][uncode_block id=&#8221;87&#8243; inside_column=&#8221;yes&#8221;][vc_custom_heading heading_semantic=&#8221;h1&#8243; text_size=&#8221;h1&#8243; text_weight=&#8221;400&#8243; text_height=&#8221;fontheight-57&#8243; sub_lead=&#8221;yes&#8221; el_class=&#8221;subheader&#8221;]<strong>SUPREM<\/strong> light[\/vc_custom_heading][vc_raw_html el_class=&#8221;single-product-tags&#8221;]JTNDc3BhbiUyMGNsYXNzJTNEJTIycC10YWclMjBmZW1hbGUlMjIlM0VLb2JpZXR5JTNDJTJGc3BhbiUzRSUwQSUzQ3NwYW4lMjBjbGFzcyUzRCUyMnAtdGFnJTIwYWN0aXZpdHklMjIlM0VBa3R5d25lJTIwaSUyMG1vYmlsbmUlM0MlMkZzcGFuJTNF[\/vc_raw_html][vc_column_text el_class=&#8221;reg-text leader-text anchor-text&#8221; uncode_shortcode_id=&#8221;113649&#8243;]Wk\u0142adki przystosowane do lekkiego stopnia nietrzymania moczu. Odpowiednie dla niezale\u017cnych i aktywnych kobiet.<\/p>\n<p>Wk\u0142adki Lille SUPREM light s\u0105 bardzo cienkie i chroni\u0105 przed nieprzyjemnymi zapachami, zapewniaj\u0105c perfekcyjn\u0105 dyskrecj\u0119. S\u0105 bardzo ch\u0142onne i zabezpieczaj\u0105 przed wyciekami. Idealne po\u0142\u0105czenie dyskrecji, komfortu i bezpiecze\u0144stwa.<\/p>\n<p>Wk\u0142adki te s\u0105 w 100% oddychaj\u0105ce i hipoalergiczne dla lepszej ochrony sk\u00f3ry.[\/vc_column_text][\/vc_column][\/vc_row][vc_row][vc_column width=&#8221;1\/1&#8243;][uncode_block id=&#8221;426&#8243;][\/vc_column][\/vc_row][vc_row row_height_percent=&#8221;0&#8243; override_padding=&#8221;yes&#8221; h_padding=&#8221;2&#8243; top_padding=&#8221;3&#8243; bottom_padding=&#8221;2&#8243; back_color=&#8221;color-white&#8221; overlay_alpha=&#8221;50&#8243; gutter_size=&#8221;3&#8243; column_width_percent=&#8221;100&#8243; shift_y=&#8221;0&#8243; z_index=&#8221;0&#8243; el_class=&#8221;single-p&#8221;][vc_column column_width_percent=&#8221;100&#8243; gutter_size=&#8221;0&#8243; override_padding=&#8221;yes&#8221; column_padding=&#8221;0&#8243; overlay_alpha=&#8221;50&#8243; shift_x=&#8221;0&#8243; shift_y=&#8221;0&#8243; shift_y_down=&#8221;0&#8243; z_index=&#8221;0&#8243; medium_width=&#8221;0&#8243; mobile_width=&#8221;0&#8243; width=&#8221;1\/1&#8243;][vc_custom_heading text_font=&#8221;font-rubik&#8221; text_size=&#8221;h3&#8243; text_weight=&#8221;500&#8243; text_height=&#8221;fontheight-27&#8243; subheading=&#8221;Wybierz oczekiwany poziom ch\u0142onno\u015bci przesuwaj\u0105c suwak&#8221; el_class=&#8221;subheader-italic&#8221; uncode_shortcode_id=&#8221;160361&#8243;]Jaki poziom ch\u0142onno\u015bci wybra\u0107?[\/vc_custom_heading][vc_empty_space empty_h=&#8221;3&#8243; el_class=&#8221;empty-mobile-single&#8221;][vc_widget_sidebar sidebar_id=&#8221;abs-meter-light&#8221;][\/vc_column][\/vc_row][vc_row row_height_percent=&#8221;0&#8243; override_padding=&#8221;yes&#8221; h_padding=&#8221;0&#8243; top_padding=&#8221;0&#8243; bottom_padding=&#8221;3&#8243; back_color=&#8221;color-lgreen&#8221; overlay_alpha=&#8221;50&#8243; gutter_size=&#8221;0&#8243; column_width_percent=&#8221;100&#8243; shift_y=&#8221;0&#8243; z_index=&#8221;0&#8243; inverted_device_order=&#8221;yes&#8221; el_id=&#8221;single-howto&#8221; el_class=&#8221;product-how-to single-p suprem-light&#8221;][vc_column column_width_percent=&#8221;100&#8243; gutter_size=&#8221;3&#8243; overlay_alpha=&#8221;50&#8243; shift_x=&#8221;0&#8243; shift_y=&#8221;0&#8243; shift_y_down=&#8221;0&#8243; z_index=&#8221;0&#8243; medium_width=&#8221;0&#8243; mobile_width=&#8221;0&#8243; width=&#8221;2\/3&#8243; el_class=&#8221;string-column&#8221;][\/vc_column][vc_column column_width_percent=&#8221;100&#8243; position_vertical=&#8221;middle&#8221; gutter_size=&#8221;3&#8243; overlay_alpha=&#8221;50&#8243; shift_x=&#8221;0&#8243; shift_y=&#8221;0&#8243; shift_y_down=&#8221;0&#8243; z_index=&#8221;0&#8243; medium_width=&#8221;0&#8243; mobile_width=&#8221;0&#8243; width=&#8221;1\/3&#8243; css=&#8221;.vc_custom_1622027587418{padding-top: 36px !important;}&#8221; el_class=&#8221;mobile-padding&#8221;][vc_custom_heading heading_semantic=&#8221;h3&#8243; text_font=&#8221;font-poppins&#8221; text_size=&#8221;h3&#8243; text_weight=&#8221;600&#8243; text_height=&#8221;fontheight-33&#8243; uncode_shortcode_id=&#8221;264265&#8243;]Jak zak\u0142ada\u0107 nasze wk\u0142adki? [\/vc_custom_heading][vc_column_text css=&#8221;.vc_custom_1633192475502{margin-top: 25px !important;}&#8221; uncode_shortcode_id=&#8221;179918&#8243;]Po wyj\u0119ciu produktu z opakowania nale\u017cy nada\u0107 mu kszta\u0142t rynny, a nast\u0119pnie usun\u0105\u0107 papier zabezpieczaj\u0105cy pasek samoprzylepny na wk\u0142adce. Nast\u0119pnie wystarczy umie\u015bci\u0107 wk\u0142adk\u0119 na bieli\u017anie w spos\u00f3b wskazany obok.\u200b[\/vc_column_text][vc_button button_color=&#8221;color-pblue&#8221; border_width=&#8221;0&#8243; link=&#8221;url:%2Fpl%2Finformacje-i-porady%2F|title:Informacje%20i%20porady&#8221; button_color_type=&#8221;uncode-palette&#8221; uncode_shortcode_id=&#8221;278087&#8243;]Zobacz nasze informacje i porady[\/vc_button][\/vc_column][\/vc_row][vc_row row_height_percent=&#8221;0&#8243; override_padding=&#8221;yes&#8221; h_padding=&#8221;2&#8243; top_padding=&#8221;3&#8243; bottom_padding=&#8221;4&#8243; back_color=&#8221;color-white&#8221; overlay_alpha=&#8221;50&#8243; gutter_size=&#8221;3&#8243; column_width_percent=&#8221;100&#8243; shift_y=&#8221;0&#8243; z_index=&#8221;0&#8243; el_class=&#8221;related-products single-p&#8221;][vc_column width=&#8221;1\/1&#8243;][uncode_block id=&#8221;2539&#8243; inside_column=&#8221;yes&#8221;][\/vc_column][\/vc_row]<\/p>\n<\/div>","protected":false},"excerpt":{"rendered":"<p>[vc_row row_height_percent=&#8221;0&#8243; override_padding=&#8221;yes&#8221; h_padding=&#8221;2&#8243; top_padding=&#8221;0&#8243; bottom_padding=&#8221;3&#8243; overlay_alpha=&#8221;50&#8243; gutter_size=&#8221;3&#8243; column_width_percent=&#8221;100&#8243; shift_y=&#8221;0&#8243; z_index=&#8221;0&#8243; el_class=&#8221;hero-section suprem-light draw-up&#8221; el_id=&#8221;product-hero&#8221;][vc_column column_width_percent=&#8221;100&#8243; gutter_size=&#8221;3&#8243; overlay_alpha=&#8221;50&#8243; shift_x=&#8221;0&#8243; shift_y=&#8221;0&#8243; [&hellip;]<\/p>\n","protected":false},"author":3,"featured_media":0,"parent":2510,"menu_order":0,"comment_status":"closed","ping_status":"closed","template":"","meta":{"footnotes":""},"class_list":["post-2583","page","type-page","status-publish","hentry"],"yoast_head":"<!-- This site is optimized with the Yoast SEO Premium plugin v27.3 (Yoast SEO v27.3) - https:\/\/yoast.com\/product\/yoast-seo-premium-wordpress\/ -->\n<title>Lille SUPREM light &#183; Lille Healthcare<\/title>\n<meta name=\"description\" content=\"Jeste\u015b kobiet\u0105 poszukuj\u0105c\u0105 dyskretnej i skutecznej ochrony? Mamy to, czego potrzebujesz. Odkryj wk\u0142adki Lille SUPREM light.\" \/>\n<meta name=\"robots\" content=\"index, follow, max-snippet:-1, max-image-preview:large, max-video-preview:-1\" \/>\n<link rel=\"canonical\" href=\"https:\/\/lillehealthcare.com\/pl\/nasze-produkty\/lille-suprem-light\/\" \/>\n<meta property=\"og:locale\" content=\"pl_PL\" \/>\n<meta property=\"og:type\" content=\"article\" \/>\n<meta property=\"og:title\" content=\"Lille SUPREM light\" \/>\n<meta property=\"og:description\" content=\"Jeste\u015b kobiet\u0105 poszukuj\u0105c\u0105 dyskretnej i skutecznej ochrony? Mamy to, czego potrzebujesz. Odkryj wk\u0142adki Lille SUPREM light.\" \/>\n<meta property=\"og:url\" content=\"https:\/\/lillehealthcare.com\/pl\/nasze-produkty\/lille-suprem-light\/\" \/>\n<meta property=\"og:site_name\" content=\"Lille Healthcare\" \/>\n<meta property=\"article:modified_time\" content=\"2021-11-17T09:25:57+00:00\" \/>\n<meta property=\"og:image\" content=\"https:\/\/lillehealthcare.com\/wp-content\/uploads\/2021\/05\/hero-couple.jpg\" \/>\n\t<meta property=\"og:image:width\" content=\"960\" \/>\n\t<meta property=\"og:image:height\" content=\"639\" \/>\n\t<meta property=\"og:image:type\" content=\"image\/jpeg\" \/>\n<meta name=\"twitter:card\" content=\"summary_large_image\" \/>\n<meta name=\"twitter:label1\" content=\"Szacowany czas czytania\" \/>\n\t<meta name=\"twitter:data1\" content=\"2 minuty\" \/>\n<script type=\"application\/ld+json\" class=\"yoast-schema-graph\">{\"@context\":\"https:\\\/\\\/schema.org\",\"@graph\":[{\"@type\":\"WebPage\",\"@id\":\"https:\\\/\\\/lillehealthcare.com\\\/pl\\\/nasze-produkty\\\/lille-suprem-light\\\/\",\"url\":\"https:\\\/\\\/lillehealthcare.com\\\/pl\\\/nasze-produkty\\\/lille-suprem-light\\\/\",\"name\":\"Lille SUPREM light &#183; Lille Healthcare\",\"isPartOf\":{\"@id\":\"https:\\\/\\\/lillehealthcare.com\\\/pl\\\/#website\"},\"datePublished\":\"2021-10-02T16:36:33+00:00\",\"dateModified\":\"2021-11-17T09:25:57+00:00\",\"description\":\"Jeste\u015b kobiet\u0105 poszukuj\u0105c\u0105 dyskretnej i skutecznej ochrony? Mamy to, czego potrzebujesz. Odkryj wk\u0142adki Lille SUPREM light.\",\"breadcrumb\":{\"@id\":\"https:\\\/\\\/lillehealthcare.com\\\/pl\\\/nasze-produkty\\\/lille-suprem-light\\\/#breadcrumb\"},\"inLanguage\":\"pl-PL\",\"potentialAction\":[{\"@type\":\"ReadAction\",\"target\":[\"https:\\\/\\\/lillehealthcare.com\\\/pl\\\/nasze-produkty\\\/lille-suprem-light\\\/\"]}]},{\"@type\":\"BreadcrumbList\",\"@id\":\"https:\\\/\\\/lillehealthcare.com\\\/pl\\\/nasze-produkty\\\/lille-suprem-light\\\/#breadcrumb\",\"itemListElement\":[{\"@type\":\"ListItem\",\"position\":1,\"name\":\"Home\",\"item\":\"https:\\\/\\\/lillehealthcare.com\\\/pl\\\/\"},{\"@type\":\"ListItem\",\"position\":2,\"name\":\"Nasze produkty\",\"item\":\"https:\\\/\\\/lillehealthcare.com\\\/pl\\\/nasze-produkty\\\/\"},{\"@type\":\"ListItem\",\"position\":3,\"name\":\"Lille SUPREM light\"}]},{\"@type\":\"WebSite\",\"@id\":\"https:\\\/\\\/lillehealthcare.com\\\/pl\\\/#website\",\"url\":\"https:\\\/\\\/lillehealthcare.com\\\/pl\\\/\",\"name\":\"Lille Healthcare\",\"description\":\"Incontinence products suitable for everyone\u2019s needs\",\"publisher\":{\"@id\":\"https:\\\/\\\/lillehealthcare.com\\\/pl\\\/#organization\"},\"potentialAction\":[{\"@type\":\"SearchAction\",\"target\":{\"@type\":\"EntryPoint\",\"urlTemplate\":\"https:\\\/\\\/lillehealthcare.com\\\/pl\\\/?s={search_term_string}\"},\"query-input\":{\"@type\":\"PropertyValueSpecification\",\"valueRequired\":true,\"valueName\":\"search_term_string\"}}],\"inLanguage\":\"pl-PL\"},{\"@type\":\"Organization\",\"@id\":\"https:\\\/\\\/lillehealthcare.com\\\/pl\\\/#organization\",\"name\":\"Lille Healthcare\",\"url\":\"https:\\\/\\\/lillehealthcare.com\\\/pl\\\/\",\"logo\":{\"@type\":\"ImageObject\",\"inLanguage\":\"pl-PL\",\"@id\":\"https:\\\/\\\/lillehealthcare.com\\\/pl\\\/#\\\/schema\\\/logo\\\/image\\\/\",\"url\":\"https:\\\/\\\/lillehealthcare.com\\\/wp-content\\\/uploads\\\/2021\\\/05\\\/logoLilleHealthCareCMJN.svg\",\"contentUrl\":\"https:\\\/\\\/lillehealthcare.com\\\/wp-content\\\/uploads\\\/2021\\\/05\\\/logoLilleHealthCareCMJN.svg\",\"width\":100,\"height\":100,\"caption\":\"Lille Healthcare\"},\"image\":{\"@id\":\"https:\\\/\\\/lillehealthcare.com\\\/pl\\\/#\\\/schema\\\/logo\\\/image\\\/\"}}]}<\/script>\n<!-- \/ Yoast SEO Premium plugin. -->","yoast_head_json":{"title":"Lille SUPREM light &#183; Lille Healthcare","description":"Jeste\u015b kobiet\u0105 poszukuj\u0105c\u0105 dyskretnej i skutecznej ochrony? Mamy to, czego potrzebujesz. Odkryj wk\u0142adki Lille SUPREM light.","robots":{"index":"index","follow":"follow","max-snippet":"max-snippet:-1","max-image-preview":"max-image-preview:large","max-video-preview":"max-video-preview:-1"},"canonical":"https:\/\/lillehealthcare.com\/pl\/nasze-produkty\/lille-suprem-light\/","og_locale":"pl_PL","og_type":"article","og_title":"Lille SUPREM light","og_description":"Jeste\u015b kobiet\u0105 poszukuj\u0105c\u0105 dyskretnej i skutecznej ochrony? Mamy to, czego potrzebujesz. Odkryj wk\u0142adki Lille SUPREM light.","og_url":"https:\/\/lillehealthcare.com\/pl\/nasze-produkty\/lille-suprem-light\/","og_site_name":"Lille Healthcare","article_modified_time":"2021-11-17T09:25:57+00:00","og_image":[{"width":960,"height":639,"url":"https:\/\/lillehealthcare.com\/wp-content\/uploads\/2021\/05\/hero-couple.jpg","type":"image\/jpeg"}],"twitter_card":"summary_large_image","twitter_misc":{"Szacowany czas czytania":"2 minuty"},"schema":{"@context":"https:\/\/schema.org","@graph":[{"@type":"WebPage","@id":"https:\/\/lillehealthcare.com\/pl\/nasze-produkty\/lille-suprem-light\/","url":"https:\/\/lillehealthcare.com\/pl\/nasze-produkty\/lille-suprem-light\/","name":"Lille SUPREM light &#183; Lille Healthcare","isPartOf":{"@id":"https:\/\/lillehealthcare.com\/pl\/#website"},"datePublished":"2021-10-02T16:36:33+00:00","dateModified":"2021-11-17T09:25:57+00:00","description":"Jeste\u015b kobiet\u0105 poszukuj\u0105c\u0105 dyskretnej i skutecznej ochrony? Mamy to, czego potrzebujesz. Odkryj wk\u0142adki Lille SUPREM light.","breadcrumb":{"@id":"https:\/\/lillehealthcare.com\/pl\/nasze-produkty\/lille-suprem-light\/#breadcrumb"},"inLanguage":"pl-PL","potentialAction":[{"@type":"ReadAction","target":["https:\/\/lillehealthcare.com\/pl\/nasze-produkty\/lille-suprem-light\/"]}]},{"@type":"BreadcrumbList","@id":"https:\/\/lillehealthcare.com\/pl\/nasze-produkty\/lille-suprem-light\/#breadcrumb","itemListElement":[{"@type":"ListItem","position":1,"name":"Home","item":"https:\/\/lillehealthcare.com\/pl\/"},{"@type":"ListItem","position":2,"name":"Nasze produkty","item":"https:\/\/lillehealthcare.com\/pl\/nasze-produkty\/"},{"@type":"ListItem","position":3,"name":"Lille SUPREM light"}]},{"@type":"WebSite","@id":"https:\/\/lillehealthcare.com\/pl\/#website","url":"https:\/\/lillehealthcare.com\/pl\/","name":"Lille Healthcare","description":"Incontinence products suitable for everyone\u2019s needs","publisher":{"@id":"https:\/\/lillehealthcare.com\/pl\/#organization"},"potentialAction":[{"@type":"SearchAction","target":{"@type":"EntryPoint","urlTemplate":"https:\/\/lillehealthcare.com\/pl\/?s={search_term_string}"},"query-input":{"@type":"PropertyValueSpecification","valueRequired":true,"valueName":"search_term_string"}}],"inLanguage":"pl-PL"},{"@type":"Organization","@id":"https:\/\/lillehealthcare.com\/pl\/#organization","name":"Lille Healthcare","url":"https:\/\/lillehealthcare.com\/pl\/","logo":{"@type":"ImageObject","inLanguage":"pl-PL","@id":"https:\/\/lillehealthcare.com\/pl\/#\/schema\/logo\/image\/","url":"https:\/\/lillehealthcare.com\/wp-content\/uploads\/2021\/05\/logoLilleHealthCareCMJN.svg","contentUrl":"https:\/\/lillehealthcare.com\/wp-content\/uploads\/2021\/05\/logoLilleHealthCareCMJN.svg","width":100,"height":100,"caption":"Lille Healthcare"},"image":{"@id":"https:\/\/lillehealthcare.com\/pl\/#\/schema\/logo\/image\/"}}]}},"_links":{"self":[{"href":"https:\/\/lillehealthcare.com\/pl\/wp-json\/wp\/v2\/pages\/2583","targetHints":{"allow":["GET"]}}],"collection":[{"href":"https:\/\/lillehealthcare.com\/pl\/wp-json\/wp\/v2\/pages"}],"about":[{"href":"https:\/\/lillehealthcare.com\/pl\/wp-json\/wp\/v2\/types\/page"}],"author":[{"embeddable":true,"href":"https:\/\/lillehealthcare.com\/pl\/wp-json\/wp\/v2\/users\/3"}],"replies":[{"embeddable":true,"href":"https:\/\/lillehealthcare.com\/pl\/wp-json\/wp\/v2\/comments?post=2583"}],"version-history":[{"count":0,"href":"https:\/\/lillehealthcare.com\/pl\/wp-json\/wp\/v2\/pages\/2583\/revisions"}],"up":[{"embeddable":true,"href":"https:\/\/lillehealthcare.com\/pl\/wp-json\/wp\/v2\/pages\/2510"}],"wp:attachment":[{"href":"https:\/\/lillehealthcare.com\/pl\/wp-json\/wp\/v2\/media?parent=2583"}],"curies":[{"name":"wp","href":"https:\/\/api.w.org\/{rel}","templated":true}]}}