{"id":2549,"date":"2021-09-30T17:26:46","date_gmt":"2021-09-30T15:26:46","guid":{"rendered":"https:\/\/lillehealthcare.com\/?page_id=2549"},"modified":"2021-11-17T10:38:49","modified_gmt":"2021-11-17T09:38:49","slug":"home","status":"publish","type":"page","link":"https:\/\/lillehealthcare.com\/pl\/","title":{"rendered":"Home"},"content":{"rendered":"<div class=\"wpb-content-wrapper\"><p>[vc_row unlock_row_content=&#8221;yes&#8221; row_height_percent=&#8221;0&#8243; override_padding=&#8221;yes&#8221; h_padding=&#8221;0&#8243; top_padding=&#8221;0&#8243; bottom_padding=&#8221;2&#8243; overlay_alpha=&#8221;50&#8243; equal_height=&#8221;yes&#8221; gutter_size=&#8221;3&#8243; column_width_percent=&#8221;100&#8243; shift_y=&#8221;0&#8243; z_index=&#8221;0&#8243; el_class=&#8221;hero-section&#8221; css=&#8221;.vc_custom_1620996258259{padding-bottom: 120px !important;}&#8221; el_id=&#8221;home-hero&#8221;][vc_column column_width_percent=&#8221;100&#8243; gutter_size=&#8221;3&#8243; overlay_alpha=&#8221;50&#8243; shift_x=&#8221;0&#8243; shift_y=&#8221;0&#8243; shift_y_down=&#8221;0&#8243; z_index=&#8221;0&#8243; medium_width=&#8221;0&#8243; mobile_width=&#8221;0&#8243; width=&#8221;1\/2&#8243; el_class=&#8221;hero-image&#8221;][vc_single_image media=&#8221;41&#8243; media_width_percent=&#8221;100&#8243; el_class=&#8221;rounded-img&#8221;][\/vc_column][vc_column column_width_percent=&#8221;100&#8243; position_vertical=&#8221;middle&#8221; gutter_size=&#8221;3&#8243; overlay_alpha=&#8221;50&#8243; shift_x=&#8221;0&#8243; shift_y=&#8221;0&#8243; shift_y_down=&#8221;0&#8243; z_index=&#8221;0&#8243; medium_width=&#8221;0&#8243; mobile_width=&#8221;0&#8243; width=&#8221;1\/2&#8243; el_class=&#8221;hero-text&#8221;][vc_custom_heading heading_semantic=&#8221;h1&#8243; text_size=&#8221;h1&#8243; text_height=&#8221;fontheight-57&#8243; sub_lead=&#8221;yes&#8221; subheading=&#8221;Produkty na nietrzymanie moczu odpowiadaj\u0105ce wszystkim potrzebom&#8221; el_class=&#8221;subheader med-text&#8221; uncode_shortcode_id=&#8221;197404&#8243;]\u017byj pe\u0142ni\u0105 \u017cycia[\/vc_custom_heading][vc_button button_color=&#8221;color-pblue&#8221; border_width=&#8221;0&#8243; link=&#8221;url:%2Fpl%2Fnasze-produkty%2F|title:Nasze%20produkty&#8221; button_color_type=&#8221;uncode-palette&#8221; uncode_shortcode_id=&#8221;255572&#8243;]Odkryj nasze produkty[\/vc_button][\/vc_column][\/vc_row][vc_row row_height_percent=&#8221;0&#8243; override_padding=&#8221;yes&#8221; h_padding=&#8221;2&#8243; top_padding=&#8221;0&#8243; bottom_padding=&#8221;0&#8243; back_color=&#8221;color-white&#8221; overlay_alpha=&#8221;50&#8243; gutter_size=&#8221;0&#8243; column_width_percent=&#8221;100&#8243; shift_y=&#8221;0&#8243; z_index=&#8221;0&#8243; inverted_device_order=&#8221;yes&#8221; el_class=&#8221;string-bg buttons-section&#8221; el_id=&#8221;home-buttons&#8221;][vc_column column_width_percent=&#8221;100&#8243; gutter_size=&#8221;3&#8243; overlay_alpha=&#8221;50&#8243; shift_x=&#8221;0&#8243; shift_y=&#8221;0&#8243; shift_y_down=&#8221;0&#8243; z_index=&#8221;0&#8243; medium_width=&#8221;0&#8243; mobile_width=&#8221;0&#8243; width=&#8221;1\/2&#8243; el_id=&#8221;buttons-column&#8221;][vc_raw_html el_class=&#8221;desktop-element&#8221;]JTNDaW1nJTIwY2xhc3MlM0QlMjJhYnNvbHV0ZS1iZyUyMiUyMHNyYyUzRCUyMiUyRndwLWNvbnRlbnQlMkZ1cGxvYWRzJTJGMjAyMSUyRjA1JTJGc3RyaW5nLWJnLnN2ZyUyMiUyRiUzRQ==[\/vc_raw_html][vc_single_image media=&#8221;42&#8243; media_width_percent=&#8221;100&#8243; el_class=&#8221;lille-image icon-button active&#8221; el_id=&#8221;i1&#8243;][vc_single_image media=&#8221;43&#8243; media_width_percent=&#8221;100&#8243; el_class=&#8221;lille-image icon-button&#8221; el_id=&#8221;i3&#8243;][vc_single_image media=&#8221;44&#8243; media_width_percent=&#8221;100&#8243; el_class=&#8221;lille-image icon-button&#8221; el_id=&#8221;i2&#8243;][uncode_block id=&#8221;85&#8243; inside_column=&#8221;yes&#8221;][vc_raw_js]JTNDc2NyaXB0JTIwdHlwZSUzRCUyMnRleHQlMkZqYXZhc2NyaXB0JTIyJTNFJTBBdmFyJTIwaWQlMjAlM0QlMjAlMjdpMSUyNyUzQiUwQWpRdWVyeSUyOCUyMCUyNy5pY29uLWJ1dHRvbiUyNyUyMCUyOS5vbiUyOCUyMCUyN2NsaWNrJTI3JTJDJTIwZnVuY3Rpb24lMjglMjklMjAlN0IlMEElMjBpZCUyMCUzRCUyMGpRdWVyeSUyOHRoaXMlMjkuYXR0ciUyOCUyN2lkJTI3JTI5JTNCJTBBalF1ZXJ5JTI4JTI3Lmljb24tYnV0dG9uJTI3JTI5LnJlbW92ZUNsYXNzJTI4JTI3YWN0aXZlJTI3JTI5JTNCJTBBalF1ZXJ5JTI4dGhpcyUyOS5hZGRDbGFzcyUyOCUyN2FjdGl2ZSUyNyUyOSUzQiUwQWpRdWVyeSUyOCUyNy5pY29uLXRleHQlMjclMjkuaGlkZSUyOCUyOSUzQiUwQWpRdWVyeSUyOCUyNy5pY29uLXRleHQuJTI3JTIwJTJCJTIwaWQlMjkuc2hvdyUyOCUyOSUzQiUwQSU3RCUyOSUzQiUwQSUwQSUzQyUyRnNjcmlwdCUzRQ==[\/vc_raw_js][\/vc_column][vc_column column_width_percent=&#8221;100&#8243; gutter_size=&#8221;3&#8243; overlay_alpha=&#8221;50&#8243; shift_x=&#8221;0&#8243; shift_y=&#8221;0&#8243; shift_y_down=&#8221;0&#8243; z_index=&#8221;0&#8243; medium_width=&#8221;0&#8243; mobile_width=&#8221;0&#8243; width=&#8221;1\/2&#8243; el_id=&#8221;buttons-text&#8221;][vc_custom_heading text_size=&#8221;h3&#8243; uncode_shortcode_id=&#8221;213952&#8243;]Szukasz produktu opartego na wiedzy ekspert\u00f3w w opiece zdrowotnej?[\/vc_custom_heading][vc_column_text text_lead=&#8221;yes&#8221; el_class=&#8221;med-text&#8221; uncode_shortcode_id=&#8221;207891&#8243;]Lille Healthcare sprosta Twoim oczekiwaniom. Nasze produkty ch\u0142onne \u0142\u0105cz\u0105 komfort, bezpiecze\u0144stwo i dyskrecj\u0119 dzi\u0119ki 3 cechom wsp\u00f3lnym dla ca\u0142ej gamy Lille.[\/vc_column_text][uncode_block id=&#8221;2537&#8243; inside_column=&#8221;yes&#8221;][\/vc_column][\/vc_row][vc_row row_height_percent=&#8221;0&#8243; override_padding=&#8221;yes&#8221; h_padding=&#8221;2&#8243; top_padding=&#8221;0&#8243; bottom_padding=&#8221;0&#8243; back_color=&#8221;color-lgreen&#8221; overlay_alpha=&#8221;50&#8243; gutter_size=&#8221;0&#8243; column_width_percent=&#8221;100&#8243; shift_y=&#8221;0&#8243; z_index=&#8221;0&#8243; el_id=&#8221;home-guide&#8221;][vc_column width=&#8221;1\/1&#8243;][vc_row_inner][vc_column_inner width=&#8221;1\/2&#8243;][vc_custom_heading text_size=&#8221;h1&#8243; sub_lead=&#8221;yes&#8221; subheading=&#8221;Znajd\u017a produkt na ka\u017cd\u0105 sytuacj\u0119&#8221; el_class=&#8221;subheader&#8221; uncode_shortcode_id=&#8221;122422&#8243;]Pozw\u00f3l sob\u0105 pokierowa\u0107[\/vc_custom_heading][\/vc_column_inner][vc_column_inner column_width_percent=&#8221;100&#8243; align_horizontal=&#8221;align_right&#8221; gutter_size=&#8221;3&#8243; overlay_alpha=&#8221;50&#8243; shift_x=&#8221;0&#8243; shift_y=&#8221;0&#8243; shift_y_down=&#8221;0&#8243; z_index=&#8221;0&#8243; medium_width=&#8221;0&#8243; mobile_width=&#8221;0&#8243; width=&#8221;1\/2&#8243; el_class=&#8221;mobile-0&#8243;][vc_button button_color=&#8221;color-pblue&#8221; border_width=&#8221;0&#8243; link=&#8221;url:%2Fpl%2Fnasze-produkty%2F|title:Nasze%20produkty&#8221; el_class=&#8221;desktop-element&#8221; button_color_type=&#8221;uncode-palette&#8221; uncode_shortcode_id=&#8221;206009&#8243;]Zobacz wszystkie nasze produkty[\/vc_button][\/vc_column_inner][\/vc_row_inner][vc_tabs align=&#8221;left&#8221; el_class=&#8221;home-tabs&#8221;][vc_tab gutter_size=&#8221;2&#8243; column_padding=&#8221;2&#8243; title=&#8221;Niewielki dyskomfort&#8221; tab_id=&#8221;1621003657-1-56&#8243;][uncode_block id=&#8221;2526&#8243; inside_column=&#8221;yes&#8221;][\/vc_tab][vc_tab gutter_size=&#8221;2&#8243; column_padding=&#8221;2&#8243; title=&#8221;S\u0142abo\u015b\u0107 p\u0119cherza&#8221; tab_id=&#8221;1621003657-2-61&#8243;][uncode_block id=&#8221;2536&#8243; inside_column=&#8221;yes&#8221;][\/vc_tab][vc_tab gutter_size=&#8221;2&#8243; column_padding=&#8221;2&#8243; title=&#8221;Nietrzymanie moczu&#8221; tab_id=&#8221;1621003956220-2-6&#8243;][uncode_block id=&#8221;2530&#8243; inside_column=&#8221;yes&#8221;][\/vc_tab][\/vc_tabs][vc_button button_color=&#8221;color-pblue&#8221; border_width=&#8221;0&#8243; css_animation=&#8221;bottom-t-top&#8221; link=&#8221;url:%2Fpl%2Fnasze-produkty%2F|title:Nasze%20produkty&#8221; el_class=&#8221;mobile-element&#8221; button_color_type=&#8221;uncode-palette&#8221; uncode_shortcode_id=&#8221;130244&#8243;]Zobacz wszystkie nasze produkty[\/vc_button][\/vc_column][\/vc_row][vc_row row_height_percent=&#8221;0&#8243; override_padding=&#8221;yes&#8221; h_padding=&#8221;2&#8243; top_padding=&#8221;3&#8243; bottom_padding=&#8221;3&#8243; back_color=&#8221;color-white&#8221; overlay_alpha=&#8221;50&#8243; gutter_size=&#8221;3&#8243; column_width_percent=&#8221;100&#8243; shift_y=&#8221;0&#8243; z_index=&#8221;0&#8243; el_id=&#8221;home-advice&#8221;][vc_column width=&#8221;1\/2&#8243;][vc_custom_heading heading_semantic=&#8221;h3&#8243; text_size=&#8221;h3&#8243; uncode_shortcode_id=&#8221;172143&#8243;]Potrzebujesz informacji lub porad?[\/vc_custom_heading][vc_column_text text_lead=&#8221;yes&#8221; el_class=&#8221;reg-text&#8221; uncode_shortcode_id=&#8221;708055&#8243;]W Lille Healthcare chcemy przedstawi\u0107 Ci wszystkie informacje niezb\u0119dne do wybrania najlepszego produktu.[\/vc_column_text][vc_button border_width=&#8221;0&#8243; link=&#8221;url:%2Fpl%2Finformacje-i-porady%2F|title:Informacje%20i%20porady&#8221; el_class=&#8221;white-btn desktop-element&#8221; uncode_shortcode_id=&#8221;201897&#8243;]Dowiedz si\u0119 wi\u0119cej o nietrzymaniu moczu[\/vc_button][\/vc_column][vc_column column_width_percent=&#8221;100&#8243; gutter_size=&#8221;3&#8243; overlay_alpha=&#8221;50&#8243; shift_x=&#8221;0&#8243; shift_y=&#8221;0&#8243; shift_y_down=&#8221;0&#8243; z_index=&#8221;0&#8243; medium_width=&#8221;0&#8243; mobile_width=&#8221;0&#8243; width=&#8221;1\/2&#8243; el_id=&#8221;advice-column&#8221;][vc_column_text el_id=&#8221;blog01&#8243; el_class=&#8221;blog-img&#8221; uncode_shortcode_id=&#8221;176582&#8243;]<a href=\"\/pl\/informacje-i-porady\/#what-is-incontinence\"><em>Czym jest nietrzymanie moczu?<\/em><\/a>[\/vc_column_text][vc_column_text el_id=&#8221;blog02&#8243; el_class=&#8221;blog-img&#8221; uncode_shortcode_id=&#8221;163925&#8243;]<a href=\"\/pl\/informacje-i-porady\/#ic-types\"><em>Rodzaje nietrzymania moczu<\/em><\/a>[\/vc_column_text][vc_column_text el_id=&#8221;blog03&#8243; el_class=&#8221;blog-img&#8221; uncode_shortcode_id=&#8221;535893&#8243;]<a href=\"\/pl\/informacje-i-porady\/#birth\"><em>Porady na okres po\u0142ogu<\/em><\/a>[\/vc_column_text][vc_column_text el_id=&#8221;blog04&#8243; el_class=&#8221;blog-img&#8221; uncode_shortcode_id=&#8221;106274&#8243;]<a href=\"\/pl\/informacje-i-porady\/#ic-advice\"><em>Porady i informacje praktyczne<\/em><\/a>[\/vc_column_text][vc_button border_width=&#8221;0&#8243; link=&#8221;url:%2Fpl%2Finformacje-i-porady%2F|title:Informacje%20i%20porady&#8221; el_class=&#8221;white-btn mobile-element&#8221; uncode_shortcode_id=&#8221;126785&#8243;]Find out more about incontinence[\/vc_button][\/vc_column][\/vc_row][vc_row row_height_percent=&#8221;0&#8243; override_padding=&#8221;yes&#8221; h_padding=&#8221;2&#8243; top_padding=&#8221;3&#8243; bottom_padding=&#8221;3&#8243; overlay_alpha=&#8221;50&#8243; gutter_size=&#8221;3&#8243; column_width_percent=&#8221;100&#8243; shift_y=&#8221;0&#8243; z_index=&#8221;0&#8243; el_id=&#8221;home-commitments&#8221;][vc_column column_width_percent=&#8221;100&#8243; align_horizontal=&#8221;align_center&#8221; gutter_size=&#8221;3&#8243; override_padding=&#8221;yes&#8221; column_padding=&#8221;0&#8243; overlay_alpha=&#8221;50&#8243; shift_x=&#8221;0&#8243; shift_y=&#8221;0&#8243; shift_y_down=&#8221;0&#8243; z_index=&#8221;0&#8243; medium_width=&#8221;0&#8243; mobile_width=&#8221;0&#8243; width=&#8221;1\/1&#8243;][vc_custom_heading uncode_shortcode_id=&#8221;175798&#8243;]W Lille Healthcare mamy zobowi\u0105zania[\/vc_custom_heading][vc_row_inner row_inner_height_percent=&#8221;0&#8243; overlay_alpha=&#8221;50&#8243; equal_height=&#8221;yes&#8221; gutter_size=&#8221;3&#8243; shift_y=&#8221;0&#8243; z_index=&#8221;0&#8243; el_class=&#8221;commitments-row&#8221;][vc_column_inner column_width_percent=&#8221;100&#8243; align_horizontal=&#8221;align_center&#8221; gutter_size=&#8221;3&#8243; override_padding=&#8221;yes&#8221; column_padding=&#8221;0&#8243; overlay_alpha=&#8221;50&#8243; shift_x=&#8221;0&#8243; shift_y=&#8221;0&#8243; shift_y_down=&#8221;0&#8243; z_index=&#8221;0&#8243; medium_width=&#8221;0&#8243; mobile_width=&#8221;0&#8243; width=&#8221;1\/3&#8243;][vc_single_image media=&#8221;51&#8243; media_width_percent=&#8221;100&#8243; el_class=&#8221;lille-image&#8221;][vc_custom_heading heading_semantic=&#8221;h4&#8243; text_size=&#8221;h4&#8243; subheading=&#8221;Produkty Lille Healthcare wytwarzane s\u0105 przede wszystkim we Francji i Belgii, w zasilanych zielon\u0105 energi\u0105 fabrykach w Dourges i Buggenhout.&#8221; el_class=&#8221;reg-subheader&#8221; uncode_shortcode_id=&#8221;201508&#8243;]Produkcja[\/vc_custom_heading][\/vc_column_inner][vc_column_inner column_width_percent=&#8221;100&#8243; align_horizontal=&#8221;align_center&#8221; gutter_size=&#8221;3&#8243; override_padding=&#8221;yes&#8221; column_padding=&#8221;0&#8243; overlay_alpha=&#8221;50&#8243; shift_x=&#8221;0&#8243; shift_y=&#8221;0&#8243; shift_y_down=&#8221;0&#8243; z_index=&#8221;0&#8243; medium_width=&#8221;0&#8243; mobile_width=&#8221;0&#8243; width=&#8221;1\/3&#8243;][vc_single_image media=&#8221;54&#8243; media_width_percent=&#8221;100&#8243; el_class=&#8221;lille-image&#8221;][vc_custom_heading heading_semantic=&#8221;h4&#8243; text_size=&#8221;h4&#8243; subheading=&#8221;Dobieramy sk\u0142ad naszych produkt\u00f3w z my\u015bl\u0105 o Twojej sk\u00f3rze, a opakowania z my\u015bl\u0105 o \u015brodowisku w ramach zr\u00f3wnowa\u017conego rozwoju.&#8221; el_class=&#8221;reg-subheader&#8221; uncode_shortcode_id=&#8221;756390&#8243;]Sk\u0142ad[\/vc_custom_heading][\/vc_column_inner][vc_column_inner column_width_percent=&#8221;100&#8243; align_horizontal=&#8221;align_center&#8221; gutter_size=&#8221;3&#8243; override_padding=&#8221;yes&#8221; column_padding=&#8221;0&#8243; overlay_alpha=&#8221;50&#8243; shift_x=&#8221;0&#8243; shift_y=&#8221;0&#8243; shift_y_down=&#8221;0&#8243; z_index=&#8221;0&#8243; medium_width=&#8221;0&#8243; mobile_width=&#8221;0&#8243; width=&#8221;1\/3&#8243;][vc_single_image media=&#8221;53&#8243; media_width_percent=&#8221;100&#8243; el_class=&#8221;lille-image&#8221;][vc_custom_heading heading_semantic=&#8221;h4&#8243; text_size=&#8221;h4&#8243; subheading=&#8221;W Lille Healthcare zobowi\u0105zujemy si\u0119 do realnych dzia\u0142a\u0144 dla Ciebie i dla planety.&#8221; el_class=&#8221;reg-subheader&#8221; uncode_shortcode_id=&#8221;553557&#8243;]Zr\u00f3wnowa\u017cony rozw\u00f3j[\/vc_custom_heading][\/vc_column_inner][\/vc_row_inner][vc_button shadow=&#8221;yes&#8221; border_width=&#8221;0&#8243; link=&#8221;url:%2Fpl%2Fnasze-zobowiazania%2F|title:Nasze%20zobowiazania&#8221; el_class=&#8221;white-btn&#8221; uncode_shortcode_id=&#8221;454593&#8243;]Poznaj nasze zobowi\u0105zania[\/vc_button][\/vc_column][\/vc_row][vc_row row_height_percent=&#8221;0&#8243; override_padding=&#8221;yes&#8221; h_padding=&#8221;0&#8243; top_padding=&#8221;0&#8243; bottom_padding=&#8221;0&#8243; overlay_alpha=&#8221;50&#8243; gutter_size=&#8221;3&#8243; column_width_percent=&#8221;100&#8243; shift_y=&#8221;0&#8243; z_index=&#8221;0&#8243;][vc_column width=&#8221;1\/1&#8243;][vc_raw_js]JTNDc2NyaXB0JTIwdHlwZSUzRCUyMnRleHQlMkZqYXZhc2NyaXB0JTIyJTNFJTIwJTBBdmFyJTIwaHRtbCUyMCUzRCUyMGRvY3VtZW50LnF1ZXJ5U2VsZWN0b3IlMjglMjJodG1sJTIyJTI5JTNCJTBBaWYlMjAlMjhodG1sLmNsYXNzTGlzdC5jb250YWlucyUyOCUyN21vYmlsZSUyNyUyOSUyOSUyMCU3QiUwQXZhciUyMGVscyUyMCUzRCUyMGRvY3VtZW50LmdldEVsZW1lbnRzQnlDbGFzc05hbWUlMjglMjJvd2wtY2Fyb3VzZWwlMjIlMjklM0IlMEFmb3IlMjAlMjhpJTIwJTNEJTIwMCUzQiUyMGklMjAlM0MlMjBlbHMubGVuZ3RoJTNCJTIwaSUyQiUyQiUyOSUyMCU3QiUwQSUyMCUyMGVscyU1QmklNUQuc2V0QXR0cmlidXRlJTI4JTI3ZGF0YS1zdGFnZXBhZGRpbmclMjclMkMlMjAlMjcwJTI3JTI5JTNCJTBBJTdEJTBBJTdEJTBBJTNDJTJGc2NyaXB0JTNF[\/vc_raw_js][\/vc_column][\/vc_row]<\/p>\n<\/div>","protected":false},"excerpt":{"rendered":"<p>[vc_row unlock_row_content=&#8221;yes&#8221; row_height_percent=&#8221;0&#8243; override_padding=&#8221;yes&#8221; h_padding=&#8221;0&#8243; top_padding=&#8221;0&#8243; bottom_padding=&#8221;2&#8243; overlay_alpha=&#8221;50&#8243; equal_height=&#8221;yes&#8221; gutter_size=&#8221;3&#8243; column_width_percent=&#8221;100&#8243; shift_y=&#8221;0&#8243; z_index=&#8221;0&#8243; el_class=&#8221;hero-section&#8221; css=&#8221;.vc_custom_1620996258259{padding-bottom: 120px !important;}&#8221; el_id=&#8221;home-hero&#8221;][vc_column column_width_percent=&#8221;100&#8243; gutter_size=&#8221;3&#8243; [&hellip;]<\/p>\n","protected":false},"author":3,"featured_media":0,"parent":0,"menu_order":0,"comment_status":"closed","ping_status":"closed","template":"","meta":{"footnotes":""},"class_list":["post-2549","page","type-page","status-publish","hentry"],"yoast_head":"<!-- This site is optimized with the Yoast SEO Premium plugin v27.3 (Yoast SEO v27.3) - https:\/\/yoast.com\/product\/yoast-seo-premium-wordpress\/ -->\n<title>\u017byj pe\u0142ni\u0105 \u017cycia &#183; Lille Healthcare<\/title>\n<meta name=\"description\" content=\"Lille Healthcare oferuje szeroki wyb\u00f3r produkt\u00f3w ch\u0142onnych, zapewniaj\u0105c skuteczne rozwi\u0105zania dopasowane do wszystkich typ\u00f3w nietrzymania moczu.\" \/>\n<meta name=\"robots\" content=\"index, follow, max-snippet:-1, max-image-preview:large, max-video-preview:-1\" \/>\n<link rel=\"canonical\" href=\"https:\/\/lillehealthcare.com\/pl\/\" \/>\n<meta property=\"og:locale\" content=\"pl_PL\" \/>\n<meta property=\"og:type\" content=\"article\" \/>\n<meta property=\"og:title\" content=\"Home\" \/>\n<meta property=\"og:description\" content=\"Lille Healthcare oferuje szeroki wyb\u00f3r produkt\u00f3w ch\u0142onnych, zapewniaj\u0105c skuteczne rozwi\u0105zania dopasowane do wszystkich typ\u00f3w nietrzymania moczu.\" \/>\n<meta property=\"og:url\" content=\"https:\/\/lillehealthcare.com\/pl\/\" \/>\n<meta property=\"og:site_name\" content=\"Lille Healthcare\" \/>\n<meta property=\"article:modified_time\" content=\"2021-11-17T09:38:49+00:00\" \/>\n<meta property=\"og:image\" content=\"https:\/\/lillehealthcare.com\/wp-content\/uploads\/2021\/05\/hero-couple.jpg\" \/>\n\t<meta property=\"og:image:width\" content=\"960\" \/>\n\t<meta property=\"og:image:height\" content=\"639\" \/>\n\t<meta property=\"og:image:type\" content=\"image\/jpeg\" \/>\n<meta name=\"twitter:card\" content=\"summary_large_image\" \/>\n<meta name=\"twitter:label1\" content=\"Szacowany czas czytania\" \/>\n\t<meta name=\"twitter:data1\" content=\"3 minuty\" \/>\n<script type=\"application\/ld+json\" class=\"yoast-schema-graph\">{\"@context\":\"https:\\\/\\\/schema.org\",\"@graph\":[{\"@type\":\"WebPage\",\"@id\":\"https:\\\/\\\/lillehealthcare.com\\\/pl\\\/\",\"url\":\"https:\\\/\\\/lillehealthcare.com\\\/pl\\\/\",\"name\":\"\u017byj pe\u0142ni\u0105 \u017cycia &#183; Lille Healthcare\",\"isPartOf\":{\"@id\":\"https:\\\/\\\/lillehealthcare.com\\\/pl\\\/#website\"},\"datePublished\":\"2021-09-30T15:26:46+00:00\",\"dateModified\":\"2021-11-17T09:38:49+00:00\",\"description\":\"Lille Healthcare oferuje szeroki wyb\u00f3r produkt\u00f3w ch\u0142onnych, zapewniaj\u0105c skuteczne rozwi\u0105zania dopasowane do wszystkich typ\u00f3w nietrzymania moczu.\",\"breadcrumb\":{\"@id\":\"https:\\\/\\\/lillehealthcare.com\\\/pl\\\/#breadcrumb\"},\"inLanguage\":\"pl-PL\",\"potentialAction\":[{\"@type\":\"ReadAction\",\"target\":[\"https:\\\/\\\/lillehealthcare.com\\\/pl\\\/\"]}]},{\"@type\":\"BreadcrumbList\",\"@id\":\"https:\\\/\\\/lillehealthcare.com\\\/pl\\\/#breadcrumb\",\"itemListElement\":[{\"@type\":\"ListItem\",\"position\":1,\"name\":\"Home\",\"item\":\"https:\\\/\\\/lillehealthcare.com\\\/pl\\\/\"},{\"@type\":\"ListItem\",\"position\":2,\"name\":\"Home\"}]},{\"@type\":\"WebSite\",\"@id\":\"https:\\\/\\\/lillehealthcare.com\\\/pl\\\/#website\",\"url\":\"https:\\\/\\\/lillehealthcare.com\\\/pl\\\/\",\"name\":\"Lille Healthcare\",\"description\":\"Incontinence products suitable for everyone\u2019s needs\",\"publisher\":{\"@id\":\"https:\\\/\\\/lillehealthcare.com\\\/pl\\\/#organization\"},\"potentialAction\":[{\"@type\":\"SearchAction\",\"target\":{\"@type\":\"EntryPoint\",\"urlTemplate\":\"https:\\\/\\\/lillehealthcare.com\\\/pl\\\/?s={search_term_string}\"},\"query-input\":{\"@type\":\"PropertyValueSpecification\",\"valueRequired\":true,\"valueName\":\"search_term_string\"}}],\"inLanguage\":\"pl-PL\"},{\"@type\":\"Organization\",\"@id\":\"https:\\\/\\\/lillehealthcare.com\\\/pl\\\/#organization\",\"name\":\"Lille Healthcare\",\"url\":\"https:\\\/\\\/lillehealthcare.com\\\/pl\\\/\",\"logo\":{\"@type\":\"ImageObject\",\"inLanguage\":\"pl-PL\",\"@id\":\"https:\\\/\\\/lillehealthcare.com\\\/pl\\\/#\\\/schema\\\/logo\\\/image\\\/\",\"url\":\"https:\\\/\\\/lillehealthcare.com\\\/wp-content\\\/uploads\\\/2021\\\/05\\\/logoLilleHealthCareCMJN.svg\",\"contentUrl\":\"https:\\\/\\\/lillehealthcare.com\\\/wp-content\\\/uploads\\\/2021\\\/05\\\/logoLilleHealthCareCMJN.svg\",\"width\":100,\"height\":100,\"caption\":\"Lille Healthcare\"},\"image\":{\"@id\":\"https:\\\/\\\/lillehealthcare.com\\\/pl\\\/#\\\/schema\\\/logo\\\/image\\\/\"}}]}<\/script>\n<!-- \/ Yoast SEO Premium plugin. -->","yoast_head_json":{"title":"\u017byj pe\u0142ni\u0105 \u017cycia &#183; Lille Healthcare","description":"Lille Healthcare oferuje szeroki wyb\u00f3r produkt\u00f3w ch\u0142onnych, zapewniaj\u0105c skuteczne rozwi\u0105zania dopasowane do wszystkich typ\u00f3w nietrzymania moczu.","robots":{"index":"index","follow":"follow","max-snippet":"max-snippet:-1","max-image-preview":"max-image-preview:large","max-video-preview":"max-video-preview:-1"},"canonical":"https:\/\/lillehealthcare.com\/pl\/","og_locale":"pl_PL","og_type":"article","og_title":"Home","og_description":"Lille Healthcare oferuje szeroki wyb\u00f3r produkt\u00f3w ch\u0142onnych, zapewniaj\u0105c skuteczne rozwi\u0105zania dopasowane do wszystkich typ\u00f3w nietrzymania moczu.","og_url":"https:\/\/lillehealthcare.com\/pl\/","og_site_name":"Lille Healthcare","article_modified_time":"2021-11-17T09:38:49+00:00","og_image":[{"width":960,"height":639,"url":"https:\/\/lillehealthcare.com\/wp-content\/uploads\/2021\/05\/hero-couple.jpg","type":"image\/jpeg"}],"twitter_card":"summary_large_image","twitter_misc":{"Szacowany czas czytania":"3 minuty"},"schema":{"@context":"https:\/\/schema.org","@graph":[{"@type":"WebPage","@id":"https:\/\/lillehealthcare.com\/pl\/","url":"https:\/\/lillehealthcare.com\/pl\/","name":"\u017byj pe\u0142ni\u0105 \u017cycia &#183; Lille Healthcare","isPartOf":{"@id":"https:\/\/lillehealthcare.com\/pl\/#website"},"datePublished":"2021-09-30T15:26:46+00:00","dateModified":"2021-11-17T09:38:49+00:00","description":"Lille Healthcare oferuje szeroki wyb\u00f3r produkt\u00f3w ch\u0142onnych, zapewniaj\u0105c skuteczne rozwi\u0105zania dopasowane do wszystkich typ\u00f3w nietrzymania moczu.","breadcrumb":{"@id":"https:\/\/lillehealthcare.com\/pl\/#breadcrumb"},"inLanguage":"pl-PL","potentialAction":[{"@type":"ReadAction","target":["https:\/\/lillehealthcare.com\/pl\/"]}]},{"@type":"BreadcrumbList","@id":"https:\/\/lillehealthcare.com\/pl\/#breadcrumb","itemListElement":[{"@type":"ListItem","position":1,"name":"Home","item":"https:\/\/lillehealthcare.com\/pl\/"},{"@type":"ListItem","position":2,"name":"Home"}]},{"@type":"WebSite","@id":"https:\/\/lillehealthcare.com\/pl\/#website","url":"https:\/\/lillehealthcare.com\/pl\/","name":"Lille Healthcare","description":"Incontinence products suitable for everyone\u2019s needs","publisher":{"@id":"https:\/\/lillehealthcare.com\/pl\/#organization"},"potentialAction":[{"@type":"SearchAction","target":{"@type":"EntryPoint","urlTemplate":"https:\/\/lillehealthcare.com\/pl\/?s={search_term_string}"},"query-input":{"@type":"PropertyValueSpecification","valueRequired":true,"valueName":"search_term_string"}}],"inLanguage":"pl-PL"},{"@type":"Organization","@id":"https:\/\/lillehealthcare.com\/pl\/#organization","name":"Lille Healthcare","url":"https:\/\/lillehealthcare.com\/pl\/","logo":{"@type":"ImageObject","inLanguage":"pl-PL","@id":"https:\/\/lillehealthcare.com\/pl\/#\/schema\/logo\/image\/","url":"https:\/\/lillehealthcare.com\/wp-content\/uploads\/2021\/05\/logoLilleHealthCareCMJN.svg","contentUrl":"https:\/\/lillehealthcare.com\/wp-content\/uploads\/2021\/05\/logoLilleHealthCareCMJN.svg","width":100,"height":100,"caption":"Lille Healthcare"},"image":{"@id":"https:\/\/lillehealthcare.com\/pl\/#\/schema\/logo\/image\/"}}]}},"_links":{"self":[{"href":"https:\/\/lillehealthcare.com\/pl\/wp-json\/wp\/v2\/pages\/2549","targetHints":{"allow":["GET"]}}],"collection":[{"href":"https:\/\/lillehealthcare.com\/pl\/wp-json\/wp\/v2\/pages"}],"about":[{"href":"https:\/\/lillehealthcare.com\/pl\/wp-json\/wp\/v2\/types\/page"}],"author":[{"embeddable":true,"href":"https:\/\/lillehealthcare.com\/pl\/wp-json\/wp\/v2\/users\/3"}],"replies":[{"embeddable":true,"href":"https:\/\/lillehealthcare.com\/pl\/wp-json\/wp\/v2\/comments?post=2549"}],"version-history":[{"count":0,"href":"https:\/\/lillehealthcare.com\/pl\/wp-json\/wp\/v2\/pages\/2549\/revisions"}],"wp:attachment":[{"href":"https:\/\/lillehealthcare.com\/pl\/wp-json\/wp\/v2\/media?parent=2549"}],"curies":[{"name":"wp","href":"https:\/\/api.w.org\/{rel}","templated":true}]}}