{"id":2510,"date":"2021-09-30T14:38:34","date_gmt":"2021-09-30T12:38:34","guid":{"rendered":"https:\/\/lillehealthcare.com\/?page_id=2510"},"modified":"2021-11-15T12:09:18","modified_gmt":"2021-11-15T11:09:18","slug":"nasze-produkty","status":"publish","type":"page","link":"https:\/\/lillehealthcare.com\/pl\/nasze-produkty\/","title":{"rendered":"Nasze produkty"},"content":{"rendered":"<div class=\"wpb-content-wrapper\"><p>[vc_row unlock_row_content=&#8221;yes&#8221; row_height_percent=&#8221;0&#8243; override_padding=&#8221;yes&#8221; h_padding=&#8221;0&#8243; top_padding=&#8221;0&#8243; bottom_padding=&#8221;0&#8243; overlay_alpha=&#8221;50&#8243; gutter_size=&#8221;3&#8243; column_width_percent=&#8221;100&#8243; shift_y=&#8221;0&#8243; z_index=&#8221;0&#8243; el_class=&#8221;hero-section draw-up&#8221; el_id=&#8221;products-hero&#8221;][vc_column column_width_percent=&#8221;100&#8243; gutter_size=&#8221;3&#8243; overlay_alpha=&#8221;50&#8243; shift_x=&#8221;0&#8243; shift_y=&#8221;0&#8243; shift_y_down=&#8221;0&#8243; z_index=&#8221;0&#8243; medium_width=&#8221;0&#8243; mobile_width=&#8221;0&#8243; width=&#8221;1\/3&#8243; el_class=&#8221;image-column&#8221;][vc_single_image media=&#8221;338&#8243; media_width_percent=&#8221;100&#8243; el_class=&#8221;rounded-img&#8221;][\/vc_column][vc_column column_width_percent=&#8221;100&#8243; gutter_size=&#8221;3&#8243; overlay_alpha=&#8221;50&#8243; shift_x=&#8221;0&#8243; shift_y=&#8221;0&#8243; shift_y_down=&#8221;0&#8243; z_index=&#8221;0&#8243; medium_width=&#8221;0&#8243; mobile_width=&#8221;0&#8243; width=&#8221;2\/3&#8243; el_class=&#8221;hero-text&#8221; css=&#8221;.vc_custom_1621417390566{padding-bottom: 47px !important;}&#8221;][uncode_block id=&#8221;2375&#8243; inside_column=&#8221;yes&#8221;][vc_custom_heading heading_semantic=&#8221;h1&#8243; text_size=&#8221;h1&#8243; text_height=&#8221;fontheight-57&#8243; sub_lead=&#8221;yes&#8221; el_class=&#8221;subheader&#8221; uncode_shortcode_id=&#8221;112347&#8243;]Gama Lille Suprem[\/vc_custom_heading][vc_column_text text_lead=&#8221;yes&#8221; el_class=&#8221;reg-text leader-text&#8221; uncode_shortcode_id=&#8221;156227&#8243;]Optymalna skuteczno\u015b\u0107 z zachowaniem dobrego stanu sk\u00f3ry.[\/vc_column_text][uncode_block id=&#8221;2568&#8243; inside_column=&#8221;yes&#8221;][\/vc_column][\/vc_row][vc_row row_height_percent=&#8221;0&#8243; override_padding=&#8221;yes&#8221; h_padding=&#8221;2&#8243; top_padding=&#8221;4&#8243; bottom_padding=&#8221;3&#8243; back_color=&#8221;color-white&#8221; overlay_alpha=&#8221;50&#8243; gutter_size=&#8221;3&#8243; column_width_percent=&#8221;100&#8243; shift_y=&#8221;0&#8243; z_index=&#8221;0&#8243; row_name=&#8221;little-discomforts&#8221; el_class=&#8221;little-discomforts-section&#8221;][vc_column column_width_percent=&#8221;100&#8243; gutter_size=&#8221;3&#8243; override_padding=&#8221;yes&#8221; column_padding=&#8221;0&#8243; back_image=&#8221;340&#8243; back_repeat=&#8221;no-repeat&#8221; back_position=&#8221;left top&#8221; overlay_alpha=&#8221;50&#8243; shift_x=&#8221;0&#8243; shift_y=&#8221;0&#8243; shift_y_down=&#8221;0&#8243; z_index=&#8221;0&#8243; medium_width=&#8221;0&#8243; mobile_width=&#8221;0&#8243; width=&#8221;1\/1&#8243; back_size=&#8221;contain&#8221; el_class=&#8221;product-category-block bg-block&#8221;][vc_custom_heading text_color=&#8221;color-pblue&#8221; text_font=&#8221;font-rubik&#8221; text_size=&#8221;h6&#8243; el_class=&#8221;up pblue product-category-heading&#8221; uncode_shortcode_id=&#8221;127350&#8243; text_color_type=&#8221;uncode-palette&#8221;]Niewielki dyskomfort[\/vc_custom_heading][vc_column_text el_class=&#8221;product-quote&#8221; css=&#8221;.vc_custom_1632407183854{margin-top: 0px !important;}&#8221; uncode_shortcode_id=&#8221;884907&#8243;]<em>\u201eZdarza mi si\u0119 czasem popu\u015bci\u0107 kilka kropel, szczeg\u00f3lnie wtedy, gdy si\u0119 \u015bmiej\u0119 lub kaszl\u0119\u201d.<\/em>[\/vc_column_text][vc_empty_space empty_h=&#8221;2&#8243; el_class=&#8221;custom-empty-30&#8243;][uncode_index el_id=&#8221;ld-en&#8221; isotope_mode=&#8221;cellsByRow&#8221; loop=&#8221;size:10|order_by:date|order:ASC|post_type:portfolio|tax_query:4|taxonomy_count:10|taxonomy_include_ids:68&#8243; gutter_size=&#8221;2&#8243; portfolio_items=&#8221;text|full&#8221; screen_lg=&#8221;1000&#8243; screen_md=&#8221;600&#8243; screen_sm=&#8221;480&#8243; single_width=&#8221;6&#8243; single_shape=&#8221;round&#8221; single_overlay_opacity=&#8221;50&#8243; single_image_anim=&#8221;no&#8221; single_padding=&#8221;0&#8243; single_shadow=&#8221;yes&#8221; custom_order=&#8221;yes&#8221; el_class=&#8221;product-cards&#8221; order_ids=&#8221;68,341&#8243;][\/vc_column][\/vc_row][vc_row row_height_percent=&#8221;0&#8243; override_padding=&#8221;yes&#8221; h_padding=&#8221;2&#8243; top_padding=&#8221;2&#8243; bottom_padding=&#8221;3&#8243; back_color=&#8221;color-white&#8221; overlay_alpha=&#8221;50&#8243; gutter_size=&#8221;3&#8243; column_width_percent=&#8221;100&#8243; shift_y=&#8221;0&#8243; z_index=&#8221;0&#8243; row_name=&#8221;bladder-weakness&#8221; el_class=&#8221;bladder-weakness-section&#8221;][vc_column column_width_percent=&#8221;100&#8243; gutter_size=&#8221;3&#8243; override_padding=&#8221;yes&#8221; column_padding=&#8221;0&#8243; back_image=&#8221;344&#8243; back_repeat=&#8221;no-repeat&#8221; back_position=&#8221;left top&#8221; overlay_alpha=&#8221;50&#8243; shift_x=&#8221;0&#8243; shift_y=&#8221;0&#8243; shift_y_down=&#8221;0&#8243; z_index=&#8221;0&#8243; medium_width=&#8221;0&#8243; mobile_width=&#8221;0&#8243; width=&#8221;1\/1&#8243; back_size=&#8221;contain&#8221; el_class=&#8221;product-category-block bg-block&#8221;][vc_custom_heading text_color=&#8221;color-pastelgreen&#8221; text_font=&#8221;font-rubik&#8221; text_size=&#8221;h6&#8243; el_class=&#8221;up pblue product-category-heading&#8221; uncode_shortcode_id=&#8221;195551&#8243; text_color_type=&#8221;uncode-palette&#8221;]S\u0142abo\u015b\u0107 p\u0119cherza[\/vc_custom_heading][vc_column_text el_class=&#8221;product-quote&#8221; css=&#8221;.vc_custom_1632407706672{margin-top: 0px !important;}&#8221; uncode_shortcode_id=&#8221;181391&#8243;]<em>\u201eCzasem zdarzaj\u0105 mi si\u0119 ma\u0142e wycieki, a okazjonalnie nie zd\u0105\u017c\u0119 do toalety\u201d.<\/em>[\/vc_column_text][vc_empty_space empty_h=&#8221;2&#8243; el_class=&#8221;custom-empty-30&#8243;][uncode_index el_id=&#8221;bw-en&#8221; isotope_mode=&#8221;cellsByRow&#8221; loop=&#8221;size:10|order_by:date|post_type:portfolio|tax_query:5|taxonomy_count:10|taxonomy_include_ids:68&#8243; gutter_size=&#8221;2&#8243; portfolio_items=&#8221;text|full&#8221; screen_lg=&#8221;1000&#8243; screen_md=&#8221;600&#8243; screen_sm=&#8221;480&#8243; single_width=&#8221;6&#8243; single_shape=&#8221;round&#8221; single_overlay_opacity=&#8221;50&#8243; single_image_anim=&#8221;no&#8221; single_padding=&#8221;0&#8243; single_shadow=&#8221;yes&#8221; custom_order=&#8221;yes&#8221; el_class=&#8221;product-cards&#8221; order_ids=&#8221;68,341&#8243;][vc_column_text el_class=&#8221;bw-category-description&#8221; uncode_shortcode_id=&#8221;148629&#8243;]Nietrzymanie moczu wynika z problem\u00f3w w funkcjonowaniu p\u0119cherza prowadz\u0105cych do wyciek\u00f3w, kt\u00f3re mog\u0105 z czasem przybra\u0107 trwa\u0142y charakter. Wycieki mog\u0105 by\u0107 czasem nieregularne i obfite. Najcz\u0119\u015bciej do wypadk\u00f3w dochodzi w dzie\u0144, ale mog\u0105 si\u0119 zdarza\u0107 r\u00f3wnie\u017c w nocy.[\/vc_column_text][\/vc_column][\/vc_row][vc_row row_height_percent=&#8221;0&#8243; override_padding=&#8221;yes&#8221; h_padding=&#8221;2&#8243; top_padding=&#8221;2&#8243; bottom_padding=&#8221;3&#8243; back_color=&#8221;color-white&#8221; overlay_alpha=&#8221;50&#8243; gutter_size=&#8221;3&#8243; column_width_percent=&#8221;100&#8243; shift_y=&#8221;0&#8243; z_index=&#8221;0&#8243; row_name=&#8221;inco&#8221; el_class=&#8221;incontinence-section&#8221;][vc_column column_width_percent=&#8221;100&#8243; gutter_size=&#8221;3&#8243; override_padding=&#8221;yes&#8221; column_padding=&#8221;0&#8243; back_image=&#8221;348&#8243; back_repeat=&#8221;no-repeat&#8221; back_position=&#8221;left top&#8221; overlay_alpha=&#8221;50&#8243; shift_x=&#8221;0&#8243; shift_y=&#8221;0&#8243; shift_y_down=&#8221;0&#8243; z_index=&#8221;0&#8243; medium_width=&#8221;0&#8243; mobile_width=&#8221;0&#8243; width=&#8221;1\/1&#8243; back_size=&#8221;contain&#8221; el_class=&#8221;product-category-block bg-block&#8221;][vc_custom_heading text_color=&#8221;color-pink&#8221; text_font=&#8221;font-rubik&#8221; text_size=&#8221;h6&#8243; el_class=&#8221;up pblue product-category-heading&#8221; uncode_shortcode_id=&#8221;704535&#8243; text_color_type=&#8221;uncode-palette&#8221;]Nietrzymanie moczu[\/vc_custom_heading][vc_column_text el_class=&#8221;product-quote&#8221; css=&#8221;.vc_custom_1632407581586{margin-top: 0px !important;}&#8221; uncode_shortcode_id=&#8221;335074&#8243;]<em>\u201eCz\u0119sto mam problemy z kontrolowaniem p\u0119cherza. Docieram do toalety za p\u00f3\u017ano i zdarzaj\u0105 mi si\u0119 wypadki w nocy\u201d.<\/em>[\/vc_column_text][vc_column_text el_class=&#8221;product-quote&#8221; css=&#8221;.vc_custom_1632407607750{margin-top: 0px !important;}&#8221; uncode_shortcode_id=&#8221;160720&#8243;]<em>\u201eOpiekuj\u0119 si\u0119 osob\u0105, kt\u00f3ra straci\u0142a kontrol\u0119 nad p\u0119cherzem. Do\u015bwiadcza powa\u017cnych problem\u00f3w z nietrzymaniem moczu\u201d.<\/em>[\/vc_column_text][vc_empty_space empty_h=&#8221;2&#8243; el_class=&#8221;custom-empty-30&#8243;][uncode_index el_id=&#8221;inco-en&#8221; isotope_mode=&#8221;cellsByRow&#8221; loop=&#8221;size:10|order_by:date|order:ASC|post_type:portfolio|tax_query:6|taxonomy_count:10|taxonomy_include_ids:68&#8243; gutter_size=&#8221;2&#8243; portfolio_items=&#8221;text|full&#8221; screen_lg=&#8221;1000&#8243; screen_md=&#8221;600&#8243; screen_sm=&#8221;480&#8243; single_width=&#8221;6&#8243; single_shape=&#8221;round&#8221; single_overlay_opacity=&#8221;50&#8243; single_image_anim=&#8221;no&#8221; single_padding=&#8221;0&#8243; single_shadow=&#8221;yes&#8221; custom_order=&#8221;yes&#8221; el_class=&#8221;product-cards&#8221; order_ids=&#8221;68,341&#8243;][\/vc_column][\/vc_row][vc_row row_height_percent=&#8221;0&#8243; override_padding=&#8221;yes&#8221; h_padding=&#8221;2&#8243; top_padding=&#8221;2&#8243; bottom_padding=&#8221;4&#8243; back_color=&#8221;color-white&#8221; overlay_alpha=&#8221;50&#8243; gutter_size=&#8221;3&#8243; column_width_percent=&#8221;100&#8243; shift_y=&#8221;0&#8243; z_index=&#8221;0&#8243; row_name=&#8221;complementary&#8221; el_class=&#8221;complementary-section&#8221;][vc_column column_width_percent=&#8221;100&#8243; gutter_size=&#8221;3&#8243; override_padding=&#8221;yes&#8221; column_padding=&#8221;0&#8243; overlay_alpha=&#8221;50&#8243; shift_x=&#8221;0&#8243; shift_y=&#8221;0&#8243; shift_y_down=&#8221;0&#8243; z_index=&#8221;0&#8243; medium_width=&#8221;0&#8243; mobile_width=&#8221;0&#8243; width=&#8221;1\/1&#8243; el_class=&#8221;product-category-block&#8221;][vc_custom_heading text_color=&#8221;color-emerald&#8221; text_font=&#8221;font-rubik&#8221; text_size=&#8221;h6&#8243; el_class=&#8221;up pblue product-category-heading&#8221; uncode_shortcode_id=&#8221;990163&#8243; text_color_type=&#8221;uncode-palette&#8221;]Produkty wspomagaj\u0105ce (Lille Classic)[\/vc_custom_heading][vc_column_text el_class=&#8221;product-quote&#8221; css=&#8221;.vc_custom_1632407809834{margin-top: 0px !important;}&#8221; uncode_shortcode_id=&#8221;465827&#8243;]<em>\u201eRegularnie budz\u0119 si\u0119 z zawilgoconym prze\u015bcierad\u0142em\u201d.<\/em>[\/vc_column_text][vc_column_text el_class=&#8221;product-quote&#8221; css=&#8221;.vc_custom_1632407844823{margin-top: 0px !important;}&#8221; uncode_shortcode_id=&#8221;341262&#8243;]<em>\u201eMoja sk\u00f3ra jest nadwra\u017cliwa, szczeg\u00f3lnie podczas mycia\u201d.<\/em>[\/vc_column_text][vc_empty_space empty_h=&#8221;2&#8243; el_class=&#8221;custom-empty-30&#8243;][uncode_index el_id=&#8221;cp-en&#8221; isotope_mode=&#8221;cellsByRow&#8221; loop=&#8221;size:10|order_by:date|order:ASC|post_type:portfolio|tax_query:20|taxonomy_count:10|taxonomy_include_ids:68&#8243; gutter_size=&#8221;2&#8243; portfolio_items=&#8221;text|full&#8221; screen_lg=&#8221;1000&#8243; screen_md=&#8221;600&#8243; screen_sm=&#8221;480&#8243; single_width=&#8221;6&#8243; single_shape=&#8221;round&#8221; single_overlay_opacity=&#8221;50&#8243; single_image_anim=&#8221;no&#8221; single_padding=&#8221;0&#8243; single_shadow=&#8221;yes&#8221; custom_order=&#8221;yes&#8221; el_class=&#8221;product-cards&#8221; order_ids=&#8221;68,341&#8243;][vc_column_text el_class=&#8221;cp-category-description&#8221; uncode_shortcode_id=&#8221;205672&#8243;]Jako uzupe\u0142nienie naszych produkt\u00f3w, dopasowanych do wszystkich potrzeb os\u00f3b z nietrzymaniem moczu, Lille Healthcare zaprojektowa\u0142o r\u00f3wnie\u017c r\u00f3\u017cne produkty wspomagaj\u0105ce.<\/p>\n<p>Podk\u0142ady Lille Classic skutecznie chroni\u0105 po\u015bciel, a chusteczki nawil\u017cane Lille pomagaj\u0105 w zachowaniu higieny na co dzie\u0144.[\/vc_column_text][\/vc_column][\/vc_row][vc_row row_height_percent=&#8221;0&#8243; override_padding=&#8221;yes&#8221; h_padding=&#8221;0&#8243; top_padding=&#8221;0&#8243; bottom_padding=&#8221;0&#8243; back_color=&#8221;color-white&#8221; overlay_alpha=&#8221;50&#8243; gutter_size=&#8221;3&#8243; column_width_percent=&#8221;100&#8243; shift_y=&#8221;0&#8243; z_index=&#8221;0&#8243;][vc_column width=&#8221;1\/1&#8243;][vc_raw_js]JTNDc2NyaXB0JTIwdHlwZSUzRCUyMnRleHQlMkZqYXZhc2NyaXB0JTIyJTNFJTIwJTBBaWYlMjhqUXVlcnklMjglMjcubWFpbi13cmFwcGVyJTI3JTI5LndpZHRoJTI4JTI5JTIwJTNDJTNEOTYwJTI5JTIwJTdCJTBBalF1ZXJ5JTI4JTI3Lmlzb3RvcGUtY29udGFpbmVyJTI3JTI5LmF0dHIlMjglMjdkYXRhLWxheW91dCUyNyUyQyUyMCUwQSUyN3ZlcnRpY2FsJTI3JTI5JTNCJTBBJTdEJTBBJTNDJTJGc2NyaXB0JTNF[\/vc_raw_js][\/vc_column][\/vc_row]<\/p>\n<\/div>","protected":false},"excerpt":{"rendered":"<p>[vc_row unlock_row_content=&#8221;yes&#8221; row_height_percent=&#8221;0&#8243; override_padding=&#8221;yes&#8221; h_padding=&#8221;0&#8243; top_padding=&#8221;0&#8243; bottom_padding=&#8221;0&#8243; overlay_alpha=&#8221;50&#8243; gutter_size=&#8221;3&#8243; column_width_percent=&#8221;100&#8243; shift_y=&#8221;0&#8243; z_index=&#8221;0&#8243; el_class=&#8221;hero-section draw-up&#8221; el_id=&#8221;products-hero&#8221;][vc_column column_width_percent=&#8221;100&#8243; gutter_size=&#8221;3&#8243; overlay_alpha=&#8221;50&#8243; shift_x=&#8221;0&#8243; shift_y=&#8221;0&#8243; [&hellip;]<\/p>\n","protected":false},"author":3,"featured_media":0,"parent":0,"menu_order":0,"comment_status":"closed","ping_status":"closed","template":"","meta":{"footnotes":""},"class_list":["post-2510","page","type-page","status-publish","hentry"],"yoast_head":"<!-- This site is optimized with the Yoast SEO Premium plugin v27.5 (Yoast SEO v27.5) - https:\/\/yoast.com\/product\/yoast-seo-premium-wordpress\/ -->\n<title>Produkty Lille Healthcare &#183; Lille Healthcare<\/title>\n<meta name=\"description\" content=\"Lille Healthcare oferuje szeroki wyb\u00f3r produkt\u00f3w ch\u0142onnych, aby zaspokoi\u0107 indywidualne potrzeby os\u00f3b z r\u00f3\u017cnymi rodzajami nietrzymania moczu.\" \/>\n<meta name=\"robots\" content=\"index, follow, max-snippet:-1, max-image-preview:large, max-video-preview:-1\" \/>\n<link rel=\"canonical\" href=\"https:\/\/lillehealthcare.com\/pl\/nasze-produkty\/\" \/>\n<meta property=\"og:locale\" content=\"pl_PL\" \/>\n<meta property=\"og:type\" content=\"article\" \/>\n<meta property=\"og:title\" content=\"Nasze produkty\" \/>\n<meta property=\"og:description\" content=\"Lille Healthcare oferuje szeroki wyb\u00f3r produkt\u00f3w ch\u0142onnych, aby zaspokoi\u0107 indywidualne potrzeby os\u00f3b z r\u00f3\u017cnymi rodzajami nietrzymania moczu.\" \/>\n<meta property=\"og:url\" content=\"https:\/\/lillehealthcare.com\/pl\/nasze-produkty\/\" \/>\n<meta property=\"og:site_name\" content=\"Lille Healthcare\" \/>\n<meta property=\"article:modified_time\" content=\"2021-11-15T11:09:18+00:00\" \/>\n<meta property=\"og:image\" content=\"https:\/\/lillehealthcare.com\/wp-content\/uploads\/2021\/05\/hero-couple.jpg\" \/>\n\t<meta property=\"og:image:width\" content=\"960\" \/>\n\t<meta property=\"og:image:height\" content=\"639\" \/>\n\t<meta property=\"og:image:type\" content=\"image\/jpeg\" \/>\n<meta name=\"twitter:card\" content=\"summary_large_image\" \/>\n<meta name=\"twitter:label1\" content=\"Szacowany czas czytania\" \/>\n\t<meta name=\"twitter:data1\" content=\"3 minuty\" \/>\n<script type=\"application\/ld+json\" class=\"yoast-schema-graph\">{\"@context\":\"https:\\\/\\\/schema.org\",\"@graph\":[{\"@type\":\"WebPage\",\"@id\":\"https:\\\/\\\/lillehealthcare.com\\\/pl\\\/nasze-produkty\\\/\",\"url\":\"https:\\\/\\\/lillehealthcare.com\\\/pl\\\/nasze-produkty\\\/\",\"name\":\"Produkty Lille Healthcare &#183; Lille Healthcare\",\"isPartOf\":{\"@id\":\"https:\\\/\\\/lillehealthcare.com\\\/pl\\\/#website\"},\"datePublished\":\"2021-09-30T12:38:34+00:00\",\"dateModified\":\"2021-11-15T11:09:18+00:00\",\"description\":\"Lille Healthcare oferuje szeroki wyb\u00f3r produkt\u00f3w ch\u0142onnych, aby zaspokoi\u0107 indywidualne potrzeby os\u00f3b z r\u00f3\u017cnymi rodzajami nietrzymania moczu.\",\"breadcrumb\":{\"@id\":\"https:\\\/\\\/lillehealthcare.com\\\/pl\\\/nasze-produkty\\\/#breadcrumb\"},\"inLanguage\":\"pl-PL\",\"potentialAction\":[{\"@type\":\"ReadAction\",\"target\":[\"https:\\\/\\\/lillehealthcare.com\\\/pl\\\/nasze-produkty\\\/\"]}]},{\"@type\":\"BreadcrumbList\",\"@id\":\"https:\\\/\\\/lillehealthcare.com\\\/pl\\\/nasze-produkty\\\/#breadcrumb\",\"itemListElement\":[{\"@type\":\"ListItem\",\"position\":1,\"name\":\"Home\",\"item\":\"https:\\\/\\\/lillehealthcare.com\\\/pl\\\/\"},{\"@type\":\"ListItem\",\"position\":2,\"name\":\"Nasze produkty\"}]},{\"@type\":\"WebSite\",\"@id\":\"https:\\\/\\\/lillehealthcare.com\\\/pl\\\/#website\",\"url\":\"https:\\\/\\\/lillehealthcare.com\\\/pl\\\/\",\"name\":\"Lille Healthcare\",\"description\":\"Incontinence products suitable for everyone\u2019s needs\",\"publisher\":{\"@id\":\"https:\\\/\\\/lillehealthcare.com\\\/pl\\\/#organization\"},\"potentialAction\":[{\"@type\":\"SearchAction\",\"target\":{\"@type\":\"EntryPoint\",\"urlTemplate\":\"https:\\\/\\\/lillehealthcare.com\\\/pl\\\/?s={search_term_string}\"},\"query-input\":{\"@type\":\"PropertyValueSpecification\",\"valueRequired\":true,\"valueName\":\"search_term_string\"}}],\"inLanguage\":\"pl-PL\"},{\"@type\":\"Organization\",\"@id\":\"https:\\\/\\\/lillehealthcare.com\\\/pl\\\/#organization\",\"name\":\"Lille Healthcare\",\"url\":\"https:\\\/\\\/lillehealthcare.com\\\/pl\\\/\",\"logo\":{\"@type\":\"ImageObject\",\"inLanguage\":\"pl-PL\",\"@id\":\"https:\\\/\\\/lillehealthcare.com\\\/pl\\\/#\\\/schema\\\/logo\\\/image\\\/\",\"url\":\"https:\\\/\\\/lillehealthcare.com\\\/wp-content\\\/uploads\\\/2021\\\/05\\\/logoLilleHealthCareCMJN.svg\",\"contentUrl\":\"https:\\\/\\\/lillehealthcare.com\\\/wp-content\\\/uploads\\\/2021\\\/05\\\/logoLilleHealthCareCMJN.svg\",\"width\":100,\"height\":100,\"caption\":\"Lille Healthcare\"},\"image\":{\"@id\":\"https:\\\/\\\/lillehealthcare.com\\\/pl\\\/#\\\/schema\\\/logo\\\/image\\\/\"}}]}<\/script>\n<!-- \/ Yoast SEO Premium plugin. -->","yoast_head_json":{"title":"Produkty Lille Healthcare &#183; Lille Healthcare","description":"Lille Healthcare oferuje szeroki wyb\u00f3r produkt\u00f3w ch\u0142onnych, aby zaspokoi\u0107 indywidualne potrzeby os\u00f3b z r\u00f3\u017cnymi rodzajami nietrzymania moczu.","robots":{"index":"index","follow":"follow","max-snippet":"max-snippet:-1","max-image-preview":"max-image-preview:large","max-video-preview":"max-video-preview:-1"},"canonical":"https:\/\/lillehealthcare.com\/pl\/nasze-produkty\/","og_locale":"pl_PL","og_type":"article","og_title":"Nasze produkty","og_description":"Lille Healthcare oferuje szeroki wyb\u00f3r produkt\u00f3w ch\u0142onnych, aby zaspokoi\u0107 indywidualne potrzeby os\u00f3b z r\u00f3\u017cnymi rodzajami nietrzymania moczu.","og_url":"https:\/\/lillehealthcare.com\/pl\/nasze-produkty\/","og_site_name":"Lille Healthcare","article_modified_time":"2021-11-15T11:09:18+00:00","og_image":[{"width":960,"height":639,"url":"https:\/\/lillehealthcare.com\/wp-content\/uploads\/2021\/05\/hero-couple.jpg","type":"image\/jpeg"}],"twitter_card":"summary_large_image","twitter_misc":{"Szacowany czas czytania":"3 minuty"},"schema":{"@context":"https:\/\/schema.org","@graph":[{"@type":"WebPage","@id":"https:\/\/lillehealthcare.com\/pl\/nasze-produkty\/","url":"https:\/\/lillehealthcare.com\/pl\/nasze-produkty\/","name":"Produkty Lille Healthcare &#183; Lille Healthcare","isPartOf":{"@id":"https:\/\/lillehealthcare.com\/pl\/#website"},"datePublished":"2021-09-30T12:38:34+00:00","dateModified":"2021-11-15T11:09:18+00:00","description":"Lille Healthcare oferuje szeroki wyb\u00f3r produkt\u00f3w ch\u0142onnych, aby zaspokoi\u0107 indywidualne potrzeby os\u00f3b z r\u00f3\u017cnymi rodzajami nietrzymania moczu.","breadcrumb":{"@id":"https:\/\/lillehealthcare.com\/pl\/nasze-produkty\/#breadcrumb"},"inLanguage":"pl-PL","potentialAction":[{"@type":"ReadAction","target":["https:\/\/lillehealthcare.com\/pl\/nasze-produkty\/"]}]},{"@type":"BreadcrumbList","@id":"https:\/\/lillehealthcare.com\/pl\/nasze-produkty\/#breadcrumb","itemListElement":[{"@type":"ListItem","position":1,"name":"Home","item":"https:\/\/lillehealthcare.com\/pl\/"},{"@type":"ListItem","position":2,"name":"Nasze produkty"}]},{"@type":"WebSite","@id":"https:\/\/lillehealthcare.com\/pl\/#website","url":"https:\/\/lillehealthcare.com\/pl\/","name":"Lille Healthcare","description":"Incontinence products suitable for everyone\u2019s needs","publisher":{"@id":"https:\/\/lillehealthcare.com\/pl\/#organization"},"potentialAction":[{"@type":"SearchAction","target":{"@type":"EntryPoint","urlTemplate":"https:\/\/lillehealthcare.com\/pl\/?s={search_term_string}"},"query-input":{"@type":"PropertyValueSpecification","valueRequired":true,"valueName":"search_term_string"}}],"inLanguage":"pl-PL"},{"@type":"Organization","@id":"https:\/\/lillehealthcare.com\/pl\/#organization","name":"Lille Healthcare","url":"https:\/\/lillehealthcare.com\/pl\/","logo":{"@type":"ImageObject","inLanguage":"pl-PL","@id":"https:\/\/lillehealthcare.com\/pl\/#\/schema\/logo\/image\/","url":"https:\/\/lillehealthcare.com\/wp-content\/uploads\/2021\/05\/logoLilleHealthCareCMJN.svg","contentUrl":"https:\/\/lillehealthcare.com\/wp-content\/uploads\/2021\/05\/logoLilleHealthCareCMJN.svg","width":100,"height":100,"caption":"Lille Healthcare"},"image":{"@id":"https:\/\/lillehealthcare.com\/pl\/#\/schema\/logo\/image\/"}}]}},"_links":{"self":[{"href":"https:\/\/lillehealthcare.com\/pl\/wp-json\/wp\/v2\/pages\/2510","targetHints":{"allow":["GET"]}}],"collection":[{"href":"https:\/\/lillehealthcare.com\/pl\/wp-json\/wp\/v2\/pages"}],"about":[{"href":"https:\/\/lillehealthcare.com\/pl\/wp-json\/wp\/v2\/types\/page"}],"author":[{"embeddable":true,"href":"https:\/\/lillehealthcare.com\/pl\/wp-json\/wp\/v2\/users\/3"}],"replies":[{"embeddable":true,"href":"https:\/\/lillehealthcare.com\/pl\/wp-json\/wp\/v2\/comments?post=2510"}],"version-history":[{"count":0,"href":"https:\/\/lillehealthcare.com\/pl\/wp-json\/wp\/v2\/pages\/2510\/revisions"}],"wp:attachment":[{"href":"https:\/\/lillehealthcare.com\/pl\/wp-json\/wp\/v2\/media?parent=2510"}],"curies":[{"name":"wp","href":"https:\/\/api.w.org\/{rel}","templated":true}]}}