{"id":2506,"date":"2021-09-30T14:53:00","date_gmt":"2021-09-30T12:53:00","guid":{"rendered":"https:\/\/lillehealthcare.com\/?page_id=2506"},"modified":"2021-11-15T12:02:54","modified_gmt":"2021-11-15T11:02:54","slug":"dlaczego-lille","status":"publish","type":"page","link":"https:\/\/lillehealthcare.com\/pl\/dlaczego-lille\/","title":{"rendered":"Dlaczego Lille?"},"content":{"rendered":"<div class=\"wpb-content-wrapper\"><p>[vc_row unlock_row_content=&#8221;yes&#8221; row_height_percent=&#8221;0&#8243; override_padding=&#8221;yes&#8221; h_padding=&#8221;0&#8243; top_padding=&#8221;0&#8243; bottom_padding=&#8221;0&#8243; overlay_alpha=&#8221;50&#8243; gutter_size=&#8221;3&#8243; column_width_percent=&#8221;100&#8243; shift_y=&#8221;0&#8243; z_index=&#8221;0&#8243; el_class=&#8221;hero-section&#8221; el_id=&#8221;about-hero&#8221;][vc_column column_width_percent=&#8221;100&#8243; position_vertical=&#8221;middle&#8221; gutter_size=&#8221;3&#8243; overlay_alpha=&#8221;50&#8243; shift_x=&#8221;0&#8243; shift_y=&#8221;0&#8243; shift_y_down=&#8221;0&#8243; z_index=&#8221;0&#8243; medium_width=&#8221;0&#8243; mobile_width=&#8221;0&#8243; width=&#8221;1\/3&#8243; el_class=&#8221;image-column&#8221;][vc_single_image media=&#8221;105&#8243; media_width_percent=&#8221;100&#8243; el_class=&#8221;rounded-img&#8221;][\/vc_column][vc_column column_width_percent=&#8221;100&#8243; gutter_size=&#8221;3&#8243; overlay_alpha=&#8221;50&#8243; shift_x=&#8221;0&#8243; shift_y=&#8221;0&#8243; shift_y_down=&#8221;0&#8243; z_index=&#8221;0&#8243; medium_width=&#8221;0&#8243; mobile_width=&#8221;0&#8243; width=&#8221;2\/3&#8243; el_class=&#8221;hero-text&#8221; css=&#8221;.vc_custom_1621417390566{padding-bottom: 47px !important;}&#8221;][uncode_block id=&#8221;2375&#8243; inside_column=&#8221;yes&#8221;][vc_custom_heading heading_semantic=&#8221;h1&#8243; text_size=&#8221;h1&#8243; text_height=&#8221;fontheight-57&#8243; sub_lead=&#8221;yes&#8221; el_class=&#8221;subheader&#8221; uncode_shortcode_id=&#8221;210946&#8243;]Dlaczego Lille?[\/vc_custom_heading][vc_column_text text_lead=&#8221;yes&#8221; el_class=&#8221;reg-text leader-text&#8221; uncode_shortcode_id=&#8221;417217&#8243;]Obecnie oko\u0142o 5-10% populacji do\u015bwiadcza nietrzymania moczu. Niezale\u017cnie od tego, czy sp\u0119dzasz czas aktywnie, czy raczej w domu, wa\u017cne aby dzi\u0119ki skutecznym i bezpiecznym rozwi\u0105zaniom m\u00f3c czerpa\u0107 rado\u015b\u0107 z codziennego \u017cycia bez martwienia si\u0119 o niedogodno\u015bci zwi\u0105zane ze zdrowiem.[\/vc_column_text][\/vc_column][\/vc_row][vc_row row_height_percent=&#8221;0&#8243; override_padding=&#8221;yes&#8221; h_padding=&#8221;2&#8243; top_padding=&#8221;4&#8243; bottom_padding=&#8221;3&#8243; back_color=&#8221;color-white&#8221; overlay_alpha=&#8221;50&#8243; gutter_size=&#8221;3&#8243; column_width_percent=&#8221;100&#8243; shift_y=&#8221;0&#8243; z_index=&#8221;0&#8243;][vc_column width=&#8221;1\/6&#8243;][\/vc_column][vc_column width=&#8221;2\/3&#8243;][vc_column_text text_lead=&#8221;yes&#8221; el_class=&#8221;reg-text link-text&#8221; uncode_shortcode_id=&#8221;134248&#8243;]Lille Healthcare oferuje pe\u0142n\u0105 gam\u0119 jednorazowych produkt\u00f3w ch\u0142onnych pozwalaj\u0105cych korzysta\u0107 z \u017cycia w pe\u0142ni. Lille Healthcare jest mark\u0105 z <a href=\"https:\/\/ontex.com\/\" target=\"_blank\" rel=\"noopener\">Ontex<\/a> grupy, mi\u0119dzynarodowego producenta jednorazowych produkt\u00f3w higienicznych dla os\u00f3b w ka\u017cdym wieku.[\/vc_column_text][\/vc_column][vc_column width=&#8221;1\/6&#8243;][\/vc_column][\/vc_row][vc_row row_height_percent=&#8221;0&#8243; override_padding=&#8221;yes&#8221; h_padding=&#8221;2&#8243; top_padding=&#8221;0&#8243; bottom_padding=&#8221;3&#8243; back_color=&#8221;color-white&#8221; overlay_alpha=&#8221;50&#8243; gutter_size=&#8221;3&#8243; column_width_percent=&#8221;100&#8243; shift_y=&#8221;0&#8243; z_index=&#8221;0&#8243; el_id=&#8221;about-commitments&#8221;][vc_column column_width_percent=&#8221;100&#8243; align_horizontal=&#8221;align_center&#8221; gutter_size=&#8221;3&#8243; overlay_alpha=&#8221;50&#8243; shift_x=&#8221;0&#8243; shift_y=&#8221;0&#8243; shift_y_down=&#8221;0&#8243; z_index=&#8221;0&#8243; medium_width=&#8221;0&#8243; mobile_width=&#8221;0&#8243; width=&#8221;1\/1&#8243;][vc_custom_heading el_class=&#8221;mobile-left&#8221; uncode_shortcode_id=&#8221;482938&#8243;]Charakteryzuj\u0105 nas nast\u0119puj\u0105ce warto\u015bci:[\/vc_custom_heading][vc_row_inner row_inner_height_percent=&#8221;0&#8243; overlay_alpha=&#8221;50&#8243; equal_height=&#8221;yes&#8221; gutter_size=&#8221;3&#8243; shift_y=&#8221;0&#8243; z_index=&#8221;0&#8243; el_class=&#8221;commitments-row&#8221;][vc_column_inner column_width_percent=&#8221;100&#8243; align_horizontal=&#8221;align_center&#8221; gutter_size=&#8221;3&#8243; override_padding=&#8221;yes&#8221; column_padding=&#8221;0&#8243; overlay_alpha=&#8221;50&#8243; shift_x=&#8221;0&#8243; shift_y=&#8221;0&#8243; shift_y_down=&#8221;0&#8243; z_index=&#8221;0&#8243; medium_width=&#8221;0&#8243; mobile_width=&#8221;0&#8243; width=&#8221;1\/3&#8243;][vc_single_image media=&#8221;94&#8243; media_width_percent=&#8221;100&#8243; el_class=&#8221;lille-image&#8221;][vc_custom_heading heading_semantic=&#8221;h4&#8243; text_size=&#8221;h4&#8243; subheading=&#8221;Dzi\u0119ki fachowej wiedzy z zakresu zdrowia oraz ponad 40-letniemu do\u015bwiadczeniu Lille Healthcare oferuje profesjonalne rozwi\u0105zania w postaci ca\u0142ej gamy innowacyjnych produkt\u00f3w dostosowanych do r\u00f3\u017cnorodnych potrzeb.&#8221; el_class=&#8221;reg-subheader&#8221; uncode_shortcode_id=&#8221;119388&#8243;]Profesjonalna ochrona[\/vc_custom_heading][\/vc_column_inner][vc_column_inner column_width_percent=&#8221;100&#8243; align_horizontal=&#8221;align_center&#8221; gutter_size=&#8221;3&#8243; override_padding=&#8221;yes&#8221; column_padding=&#8221;0&#8243; overlay_alpha=&#8221;50&#8243; shift_x=&#8221;0&#8243; shift_y=&#8221;0&#8243; shift_y_down=&#8221;0&#8243; z_index=&#8221;0&#8243; medium_width=&#8221;0&#8243; mobile_width=&#8221;0&#8243; width=&#8221;1\/3&#8243;][vc_single_image media=&#8221;92&#8243; media_width_percent=&#8221;100&#8243; el_class=&#8221;lille-image&#8221;][vc_custom_heading heading_semantic=&#8221;h4&#8243; text_size=&#8221;h4&#8243; subheading=&#8221;\u015arodki kontroli jako\u015bci i bezpiecze\u0144stwa wdro\u017cone od etapu projektowania po produkcj\u0119 naszych wyrob\u00f3w gwarantuj\u0105 optymalny poziom bezpiecze\u0144stwa, ze szczeg\u00f3lnym naciskiem na zdrowie sk\u00f3ry.\u200b&#8221; el_class=&#8221;reg-subheader&#8221; uncode_shortcode_id=&#8221;206629&#8243;]Bezpiecze\u0144stwo i szacunek dla sk\u00f3ry[\/vc_custom_heading][\/vc_column_inner][vc_column_inner column_width_percent=&#8221;100&#8243; align_horizontal=&#8221;align_center&#8221; gutter_size=&#8221;3&#8243; override_padding=&#8221;yes&#8221; column_padding=&#8221;0&#8243; overlay_alpha=&#8221;50&#8243; shift_x=&#8221;0&#8243; shift_y=&#8221;0&#8243; shift_y_down=&#8221;0&#8243; z_index=&#8221;0&#8243; medium_width=&#8221;0&#8243; mobile_width=&#8221;0&#8243; width=&#8221;1\/3&#8243;][vc_single_image media=&#8221;53&#8243; media_width_percent=&#8221;100&#8243; el_class=&#8221;lille-image&#8221;][vc_custom_heading heading_semantic=&#8221;h4&#8243; text_size=&#8221;h4&#8243; subheading=&#8221;Lille Healthcare my\u015bli r\u00f3wnie\u017c o naszej planecie i dlatego wdro\u017cyli\u015bmy konkretne dzia\u0142ania s\u0142u\u017c\u0105ce ograniczeniu wp\u0142ywu na \u015brodowisko poprzez podej\u015bcie oparte na zr\u00f3wnowa\u017conym rozwoju.&#8221; el_class=&#8221;reg-subheader&#8221; uncode_shortcode_id=&#8221;213334&#8243;]Zobowi\u0105zania do zr\u00f3wnowa\u017conego rozwoju[\/vc_custom_heading][\/vc_column_inner][\/vc_row_inner][vc_button shadow=&#8221;yes&#8221; border_width=&#8221;0&#8243; css_animation=&#8221;bottom-t-top&#8221; link=&#8221;url:%2Fpl%2Fnasze-zobowiazania%2F|title:Nasze%20zobowiazania&#8221; el_class=&#8221;white-btn&#8221; uncode_shortcode_id=&#8221;129860&#8243;]Dowiedz si\u0119 wi\u0119cej o naszych zobowi\u0105zaniach[\/vc_button][vc_empty_space empty_h=&#8221;2&#8243; el_class=&#8221;mobile-element&#8221;][\/vc_column][\/vc_row]<\/p>\n<\/div>","protected":false},"excerpt":{"rendered":"<p>[vc_row unlock_row_content=&#8221;yes&#8221; row_height_percent=&#8221;0&#8243; override_padding=&#8221;yes&#8221; h_padding=&#8221;0&#8243; top_padding=&#8221;0&#8243; bottom_padding=&#8221;0&#8243; overlay_alpha=&#8221;50&#8243; gutter_size=&#8221;3&#8243; column_width_percent=&#8221;100&#8243; shift_y=&#8221;0&#8243; z_index=&#8221;0&#8243; el_class=&#8221;hero-section&#8221; el_id=&#8221;about-hero&#8221;][vc_column column_width_percent=&#8221;100&#8243; position_vertical=&#8221;middle&#8221; gutter_size=&#8221;3&#8243; overlay_alpha=&#8221;50&#8243; shift_x=&#8221;0&#8243; shift_y=&#8221;0&#8243; [&hellip;]<\/p>\n","protected":false},"author":3,"featured_media":0,"parent":0,"menu_order":0,"comment_status":"closed","ping_status":"closed","template":"","meta":{"footnotes":""},"class_list":["post-2506","page","type-page","status-publish","hentry"],"yoast_head":"<!-- This site is optimized with the Yoast SEO Premium plugin v27.4 (Yoast SEO v27.4) - https:\/\/yoast.com\/product\/yoast-seo-premium-wordpress\/ -->\n<title>Dlaczego warto wybra\u0107 Lille Healthcare? &#183; Lille Healthcare<\/title>\n<meta name=\"description\" content=\"Szukasz profesjonalnych rozwi\u0105za\u0144 na nietrzymanie moczu? Wszystkie nasze produkty zapewniaj\u0105 optymalne bezpiecze\u0144stwo i komfort.\" \/>\n<meta name=\"robots\" content=\"index, follow, max-snippet:-1, max-image-preview:large, max-video-preview:-1\" \/>\n<link rel=\"canonical\" href=\"https:\/\/lillehealthcare.com\/pl\/dlaczego-lille\/\" \/>\n<meta property=\"og:locale\" content=\"pl_PL\" \/>\n<meta property=\"og:type\" content=\"article\" \/>\n<meta property=\"og:title\" content=\"Dlaczego Lille?\" \/>\n<meta property=\"og:description\" content=\"Szukasz profesjonalnych rozwi\u0105za\u0144 na nietrzymanie moczu? Wszystkie nasze produkty zapewniaj\u0105 optymalne bezpiecze\u0144stwo i komfort.\" \/>\n<meta property=\"og:url\" content=\"https:\/\/lillehealthcare.com\/pl\/dlaczego-lille\/\" \/>\n<meta property=\"og:site_name\" content=\"Lille Healthcare\" \/>\n<meta property=\"article:modified_time\" content=\"2021-11-15T11:02:54+00:00\" \/>\n<meta property=\"og:image\" content=\"https:\/\/lillehealthcare.com\/wp-content\/uploads\/2021\/05\/hero-couple.jpg\" \/>\n\t<meta property=\"og:image:width\" content=\"960\" \/>\n\t<meta property=\"og:image:height\" content=\"639\" \/>\n\t<meta property=\"og:image:type\" content=\"image\/jpeg\" \/>\n<meta name=\"twitter:card\" content=\"summary_large_image\" \/>\n<meta name=\"twitter:label1\" content=\"Szacowany czas czytania\" \/>\n\t<meta name=\"twitter:data1\" content=\"2 minuty\" \/>\n<script type=\"application\/ld+json\" class=\"yoast-schema-graph\">{\"@context\":\"https:\\\/\\\/schema.org\",\"@graph\":[{\"@type\":\"WebPage\",\"@id\":\"https:\\\/\\\/lillehealthcare.com\\\/pl\\\/dlaczego-lille\\\/\",\"url\":\"https:\\\/\\\/lillehealthcare.com\\\/pl\\\/dlaczego-lille\\\/\",\"name\":\"Dlaczego warto wybra\u0107 Lille Healthcare? &#183; Lille Healthcare\",\"isPartOf\":{\"@id\":\"https:\\\/\\\/lillehealthcare.com\\\/pl\\\/#website\"},\"datePublished\":\"2021-09-30T12:53:00+00:00\",\"dateModified\":\"2021-11-15T11:02:54+00:00\",\"description\":\"Szukasz profesjonalnych rozwi\u0105za\u0144 na nietrzymanie moczu? Wszystkie nasze produkty zapewniaj\u0105 optymalne bezpiecze\u0144stwo i komfort.\",\"breadcrumb\":{\"@id\":\"https:\\\/\\\/lillehealthcare.com\\\/pl\\\/dlaczego-lille\\\/#breadcrumb\"},\"inLanguage\":\"pl-PL\",\"potentialAction\":[{\"@type\":\"ReadAction\",\"target\":[\"https:\\\/\\\/lillehealthcare.com\\\/pl\\\/dlaczego-lille\\\/\"]}]},{\"@type\":\"BreadcrumbList\",\"@id\":\"https:\\\/\\\/lillehealthcare.com\\\/pl\\\/dlaczego-lille\\\/#breadcrumb\",\"itemListElement\":[{\"@type\":\"ListItem\",\"position\":1,\"name\":\"Home\",\"item\":\"https:\\\/\\\/lillehealthcare.com\\\/pl\\\/\"},{\"@type\":\"ListItem\",\"position\":2,\"name\":\"Dlaczego Lille?\"}]},{\"@type\":\"WebSite\",\"@id\":\"https:\\\/\\\/lillehealthcare.com\\\/pl\\\/#website\",\"url\":\"https:\\\/\\\/lillehealthcare.com\\\/pl\\\/\",\"name\":\"Lille Healthcare\",\"description\":\"Incontinence products suitable for everyone\u2019s needs\",\"publisher\":{\"@id\":\"https:\\\/\\\/lillehealthcare.com\\\/pl\\\/#organization\"},\"potentialAction\":[{\"@type\":\"SearchAction\",\"target\":{\"@type\":\"EntryPoint\",\"urlTemplate\":\"https:\\\/\\\/lillehealthcare.com\\\/pl\\\/?s={search_term_string}\"},\"query-input\":{\"@type\":\"PropertyValueSpecification\",\"valueRequired\":true,\"valueName\":\"search_term_string\"}}],\"inLanguage\":\"pl-PL\"},{\"@type\":\"Organization\",\"@id\":\"https:\\\/\\\/lillehealthcare.com\\\/pl\\\/#organization\",\"name\":\"Lille Healthcare\",\"url\":\"https:\\\/\\\/lillehealthcare.com\\\/pl\\\/\",\"logo\":{\"@type\":\"ImageObject\",\"inLanguage\":\"pl-PL\",\"@id\":\"https:\\\/\\\/lillehealthcare.com\\\/pl\\\/#\\\/schema\\\/logo\\\/image\\\/\",\"url\":\"https:\\\/\\\/lillehealthcare.com\\\/wp-content\\\/uploads\\\/2021\\\/05\\\/logoLilleHealthCareCMJN.svg\",\"contentUrl\":\"https:\\\/\\\/lillehealthcare.com\\\/wp-content\\\/uploads\\\/2021\\\/05\\\/logoLilleHealthCareCMJN.svg\",\"width\":100,\"height\":100,\"caption\":\"Lille Healthcare\"},\"image\":{\"@id\":\"https:\\\/\\\/lillehealthcare.com\\\/pl\\\/#\\\/schema\\\/logo\\\/image\\\/\"}}]}<\/script>\n<!-- \/ Yoast SEO Premium plugin. -->","yoast_head_json":{"title":"Dlaczego warto wybra\u0107 Lille Healthcare? &#183; Lille Healthcare","description":"Szukasz profesjonalnych rozwi\u0105za\u0144 na nietrzymanie moczu? Wszystkie nasze produkty zapewniaj\u0105 optymalne bezpiecze\u0144stwo i komfort.","robots":{"index":"index","follow":"follow","max-snippet":"max-snippet:-1","max-image-preview":"max-image-preview:large","max-video-preview":"max-video-preview:-1"},"canonical":"https:\/\/lillehealthcare.com\/pl\/dlaczego-lille\/","og_locale":"pl_PL","og_type":"article","og_title":"Dlaczego Lille?","og_description":"Szukasz profesjonalnych rozwi\u0105za\u0144 na nietrzymanie moczu? Wszystkie nasze produkty zapewniaj\u0105 optymalne bezpiecze\u0144stwo i komfort.","og_url":"https:\/\/lillehealthcare.com\/pl\/dlaczego-lille\/","og_site_name":"Lille Healthcare","article_modified_time":"2021-11-15T11:02:54+00:00","og_image":[{"width":960,"height":639,"url":"https:\/\/lillehealthcare.com\/wp-content\/uploads\/2021\/05\/hero-couple.jpg","type":"image\/jpeg"}],"twitter_card":"summary_large_image","twitter_misc":{"Szacowany czas czytania":"2 minuty"},"schema":{"@context":"https:\/\/schema.org","@graph":[{"@type":"WebPage","@id":"https:\/\/lillehealthcare.com\/pl\/dlaczego-lille\/","url":"https:\/\/lillehealthcare.com\/pl\/dlaczego-lille\/","name":"Dlaczego warto wybra\u0107 Lille Healthcare? &#183; Lille Healthcare","isPartOf":{"@id":"https:\/\/lillehealthcare.com\/pl\/#website"},"datePublished":"2021-09-30T12:53:00+00:00","dateModified":"2021-11-15T11:02:54+00:00","description":"Szukasz profesjonalnych rozwi\u0105za\u0144 na nietrzymanie moczu? Wszystkie nasze produkty zapewniaj\u0105 optymalne bezpiecze\u0144stwo i komfort.","breadcrumb":{"@id":"https:\/\/lillehealthcare.com\/pl\/dlaczego-lille\/#breadcrumb"},"inLanguage":"pl-PL","potentialAction":[{"@type":"ReadAction","target":["https:\/\/lillehealthcare.com\/pl\/dlaczego-lille\/"]}]},{"@type":"BreadcrumbList","@id":"https:\/\/lillehealthcare.com\/pl\/dlaczego-lille\/#breadcrumb","itemListElement":[{"@type":"ListItem","position":1,"name":"Home","item":"https:\/\/lillehealthcare.com\/pl\/"},{"@type":"ListItem","position":2,"name":"Dlaczego Lille?"}]},{"@type":"WebSite","@id":"https:\/\/lillehealthcare.com\/pl\/#website","url":"https:\/\/lillehealthcare.com\/pl\/","name":"Lille Healthcare","description":"Incontinence products suitable for everyone\u2019s needs","publisher":{"@id":"https:\/\/lillehealthcare.com\/pl\/#organization"},"potentialAction":[{"@type":"SearchAction","target":{"@type":"EntryPoint","urlTemplate":"https:\/\/lillehealthcare.com\/pl\/?s={search_term_string}"},"query-input":{"@type":"PropertyValueSpecification","valueRequired":true,"valueName":"search_term_string"}}],"inLanguage":"pl-PL"},{"@type":"Organization","@id":"https:\/\/lillehealthcare.com\/pl\/#organization","name":"Lille Healthcare","url":"https:\/\/lillehealthcare.com\/pl\/","logo":{"@type":"ImageObject","inLanguage":"pl-PL","@id":"https:\/\/lillehealthcare.com\/pl\/#\/schema\/logo\/image\/","url":"https:\/\/lillehealthcare.com\/wp-content\/uploads\/2021\/05\/logoLilleHealthCareCMJN.svg","contentUrl":"https:\/\/lillehealthcare.com\/wp-content\/uploads\/2021\/05\/logoLilleHealthCareCMJN.svg","width":100,"height":100,"caption":"Lille Healthcare"},"image":{"@id":"https:\/\/lillehealthcare.com\/pl\/#\/schema\/logo\/image\/"}}]}},"_links":{"self":[{"href":"https:\/\/lillehealthcare.com\/pl\/wp-json\/wp\/v2\/pages\/2506","targetHints":{"allow":["GET"]}}],"collection":[{"href":"https:\/\/lillehealthcare.com\/pl\/wp-json\/wp\/v2\/pages"}],"about":[{"href":"https:\/\/lillehealthcare.com\/pl\/wp-json\/wp\/v2\/types\/page"}],"author":[{"embeddable":true,"href":"https:\/\/lillehealthcare.com\/pl\/wp-json\/wp\/v2\/users\/3"}],"replies":[{"embeddable":true,"href":"https:\/\/lillehealthcare.com\/pl\/wp-json\/wp\/v2\/comments?post=2506"}],"version-history":[{"count":0,"href":"https:\/\/lillehealthcare.com\/pl\/wp-json\/wp\/v2\/pages\/2506\/revisions"}],"wp:attachment":[{"href":"https:\/\/lillehealthcare.com\/pl\/wp-json\/wp\/v2\/media?parent=2506"}],"curies":[{"name":"wp","href":"https:\/\/api.w.org\/{rel}","templated":true}]}}