{"id":960,"date":"2021-06-17T15:49:21","date_gmt":"2021-06-17T13:49:21","guid":{"rendered":"https:\/\/lille.wpengine.com\/our-products\/lille-suprem-form\/"},"modified":"2026-02-10T17:51:51","modified_gmt":"2026-02-10T16:51:51","slug":"lille-suprem-form","status":"publish","type":"page","link":"https:\/\/lillehealthcare.com\/fr\/nos-protections\/lille-suprem-form\/","title":{"rendered":"Lille SUPREM form"},"content":{"rendered":"<div class=\"wpb-content-wrapper\"><p>[vc_row row_height_percent=\u00a0\u00bb0&Prime; override_padding=\u00a0\u00bbyes\u00a0\u00bb h_padding=\u00a0\u00bb2&Prime; top_padding=\u00a0\u00bb0&Prime; bottom_padding=\u00a0\u00bb3&Prime; overlay_alpha=\u00a0\u00bb50&Prime; gutter_size=\u00a0\u00bb3&Prime; column_width_percent=\u00a0\u00bb100&Prime; shift_y=\u00a0\u00bb0&Prime; z_index=\u00a0\u00bb0&Prime; el_class=\u00a0\u00bbhero-section suprem-form\u00a0\u00bb el_id=\u00a0\u00bbproduct-hero\u00a0\u00bb][vc_column column_width_percent=\u00a0\u00bb100&Prime; gutter_size=\u00a0\u00bb3&Prime; overlay_alpha=\u00a0\u00bb50&Prime; shift_x=\u00a0\u00bb0&Prime; shift_y=\u00a0\u00bb0&Prime; shift_y_down=\u00a0\u00bb0&Prime; z_index=\u00a0\u00bb0&Prime; medium_width=\u00a0\u00bb0&Prime; mobile_width=\u00a0\u00bb0&Prime; width=\u00a0\u00bb1\/2&Prime; el_class=\u00a0\u00bbimage-column\u00a0\u00bb][vc_single_image media=\u00a0\u00bb2203&Prime; media_width_percent=\u00a0\u00bb100&Prime; alignment=\u00a0\u00bbcenter\u00a0\u00bb el_class=\u00a0\u00bbsingle-prod-image\u00a0\u00bb][\/vc_column][vc_column column_width_percent=\u00a0\u00bb100&Prime; gutter_size=\u00a0\u00bb3&Prime; overlay_alpha=\u00a0\u00bb50&Prime; shift_x=\u00a0\u00bb0&Prime; shift_y=\u00a0\u00bb0&Prime; shift_y_down=\u00a0\u00bb0&Prime; z_index=\u00a0\u00bb0&Prime; medium_width=\u00a0\u00bb0&Prime; mobile_width=\u00a0\u00bb0&Prime; width=\u00a0\u00bb1\/2&Prime; el_class=\u00a0\u00bbhero-text\u00a0\u00bb css=\u00a0\u00bb.vc_custom_1623497675973{padding-bottom: 47px !important;}\u00a0\u00bb][uncode_block id=\u00a0\u00bb87&Prime; inside_column=\u00a0\u00bbyes\u00a0\u00bb][vc_custom_heading heading_semantic=\u00a0\u00bbh1&Prime; text_size=\u00a0\u00bbh1&Prime; text_weight=\u00a0\u00bb400&Prime; text_height=\u00a0\u00bbfontheight-57&Prime; sub_lead=\u00a0\u00bbyes\u00a0\u00bb el_class=\u00a0\u00bbsubheader\u00a0\u00bb]<strong>SUPREM<\/strong> form[\/vc_custom_heading][vc_raw_html el_class=\u00a0\u00bbsingle-product-tags\u00a0\u00bb]JTNDc3BhbiUyMGNsYXNzJTNEJTIycC10YWclMjB1bmlzZXglMjIlM0VVbmlzZXhlcyUzQyUyRnNwYW4lM0UlMEElM0NzcGFuJTIwY2xhc3MlM0QlMjJwLXRhZyUyMGRpc2FiaWxpdHklMjIlM0VQZXJzb25uZSUyMGFjdGl2ZSUyMGV0JTJGb3UlMjBzZW1pLWF1dG9ub21lJTNDJTJGc3BhbiUzRQ==[\/vc_raw_html][vc_column_text el_class=\u00a0\u00bbreg-text leader-text anchor-text\u00a0\u00bb]Protection anatomique adapt\u00e9e aux incontinences mod\u00e9r\u00e9es \u00e0 s\u00e9v\u00e8res.<br \/>\nElle convient \u00e0 la fois \u00e0 des personnes autonomes et actives mais \u00e9galement \u00e0 des personnes alit\u00e9es.<\/p>\n<p>La protection anatomique Lille SUPREM form peut \u00eatre port\u00e9e gr\u00e2ce \u00e0 un slip de maintien, et permet d\u2019aller aux toilettes de mani\u00e8re autonome. Les protections Lille Suprem Form assurent confort et s\u00e9curit\u00e9 gr\u00e2ce \u00e0 leurs barri\u00e8res anti-fuites. Un indicateur d\u2019humidit\u00e9 permet de se rendre compte du niveau de saturation de la protection et indique \u00e0 quel moment la changer.<\/p>\n<p>Ces protections sont 100% respirables et hypoallerg\u00e9niques pour un meilleur respect de la peau.[\/vc_column_text][\/vc_column][\/vc_row][vc_row][vc_column width=\u00a0\u00bb1\/1&Prime;][uncode_block id=\u00a0\u00bb426&Prime;][\/vc_column][\/vc_row][vc_row row_height_percent=\u00a0\u00bb0&Prime; override_padding=\u00a0\u00bbyes\u00a0\u00bb h_padding=\u00a0\u00bb2&Prime; top_padding=\u00a0\u00bb3&Prime; bottom_padding=\u00a0\u00bb2&Prime; back_color=\u00a0\u00bbcolor-white\u00a0\u00bb overlay_alpha=\u00a0\u00bb50&Prime; gutter_size=\u00a0\u00bb3&Prime; column_width_percent=\u00a0\u00bb100&Prime; shift_y=\u00a0\u00bb0&Prime; z_index=\u00a0\u00bb0&Prime; el_class=\u00a0\u00bbsingle-p\u00a0\u00bb][vc_column column_width_percent=\u00a0\u00bb100&Prime; gutter_size=\u00a0\u00bb0&Prime; override_padding=\u00a0\u00bbyes\u00a0\u00bb column_padding=\u00a0\u00bb0&Prime; overlay_alpha=\u00a0\u00bb50&Prime; shift_x=\u00a0\u00bb0&Prime; shift_y=\u00a0\u00bb0&Prime; shift_y_down=\u00a0\u00bb0&Prime; z_index=\u00a0\u00bb0&Prime; medium_width=\u00a0\u00bb0&Prime; mobile_width=\u00a0\u00bb0&Prime; width=\u00a0\u00bb1\/1&Prime;][vc_custom_heading text_font=\u00a0\u00bbfont-rubik\u00a0\u00bb text_size=\u00a0\u00bbh3&Prime; text_weight=\u00a0\u00bb500&Prime; text_height=\u00a0\u00bbfontheight-27&Prime; subheading=\u00a0\u00bbS\u00e9lectionnez le niveau d\u2019absorption souhait\u00e9 en faisant glisser le curseur\u00a0\u00bb el_class=\u00a0\u00bbsubheader-italic\u00a0\u00bb uncode_shortcode_id=\u00a0\u00bb154542&Prime;]Quel niveau d&rsquo;absorption choisir ?[\/vc_custom_heading][vc_empty_space empty_h=\u00a0\u00bb3&Prime; el_class=\u00a0\u00bbempty-mobile-single\u00a0\u00bb][vc_widget_sidebar sidebar_id=\u00a0\u00bbabs-meter-form\u00a0\u00bb][\/vc_column][\/vc_row][vc_row row_height_percent=\u00a0\u00bb0&Prime; override_padding=\u00a0\u00bbyes\u00a0\u00bb h_padding=\u00a0\u00bb2&Prime; top_padding=\u00a0\u00bb3&Prime; bottom_padding=\u00a0\u00bb3&Prime; back_color=\u00a0\u00bbcolor-white\u00a0\u00bb overlay_alpha=\u00a0\u00bb50&Prime; gutter_size=\u00a0\u00bb3&Prime; column_width_percent=\u00a0\u00bb100&Prime; shift_y=\u00a0\u00bb0&Prime; z_index=\u00a0\u00bb0&Prime; el_class=\u00a0\u00bbsingle-p\u00a0\u00bb][vc_column column_width_percent=\u00a0\u00bb100&Prime; position_vertical=\u00a0\u00bbmiddle\u00a0\u00bb gutter_size=\u00a0\u00bb3&Prime; overlay_alpha=\u00a0\u00bb50&Prime; shift_x=\u00a0\u00bb0&Prime; shift_y=\u00a0\u00bb0&Prime; shift_y_down=\u00a0\u00bb0&Prime; z_index=\u00a0\u00bb0&Prime; medium_width=\u00a0\u00bb0&Prime; mobile_width=\u00a0\u00bb0&Prime; width=\u00a0\u00bb2\/3&Prime;][vc_custom_heading text_font=\u00a0\u00bbfont-rubik\u00a0\u00bb text_size=\u00a0\u00bbh3&Prime; text_weight=\u00a0\u00bb500&Prime; text_height=\u00a0\u00bbfontheight-27&Prime;]L\u2019indicateur d\u2019humidit\u00e9\u200b[\/vc_custom_heading][vc_column_text]Il n\u2019est pas utile d\u2019ouvrir la protection pour contr\u00f4ler la saturation du produit. En effet, les protections Lille SUPREM sont dot\u00e9es d\u2019un indicateur d\u2019humidit\u00e9. Celui ci vous permet, de l\u2019ext\u00e9rieur, de contr\u00f4ler si la protection doit \u00eatre chang\u00e9e. La ligne jaune se colore en bleu au fur et \u00e0 mesure de la saturation du produit alors que la ligne bleue dispara\u00eet.[\/vc_column_text][\/vc_column][vc_column column_width_percent=\u00a0\u00bb100&Prime; position_vertical=\u00a0\u00bbmiddle\u00a0\u00bb gutter_size=\u00a0\u00bb3&Prime; overlay_alpha=\u00a0\u00bb50&Prime; shift_x=\u00a0\u00bb0&Prime; shift_y=\u00a0\u00bb0&Prime; shift_y_down=\u00a0\u00bb0&Prime; z_index=\u00a0\u00bb0&Prime; medium_width=\u00a0\u00bb0&Prime; mobile_width=\u00a0\u00bb0&Prime; width=\u00a0\u00bb1\/3&Prime;][vc_single_image media=\u00a0\u00bb2865&Prime; media_width_percent=\u00a0\u00bb60&Prime; el_class=\u00a0\u00bblille-image\u00a0\u00bb uncode_shortcode_id=\u00a0\u00bb194179&Prime;][\/vc_column][\/vc_row][vc_row row_height_percent=\u00a0\u00bb0&Prime; override_padding=\u00a0\u00bbyes\u00a0\u00bb h_padding=\u00a0\u00bb0&Prime; top_padding=\u00a0\u00bb0&Prime; bottom_padding=\u00a0\u00bb0&Prime; back_color=\u00a0\u00bbcolor-lgreen\u00a0\u00bb overlay_alpha=\u00a0\u00bb50&Prime; gutter_size=\u00a0\u00bb0&Prime; column_width_percent=\u00a0\u00bb100&Prime; shift_y=\u00a0\u00bb0&Prime; z_index=\u00a0\u00bb0&Prime; inverted_device_order=\u00a0\u00bbyes\u00a0\u00bb el_id=\u00a0\u00bbsingle-howto\u00a0\u00bb el_class=\u00a0\u00bbproduct-how-to single-p suprem-form\u00a0\u00bb][vc_column column_width_percent=\u00a0\u00bb100&Prime; gutter_size=\u00a0\u00bb3&Prime; overlay_alpha=\u00a0\u00bb50&Prime; shift_x=\u00a0\u00bb0&Prime; shift_y=\u00a0\u00bb0&Prime; shift_y_down=\u00a0\u00bb0&Prime; z_index=\u00a0\u00bb0&Prime; medium_width=\u00a0\u00bb0&Prime; mobile_width=\u00a0\u00bb0&Prime; width=\u00a0\u00bb1\/2&Prime; el_class=\u00a0\u00bbstring-column pd-pm-60&Prime;][vc_row_inner row_inner_height_percent=\u00a0\u00bb0&Prime; overlay_alpha=\u00a0\u00bb50&Prime; gutter_size=\u00a0\u00bb3&Prime; shift_y=\u00a0\u00bb0&Prime; z_index=\u00a0\u00bb0&Prime; el_class=\u00a0\u00bbsolution-block\u00a0\u00bb][vc_column_inner width=\u00a0\u00bb1\/1&Prime;][vc_column_text text_lead=\u00a0\u00bbsmall\u00a0\u00bb el_class=\u00a0\u00bbblack-text solution-heading solution-heading-top\u00a0\u00bb]Position debout[\/vc_column_text][vc_single_image media=\u00a0\u00bb973&Prime; media_width_percent=\u00a0\u00bb100&Prime; el_class=\u00a0\u00bblille-image howto-img auto-img\u00a0\u00bb][vc_single_image media=\u00a0\u00bb969&Prime; media_width_percent=\u00a0\u00bb100&Prime; el_class=\u00a0\u00bblille-image howto-img auto-img\u00a0\u00bb][vc_single_image media=\u00a0\u00bb965&Prime; media_width_percent=\u00a0\u00bb100&Prime; el_class=\u00a0\u00bblille-image howto-img auto-img\u00a0\u00bb][vc_single_image media=\u00a0\u00bb961&Prime; media_width_percent=\u00a0\u00bb100&Prime; el_class=\u00a0\u00bblille-image howto-img auto-img\u00a0\u00bb][\/vc_column_inner][\/vc_row_inner][vc_row_inner row_inner_height_percent=\u00a0\u00bb0&Prime; overlay_alpha=\u00a0\u00bb50&Prime; gutter_size=\u00a0\u00bb3&Prime; shift_y=\u00a0\u00bb0&Prime; z_index=\u00a0\u00bb0&Prime; el_class=\u00a0\u00bbsolution-block\u00a0\u00bb][vc_column_inner width=\u00a0\u00bb1\/1&Prime;][vc_column_text text_lead=\u00a0\u00bbsmall\u00a0\u00bb el_class=\u00a0\u00bbblack-text solution-heading solution-heading-bottom\u00a0\u00bb css=\u00a0\u00bb.vc_custom_1623938180659{padding-top: 36px !important;}\u00a0\u00bb]Allong\u00e9e[\/vc_column_text][vc_single_image media=\u00a0\u00bb985&Prime; media_width_percent=\u00a0\u00bb100&Prime; el_class=\u00a0\u00bblille-image howto-img auto-img\u00a0\u00bb][vc_single_image media=\u00a0\u00bb981&Prime; media_width_percent=\u00a0\u00bb100&Prime; el_class=\u00a0\u00bblille-image howto-img auto-img\u00a0\u00bb][vc_single_image media=\u00a0\u00bb977&Prime; media_width_percent=\u00a0\u00bb100&Prime; el_class=\u00a0\u00bblille-image howto-img auto-img\u00a0\u00bb][vc_single_image media=\u00a0\u00bb989&Prime; media_width_percent=\u00a0\u00bb100&Prime; el_class=\u00a0\u00bblille-image howto-img auto-img\u00a0\u00bb][\/vc_column_inner][\/vc_row_inner][\/vc_column][vc_column column_width_percent=\u00a0\u00bb100&Prime; gutter_size=\u00a0\u00bb3&Prime; overlay_alpha=\u00a0\u00bb50&Prime; shift_x=\u00a0\u00bb0&Prime; shift_y=\u00a0\u00bb0&Prime; shift_y_down=\u00a0\u00bb0&Prime; z_index=\u00a0\u00bb0&Prime; medium_width=\u00a0\u00bb0&Prime; mobile_width=\u00a0\u00bb0&Prime; width=\u00a0\u00bb1\/2&Prime; el_class=\u00a0\u00bbstring-text pd-pm-60&Prime;][vc_custom_heading heading_semantic=\u00a0\u00bbh3&Prime; text_font=\u00a0\u00bbfont-poppins\u00a0\u00bb text_size=\u00a0\u00bbh3&Prime; text_weight=\u00a0\u00bb600&Prime; text_height=\u00a0\u00bbfontheight-33&Prime;]Comment enfiler nos protections en images[\/vc_custom_heading][vc_column_text css=\u00a0\u00bb.vc_custom_1624009576257{margin-top: 25px !important;}\u00a0\u00bb]Une fois la protection retir\u00e9e de son emballage, lui donner une forme de goutti\u00e8re puis la placer comme indiqu\u00e9 ci-contre en position debout ou sur une personne allong\u00e9e. Maintenir la protection en m\u00eame temps que l\u2019on remonte le sous-v\u00eatement.\u200b[\/vc_column_text][vc_button button_color=\u00a0\u00bbcolor-pblue\u00a0\u00bb border_width=\u00a0\u00bb0&Prime; link=\u00a0\u00bburl:%2Ffr%2Finformations-conseils%2F|title:Information%20%26%20conseils\u00a0\u00bb]Voir nos informations et conseils[\/vc_button][\/vc_column][\/vc_row][vc_row row_height_percent=\u00a0\u00bb0&Prime; override_padding=\u00a0\u00bbyes\u00a0\u00bb h_padding=\u00a0\u00bb2&Prime; top_padding=\u00a0\u00bb3&Prime; bottom_padding=\u00a0\u00bb4&Prime; back_color=\u00a0\u00bbcolor-white\u00a0\u00bb overlay_alpha=\u00a0\u00bb50&Prime; gutter_size=\u00a0\u00bb3&Prime; column_width_percent=\u00a0\u00bb100&Prime; shift_y=\u00a0\u00bb0&Prime; z_index=\u00a0\u00bb0&Prime; el_class=\u00a0\u00bbrelated-products single-p\u00a0\u00bb][vc_column width=\u00a0\u00bb1\/1&Prime;][uncode_block id=\u00a0\u00bb399&Prime; inside_column=\u00a0\u00bbyes\u00a0\u00bb][\/vc_column][\/vc_row]<\/p>\n<\/div>","protected":false},"excerpt":{"rendered":"<p>[vc_row row_height_percent=\u00a0\u00bb0&Prime; override_padding=\u00a0\u00bbyes\u00a0\u00bb h_padding=\u00a0\u00bb2&Prime; top_padding=\u00a0\u00bb0&Prime; bottom_padding=\u00a0\u00bb3&Prime; overlay_alpha=\u00a0\u00bb50&Prime; gutter_size=\u00a0\u00bb3&Prime; column_width_percent=\u00a0\u00bb100&Prime; shift_y=\u00a0\u00bb0&Prime; z_index=\u00a0\u00bb0&Prime; el_class=\u00a0\u00bbhero-section suprem-form\u00a0\u00bb el_id=\u00a0\u00bbproduct-hero\u00a0\u00bb][vc_column column_width_percent=\u00a0\u00bb100&Prime; gutter_size=\u00a0\u00bb3&Prime; overlay_alpha=\u00a0\u00bb50&Prime; shift_x=\u00a0\u00bb0&Prime; shift_y=\u00a0\u00bb0&Prime; shift_y_down=\u00a0\u00bb0&Prime; [&hellip;]<\/p>\n","protected":false},"author":2,"featured_media":0,"parent":868,"menu_order":0,"comment_status":"closed","ping_status":"closed","template":"","meta":{"footnotes":""},"class_list":["post-960","page","type-page","status-publish","hentry"],"yoast_head":"<!-- This site is optimized with the Yoast SEO Premium plugin v27.4 (Yoast SEO v27.4) - https:\/\/yoast.com\/product\/yoast-seo-premium-wordpress\/ -->\n<title>Lille SUPREM form &#183; Lille Healthcare<\/title>\n<meta name=\"description\" content=\"Vous \u00eates autonomes avec des fuites mod\u00e9r\u00e9es \u00e0 s\u00e9v\u00e8res? Lille SUPREM form offre un haut niveau d\u2019absorption et peut \u00eatre port\u00e9e avec vos propres sous-v\u00eatements.\" \/>\n<meta name=\"robots\" content=\"index, follow, max-snippet:-1, max-image-preview:large, max-video-preview:-1\" \/>\n<link rel=\"canonical\" href=\"https:\/\/lillehealthcare.com\/fr\/nos-protections\/lille-suprem-form\/\" \/>\n<meta property=\"og:locale\" content=\"fr_FR\" \/>\n<meta property=\"og:type\" content=\"article\" \/>\n<meta property=\"og:title\" content=\"Lille SUPREM form\" \/>\n<meta property=\"og:description\" content=\"Vous \u00eates autonomes avec des fuites mod\u00e9r\u00e9es \u00e0 s\u00e9v\u00e8res? Lille SUPREM form offre un haut niveau d\u2019absorption et peut \u00eatre port\u00e9e avec vos propres sous-v\u00eatements.\" \/>\n<meta property=\"og:url\" content=\"https:\/\/lillehealthcare.com\/fr\/nos-protections\/lille-suprem-form\/\" \/>\n<meta property=\"og:site_name\" content=\"Lille Healthcare\" \/>\n<meta property=\"article:modified_time\" content=\"2026-02-10T16:51:51+00:00\" \/>\n<meta property=\"og:image\" content=\"https:\/\/lillehealthcare.com\/wp-content\/uploads\/2021\/05\/hero-couple.jpg\" \/>\n\t<meta property=\"og:image:width\" content=\"960\" \/>\n\t<meta property=\"og:image:height\" content=\"639\" \/>\n\t<meta property=\"og:image:type\" content=\"image\/jpeg\" \/>\n<meta name=\"twitter:card\" content=\"summary_large_image\" \/>\n<meta name=\"twitter:label1\" content=\"Dur\u00e9e de lecture estim\u00e9e\" \/>\n\t<meta name=\"twitter:data1\" content=\"3 minutes\" \/>\n<script type=\"application\/ld+json\" class=\"yoast-schema-graph\">{\"@context\":\"https:\\\/\\\/schema.org\",\"@graph\":[{\"@type\":\"WebPage\",\"@id\":\"https:\\\/\\\/lillehealthcare.com\\\/fr\\\/nos-protections\\\/lille-suprem-form\\\/\",\"url\":\"https:\\\/\\\/lillehealthcare.com\\\/fr\\\/nos-protections\\\/lille-suprem-form\\\/\",\"name\":\"Lille SUPREM form &#183; Lille Healthcare\",\"isPartOf\":{\"@id\":\"https:\\\/\\\/lillehealthcare.com\\\/fr\\\/#website\"},\"datePublished\":\"2021-06-17T13:49:21+00:00\",\"dateModified\":\"2026-02-10T16:51:51+00:00\",\"description\":\"Vous \u00eates autonomes avec des fuites mod\u00e9r\u00e9es \u00e0 s\u00e9v\u00e8res? Lille SUPREM form offre un haut niveau d\u2019absorption et peut \u00eatre port\u00e9e avec vos propres sous-v\u00eatements.\",\"breadcrumb\":{\"@id\":\"https:\\\/\\\/lillehealthcare.com\\\/fr\\\/nos-protections\\\/lille-suprem-form\\\/#breadcrumb\"},\"inLanguage\":\"fr-FR\",\"potentialAction\":[{\"@type\":\"ReadAction\",\"target\":[\"https:\\\/\\\/lillehealthcare.com\\\/fr\\\/nos-protections\\\/lille-suprem-form\\\/\"]}]},{\"@type\":\"BreadcrumbList\",\"@id\":\"https:\\\/\\\/lillehealthcare.com\\\/fr\\\/nos-protections\\\/lille-suprem-form\\\/#breadcrumb\",\"itemListElement\":[{\"@type\":\"ListItem\",\"position\":1,\"name\":\"Home\",\"item\":\"https:\\\/\\\/lillehealthcare.com\\\/fr\\\/\"},{\"@type\":\"ListItem\",\"position\":2,\"name\":\"Nos protections\",\"item\":\"https:\\\/\\\/lillehealthcare.com\\\/fr\\\/nos-protections\\\/\"},{\"@type\":\"ListItem\",\"position\":3,\"name\":\"Lille SUPREM form\"}]},{\"@type\":\"WebSite\",\"@id\":\"https:\\\/\\\/lillehealthcare.com\\\/fr\\\/#website\",\"url\":\"https:\\\/\\\/lillehealthcare.com\\\/fr\\\/\",\"name\":\"Lille Healthcare\",\"description\":\"Incontinence products suitable for everyone\u2019s needs\",\"publisher\":{\"@id\":\"https:\\\/\\\/lillehealthcare.com\\\/fr\\\/#organization\"},\"potentialAction\":[{\"@type\":\"SearchAction\",\"target\":{\"@type\":\"EntryPoint\",\"urlTemplate\":\"https:\\\/\\\/lillehealthcare.com\\\/fr\\\/?s={search_term_string}\"},\"query-input\":{\"@type\":\"PropertyValueSpecification\",\"valueRequired\":true,\"valueName\":\"search_term_string\"}}],\"inLanguage\":\"fr-FR\"},{\"@type\":\"Organization\",\"@id\":\"https:\\\/\\\/lillehealthcare.com\\\/fr\\\/#organization\",\"name\":\"Lille Healthcare\",\"url\":\"https:\\\/\\\/lillehealthcare.com\\\/fr\\\/\",\"logo\":{\"@type\":\"ImageObject\",\"inLanguage\":\"fr-FR\",\"@id\":\"https:\\\/\\\/lillehealthcare.com\\\/fr\\\/#\\\/schema\\\/logo\\\/image\\\/\",\"url\":\"https:\\\/\\\/lillehealthcare.com\\\/wp-content\\\/uploads\\\/2021\\\/05\\\/logoLilleHealthCareCMJN.svg\",\"contentUrl\":\"https:\\\/\\\/lillehealthcare.com\\\/wp-content\\\/uploads\\\/2021\\\/05\\\/logoLilleHealthCareCMJN.svg\",\"width\":100,\"height\":100,\"caption\":\"Lille Healthcare\"},\"image\":{\"@id\":\"https:\\\/\\\/lillehealthcare.com\\\/fr\\\/#\\\/schema\\\/logo\\\/image\\\/\"}}]}<\/script>\n<!-- \/ Yoast SEO Premium plugin. -->","yoast_head_json":{"title":"Lille SUPREM form &#183; Lille Healthcare","description":"Vous \u00eates autonomes avec des fuites mod\u00e9r\u00e9es \u00e0 s\u00e9v\u00e8res? Lille SUPREM form offre un haut niveau d\u2019absorption et peut \u00eatre port\u00e9e avec vos propres sous-v\u00eatements.","robots":{"index":"index","follow":"follow","max-snippet":"max-snippet:-1","max-image-preview":"max-image-preview:large","max-video-preview":"max-video-preview:-1"},"canonical":"https:\/\/lillehealthcare.com\/fr\/nos-protections\/lille-suprem-form\/","og_locale":"fr_FR","og_type":"article","og_title":"Lille SUPREM form","og_description":"Vous \u00eates autonomes avec des fuites mod\u00e9r\u00e9es \u00e0 s\u00e9v\u00e8res? Lille SUPREM form offre un haut niveau d\u2019absorption et peut \u00eatre port\u00e9e avec vos propres sous-v\u00eatements.","og_url":"https:\/\/lillehealthcare.com\/fr\/nos-protections\/lille-suprem-form\/","og_site_name":"Lille Healthcare","article_modified_time":"2026-02-10T16:51:51+00:00","og_image":[{"width":960,"height":639,"url":"https:\/\/lillehealthcare.com\/wp-content\/uploads\/2021\/05\/hero-couple.jpg","type":"image\/jpeg"}],"twitter_card":"summary_large_image","twitter_misc":{"Dur\u00e9e de lecture estim\u00e9e":"3 minutes"},"schema":{"@context":"https:\/\/schema.org","@graph":[{"@type":"WebPage","@id":"https:\/\/lillehealthcare.com\/fr\/nos-protections\/lille-suprem-form\/","url":"https:\/\/lillehealthcare.com\/fr\/nos-protections\/lille-suprem-form\/","name":"Lille SUPREM form &#183; Lille Healthcare","isPartOf":{"@id":"https:\/\/lillehealthcare.com\/fr\/#website"},"datePublished":"2021-06-17T13:49:21+00:00","dateModified":"2026-02-10T16:51:51+00:00","description":"Vous \u00eates autonomes avec des fuites mod\u00e9r\u00e9es \u00e0 s\u00e9v\u00e8res? Lille SUPREM form offre un haut niveau d\u2019absorption et peut \u00eatre port\u00e9e avec vos propres sous-v\u00eatements.","breadcrumb":{"@id":"https:\/\/lillehealthcare.com\/fr\/nos-protections\/lille-suprem-form\/#breadcrumb"},"inLanguage":"fr-FR","potentialAction":[{"@type":"ReadAction","target":["https:\/\/lillehealthcare.com\/fr\/nos-protections\/lille-suprem-form\/"]}]},{"@type":"BreadcrumbList","@id":"https:\/\/lillehealthcare.com\/fr\/nos-protections\/lille-suprem-form\/#breadcrumb","itemListElement":[{"@type":"ListItem","position":1,"name":"Home","item":"https:\/\/lillehealthcare.com\/fr\/"},{"@type":"ListItem","position":2,"name":"Nos protections","item":"https:\/\/lillehealthcare.com\/fr\/nos-protections\/"},{"@type":"ListItem","position":3,"name":"Lille SUPREM form"}]},{"@type":"WebSite","@id":"https:\/\/lillehealthcare.com\/fr\/#website","url":"https:\/\/lillehealthcare.com\/fr\/","name":"Lille Healthcare","description":"Incontinence products suitable for everyone\u2019s needs","publisher":{"@id":"https:\/\/lillehealthcare.com\/fr\/#organization"},"potentialAction":[{"@type":"SearchAction","target":{"@type":"EntryPoint","urlTemplate":"https:\/\/lillehealthcare.com\/fr\/?s={search_term_string}"},"query-input":{"@type":"PropertyValueSpecification","valueRequired":true,"valueName":"search_term_string"}}],"inLanguage":"fr-FR"},{"@type":"Organization","@id":"https:\/\/lillehealthcare.com\/fr\/#organization","name":"Lille Healthcare","url":"https:\/\/lillehealthcare.com\/fr\/","logo":{"@type":"ImageObject","inLanguage":"fr-FR","@id":"https:\/\/lillehealthcare.com\/fr\/#\/schema\/logo\/image\/","url":"https:\/\/lillehealthcare.com\/wp-content\/uploads\/2021\/05\/logoLilleHealthCareCMJN.svg","contentUrl":"https:\/\/lillehealthcare.com\/wp-content\/uploads\/2021\/05\/logoLilleHealthCareCMJN.svg","width":100,"height":100,"caption":"Lille Healthcare"},"image":{"@id":"https:\/\/lillehealthcare.com\/fr\/#\/schema\/logo\/image\/"}}]}},"_links":{"self":[{"href":"https:\/\/lillehealthcare.com\/fr\/wp-json\/wp\/v2\/pages\/960","targetHints":{"allow":["GET"]}}],"collection":[{"href":"https:\/\/lillehealthcare.com\/fr\/wp-json\/wp\/v2\/pages"}],"about":[{"href":"https:\/\/lillehealthcare.com\/fr\/wp-json\/wp\/v2\/types\/page"}],"author":[{"embeddable":true,"href":"https:\/\/lillehealthcare.com\/fr\/wp-json\/wp\/v2\/users\/2"}],"replies":[{"embeddable":true,"href":"https:\/\/lillehealthcare.com\/fr\/wp-json\/wp\/v2\/comments?post=960"}],"version-history":[{"count":0,"href":"https:\/\/lillehealthcare.com\/fr\/wp-json\/wp\/v2\/pages\/960\/revisions"}],"up":[{"embeddable":true,"href":"https:\/\/lillehealthcare.com\/fr\/wp-json\/wp\/v2\/pages\/868"}],"wp:attachment":[{"href":"https:\/\/lillehealthcare.com\/fr\/wp-json\/wp\/v2\/media?parent=960"}],"curies":[{"name":"wp","href":"https:\/\/api.w.org\/{rel}","templated":true}]}}