{"id":868,"date":"2021-06-17T15:16:55","date_gmt":"2021-06-17T13:16:55","guid":{"rendered":"https:\/\/lille.wpengine.com\/our-products\/"},"modified":"2021-06-29T16:16:58","modified_gmt":"2021-06-29T14:16:58","slug":"nos-protections","status":"publish","type":"page","link":"https:\/\/lillehealthcare.com\/fr\/nos-protections\/","title":{"rendered":"Nos protections"},"content":{"rendered":"<div class=\"wpb-content-wrapper\"><p>[vc_row unlock_row_content=\u00a0\u00bbyes\u00a0\u00bb row_height_percent=\u00a0\u00bb0&Prime; override_padding=\u00a0\u00bbyes\u00a0\u00bb h_padding=\u00a0\u00bb0&Prime; top_padding=\u00a0\u00bb0&Prime; bottom_padding=\u00a0\u00bb0&Prime; overlay_alpha=\u00a0\u00bb50&Prime; gutter_size=\u00a0\u00bb3&Prime; column_width_percent=\u00a0\u00bb100&Prime; shift_y=\u00a0\u00bb0&Prime; z_index=\u00a0\u00bb0&Prime; el_class=\u00a0\u00bbhero-section\u00a0\u00bb el_id=\u00a0\u00bbproducts-hero\u00a0\u00bb][vc_column column_width_percent=\u00a0\u00bb100&Prime; gutter_size=\u00a0\u00bb3&Prime; overlay_alpha=\u00a0\u00bb50&Prime; shift_x=\u00a0\u00bb0&Prime; shift_y=\u00a0\u00bb0&Prime; shift_y_down=\u00a0\u00bb0&Prime; z_index=\u00a0\u00bb0&Prime; medium_width=\u00a0\u00bb0&Prime; mobile_width=\u00a0\u00bb0&Prime; width=\u00a0\u00bb1\/3&Prime; el_class=\u00a0\u00bbimage-column\u00a0\u00bb][vc_single_image media=\u00a0\u00bb338&Prime; media_width_percent=\u00a0\u00bb100&Prime; el_class=\u00a0\u00bbrounded-img\u00a0\u00bb][\/vc_column][vc_column column_width_percent=\u00a0\u00bb100&Prime; gutter_size=\u00a0\u00bb3&Prime; overlay_alpha=\u00a0\u00bb50&Prime; shift_x=\u00a0\u00bb0&Prime; shift_y=\u00a0\u00bb0&Prime; shift_y_down=\u00a0\u00bb0&Prime; z_index=\u00a0\u00bb0&Prime; medium_width=\u00a0\u00bb0&Prime; mobile_width=\u00a0\u00bb0&Prime; width=\u00a0\u00bb2\/3&Prime; el_class=\u00a0\u00bbhero-text\u00a0\u00bb css=\u00a0\u00bb.vc_custom_1621417390566{padding-bottom: 47px !important;}\u00a0\u00bb][uncode_block id=\u00a0\u00bb87&Prime; inside_column=\u00a0\u00bbyes\u00a0\u00bb][vc_custom_heading heading_semantic=\u00a0\u00bbh1&Prime; text_size=\u00a0\u00bbh1&Prime; text_height=\u00a0\u00bbfontheight-57&Prime; sub_lead=\u00a0\u00bbyes\u00a0\u00bb el_class=\u00a0\u00bbsubheader\u00a0\u00bb]La gamme Lille Suprem[\/vc_custom_heading][vc_column_text text_lead=\u00a0\u00bbyes\u00a0\u00bb el_class=\u00a0\u00bbreg-text leader-text\u00a0\u00bb]Une performance optimale en pr\u00e9servant l\u2019int\u00e9grit\u00e9 de votre peau.[\/vc_column_text][uncode_block id=\u00a0\u00bb339&Prime; inside_column=\u00a0\u00bbyes\u00a0\u00bb][\/vc_column][\/vc_row][vc_row row_height_percent=\u00a0\u00bb0&Prime; override_padding=\u00a0\u00bbyes\u00a0\u00bb h_padding=\u00a0\u00bb2&Prime; top_padding=\u00a0\u00bb4&Prime; bottom_padding=\u00a0\u00bb3&Prime; back_color=\u00a0\u00bbcolor-white\u00a0\u00bb overlay_alpha=\u00a0\u00bb50&Prime; gutter_size=\u00a0\u00bb3&Prime; column_width_percent=\u00a0\u00bb100&Prime; shift_y=\u00a0\u00bb0&Prime; z_index=\u00a0\u00bb0&Prime; row_name=\u00a0\u00bblittle-discomforts\u00a0\u00bb el_class=\u00a0\u00bblittle-discomforts-section\u00a0\u00bb][vc_column column_width_percent=\u00a0\u00bb100&Prime; gutter_size=\u00a0\u00bb3&Prime; override_padding=\u00a0\u00bbyes\u00a0\u00bb column_padding=\u00a0\u00bb0&Prime; back_image=\u00a0\u00bb340&Prime; back_repeat=\u00a0\u00bbno-repeat\u00a0\u00bb back_position=\u00a0\u00bbleft top\u00a0\u00bb overlay_alpha=\u00a0\u00bb50&Prime; shift_x=\u00a0\u00bb0&Prime; shift_y=\u00a0\u00bb0&Prime; shift_y_down=\u00a0\u00bb0&Prime; z_index=\u00a0\u00bb0&Prime; medium_width=\u00a0\u00bb0&Prime; mobile_width=\u00a0\u00bb0&Prime; width=\u00a0\u00bb1\/1&Prime; back_size=\u00a0\u00bbcontain\u00a0\u00bb el_class=\u00a0\u00bbproduct-category-block bg-block\u00a0\u00bb][vc_custom_heading text_font=\u00a0\u00bbfont-rubik\u00a0\u00bb text_size=\u00a0\u00bbh6&Prime; text_color=\u00a0\u00bbcolor-pblue\u00a0\u00bb el_class=\u00a0\u00bbup pblue product-category-heading\u00a0\u00bb]Petits inconforts[\/vc_custom_heading][vc_column_text el_class=\u00a0\u00bbproduct-quote\u00a0\u00bb css=\u00a0\u00bb.vc_custom_1623935917348{margin-top: 0px !important;}\u00a0\u00bb]<em>\u00ab\u00a0J&rsquo;ai de l\u00e9g\u00e8res fuites urinaires. Je perds parfois quelques gouttes, notamment quand je ris ou quand je tousse.\u00a0\u00bb<\/em>[\/vc_column_text][vc_empty_space empty_h=\u00a0\u00bb2&Prime; el_class=\u00a0\u00bbcustom-empty-30&Prime;][uncode_index el_id=\u00a0\u00bbld-en\u00a0\u00bb isotope_mode=\u00a0\u00bbcellsByRow\u00a0\u00bb loop=\u00a0\u00bbsize:10|order_by:date|order:ASC|post_type:portfolio|tax_query:4|taxonomy_count:10|taxonomy_include_ids:68&Prime; gutter_size=\u00a0\u00bb2&Prime; portfolio_items=\u00a0\u00bbtext|full\u00a0\u00bb screen_lg=\u00a0\u00bb1000&Prime; screen_md=\u00a0\u00bb600&Prime; screen_sm=\u00a0\u00bb480&Prime; single_width=\u00a0\u00bb6&Prime; single_shape=\u00a0\u00bbround\u00a0\u00bb single_overlay_opacity=\u00a0\u00bb50&Prime; single_image_anim=\u00a0\u00bbno\u00a0\u00bb single_padding=\u00a0\u00bb0&Prime; single_shadow=\u00a0\u00bbyes\u00a0\u00bb custom_order=\u00a0\u00bbyes\u00a0\u00bb el_class=\u00a0\u00bbproduct-cards\u00a0\u00bb order_ids=\u00a0\u00bb68,341&Prime;][\/vc_column][\/vc_row][vc_row row_height_percent=\u00a0\u00bb0&Prime; override_padding=\u00a0\u00bbyes\u00a0\u00bb h_padding=\u00a0\u00bb2&Prime; top_padding=\u00a0\u00bb2&Prime; bottom_padding=\u00a0\u00bb3&Prime; back_color=\u00a0\u00bbcolor-white\u00a0\u00bb overlay_alpha=\u00a0\u00bb50&Prime; gutter_size=\u00a0\u00bb3&Prime; column_width_percent=\u00a0\u00bb100&Prime; shift_y=\u00a0\u00bb0&Prime; z_index=\u00a0\u00bb0&Prime; row_name=\u00a0\u00bbbladder-weakness\u00a0\u00bb el_class=\u00a0\u00bbbladder-weakness-section\u00a0\u00bb][vc_column column_width_percent=\u00a0\u00bb100&Prime; gutter_size=\u00a0\u00bb3&Prime; override_padding=\u00a0\u00bbyes\u00a0\u00bb column_padding=\u00a0\u00bb0&Prime; back_image=\u00a0\u00bb344&Prime; back_repeat=\u00a0\u00bbno-repeat\u00a0\u00bb back_position=\u00a0\u00bbleft top\u00a0\u00bb overlay_alpha=\u00a0\u00bb50&Prime; shift_x=\u00a0\u00bb0&Prime; shift_y=\u00a0\u00bb0&Prime; shift_y_down=\u00a0\u00bb0&Prime; z_index=\u00a0\u00bb0&Prime; medium_width=\u00a0\u00bb0&Prime; mobile_width=\u00a0\u00bb0&Prime; width=\u00a0\u00bb1\/1&Prime; back_size=\u00a0\u00bbcontain\u00a0\u00bb el_class=\u00a0\u00bbproduct-category-block bg-block\u00a0\u00bb][vc_custom_heading text_font=\u00a0\u00bbfont-rubik\u00a0\u00bb text_size=\u00a0\u00bbh6&Prime; text_color=\u00a0\u00bbcolor-pastelgreen\u00a0\u00bb el_class=\u00a0\u00bbup pblue product-category-heading\u00a0\u00bb]Faiblesse de vessie[\/vc_custom_heading][vc_column_text el_class=\u00a0\u00bbproduct-quote\u00a0\u00bb css=\u00a0\u00bb.vc_custom_1623935987465{margin-top: 0px !important;}\u00a0\u00bb]<em>\u00a0\u00bb J&rsquo;ai parfois de l\u00e9g\u00e8res fuites et occasionnellement des accidents car je n&rsquo;arrive pas aux toilettes \u00e0 temps.\u00a0\u00bb<\/em>[\/vc_column_text][vc_empty_space empty_h=\u00a0\u00bb2&Prime; el_class=\u00a0\u00bbcustom-empty-30&Prime;][uncode_index el_id=\u00a0\u00bbbw-en\u00a0\u00bb isotope_mode=\u00a0\u00bbcellsByRow\u00a0\u00bb loop=\u00a0\u00bbsize:10|order_by:date|post_type:portfolio|tax_query:5|taxonomy_count:10|taxonomy_include_ids:68&Prime; gutter_size=\u00a0\u00bb2&Prime; portfolio_items=\u00a0\u00bbtext|full\u00a0\u00bb screen_lg=\u00a0\u00bb1000&Prime; screen_md=\u00a0\u00bb600&Prime; screen_sm=\u00a0\u00bb480&Prime; single_width=\u00a0\u00bb6&Prime; single_shape=\u00a0\u00bbround\u00a0\u00bb single_overlay_opacity=\u00a0\u00bb50&Prime; single_image_anim=\u00a0\u00bbno\u00a0\u00bb single_padding=\u00a0\u00bb0&Prime; single_shadow=\u00a0\u00bbyes\u00a0\u00bb custom_order=\u00a0\u00bbyes\u00a0\u00bb el_class=\u00a0\u00bbproduct-cards\u00a0\u00bb order_ids=\u00a0\u00bb68,341&Prime;][vc_column_text el_class=\u00a0\u00bbbw-category-description\u00a0\u00bb]Les fuites urinaires sont li\u00e9es \u00e0 un trouble du fonctionnement de la vessie qui entra\u00eene de l\u00e9g\u00e8res fuites pouvant parfois \u00eatre permanentes. Les fuites peuvent \u00eatre importantes et les accidents plus ou moins r\u00e9guliers. Les accidents surviennent en journ\u00e9e (la plupart du temps) et parfois la nuit.[\/vc_column_text][\/vc_column][\/vc_row][vc_row row_height_percent=\u00a0\u00bb0&Prime; override_padding=\u00a0\u00bbyes\u00a0\u00bb h_padding=\u00a0\u00bb2&Prime; top_padding=\u00a0\u00bb2&Prime; bottom_padding=\u00a0\u00bb3&Prime; back_color=\u00a0\u00bbcolor-white\u00a0\u00bb overlay_alpha=\u00a0\u00bb50&Prime; gutter_size=\u00a0\u00bb3&Prime; column_width_percent=\u00a0\u00bb100&Prime; shift_y=\u00a0\u00bb0&Prime; z_index=\u00a0\u00bb0&Prime; row_name=\u00a0\u00bbinco\u00a0\u00bb el_class=\u00a0\u00bbincontinence-section\u00a0\u00bb][vc_column column_width_percent=\u00a0\u00bb100&Prime; gutter_size=\u00a0\u00bb3&Prime; override_padding=\u00a0\u00bbyes\u00a0\u00bb column_padding=\u00a0\u00bb0&Prime; back_image=\u00a0\u00bb348&Prime; back_repeat=\u00a0\u00bbno-repeat\u00a0\u00bb back_position=\u00a0\u00bbleft top\u00a0\u00bb overlay_alpha=\u00a0\u00bb50&Prime; shift_x=\u00a0\u00bb0&Prime; shift_y=\u00a0\u00bb0&Prime; shift_y_down=\u00a0\u00bb0&Prime; z_index=\u00a0\u00bb0&Prime; medium_width=\u00a0\u00bb0&Prime; mobile_width=\u00a0\u00bb0&Prime; width=\u00a0\u00bb1\/1&Prime; back_size=\u00a0\u00bbcontain\u00a0\u00bb el_class=\u00a0\u00bbproduct-category-block bg-block\u00a0\u00bb][vc_custom_heading text_font=\u00a0\u00bbfont-rubik\u00a0\u00bb text_size=\u00a0\u00bbh6&Prime; text_color=\u00a0\u00bbcolor-pink\u00a0\u00bb el_class=\u00a0\u00bbup pblue product-category-heading\u00a0\u00bb]Incontinence[\/vc_custom_heading][vc_column_text el_class=\u00a0\u00bbproduct-quote\u00a0\u00bb css=\u00a0\u00bb.vc_custom_1623936083875{margin-top: 0px !important;}\u00a0\u00bb]<em>\u00a0\u00bb J&rsquo;ai souvent du mal \u00e0 contr\u00f4ler ma vessie. J&rsquo;arrive aux toilettes trop tard et j&rsquo;ai parfois un accident la nuit.\u00a0\u00bb<\/em>[\/vc_column_text][vc_column_text el_class=\u00a0\u00bbproduct-quote\u00a0\u00bb css=\u00a0\u00bb.vc_custom_1623936105877{margin-top: 0px !important;}\u00a0\u00bb]<em>\u00ab\u00a0Je m&rsquo;occupe d&rsquo;une personne qui ne contr\u00f4le plus sa vessie. Il\/elle souffre d&rsquo;incontinence s\u00e9v\u00e8re.\u00a0\u00bb<\/em>[\/vc_column_text][vc_empty_space empty_h=\u00a0\u00bb2&Prime; el_class=\u00a0\u00bbcustom-empty-30&Prime;][uncode_index el_id=\u00a0\u00bbinco-en\u00a0\u00bb isotope_mode=\u00a0\u00bbcellsByRow\u00a0\u00bb loop=\u00a0\u00bbsize:10|order_by:date|order:ASC|post_type:portfolio|tax_query:6|taxonomy_count:10|taxonomy_include_ids:68&Prime; gutter_size=\u00a0\u00bb2&Prime; portfolio_items=\u00a0\u00bbtext|full\u00a0\u00bb screen_lg=\u00a0\u00bb1000&Prime; screen_md=\u00a0\u00bb600&Prime; screen_sm=\u00a0\u00bb480&Prime; single_width=\u00a0\u00bb6&Prime; single_shape=\u00a0\u00bbround\u00a0\u00bb single_overlay_opacity=\u00a0\u00bb50&Prime; single_image_anim=\u00a0\u00bbno\u00a0\u00bb single_padding=\u00a0\u00bb0&Prime; single_shadow=\u00a0\u00bbyes\u00a0\u00bb custom_order=\u00a0\u00bbyes\u00a0\u00bb el_class=\u00a0\u00bbproduct-cards\u00a0\u00bb order_ids=\u00a0\u00bb68,341&Prime;][\/vc_column][\/vc_row][vc_row row_height_percent=\u00a0\u00bb0&Prime; override_padding=\u00a0\u00bbyes\u00a0\u00bb h_padding=\u00a0\u00bb2&Prime; top_padding=\u00a0\u00bb2&Prime; bottom_padding=\u00a0\u00bb4&Prime; back_color=\u00a0\u00bbcolor-white\u00a0\u00bb overlay_alpha=\u00a0\u00bb50&Prime; gutter_size=\u00a0\u00bb3&Prime; column_width_percent=\u00a0\u00bb100&Prime; shift_y=\u00a0\u00bb0&Prime; z_index=\u00a0\u00bb0&Prime; row_name=\u00a0\u00bbcomplementary\u00a0\u00bb el_class=\u00a0\u00bbcomplementary-section\u00a0\u00bb][vc_column column_width_percent=\u00a0\u00bb100&Prime; gutter_size=\u00a0\u00bb3&Prime; override_padding=\u00a0\u00bbyes\u00a0\u00bb column_padding=\u00a0\u00bb0&Prime; overlay_alpha=\u00a0\u00bb50&Prime; shift_x=\u00a0\u00bb0&Prime; shift_y=\u00a0\u00bb0&Prime; shift_y_down=\u00a0\u00bb0&Prime; z_index=\u00a0\u00bb0&Prime; medium_width=\u00a0\u00bb0&Prime; mobile_width=\u00a0\u00bb0&Prime; width=\u00a0\u00bb1\/1&Prime; el_class=\u00a0\u00bbproduct-category-block\u00a0\u00bb][vc_custom_heading text_font=\u00a0\u00bbfont-rubik\u00a0\u00bb text_size=\u00a0\u00bbh6&Prime; text_color=\u00a0\u00bbcolor-emerald\u00a0\u00bb el_class=\u00a0\u00bbup pblue product-category-heading\u00a0\u00bb]Produits compl\u00e9mentaires [\/vc_custom_heading][vc_column_text el_class=\u00a0\u00bbproduct-quote\u00a0\u00bb css=\u00a0\u00bb.vc_custom_1623936149214{margin-top: 0px !important;}\u00a0\u00bb]<em>\u00ab\u00a0Je me r\u00e9veille r\u00e9gul\u00e8rement avec les draps mouill\u00e9s.\u00a0\u00bb<\/em>[\/vc_column_text][vc_column_text el_class=\u00a0\u00bbproduct-quote\u00a0\u00bb css=\u00a0\u00bb.vc_custom_1623936169707{margin-top: 0px !important;}\u00a0\u00bb]<em>\u00ab\u00a0Je prends soin de ma peau, notamment lorsque je fais ma toilette.\u00a0\u00bb<\/em>[\/vc_column_text][vc_empty_space empty_h=\u00a0\u00bb2&Prime; el_class=\u00a0\u00bbcustom-empty-30&Prime;][uncode_index el_id=\u00a0\u00bbcp-en\u00a0\u00bb isotope_mode=\u00a0\u00bbcellsByRow\u00a0\u00bb loop=\u00a0\u00bbsize:10|order_by:date|order:ASC|post_type:portfolio|tax_query:20|taxonomy_count:10|taxonomy_include_ids:68&Prime; gutter_size=\u00a0\u00bb2&Prime; portfolio_items=\u00a0\u00bbtext|full\u00a0\u00bb screen_lg=\u00a0\u00bb1000&Prime; screen_md=\u00a0\u00bb600&Prime; screen_sm=\u00a0\u00bb480&Prime; single_width=\u00a0\u00bb6&Prime; single_shape=\u00a0\u00bbround\u00a0\u00bb single_overlay_opacity=\u00a0\u00bb50&Prime; single_image_anim=\u00a0\u00bbno\u00a0\u00bb single_padding=\u00a0\u00bb0&Prime; single_shadow=\u00a0\u00bbyes\u00a0\u00bb custom_order=\u00a0\u00bbyes\u00a0\u00bb el_class=\u00a0\u00bbproduct-cards\u00a0\u00bb order_ids=\u00a0\u00bb68,341&Prime;][vc_column_text el_class=\u00a0\u00bbcp-category-description\u00a0\u00bb]Afin de compl\u00e9ter notre gamme de protections d\u2019incontinence adapt\u00e9e aux besoins sp\u00e9cifiques de chacun, Lille Healthcare a \u00e9galement con\u00e7u diff\u00e9rents produits compl\u00e9mentaires.<\/p>\n<p>Une solution id\u00e9ale pour prot\u00e9ger efficacement la literie avec l\u2019al\u00e8se Lille CLASSIC bed mais \u00e9galement les lingettes nettoyantes Lille pour vous accompagner dans votre rituel quotidien.[\/vc_column_text][\/vc_column][\/vc_row][vc_row row_height_percent=\u00a0\u00bb0&Prime; override_padding=\u00a0\u00bbyes\u00a0\u00bb h_padding=\u00a0\u00bb0&Prime; top_padding=\u00a0\u00bb0&Prime; bottom_padding=\u00a0\u00bb0&Prime; back_color=\u00a0\u00bbcolor-white\u00a0\u00bb overlay_alpha=\u00a0\u00bb50&Prime; gutter_size=\u00a0\u00bb3&Prime; column_width_percent=\u00a0\u00bb100&Prime; shift_y=\u00a0\u00bb0&Prime; z_index=\u00a0\u00bb0&Prime;][vc_column width=\u00a0\u00bb1\/1&Prime;][vc_raw_js]JTNDc2NyaXB0JTIwdHlwZSUzRCUyMnRleHQlMkZqYXZhc2NyaXB0JTIyJTNFJTIwJTBBaWYlMjhqUXVlcnklMjglMjcubWFpbi13cmFwcGVyJTI3JTI5LndpZHRoJTI4JTI5JTIwJTNDJTNEOTYwJTI5JTIwJTdCJTBBalF1ZXJ5JTI4JTI3Lmlzb3RvcGUtY29udGFpbmVyJTI3JTI5LmF0dHIlMjglMjdkYXRhLWxheW91dCUyNyUyQyUyMCUwQSUyN3ZlcnRpY2FsJTI3JTI5JTNCJTBBJTdEJTBBJTNDJTJGc2NyaXB0JTNF[\/vc_raw_js][\/vc_column][\/vc_row]<\/p>\n<\/div>","protected":false},"excerpt":{"rendered":"<p>[vc_row unlock_row_content=\u00a0\u00bbyes\u00a0\u00bb row_height_percent=\u00a0\u00bb0&Prime; override_padding=\u00a0\u00bbyes\u00a0\u00bb h_padding=\u00a0\u00bb0&Prime; top_padding=\u00a0\u00bb0&Prime; bottom_padding=\u00a0\u00bb0&Prime; overlay_alpha=\u00a0\u00bb50&Prime; gutter_size=\u00a0\u00bb3&Prime; column_width_percent=\u00a0\u00bb100&Prime; shift_y=\u00a0\u00bb0&Prime; z_index=\u00a0\u00bb0&Prime; el_class=\u00a0\u00bbhero-section\u00a0\u00bb el_id=\u00a0\u00bbproducts-hero\u00a0\u00bb][vc_column column_width_percent=\u00a0\u00bb100&Prime; gutter_size=\u00a0\u00bb3&Prime; overlay_alpha=\u00a0\u00bb50&Prime; shift_x=\u00a0\u00bb0&Prime; shift_y=\u00a0\u00bb0&Prime; shift_y_down=\u00a0\u00bb0&Prime; [&hellip;]<\/p>\n","protected":false},"author":2,"featured_media":0,"parent":0,"menu_order":0,"comment_status":"closed","ping_status":"closed","template":"","meta":{"footnotes":""},"class_list":["post-868","page","type-page","status-publish","hentry"],"yoast_head":"<!-- This site is optimized with the Yoast SEO Premium plugin v27.5 (Yoast SEO v27.5) - https:\/\/yoast.com\/product\/yoast-seo-premium-wordpress\/ -->\n<title>Les produits Lille Healthcare. &#183; Lille Healthcare<\/title>\n<meta name=\"description\" content=\"Lille Healthcare propose un large assortiment de protections absorbantes r\u00e9pondant aux besoins sp\u00e9cifiques de chacun et aux diff\u00e9rents types d\u2019incontinence.\" \/>\n<meta name=\"robots\" content=\"index, follow, max-snippet:-1, max-image-preview:large, max-video-preview:-1\" \/>\n<link rel=\"canonical\" href=\"https:\/\/lillehealthcare.com\/fr\/nos-protections\/\" \/>\n<meta property=\"og:locale\" content=\"fr_FR\" \/>\n<meta property=\"og:type\" content=\"article\" \/>\n<meta property=\"og:title\" content=\"Nos protections\" \/>\n<meta property=\"og:description\" content=\"Lille Healthcare propose un large assortiment de protections absorbantes r\u00e9pondant aux besoins sp\u00e9cifiques de chacun et aux diff\u00e9rents types d\u2019incontinence.\" \/>\n<meta property=\"og:url\" content=\"https:\/\/lillehealthcare.com\/fr\/nos-protections\/\" \/>\n<meta property=\"og:site_name\" content=\"Lille Healthcare\" \/>\n<meta property=\"article:modified_time\" content=\"2021-06-29T14:16:58+00:00\" \/>\n<meta property=\"og:image\" content=\"https:\/\/lillehealthcare.com\/wp-content\/uploads\/2021\/05\/hero-couple.jpg\" \/>\n\t<meta property=\"og:image:width\" content=\"960\" \/>\n\t<meta property=\"og:image:height\" content=\"639\" \/>\n\t<meta property=\"og:image:type\" content=\"image\/jpeg\" \/>\n<meta name=\"twitter:card\" content=\"summary_large_image\" \/>\n<meta name=\"twitter:label1\" content=\"Dur\u00e9e de lecture estim\u00e9e\" \/>\n\t<meta name=\"twitter:data1\" content=\"3 minutes\" \/>\n<script type=\"application\/ld+json\" class=\"yoast-schema-graph\">{\"@context\":\"https:\\\/\\\/schema.org\",\"@graph\":[{\"@type\":\"WebPage\",\"@id\":\"https:\\\/\\\/lillehealthcare.com\\\/fr\\\/nos-protections\\\/\",\"url\":\"https:\\\/\\\/lillehealthcare.com\\\/fr\\\/nos-protections\\\/\",\"name\":\"Les produits Lille Healthcare. &#183; Lille Healthcare\",\"isPartOf\":{\"@id\":\"https:\\\/\\\/lillehealthcare.com\\\/fr\\\/#website\"},\"datePublished\":\"2021-06-17T13:16:55+00:00\",\"dateModified\":\"2021-06-29T14:16:58+00:00\",\"description\":\"Lille Healthcare propose un large assortiment de protections absorbantes r\u00e9pondant aux besoins sp\u00e9cifiques de chacun et aux diff\u00e9rents types d\u2019incontinence.\",\"breadcrumb\":{\"@id\":\"https:\\\/\\\/lillehealthcare.com\\\/fr\\\/nos-protections\\\/#breadcrumb\"},\"inLanguage\":\"fr-FR\",\"potentialAction\":[{\"@type\":\"ReadAction\",\"target\":[\"https:\\\/\\\/lillehealthcare.com\\\/fr\\\/nos-protections\\\/\"]}]},{\"@type\":\"BreadcrumbList\",\"@id\":\"https:\\\/\\\/lillehealthcare.com\\\/fr\\\/nos-protections\\\/#breadcrumb\",\"itemListElement\":[{\"@type\":\"ListItem\",\"position\":1,\"name\":\"Home\",\"item\":\"https:\\\/\\\/lillehealthcare.com\\\/fr\\\/\"},{\"@type\":\"ListItem\",\"position\":2,\"name\":\"Nos protections\"}]},{\"@type\":\"WebSite\",\"@id\":\"https:\\\/\\\/lillehealthcare.com\\\/fr\\\/#website\",\"url\":\"https:\\\/\\\/lillehealthcare.com\\\/fr\\\/\",\"name\":\"Lille Healthcare\",\"description\":\"Incontinence products suitable for everyone\u2019s needs\",\"publisher\":{\"@id\":\"https:\\\/\\\/lillehealthcare.com\\\/fr\\\/#organization\"},\"potentialAction\":[{\"@type\":\"SearchAction\",\"target\":{\"@type\":\"EntryPoint\",\"urlTemplate\":\"https:\\\/\\\/lillehealthcare.com\\\/fr\\\/?s={search_term_string}\"},\"query-input\":{\"@type\":\"PropertyValueSpecification\",\"valueRequired\":true,\"valueName\":\"search_term_string\"}}],\"inLanguage\":\"fr-FR\"},{\"@type\":\"Organization\",\"@id\":\"https:\\\/\\\/lillehealthcare.com\\\/fr\\\/#organization\",\"name\":\"Lille Healthcare\",\"url\":\"https:\\\/\\\/lillehealthcare.com\\\/fr\\\/\",\"logo\":{\"@type\":\"ImageObject\",\"inLanguage\":\"fr-FR\",\"@id\":\"https:\\\/\\\/lillehealthcare.com\\\/fr\\\/#\\\/schema\\\/logo\\\/image\\\/\",\"url\":\"https:\\\/\\\/lillehealthcare.com\\\/wp-content\\\/uploads\\\/2021\\\/05\\\/logoLilleHealthCareCMJN.svg\",\"contentUrl\":\"https:\\\/\\\/lillehealthcare.com\\\/wp-content\\\/uploads\\\/2021\\\/05\\\/logoLilleHealthCareCMJN.svg\",\"width\":100,\"height\":100,\"caption\":\"Lille Healthcare\"},\"image\":{\"@id\":\"https:\\\/\\\/lillehealthcare.com\\\/fr\\\/#\\\/schema\\\/logo\\\/image\\\/\"}}]}<\/script>\n<!-- \/ Yoast SEO Premium plugin. -->","yoast_head_json":{"title":"Les produits Lille Healthcare. &#183; Lille Healthcare","description":"Lille Healthcare propose un large assortiment de protections absorbantes r\u00e9pondant aux besoins sp\u00e9cifiques de chacun et aux diff\u00e9rents types d\u2019incontinence.","robots":{"index":"index","follow":"follow","max-snippet":"max-snippet:-1","max-image-preview":"max-image-preview:large","max-video-preview":"max-video-preview:-1"},"canonical":"https:\/\/lillehealthcare.com\/fr\/nos-protections\/","og_locale":"fr_FR","og_type":"article","og_title":"Nos protections","og_description":"Lille Healthcare propose un large assortiment de protections absorbantes r\u00e9pondant aux besoins sp\u00e9cifiques de chacun et aux diff\u00e9rents types d\u2019incontinence.","og_url":"https:\/\/lillehealthcare.com\/fr\/nos-protections\/","og_site_name":"Lille Healthcare","article_modified_time":"2021-06-29T14:16:58+00:00","og_image":[{"width":960,"height":639,"url":"https:\/\/lillehealthcare.com\/wp-content\/uploads\/2021\/05\/hero-couple.jpg","type":"image\/jpeg"}],"twitter_card":"summary_large_image","twitter_misc":{"Dur\u00e9e de lecture estim\u00e9e":"3 minutes"},"schema":{"@context":"https:\/\/schema.org","@graph":[{"@type":"WebPage","@id":"https:\/\/lillehealthcare.com\/fr\/nos-protections\/","url":"https:\/\/lillehealthcare.com\/fr\/nos-protections\/","name":"Les produits Lille Healthcare. &#183; Lille Healthcare","isPartOf":{"@id":"https:\/\/lillehealthcare.com\/fr\/#website"},"datePublished":"2021-06-17T13:16:55+00:00","dateModified":"2021-06-29T14:16:58+00:00","description":"Lille Healthcare propose un large assortiment de protections absorbantes r\u00e9pondant aux besoins sp\u00e9cifiques de chacun et aux diff\u00e9rents types d\u2019incontinence.","breadcrumb":{"@id":"https:\/\/lillehealthcare.com\/fr\/nos-protections\/#breadcrumb"},"inLanguage":"fr-FR","potentialAction":[{"@type":"ReadAction","target":["https:\/\/lillehealthcare.com\/fr\/nos-protections\/"]}]},{"@type":"BreadcrumbList","@id":"https:\/\/lillehealthcare.com\/fr\/nos-protections\/#breadcrumb","itemListElement":[{"@type":"ListItem","position":1,"name":"Home","item":"https:\/\/lillehealthcare.com\/fr\/"},{"@type":"ListItem","position":2,"name":"Nos protections"}]},{"@type":"WebSite","@id":"https:\/\/lillehealthcare.com\/fr\/#website","url":"https:\/\/lillehealthcare.com\/fr\/","name":"Lille Healthcare","description":"Incontinence products suitable for everyone\u2019s needs","publisher":{"@id":"https:\/\/lillehealthcare.com\/fr\/#organization"},"potentialAction":[{"@type":"SearchAction","target":{"@type":"EntryPoint","urlTemplate":"https:\/\/lillehealthcare.com\/fr\/?s={search_term_string}"},"query-input":{"@type":"PropertyValueSpecification","valueRequired":true,"valueName":"search_term_string"}}],"inLanguage":"fr-FR"},{"@type":"Organization","@id":"https:\/\/lillehealthcare.com\/fr\/#organization","name":"Lille Healthcare","url":"https:\/\/lillehealthcare.com\/fr\/","logo":{"@type":"ImageObject","inLanguage":"fr-FR","@id":"https:\/\/lillehealthcare.com\/fr\/#\/schema\/logo\/image\/","url":"https:\/\/lillehealthcare.com\/wp-content\/uploads\/2021\/05\/logoLilleHealthCareCMJN.svg","contentUrl":"https:\/\/lillehealthcare.com\/wp-content\/uploads\/2021\/05\/logoLilleHealthCareCMJN.svg","width":100,"height":100,"caption":"Lille Healthcare"},"image":{"@id":"https:\/\/lillehealthcare.com\/fr\/#\/schema\/logo\/image\/"}}]}},"_links":{"self":[{"href":"https:\/\/lillehealthcare.com\/fr\/wp-json\/wp\/v2\/pages\/868","targetHints":{"allow":["GET"]}}],"collection":[{"href":"https:\/\/lillehealthcare.com\/fr\/wp-json\/wp\/v2\/pages"}],"about":[{"href":"https:\/\/lillehealthcare.com\/fr\/wp-json\/wp\/v2\/types\/page"}],"author":[{"embeddable":true,"href":"https:\/\/lillehealthcare.com\/fr\/wp-json\/wp\/v2\/users\/2"}],"replies":[{"embeddable":true,"href":"https:\/\/lillehealthcare.com\/fr\/wp-json\/wp\/v2\/comments?post=868"}],"version-history":[{"count":0,"href":"https:\/\/lillehealthcare.com\/fr\/wp-json\/wp\/v2\/pages\/868\/revisions"}],"wp:attachment":[{"href":"https:\/\/lillehealthcare.com\/fr\/wp-json\/wp\/v2\/media?parent=868"}],"curies":[{"name":"wp","href":"https:\/\/api.w.org\/{rel}","templated":true}]}}