{"id":1078,"date":"2021-06-17T16:22:32","date_gmt":"2021-06-17T14:22:32","guid":{"rendered":"https:\/\/lille.wpengine.com\/our-products\/lille-suprem-pants\/"},"modified":"2021-12-07T17:12:15","modified_gmt":"2021-12-07T16:12:15","slug":"lille-suprem-pants","status":"publish","type":"page","link":"https:\/\/lillehealthcare.com\/fr\/nos-protections\/lille-suprem-pants\/","title":{"rendered":"Lille SUPREM pants"},"content":{"rendered":"<div class=\"wpb-content-wrapper\"><p>[vc_row row_height_percent=\u00a0\u00bb0&Prime; override_padding=\u00a0\u00bbyes\u00a0\u00bb h_padding=\u00a0\u00bb2&Prime; top_padding=\u00a0\u00bb0&Prime; bottom_padding=\u00a0\u00bb3&Prime; overlay_alpha=\u00a0\u00bb50&Prime; gutter_size=\u00a0\u00bb3&Prime; column_width_percent=\u00a0\u00bb100&Prime; shift_y=\u00a0\u00bb0&Prime; z_index=\u00a0\u00bb0&Prime; el_class=\u00a0\u00bbhero-section suprem-pants\u00a0\u00bb el_id=\u00a0\u00bbproduct-hero\u00a0\u00bb][vc_column column_width_percent=\u00a0\u00bb100&Prime; gutter_size=\u00a0\u00bb3&Prime; overlay_alpha=\u00a0\u00bb50&Prime; shift_x=\u00a0\u00bb0&Prime; shift_y=\u00a0\u00bb0&Prime; shift_y_down=\u00a0\u00bb0&Prime; z_index=\u00a0\u00bb0&Prime; medium_width=\u00a0\u00bb0&Prime; mobile_width=\u00a0\u00bb0&Prime; width=\u00a0\u00bb1\/2&Prime; el_class=\u00a0\u00bbimage-column\u00a0\u00bb][vc_single_image media=\u00a0\u00bb2211&Prime; media_width_percent=\u00a0\u00bb100&Prime; alignment=\u00a0\u00bbcenter\u00a0\u00bb el_class=\u00a0\u00bbsingle-prod-image\u00a0\u00bb][\/vc_column][vc_column column_width_percent=\u00a0\u00bb100&Prime; gutter_size=\u00a0\u00bb3&Prime; overlay_alpha=\u00a0\u00bb50&Prime; shift_x=\u00a0\u00bb0&Prime; shift_y=\u00a0\u00bb0&Prime; shift_y_down=\u00a0\u00bb0&Prime; z_index=\u00a0\u00bb0&Prime; medium_width=\u00a0\u00bb0&Prime; mobile_width=\u00a0\u00bb0&Prime; width=\u00a0\u00bb1\/2&Prime; el_class=\u00a0\u00bbhero-text\u00a0\u00bb css=\u00a0\u00bb.vc_custom_1623497675973{padding-bottom: 47px !important;}\u00a0\u00bb][uncode_block id=\u00a0\u00bb87&Prime; inside_column=\u00a0\u00bbyes\u00a0\u00bb][vc_custom_heading heading_semantic=\u00a0\u00bbh1&Prime; text_size=\u00a0\u00bbh1&Prime; text_weight=\u00a0\u00bb400&Prime; text_height=\u00a0\u00bbfontheight-57&Prime; sub_lead=\u00a0\u00bbyes\u00a0\u00bb el_class=\u00a0\u00bbsubheader\u00a0\u00bb]<strong>SUPREM<\/strong> pants[\/vc_custom_heading][vc_raw_html el_class=\u00a0\u00bbsingle-product-tags\u00a0\u00bb]JTNDc3BhbiUyMGNsYXNzJTNEJTIycC10YWclMjB1bmlzZXglMjIlM0VVbmlzZXhlcyUzQyUyRnNwYW4lM0UlMEElM0NzcGFuJTIwY2xhc3MlM0QlMjJwLXRhZyUyMGFjdGl2aXR5JTIyJTNFUGVyc29ubmUlMjBhY3RpdmUlM0MlMkZzcGFuJTNF[\/vc_raw_html][vc_column_text el_class=\u00a0\u00bbreg-text leader-text anchor-text\u00a0\u00bb]Culotte absorbante adapt\u00e9e aux incontinences mod\u00e9r\u00e9es \u00e0 s\u00e9v\u00e8res.<br \/>\nElle convient \u00e0 des personnes autonomes et actives.<\/p>\n<p>Les protections Lille SUPREM pants sont con\u00e7ues pour vous permettre de rester autonome et de profiter pleinement de la vie. Ces protections sont dot\u00e9es d\u2019une ceinture \u00e9lastique qui les rend confortables et discr\u00e8tes. Faciles \u00e0 utiliser, vous pouvez les mettre et les enlever comme un sous-v\u00eatement classique. Elles peuvent aussi se retirer en d\u00e9chirant les soudures lat\u00e9rales. Une languette de fermeture adh\u00e9sive permet de refermer le produit afin de le jeter hygi\u00e9niquement apr\u00e8s utilisation.<\/p>\n<p>Ces protections sont 100% respirables et hypoallerg\u00e9niques pour un meilleur respect de la peau.[\/vc_column_text][\/vc_column][\/vc_row][vc_row][vc_column width=\u00a0\u00bb1\/1&Prime;][uncode_block id=\u00a0\u00bb426&Prime;][\/vc_column][\/vc_row][vc_row row_height_percent=\u00a0\u00bb0&Prime; override_padding=\u00a0\u00bbyes\u00a0\u00bb h_padding=\u00a0\u00bb2&Prime; top_padding=\u00a0\u00bb3&Prime; bottom_padding=\u00a0\u00bb0&Prime; back_color=\u00a0\u00bbcolor-white\u00a0\u00bb overlay_alpha=\u00a0\u00bb50&Prime; gutter_size=\u00a0\u00bb3&Prime; column_width_percent=\u00a0\u00bb100&Prime; shift_y=\u00a0\u00bb0&Prime; z_index=\u00a0\u00bb0&Prime; el_class=\u00a0\u00bbsingle-p\u00a0\u00bb uncode_shortcode_id=\u00a0\u00bb144599&Prime; back_color_type=\u00a0\u00bbuncode-palette\u00a0\u00bb][vc_column column_width_percent=\u00a0\u00bb100&Prime; gutter_size=\u00a0\u00bb0&Prime; override_padding=\u00a0\u00bbyes\u00a0\u00bb column_padding=\u00a0\u00bb0&Prime; overlay_alpha=\u00a0\u00bb50&Prime; shift_x=\u00a0\u00bb0&Prime; shift_y=\u00a0\u00bb0&Prime; shift_y_down=\u00a0\u00bb0&Prime; z_index=\u00a0\u00bb0&Prime; medium_width=\u00a0\u00bb0&Prime; mobile_width=\u00a0\u00bb0&Prime; width=\u00a0\u00bb1\/1&Prime;][vc_custom_heading text_font=\u00a0\u00bbfont-rubik\u00a0\u00bb text_size=\u00a0\u00bbh3&Prime; text_weight=\u00a0\u00bb500&Prime; text_height=\u00a0\u00bbfontheight-27&Prime; subheading=\u00a0\u00bbS\u00e9lectionnez le niveau d\u2019absorption souhait\u00e9 en faisant glisser le curseur\u00a0\u00bb el_class=\u00a0\u00bbsubheader-italic\u00a0\u00bb]Quel niveau d&rsquo;absorption choisir ?[\/vc_custom_heading][vc_empty_space empty_h=\u00a0\u00bb3&Prime; el_class=\u00a0\u00bbempty-mobile-single\u00a0\u00bb][vc_widget_sidebar sidebar_id=\u00a0\u00bbabs-meter-pants\u00a0\u00bb][vc_custom_heading text_font=\u00a0\u00bbfont-rubik\u00a0\u00bb text_size=\u00a0\u00bbh3&Prime; text_weight=\u00a0\u00bb500&Prime; text_height=\u00a0\u00bbfontheight-27&Prime; subheading=\u00a0\u00bbS\u00e9lectionnez votre tour de taille en cm en faisant glisser le curseur\u00a0\u00bb el_class=\u00a0\u00bbsubheader-italic\u00a0\u00bb uncode_shortcode_id=\u00a0\u00bb122008&Prime;]Quelle taille choisir ?[\/vc_custom_heading][vc_empty_space empty_h=\u00a0\u00bb3&Prime; el_class=\u00a0\u00bbempty-mobile-single\u00a0\u00bb][vc_widget_sidebar sidebar_id=\u00a0\u00bbsidebar-sizemeter-pants\u00a0\u00bb][\/vc_column][\/vc_row][vc_row row_height_percent=\u00a0\u00bb0&Prime; override_padding=\u00a0\u00bbyes\u00a0\u00bb h_padding=\u00a0\u00bb2&Prime; top_padding=\u00a0\u00bb3&Prime; bottom_padding=\u00a0\u00bb3&Prime; back_color=\u00a0\u00bbcolor-white\u00a0\u00bb overlay_alpha=\u00a0\u00bb50&Prime; gutter_size=\u00a0\u00bb3&Prime; column_width_percent=\u00a0\u00bb100&Prime; shift_y=\u00a0\u00bb0&Prime; z_index=\u00a0\u00bb0&Prime; el_class=\u00a0\u00bbsingle-p\u00a0\u00bb][vc_column column_width_percent=\u00a0\u00bb100&Prime; position_vertical=\u00a0\u00bbmiddle\u00a0\u00bb gutter_size=\u00a0\u00bb3&Prime; overlay_alpha=\u00a0\u00bb50&Prime; shift_x=\u00a0\u00bb0&Prime; shift_y=\u00a0\u00bb0&Prime; shift_y_down=\u00a0\u00bb0&Prime; z_index=\u00a0\u00bb0&Prime; medium_width=\u00a0\u00bb0&Prime; mobile_width=\u00a0\u00bb0&Prime; width=\u00a0\u00bb2\/3&Prime;][vc_custom_heading text_font=\u00a0\u00bbfont-rubik\u00a0\u00bb text_size=\u00a0\u00bbh3&Prime; text_weight=\u00a0\u00bb500&Prime; text_height=\u00a0\u00bbfontheight-27&Prime;]L\u2019indicateur d\u2019humidit\u00e9\u200b[\/vc_custom_heading][vc_column_text]Il n\u2019est pas utile d\u2019ouvrir la protection pour contr\u00f4ler la saturation du produit. En effet, les protections Lille SUPREM sont dot\u00e9es d\u2019un indicateur d\u2019humidit\u00e9. Celui ci vous permet, de l\u2019ext\u00e9rieur, de contr\u00f4ler si la protection doit \u00eatre chang\u00e9e. La ligne jaune se colore en bleu au fur et \u00e0 mesure de la saturation du produit alors que la ligne bleue dispara\u00eet.[\/vc_column_text][\/vc_column][vc_column column_width_percent=\u00a0\u00bb100&Prime; position_vertical=\u00a0\u00bbmiddle\u00a0\u00bb gutter_size=\u00a0\u00bb3&Prime; overlay_alpha=\u00a0\u00bb50&Prime; shift_x=\u00a0\u00bb0&Prime; shift_y=\u00a0\u00bb0&Prime; shift_y_down=\u00a0\u00bb0&Prime; z_index=\u00a0\u00bb0&Prime; medium_width=\u00a0\u00bb0&Prime; mobile_width=\u00a0\u00bb0&Prime; width=\u00a0\u00bb1\/3&Prime;][vc_single_image media=\u00a0\u00bb2786&Prime; media_width_percent=\u00a0\u00bb100&Prime; el_class=\u00a0\u00bblille-image\u00a0\u00bb uncode_shortcode_id=\u00a0\u00bb175313&Prime;][\/vc_column][\/vc_row][vc_row row_height_percent=\u00a0\u00bb0&Prime; override_padding=\u00a0\u00bbyes\u00a0\u00bb h_padding=\u00a0\u00bb0&Prime; top_padding=\u00a0\u00bb0&Prime; bottom_padding=\u00a0\u00bb0&Prime; back_color=\u00a0\u00bbcolor-lgreen\u00a0\u00bb overlay_alpha=\u00a0\u00bb50&Prime; gutter_size=\u00a0\u00bb0&Prime; column_width_percent=\u00a0\u00bb100&Prime; shift_y=\u00a0\u00bb0&Prime; z_index=\u00a0\u00bb0&Prime; inverted_device_order=\u00a0\u00bbyes\u00a0\u00bb el_id=\u00a0\u00bbsingle-howto\u00a0\u00bb el_class=\u00a0\u00bbproduct-how-to single-p suprem-pants\u00a0\u00bb][vc_column column_width_percent=\u00a0\u00bb100&Prime; gutter_size=\u00a0\u00bb3&Prime; overlay_alpha=\u00a0\u00bb50&Prime; shift_x=\u00a0\u00bb0&Prime; shift_y=\u00a0\u00bb0&Prime; shift_y_down=\u00a0\u00bb0&Prime; z_index=\u00a0\u00bb0&Prime; medium_width=\u00a0\u00bb0&Prime; mobile_width=\u00a0\u00bb0&Prime; width=\u00a0\u00bb1\/2&Prime; el_class=\u00a0\u00bbstring-column pd-pm-60&Prime;][vc_row_inner row_inner_height_percent=\u00a0\u00bb0&Prime; overlay_alpha=\u00a0\u00bb50&Prime; gutter_size=\u00a0\u00bb3&Prime; shift_y=\u00a0\u00bb0&Prime; z_index=\u00a0\u00bb0&Prime; el_class=\u00a0\u00bbsolution-block\u00a0\u00bb][vc_column_inner width=\u00a0\u00bb1\/1&Prime;][vc_single_image media=\u00a0\u00bb444&Prime; media_width_percent=\u00a0\u00bb100&Prime; el_class=\u00a0\u00bblille-image howto-img auto-img\u00a0\u00bb][vc_single_image media=\u00a0\u00bb443&Prime; media_width_percent=\u00a0\u00bb100&Prime; el_class=\u00a0\u00bblille-image howto-img auto-img\u00a0\u00bb][vc_single_image media=\u00a0\u00bb442&Prime; media_width_percent=\u00a0\u00bb100&Prime; el_class=\u00a0\u00bblille-image howto-img auto-img\u00a0\u00bb][vc_single_image media=\u00a0\u00bb441&Prime; media_width_percent=\u00a0\u00bb100&Prime; el_class=\u00a0\u00bblille-image howto-img auto-img\u00a0\u00bb][\/vc_column_inner][\/vc_row_inner][\/vc_column][vc_column column_width_percent=\u00a0\u00bb100&Prime; gutter_size=\u00a0\u00bb3&Prime; overlay_alpha=\u00a0\u00bb50&Prime; shift_x=\u00a0\u00bb0&Prime; shift_y=\u00a0\u00bb0&Prime; shift_y_down=\u00a0\u00bb0&Prime; z_index=\u00a0\u00bb0&Prime; medium_width=\u00a0\u00bb0&Prime; mobile_width=\u00a0\u00bb0&Prime; width=\u00a0\u00bb1\/2&Prime; el_class=\u00a0\u00bbstring-text pd-pm-60&Prime;][vc_custom_heading heading_semantic=\u00a0\u00bbh3&Prime; text_font=\u00a0\u00bbfont-poppins\u00a0\u00bb text_size=\u00a0\u00bbh3&Prime; text_weight=\u00a0\u00bb600&Prime; text_height=\u00a0\u00bbfontheight-33&Prime;]Comment enfiler nos protections en images[\/vc_custom_heading][vc_column_text css=\u00a0\u00bb.vc_custom_1623940129286{margin-top: 25px !important;}\u00a0\u00bb]La protection Suprem Pants s\u2019enfile et se retire comme un sous-v\u00eatement classique. Pour la retirer, vous pouvez \u00e9galement d\u00e9chirer les parties lat\u00e9rales comme indiqu\u00e9 ci-contre.[\/vc_column_text][vc_button button_color=\u00a0\u00bbcolor-pblue\u00a0\u00bb border_width=\u00a0\u00bb0&Prime; link=\u00a0\u00bburl:%2Ffr%2Finformations-conseils%2F|title:Information%20%26%20conseils\u00a0\u00bb]Voir nos informations et conseils[\/vc_button][\/vc_column][\/vc_row][vc_row row_height_percent=\u00a0\u00bb0&Prime; override_padding=\u00a0\u00bbyes\u00a0\u00bb h_padding=\u00a0\u00bb2&Prime; top_padding=\u00a0\u00bb3&Prime; bottom_padding=\u00a0\u00bb4&Prime; back_color=\u00a0\u00bbcolor-white\u00a0\u00bb overlay_alpha=\u00a0\u00bb50&Prime; gutter_size=\u00a0\u00bb3&Prime; column_width_percent=\u00a0\u00bb100&Prime; shift_y=\u00a0\u00bb0&Prime; z_index=\u00a0\u00bb0&Prime; el_class=\u00a0\u00bbrelated-products single-p\u00a0\u00bb][vc_column width=\u00a0\u00bb1\/1&Prime;][uncode_block id=\u00a0\u00bb399&Prime; inside_column=\u00a0\u00bbyes\u00a0\u00bb][\/vc_column][\/vc_row]<\/p>\n<\/div>","protected":false},"excerpt":{"rendered":"<p>[vc_row row_height_percent=\u00a0\u00bb0&Prime; override_padding=\u00a0\u00bbyes\u00a0\u00bb h_padding=\u00a0\u00bb2&Prime; top_padding=\u00a0\u00bb0&Prime; bottom_padding=\u00a0\u00bb3&Prime; overlay_alpha=\u00a0\u00bb50&Prime; gutter_size=\u00a0\u00bb3&Prime; column_width_percent=\u00a0\u00bb100&Prime; shift_y=\u00a0\u00bb0&Prime; z_index=\u00a0\u00bb0&Prime; el_class=\u00a0\u00bbhero-section suprem-pants\u00a0\u00bb el_id=\u00a0\u00bbproduct-hero\u00a0\u00bb][vc_column column_width_percent=\u00a0\u00bb100&Prime; gutter_size=\u00a0\u00bb3&Prime; overlay_alpha=\u00a0\u00bb50&Prime; shift_x=\u00a0\u00bb0&Prime; shift_y=\u00a0\u00bb0&Prime; shift_y_down=\u00a0\u00bb0&Prime; [&hellip;]<\/p>\n","protected":false},"author":2,"featured_media":0,"parent":868,"menu_order":0,"comment_status":"closed","ping_status":"closed","template":"","meta":{"footnotes":""},"class_list":["post-1078","page","type-page","status-publish","hentry"],"yoast_head":"<!-- This site is optimized with the Yoast SEO Premium plugin v27.3 (Yoast SEO v27.3) - https:\/\/yoast.com\/product\/yoast-seo-premium-wordpress\/ -->\n<title>Lille SUPREM pants &#183; Lille Healthcare<\/title>\n<meta name=\"description\" content=\"Vous \u00eates autonomes mais n\u2019arrivez pas toujours \u00e0 temps aux toilettes ? Les culottes absorbantes Lille SUPREM pants sont faites pour vous.\" \/>\n<meta name=\"robots\" content=\"index, follow, max-snippet:-1, max-image-preview:large, max-video-preview:-1\" \/>\n<link rel=\"canonical\" href=\"https:\/\/lillehealthcare.com\/fr\/nos-protections\/lille-suprem-pants\/\" \/>\n<meta property=\"og:locale\" content=\"fr_FR\" \/>\n<meta property=\"og:type\" content=\"article\" \/>\n<meta property=\"og:title\" content=\"Lille SUPREM pants\" \/>\n<meta property=\"og:description\" content=\"Vous \u00eates autonomes mais n\u2019arrivez pas toujours \u00e0 temps aux toilettes ? Les culottes absorbantes Lille SUPREM pants sont faites pour vous.\" \/>\n<meta property=\"og:url\" content=\"https:\/\/lillehealthcare.com\/fr\/nos-protections\/lille-suprem-pants\/\" \/>\n<meta property=\"og:site_name\" content=\"Lille Healthcare\" \/>\n<meta property=\"article:modified_time\" content=\"2021-12-07T16:12:15+00:00\" \/>\n<meta property=\"og:image\" content=\"https:\/\/lillehealthcare.com\/wp-content\/uploads\/2021\/05\/hero-couple.jpg\" \/>\n\t<meta property=\"og:image:width\" content=\"960\" \/>\n\t<meta property=\"og:image:height\" content=\"639\" \/>\n\t<meta property=\"og:image:type\" content=\"image\/jpeg\" \/>\n<meta name=\"twitter:card\" content=\"summary_large_image\" \/>\n<meta name=\"twitter:label1\" content=\"Dur\u00e9e de lecture estim\u00e9e\" \/>\n\t<meta name=\"twitter:data1\" content=\"3 minutes\" \/>\n<script type=\"application\/ld+json\" class=\"yoast-schema-graph\">{\"@context\":\"https:\\\/\\\/schema.org\",\"@graph\":[{\"@type\":\"WebPage\",\"@id\":\"https:\\\/\\\/lillehealthcare.com\\\/fr\\\/nos-protections\\\/lille-suprem-pants\\\/\",\"url\":\"https:\\\/\\\/lillehealthcare.com\\\/fr\\\/nos-protections\\\/lille-suprem-pants\\\/\",\"name\":\"Lille SUPREM pants &#183; Lille Healthcare\",\"isPartOf\":{\"@id\":\"https:\\\/\\\/lillehealthcare.com\\\/fr\\\/#website\"},\"datePublished\":\"2021-06-17T14:22:32+00:00\",\"dateModified\":\"2021-12-07T16:12:15+00:00\",\"description\":\"Vous \u00eates autonomes mais n\u2019arrivez pas toujours \u00e0 temps aux toilettes ? Les culottes absorbantes Lille SUPREM pants sont faites pour vous.\",\"breadcrumb\":{\"@id\":\"https:\\\/\\\/lillehealthcare.com\\\/fr\\\/nos-protections\\\/lille-suprem-pants\\\/#breadcrumb\"},\"inLanguage\":\"fr-FR\",\"potentialAction\":[{\"@type\":\"ReadAction\",\"target\":[\"https:\\\/\\\/lillehealthcare.com\\\/fr\\\/nos-protections\\\/lille-suprem-pants\\\/\"]}]},{\"@type\":\"BreadcrumbList\",\"@id\":\"https:\\\/\\\/lillehealthcare.com\\\/fr\\\/nos-protections\\\/lille-suprem-pants\\\/#breadcrumb\",\"itemListElement\":[{\"@type\":\"ListItem\",\"position\":1,\"name\":\"Home\",\"item\":\"https:\\\/\\\/lillehealthcare.com\\\/fr\\\/\"},{\"@type\":\"ListItem\",\"position\":2,\"name\":\"Nos protections\",\"item\":\"https:\\\/\\\/lillehealthcare.com\\\/fr\\\/nos-protections\\\/\"},{\"@type\":\"ListItem\",\"position\":3,\"name\":\"Lille SUPREM pants\"}]},{\"@type\":\"WebSite\",\"@id\":\"https:\\\/\\\/lillehealthcare.com\\\/fr\\\/#website\",\"url\":\"https:\\\/\\\/lillehealthcare.com\\\/fr\\\/\",\"name\":\"Lille Healthcare\",\"description\":\"Incontinence products suitable for everyone\u2019s needs\",\"publisher\":{\"@id\":\"https:\\\/\\\/lillehealthcare.com\\\/fr\\\/#organization\"},\"potentialAction\":[{\"@type\":\"SearchAction\",\"target\":{\"@type\":\"EntryPoint\",\"urlTemplate\":\"https:\\\/\\\/lillehealthcare.com\\\/fr\\\/?s={search_term_string}\"},\"query-input\":{\"@type\":\"PropertyValueSpecification\",\"valueRequired\":true,\"valueName\":\"search_term_string\"}}],\"inLanguage\":\"fr-FR\"},{\"@type\":\"Organization\",\"@id\":\"https:\\\/\\\/lillehealthcare.com\\\/fr\\\/#organization\",\"name\":\"Lille Healthcare\",\"url\":\"https:\\\/\\\/lillehealthcare.com\\\/fr\\\/\",\"logo\":{\"@type\":\"ImageObject\",\"inLanguage\":\"fr-FR\",\"@id\":\"https:\\\/\\\/lillehealthcare.com\\\/fr\\\/#\\\/schema\\\/logo\\\/image\\\/\",\"url\":\"https:\\\/\\\/lillehealthcare.com\\\/wp-content\\\/uploads\\\/2021\\\/05\\\/logoLilleHealthCareCMJN.svg\",\"contentUrl\":\"https:\\\/\\\/lillehealthcare.com\\\/wp-content\\\/uploads\\\/2021\\\/05\\\/logoLilleHealthCareCMJN.svg\",\"width\":100,\"height\":100,\"caption\":\"Lille Healthcare\"},\"image\":{\"@id\":\"https:\\\/\\\/lillehealthcare.com\\\/fr\\\/#\\\/schema\\\/logo\\\/image\\\/\"}}]}<\/script>\n<!-- \/ Yoast SEO Premium plugin. -->","yoast_head_json":{"title":"Lille SUPREM pants &#183; Lille Healthcare","description":"Vous \u00eates autonomes mais n\u2019arrivez pas toujours \u00e0 temps aux toilettes ? Les culottes absorbantes Lille SUPREM pants sont faites pour vous.","robots":{"index":"index","follow":"follow","max-snippet":"max-snippet:-1","max-image-preview":"max-image-preview:large","max-video-preview":"max-video-preview:-1"},"canonical":"https:\/\/lillehealthcare.com\/fr\/nos-protections\/lille-suprem-pants\/","og_locale":"fr_FR","og_type":"article","og_title":"Lille SUPREM pants","og_description":"Vous \u00eates autonomes mais n\u2019arrivez pas toujours \u00e0 temps aux toilettes ? Les culottes absorbantes Lille SUPREM pants sont faites pour vous.","og_url":"https:\/\/lillehealthcare.com\/fr\/nos-protections\/lille-suprem-pants\/","og_site_name":"Lille Healthcare","article_modified_time":"2021-12-07T16:12:15+00:00","og_image":[{"width":960,"height":639,"url":"https:\/\/lillehealthcare.com\/wp-content\/uploads\/2021\/05\/hero-couple.jpg","type":"image\/jpeg"}],"twitter_card":"summary_large_image","twitter_misc":{"Dur\u00e9e de lecture estim\u00e9e":"3 minutes"},"schema":{"@context":"https:\/\/schema.org","@graph":[{"@type":"WebPage","@id":"https:\/\/lillehealthcare.com\/fr\/nos-protections\/lille-suprem-pants\/","url":"https:\/\/lillehealthcare.com\/fr\/nos-protections\/lille-suprem-pants\/","name":"Lille SUPREM pants &#183; Lille Healthcare","isPartOf":{"@id":"https:\/\/lillehealthcare.com\/fr\/#website"},"datePublished":"2021-06-17T14:22:32+00:00","dateModified":"2021-12-07T16:12:15+00:00","description":"Vous \u00eates autonomes mais n\u2019arrivez pas toujours \u00e0 temps aux toilettes ? Les culottes absorbantes Lille SUPREM pants sont faites pour vous.","breadcrumb":{"@id":"https:\/\/lillehealthcare.com\/fr\/nos-protections\/lille-suprem-pants\/#breadcrumb"},"inLanguage":"fr-FR","potentialAction":[{"@type":"ReadAction","target":["https:\/\/lillehealthcare.com\/fr\/nos-protections\/lille-suprem-pants\/"]}]},{"@type":"BreadcrumbList","@id":"https:\/\/lillehealthcare.com\/fr\/nos-protections\/lille-suprem-pants\/#breadcrumb","itemListElement":[{"@type":"ListItem","position":1,"name":"Home","item":"https:\/\/lillehealthcare.com\/fr\/"},{"@type":"ListItem","position":2,"name":"Nos protections","item":"https:\/\/lillehealthcare.com\/fr\/nos-protections\/"},{"@type":"ListItem","position":3,"name":"Lille SUPREM pants"}]},{"@type":"WebSite","@id":"https:\/\/lillehealthcare.com\/fr\/#website","url":"https:\/\/lillehealthcare.com\/fr\/","name":"Lille Healthcare","description":"Incontinence products suitable for everyone\u2019s needs","publisher":{"@id":"https:\/\/lillehealthcare.com\/fr\/#organization"},"potentialAction":[{"@type":"SearchAction","target":{"@type":"EntryPoint","urlTemplate":"https:\/\/lillehealthcare.com\/fr\/?s={search_term_string}"},"query-input":{"@type":"PropertyValueSpecification","valueRequired":true,"valueName":"search_term_string"}}],"inLanguage":"fr-FR"},{"@type":"Organization","@id":"https:\/\/lillehealthcare.com\/fr\/#organization","name":"Lille Healthcare","url":"https:\/\/lillehealthcare.com\/fr\/","logo":{"@type":"ImageObject","inLanguage":"fr-FR","@id":"https:\/\/lillehealthcare.com\/fr\/#\/schema\/logo\/image\/","url":"https:\/\/lillehealthcare.com\/wp-content\/uploads\/2021\/05\/logoLilleHealthCareCMJN.svg","contentUrl":"https:\/\/lillehealthcare.com\/wp-content\/uploads\/2021\/05\/logoLilleHealthCareCMJN.svg","width":100,"height":100,"caption":"Lille Healthcare"},"image":{"@id":"https:\/\/lillehealthcare.com\/fr\/#\/schema\/logo\/image\/"}}]}},"_links":{"self":[{"href":"https:\/\/lillehealthcare.com\/fr\/wp-json\/wp\/v2\/pages\/1078","targetHints":{"allow":["GET"]}}],"collection":[{"href":"https:\/\/lillehealthcare.com\/fr\/wp-json\/wp\/v2\/pages"}],"about":[{"href":"https:\/\/lillehealthcare.com\/fr\/wp-json\/wp\/v2\/types\/page"}],"author":[{"embeddable":true,"href":"https:\/\/lillehealthcare.com\/fr\/wp-json\/wp\/v2\/users\/2"}],"replies":[{"embeddable":true,"href":"https:\/\/lillehealthcare.com\/fr\/wp-json\/wp\/v2\/comments?post=1078"}],"version-history":[{"count":0,"href":"https:\/\/lillehealthcare.com\/fr\/wp-json\/wp\/v2\/pages\/1078\/revisions"}],"up":[{"embeddable":true,"href":"https:\/\/lillehealthcare.com\/fr\/wp-json\/wp\/v2\/pages\/868"}],"wp:attachment":[{"href":"https:\/\/lillehealthcare.com\/fr\/wp-json\/wp\/v2\/media?parent=1078"}],"curies":[{"name":"wp","href":"https:\/\/api.w.org\/{rel}","templated":true}]}}