{"id":1064,"date":"2021-06-17T16:17:46","date_gmt":"2021-06-17T14:17:46","guid":{"rendered":"https:\/\/lille.wpengine.com\/our-products\/lille-suprem-light\/"},"modified":"2021-09-22T13:53:03","modified_gmt":"2021-09-22T11:53:03","slug":"lille-suprem-light","status":"publish","type":"page","link":"https:\/\/lillehealthcare.com\/fr\/nos-protections\/lille-suprem-light\/","title":{"rendered":"Lille SUPREM light"},"content":{"rendered":"<div class=\"wpb-content-wrapper\"><p>[vc_row row_height_percent=\u00a0\u00bb0&Prime; override_padding=\u00a0\u00bbyes\u00a0\u00bb h_padding=\u00a0\u00bb2&Prime; top_padding=\u00a0\u00bb0&Prime; bottom_padding=\u00a0\u00bb3&Prime; overlay_alpha=\u00a0\u00bb50&Prime; gutter_size=\u00a0\u00bb3&Prime; column_width_percent=\u00a0\u00bb100&Prime; shift_y=\u00a0\u00bb0&Prime; z_index=\u00a0\u00bb0&Prime; el_class=\u00a0\u00bbhero-section suprem-light\u00a0\u00bb el_id=\u00a0\u00bbproduct-hero\u00a0\u00bb][vc_column column_width_percent=\u00a0\u00bb100&Prime; gutter_size=\u00a0\u00bb3&Prime; overlay_alpha=\u00a0\u00bb50&Prime; shift_x=\u00a0\u00bb0&Prime; shift_y=\u00a0\u00bb0&Prime; shift_y_down=\u00a0\u00bb0&Prime; z_index=\u00a0\u00bb0&Prime; medium_width=\u00a0\u00bb0&Prime; mobile_width=\u00a0\u00bb0&Prime; width=\u00a0\u00bb1\/2&Prime; el_class=\u00a0\u00bbimage-column\u00a0\u00bb][vc_single_image media=\u00a0\u00bb2196&Prime; media_width_percent=\u00a0\u00bb100&Prime; alignment=\u00a0\u00bbcenter\u00a0\u00bb el_class=\u00a0\u00bblille-image\u00a0\u00bb][\/vc_column][vc_column column_width_percent=\u00a0\u00bb100&Prime; gutter_size=\u00a0\u00bb3&Prime; overlay_alpha=\u00a0\u00bb50&Prime; shift_x=\u00a0\u00bb0&Prime; shift_y=\u00a0\u00bb0&Prime; shift_y_down=\u00a0\u00bb0&Prime; z_index=\u00a0\u00bb0&Prime; medium_width=\u00a0\u00bb0&Prime; mobile_width=\u00a0\u00bb0&Prime; width=\u00a0\u00bb1\/2&Prime; el_class=\u00a0\u00bbhero-text\u00a0\u00bb css=\u00a0\u00bb.vc_custom_1623497675973{padding-bottom: 47px !important;}\u00a0\u00bb][uncode_block id=\u00a0\u00bb87&Prime; inside_column=\u00a0\u00bbyes\u00a0\u00bb][vc_custom_heading heading_semantic=\u00a0\u00bbh1&Prime; text_size=\u00a0\u00bbh1&Prime; text_weight=\u00a0\u00bb400&Prime; text_height=\u00a0\u00bbfontheight-57&Prime; sub_lead=\u00a0\u00bbyes\u00a0\u00bb el_class=\u00a0\u00bbsubheader\u00a0\u00bb]<strong>SUPREM<\/strong> light[\/vc_custom_heading][vc_raw_html el_class=\u00a0\u00bbsingle-product-tags\u00a0\u00bb]JTNDc3BhbiUyMGNsYXNzJTNEJTIycC10YWclMjBmZW1hbGUlMjIlM0VGZW1tZSUzQyUyRnNwYW4lM0UlMEElM0NzcGFuJTIwY2xhc3MlM0QlMjJwLXRhZyUyMGFjdGl2aXR5JTIyJTNFUGVyc29ubmUlMjBhY3RpdmUlM0MlMkZzcGFuJTNF[\/vc_raw_html][vc_column_text el_class=\u00a0\u00bbreg-text leader-text anchor-text\u00a0\u00bb]Protection adapt\u00e9e aux fuites urinaires l\u00e9g\u00e8res et passag\u00e8res.<br \/>\nElle convient aux femmes autonomes et actives.<\/p>\n<p>Les protections Lille SUPREM light sont tr\u00e8s minces et garanties anti-odeur afin d\u2019assurer une discr\u00e9tion parfaite. Elles sont n\u00e9anmoins tr\u00e8s absorbantes et assurent une s\u00e9curit\u00e9 anti-fuites. L\u2019association parfaite entre discr\u00e9tion, confort et s\u00e9curit\u00e9.<\/p>\n<p>Ces protections sont 100% respirables et hypoallerg\u00e9niques pour un meilleur respect de la peau.[\/vc_column_text][\/vc_column][\/vc_row][vc_row][vc_column width=\u00a0\u00bb1\/1&Prime;][uncode_block id=\u00a0\u00bb426&Prime;][\/vc_column][\/vc_row][vc_row row_height_percent=\u00a0\u00bb0&Prime; override_padding=\u00a0\u00bbyes\u00a0\u00bb h_padding=\u00a0\u00bb2&Prime; top_padding=\u00a0\u00bb3&Prime; bottom_padding=\u00a0\u00bb2&Prime; back_color=\u00a0\u00bbcolor-white\u00a0\u00bb overlay_alpha=\u00a0\u00bb50&Prime; gutter_size=\u00a0\u00bb3&Prime; column_width_percent=\u00a0\u00bb100&Prime; shift_y=\u00a0\u00bb0&Prime; z_index=\u00a0\u00bb0&Prime; el_class=\u00a0\u00bbsingle-p\u00a0\u00bb uncode_shortcode_id=\u00a0\u00bb194687&Prime; back_color_type=\u00a0\u00bbuncode-palette\u00a0\u00bb][vc_column column_width_percent=\u00a0\u00bb100&Prime; gutter_size=\u00a0\u00bb0&Prime; override_padding=\u00a0\u00bbyes\u00a0\u00bb column_padding=\u00a0\u00bb0&Prime; overlay_alpha=\u00a0\u00bb50&Prime; shift_x=\u00a0\u00bb0&Prime; shift_y=\u00a0\u00bb0&Prime; shift_y_down=\u00a0\u00bb0&Prime; z_index=\u00a0\u00bb0&Prime; medium_width=\u00a0\u00bb0&Prime; mobile_width=\u00a0\u00bb0&Prime; width=\u00a0\u00bb1\/1&Prime;][vc_custom_heading text_font=\u00a0\u00bbfont-rubik\u00a0\u00bb text_size=\u00a0\u00bbh3&Prime; text_weight=\u00a0\u00bb500&Prime; text_height=\u00a0\u00bbfontheight-27&Prime; subheading=\u00a0\u00bbS\u00e9lectionnez le niveau d\u2019absorption souhait\u00e9 en faisant glisser le curseur\u00a0\u00bb el_class=\u00a0\u00bbsubheader-italic\u00a0\u00bb uncode_shortcode_id=\u00a0\u00bb122312&Prime;]Quel niveau d&rsquo;absorption choisir ?[\/vc_custom_heading][vc_empty_space empty_h=\u00a0\u00bb3&Prime; el_class=\u00a0\u00bbempty-mobile-single\u00a0\u00bb][vc_widget_sidebar sidebar_id=\u00a0\u00bbabs-meter-light\u00a0\u00bb][\/vc_column][\/vc_row][vc_row row_height_percent=\u00a0\u00bb0&Prime; override_padding=\u00a0\u00bbyes\u00a0\u00bb h_padding=\u00a0\u00bb0&Prime; top_padding=\u00a0\u00bb0&Prime; bottom_padding=\u00a0\u00bb3&Prime; back_color=\u00a0\u00bbcolor-lgreen\u00a0\u00bb overlay_alpha=\u00a0\u00bb50&Prime; gutter_size=\u00a0\u00bb0&Prime; column_width_percent=\u00a0\u00bb100&Prime; shift_y=\u00a0\u00bb0&Prime; z_index=\u00a0\u00bb0&Prime; inverted_device_order=\u00a0\u00bbyes\u00a0\u00bb el_id=\u00a0\u00bbsingle-howto\u00a0\u00bb el_class=\u00a0\u00bbproduct-how-to single-p suprem-light\u00a0\u00bb][vc_column column_width_percent=\u00a0\u00bb100&Prime; gutter_size=\u00a0\u00bb3&Prime; overlay_alpha=\u00a0\u00bb50&Prime; shift_x=\u00a0\u00bb0&Prime; shift_y=\u00a0\u00bb0&Prime; shift_y_down=\u00a0\u00bb0&Prime; z_index=\u00a0\u00bb0&Prime; medium_width=\u00a0\u00bb0&Prime; mobile_width=\u00a0\u00bb0&Prime; width=\u00a0\u00bb2\/3&Prime; el_class=\u00a0\u00bbstring-column\u00a0\u00bb][\/vc_column][vc_column column_width_percent=\u00a0\u00bb100&Prime; position_vertical=\u00a0\u00bbmiddle\u00a0\u00bb gutter_size=\u00a0\u00bb3&Prime; overlay_alpha=\u00a0\u00bb50&Prime; shift_x=\u00a0\u00bb0&Prime; shift_y=\u00a0\u00bb0&Prime; shift_y_down=\u00a0\u00bb0&Prime; z_index=\u00a0\u00bb0&Prime; medium_width=\u00a0\u00bb0&Prime; mobile_width=\u00a0\u00bb0&Prime; width=\u00a0\u00bb1\/3&Prime; css=\u00a0\u00bb.vc_custom_1622027587418{padding-top: 36px !important;}\u00a0\u00bb el_class=\u00a0\u00bbmobile-padding\u00a0\u00bb][vc_custom_heading heading_semantic=\u00a0\u00bbh3&Prime; text_font=\u00a0\u00bbfont-poppins\u00a0\u00bb text_size=\u00a0\u00bbh3&Prime; text_weight=\u00a0\u00bb600&Prime; text_height=\u00a0\u00bbfontheight-33&Prime;]Comment enfiler nos protections en images[\/vc_custom_heading][vc_column_text css=\u00a0\u00bb.vc_custom_1623939660261{margin-top: 25px !important;}\u00a0\u00bb]Une fois la protection retir\u00e9e de son emballage, lui donner une forme de goutti\u00e8re puis enlever le papier prot\u00e9geant la partie adh\u00e9sive de la protection. Il ne reste plus qu\u2019\u00e0 placer la protection dans le sous-v\u00eatement comme indiqu\u00e9 ci-contre.\u200b[\/vc_column_text][vc_button button_color=\u00a0\u00bbcolor-pblue\u00a0\u00bb border_width=\u00a0\u00bb0&Prime; link=\u00a0\u00bburl:%2Ffr%2Finformations-conseils%2F|title:Information%20%26%20conseils\u00a0\u00bb]Voir nos informations et conseils[\/vc_button][\/vc_column][\/vc_row][vc_row row_height_percent=\u00a0\u00bb0&Prime; override_padding=\u00a0\u00bbyes\u00a0\u00bb h_padding=\u00a0\u00bb2&Prime; top_padding=\u00a0\u00bb3&Prime; bottom_padding=\u00a0\u00bb4&Prime; back_color=\u00a0\u00bbcolor-white\u00a0\u00bb overlay_alpha=\u00a0\u00bb50&Prime; gutter_size=\u00a0\u00bb3&Prime; column_width_percent=\u00a0\u00bb100&Prime; shift_y=\u00a0\u00bb0&Prime; z_index=\u00a0\u00bb0&Prime; el_class=\u00a0\u00bbrelated-products single-p\u00a0\u00bb][vc_column width=\u00a0\u00bb1\/1&Prime;][uncode_block id=\u00a0\u00bb399&Prime; inside_column=\u00a0\u00bbyes\u00a0\u00bb][\/vc_column][\/vc_row]<\/p>\n<\/div>","protected":false},"excerpt":{"rendered":"<p>[vc_row row_height_percent=\u00a0\u00bb0&Prime; override_padding=\u00a0\u00bbyes\u00a0\u00bb h_padding=\u00a0\u00bb2&Prime; top_padding=\u00a0\u00bb0&Prime; bottom_padding=\u00a0\u00bb3&Prime; overlay_alpha=\u00a0\u00bb50&Prime; gutter_size=\u00a0\u00bb3&Prime; column_width_percent=\u00a0\u00bb100&Prime; shift_y=\u00a0\u00bb0&Prime; z_index=\u00a0\u00bb0&Prime; el_class=\u00a0\u00bbhero-section suprem-light\u00a0\u00bb el_id=\u00a0\u00bbproduct-hero\u00a0\u00bb][vc_column column_width_percent=\u00a0\u00bb100&Prime; gutter_size=\u00a0\u00bb3&Prime; overlay_alpha=\u00a0\u00bb50&Prime; shift_x=\u00a0\u00bb0&Prime; shift_y=\u00a0\u00bb0&Prime; shift_y_down=\u00a0\u00bb0&Prime; [&hellip;]<\/p>\n","protected":false},"author":2,"featured_media":0,"parent":868,"menu_order":0,"comment_status":"closed","ping_status":"closed","template":"","meta":{"footnotes":""},"class_list":["post-1064","page","type-page","status-publish","hentry"],"yoast_head":"<!-- This site is optimized with the Yoast SEO Premium plugin v27.4 (Yoast SEO v27.4) - https:\/\/yoast.com\/product\/yoast-seo-premium-wordpress\/ -->\n<title>Lille SUPREM light &#183; Lille Healthcare<\/title>\n<meta name=\"description\" content=\"Vous \u00eates une femme \u00e0 la recherche d\u2019une protection id\u00e9ale, discr\u00e8te\u202fet efficace? Nous avons ce qu\u2019il vous faut. D\u00e9couvrez la protection Lille SUPREM light.\" \/>\n<meta name=\"robots\" content=\"index, follow, max-snippet:-1, max-image-preview:large, max-video-preview:-1\" \/>\n<link rel=\"canonical\" href=\"https:\/\/lillehealthcare.com\/fr\/nos-protections\/lille-suprem-light\/\" \/>\n<meta property=\"og:locale\" content=\"fr_FR\" \/>\n<meta property=\"og:type\" content=\"article\" \/>\n<meta property=\"og:title\" content=\"Lille SUPREM light\" \/>\n<meta property=\"og:description\" content=\"Vous \u00eates une femme \u00e0 la recherche d\u2019une protection id\u00e9ale, discr\u00e8te\u202fet efficace? Nous avons ce qu\u2019il vous faut. D\u00e9couvrez la protection Lille SUPREM light.\" \/>\n<meta property=\"og:url\" content=\"https:\/\/lillehealthcare.com\/fr\/nos-protections\/lille-suprem-light\/\" \/>\n<meta property=\"og:site_name\" content=\"Lille Healthcare\" \/>\n<meta property=\"article:modified_time\" content=\"2021-09-22T11:53:03+00:00\" \/>\n<meta property=\"og:image\" content=\"https:\/\/lillehealthcare.com\/wp-content\/uploads\/2021\/05\/hero-couple.jpg\" \/>\n\t<meta property=\"og:image:width\" content=\"960\" \/>\n\t<meta property=\"og:image:height\" content=\"639\" \/>\n\t<meta property=\"og:image:type\" content=\"image\/jpeg\" \/>\n<meta name=\"twitter:card\" content=\"summary_large_image\" \/>\n<meta name=\"twitter:label1\" content=\"Dur\u00e9e de lecture estim\u00e9e\" \/>\n\t<meta name=\"twitter:data1\" content=\"2 minutes\" \/>\n<script type=\"application\/ld+json\" class=\"yoast-schema-graph\">{\"@context\":\"https:\\\/\\\/schema.org\",\"@graph\":[{\"@type\":\"WebPage\",\"@id\":\"https:\\\/\\\/lillehealthcare.com\\\/fr\\\/nos-protections\\\/lille-suprem-light\\\/\",\"url\":\"https:\\\/\\\/lillehealthcare.com\\\/fr\\\/nos-protections\\\/lille-suprem-light\\\/\",\"name\":\"Lille SUPREM light &#183; Lille Healthcare\",\"isPartOf\":{\"@id\":\"https:\\\/\\\/lillehealthcare.com\\\/fr\\\/#website\"},\"datePublished\":\"2021-06-17T14:17:46+00:00\",\"dateModified\":\"2021-09-22T11:53:03+00:00\",\"description\":\"Vous \u00eates une femme \u00e0 la recherche d\u2019une protection id\u00e9ale, discr\u00e8te\u202fet efficace? Nous avons ce qu\u2019il vous faut. D\u00e9couvrez la protection Lille SUPREM light.\",\"breadcrumb\":{\"@id\":\"https:\\\/\\\/lillehealthcare.com\\\/fr\\\/nos-protections\\\/lille-suprem-light\\\/#breadcrumb\"},\"inLanguage\":\"fr-FR\",\"potentialAction\":[{\"@type\":\"ReadAction\",\"target\":[\"https:\\\/\\\/lillehealthcare.com\\\/fr\\\/nos-protections\\\/lille-suprem-light\\\/\"]}]},{\"@type\":\"BreadcrumbList\",\"@id\":\"https:\\\/\\\/lillehealthcare.com\\\/fr\\\/nos-protections\\\/lille-suprem-light\\\/#breadcrumb\",\"itemListElement\":[{\"@type\":\"ListItem\",\"position\":1,\"name\":\"Home\",\"item\":\"https:\\\/\\\/lillehealthcare.com\\\/fr\\\/\"},{\"@type\":\"ListItem\",\"position\":2,\"name\":\"Nos protections\",\"item\":\"https:\\\/\\\/lillehealthcare.com\\\/fr\\\/nos-protections\\\/\"},{\"@type\":\"ListItem\",\"position\":3,\"name\":\"Lille SUPREM light\"}]},{\"@type\":\"WebSite\",\"@id\":\"https:\\\/\\\/lillehealthcare.com\\\/fr\\\/#website\",\"url\":\"https:\\\/\\\/lillehealthcare.com\\\/fr\\\/\",\"name\":\"Lille Healthcare\",\"description\":\"Incontinence products suitable for everyone\u2019s needs\",\"publisher\":{\"@id\":\"https:\\\/\\\/lillehealthcare.com\\\/fr\\\/#organization\"},\"potentialAction\":[{\"@type\":\"SearchAction\",\"target\":{\"@type\":\"EntryPoint\",\"urlTemplate\":\"https:\\\/\\\/lillehealthcare.com\\\/fr\\\/?s={search_term_string}\"},\"query-input\":{\"@type\":\"PropertyValueSpecification\",\"valueRequired\":true,\"valueName\":\"search_term_string\"}}],\"inLanguage\":\"fr-FR\"},{\"@type\":\"Organization\",\"@id\":\"https:\\\/\\\/lillehealthcare.com\\\/fr\\\/#organization\",\"name\":\"Lille Healthcare\",\"url\":\"https:\\\/\\\/lillehealthcare.com\\\/fr\\\/\",\"logo\":{\"@type\":\"ImageObject\",\"inLanguage\":\"fr-FR\",\"@id\":\"https:\\\/\\\/lillehealthcare.com\\\/fr\\\/#\\\/schema\\\/logo\\\/image\\\/\",\"url\":\"https:\\\/\\\/lillehealthcare.com\\\/wp-content\\\/uploads\\\/2021\\\/05\\\/logoLilleHealthCareCMJN.svg\",\"contentUrl\":\"https:\\\/\\\/lillehealthcare.com\\\/wp-content\\\/uploads\\\/2021\\\/05\\\/logoLilleHealthCareCMJN.svg\",\"width\":100,\"height\":100,\"caption\":\"Lille Healthcare\"},\"image\":{\"@id\":\"https:\\\/\\\/lillehealthcare.com\\\/fr\\\/#\\\/schema\\\/logo\\\/image\\\/\"}}]}<\/script>\n<!-- \/ Yoast SEO Premium plugin. -->","yoast_head_json":{"title":"Lille SUPREM light &#183; Lille Healthcare","description":"Vous \u00eates une femme \u00e0 la recherche d\u2019une protection id\u00e9ale, discr\u00e8te\u202fet efficace? Nous avons ce qu\u2019il vous faut. D\u00e9couvrez la protection Lille SUPREM light.","robots":{"index":"index","follow":"follow","max-snippet":"max-snippet:-1","max-image-preview":"max-image-preview:large","max-video-preview":"max-video-preview:-1"},"canonical":"https:\/\/lillehealthcare.com\/fr\/nos-protections\/lille-suprem-light\/","og_locale":"fr_FR","og_type":"article","og_title":"Lille SUPREM light","og_description":"Vous \u00eates une femme \u00e0 la recherche d\u2019une protection id\u00e9ale, discr\u00e8te\u202fet efficace? Nous avons ce qu\u2019il vous faut. D\u00e9couvrez la protection Lille SUPREM light.","og_url":"https:\/\/lillehealthcare.com\/fr\/nos-protections\/lille-suprem-light\/","og_site_name":"Lille Healthcare","article_modified_time":"2021-09-22T11:53:03+00:00","og_image":[{"width":960,"height":639,"url":"https:\/\/lillehealthcare.com\/wp-content\/uploads\/2021\/05\/hero-couple.jpg","type":"image\/jpeg"}],"twitter_card":"summary_large_image","twitter_misc":{"Dur\u00e9e de lecture estim\u00e9e":"2 minutes"},"schema":{"@context":"https:\/\/schema.org","@graph":[{"@type":"WebPage","@id":"https:\/\/lillehealthcare.com\/fr\/nos-protections\/lille-suprem-light\/","url":"https:\/\/lillehealthcare.com\/fr\/nos-protections\/lille-suprem-light\/","name":"Lille SUPREM light &#183; Lille Healthcare","isPartOf":{"@id":"https:\/\/lillehealthcare.com\/fr\/#website"},"datePublished":"2021-06-17T14:17:46+00:00","dateModified":"2021-09-22T11:53:03+00:00","description":"Vous \u00eates une femme \u00e0 la recherche d\u2019une protection id\u00e9ale, discr\u00e8te\u202fet efficace? Nous avons ce qu\u2019il vous faut. D\u00e9couvrez la protection Lille SUPREM light.","breadcrumb":{"@id":"https:\/\/lillehealthcare.com\/fr\/nos-protections\/lille-suprem-light\/#breadcrumb"},"inLanguage":"fr-FR","potentialAction":[{"@type":"ReadAction","target":["https:\/\/lillehealthcare.com\/fr\/nos-protections\/lille-suprem-light\/"]}]},{"@type":"BreadcrumbList","@id":"https:\/\/lillehealthcare.com\/fr\/nos-protections\/lille-suprem-light\/#breadcrumb","itemListElement":[{"@type":"ListItem","position":1,"name":"Home","item":"https:\/\/lillehealthcare.com\/fr\/"},{"@type":"ListItem","position":2,"name":"Nos protections","item":"https:\/\/lillehealthcare.com\/fr\/nos-protections\/"},{"@type":"ListItem","position":3,"name":"Lille SUPREM light"}]},{"@type":"WebSite","@id":"https:\/\/lillehealthcare.com\/fr\/#website","url":"https:\/\/lillehealthcare.com\/fr\/","name":"Lille Healthcare","description":"Incontinence products suitable for everyone\u2019s needs","publisher":{"@id":"https:\/\/lillehealthcare.com\/fr\/#organization"},"potentialAction":[{"@type":"SearchAction","target":{"@type":"EntryPoint","urlTemplate":"https:\/\/lillehealthcare.com\/fr\/?s={search_term_string}"},"query-input":{"@type":"PropertyValueSpecification","valueRequired":true,"valueName":"search_term_string"}}],"inLanguage":"fr-FR"},{"@type":"Organization","@id":"https:\/\/lillehealthcare.com\/fr\/#organization","name":"Lille Healthcare","url":"https:\/\/lillehealthcare.com\/fr\/","logo":{"@type":"ImageObject","inLanguage":"fr-FR","@id":"https:\/\/lillehealthcare.com\/fr\/#\/schema\/logo\/image\/","url":"https:\/\/lillehealthcare.com\/wp-content\/uploads\/2021\/05\/logoLilleHealthCareCMJN.svg","contentUrl":"https:\/\/lillehealthcare.com\/wp-content\/uploads\/2021\/05\/logoLilleHealthCareCMJN.svg","width":100,"height":100,"caption":"Lille Healthcare"},"image":{"@id":"https:\/\/lillehealthcare.com\/fr\/#\/schema\/logo\/image\/"}}]}},"_links":{"self":[{"href":"https:\/\/lillehealthcare.com\/fr\/wp-json\/wp\/v2\/pages\/1064","targetHints":{"allow":["GET"]}}],"collection":[{"href":"https:\/\/lillehealthcare.com\/fr\/wp-json\/wp\/v2\/pages"}],"about":[{"href":"https:\/\/lillehealthcare.com\/fr\/wp-json\/wp\/v2\/types\/page"}],"author":[{"embeddable":true,"href":"https:\/\/lillehealthcare.com\/fr\/wp-json\/wp\/v2\/users\/2"}],"replies":[{"embeddable":true,"href":"https:\/\/lillehealthcare.com\/fr\/wp-json\/wp\/v2\/comments?post=1064"}],"version-history":[{"count":0,"href":"https:\/\/lillehealthcare.com\/fr\/wp-json\/wp\/v2\/pages\/1064\/revisions"}],"up":[{"embeddable":true,"href":"https:\/\/lillehealthcare.com\/fr\/wp-json\/wp\/v2\/pages\/868"}],"wp:attachment":[{"href":"https:\/\/lillehealthcare.com\/fr\/wp-json\/wp\/v2\/media?parent=1064"}],"curies":[{"name":"wp","href":"https:\/\/api.w.org\/{rel}","templated":true}]}}