{"id":1002,"date":"2021-06-17T16:10:32","date_gmt":"2021-06-17T14:10:32","guid":{"rendered":"https:\/\/lille.wpengine.com\/our-products\/lille-suprem-formen\/"},"modified":"2021-09-22T14:29:26","modified_gmt":"2021-09-22T12:29:26","slug":"lille-suprem-formen","status":"publish","type":"page","link":"https:\/\/lillehealthcare.com\/fr\/nos-protections\/lille-suprem-formen\/","title":{"rendered":"Lille SUPREM forMen"},"content":{"rendered":"<div class=\"wpb-content-wrapper\"><p>[vc_row row_height_percent=\u00a0\u00bb0&Prime; override_padding=\u00a0\u00bbyes\u00a0\u00bb h_padding=\u00a0\u00bb2&Prime; top_padding=\u00a0\u00bb0&Prime; bottom_padding=\u00a0\u00bb3&Prime; overlay_alpha=\u00a0\u00bb50&Prime; gutter_size=\u00a0\u00bb3&Prime; column_width_percent=\u00a0\u00bb100&Prime; shift_y=\u00a0\u00bb0&Prime; z_index=\u00a0\u00bb0&Prime; el_class=\u00a0\u00bbhero-section formen\u00a0\u00bb el_id=\u00a0\u00bbproduct-hero\u00a0\u00bb][vc_column column_width_percent=\u00a0\u00bb100&Prime; gutter_size=\u00a0\u00bb3&Prime; overlay_alpha=\u00a0\u00bb50&Prime; shift_x=\u00a0\u00bb0&Prime; shift_y=\u00a0\u00bb0&Prime; shift_y_down=\u00a0\u00bb0&Prime; z_index=\u00a0\u00bb0&Prime; medium_width=\u00a0\u00bb0&Prime; mobile_width=\u00a0\u00bb0&Prime; width=\u00a0\u00bb1\/2&Prime; el_class=\u00a0\u00bbimage-column\u00a0\u00bb][vc_single_image media=\u00a0\u00bb2207&Prime; media_width_percent=\u00a0\u00bb100&Prime; alignment=\u00a0\u00bbcenter\u00a0\u00bb el_class=\u00a0\u00bbsingle-prod-image\u00a0\u00bb][\/vc_column][vc_column column_width_percent=\u00a0\u00bb100&Prime; gutter_size=\u00a0\u00bb3&Prime; overlay_alpha=\u00a0\u00bb50&Prime; shift_x=\u00a0\u00bb0&Prime; shift_y=\u00a0\u00bb0&Prime; shift_y_down=\u00a0\u00bb0&Prime; z_index=\u00a0\u00bb0&Prime; medium_width=\u00a0\u00bb0&Prime; mobile_width=\u00a0\u00bb0&Prime; width=\u00a0\u00bb1\/2&Prime; el_class=\u00a0\u00bbhero-text\u00a0\u00bb css=\u00a0\u00bb.vc_custom_1623497675973{padding-bottom: 47px !important;}\u00a0\u00bb][uncode_block id=\u00a0\u00bb87&Prime; inside_column=\u00a0\u00bbyes\u00a0\u00bb][vc_custom_heading heading_semantic=\u00a0\u00bbh1&Prime; text_size=\u00a0\u00bbh1&Prime; text_weight=\u00a0\u00bb400&Prime; text_height=\u00a0\u00bbfontheight-57&Prime; sub_lead=\u00a0\u00bbyes\u00a0\u00bb el_class=\u00a0\u00bbsubheader\u00a0\u00bb]<strong>SUPREM<\/strong> forMen[\/vc_custom_heading][vc_raw_html el_class=\u00a0\u00bbsingle-product-tags\u00a0\u00bb]JTNDc3BhbiUyMGNsYXNzJTNEJTIycC10YWclMjBtYWxlJTIyJTNFSG9tbWUlM0MlMkZzcGFuJTNFJTBBJTNDc3BhbiUyMGNsYXNzJTNEJTIycC10YWclMjBhY3Rpdml0eSUyMiUzRVBlcnNvbm5lJTIwYWN0aXZlJTNDJTJGc3BhbiUzRQ==[\/vc_raw_html][vc_column_text el_class=\u00a0\u00bbreg-text leader-text anchor-text\u00a0\u00bb]Protection adapt\u00e9e aux fuites urinaires l\u00e9g\u00e8res \u00e0 mod\u00e9r\u00e9es.<br \/>\nElle est sp\u00e9cialement con\u00e7ue pour s\u2019adapter \u00e0 l\u2019anatomie masculine.<\/p>\n<p>La gamme Lille SUPREM forMen propose deux formes anatomiques diff\u00e9rentes permettant \u00e0 chacun de choisir la protection la plus confortable et la plus adapt\u00e9e. \u200bSon syst\u00e8me anti-odeur associ\u00e9 \u00e0 sa forme anatomique permettent \u00e0 cette protection de garantir discr\u00e9tion et s\u00e9curit\u00e9 anti-fuites\u200b.<\/p>\n<p>Ces protections sont 100% respirables et hypoallerg\u00e9niques pour un meilleur respect de la peau.[\/vc_column_text][\/vc_column][\/vc_row][vc_row][vc_column width=\u00a0\u00bb1\/1&Prime;][uncode_block id=\u00a0\u00bb426&Prime;][\/vc_column][\/vc_row][vc_row row_height_percent=\u00a0\u00bb0&Prime; override_padding=\u00a0\u00bbyes\u00a0\u00bb h_padding=\u00a0\u00bb2&Prime; top_padding=\u00a0\u00bb3&Prime; bottom_padding=\u00a0\u00bb2&Prime; back_color=\u00a0\u00bbcolor-white\u00a0\u00bb overlay_alpha=\u00a0\u00bb50&Prime; gutter_size=\u00a0\u00bb3&Prime; column_width_percent=\u00a0\u00bb100&Prime; shift_y=\u00a0\u00bb0&Prime; z_index=\u00a0\u00bb0&Prime; el_class=\u00a0\u00bbsingle-p\u00a0\u00bb][vc_column column_width_percent=\u00a0\u00bb100&Prime; gutter_size=\u00a0\u00bb0&Prime; override_padding=\u00a0\u00bbyes\u00a0\u00bb column_padding=\u00a0\u00bb0&Prime; overlay_alpha=\u00a0\u00bb50&Prime; shift_x=\u00a0\u00bb0&Prime; shift_y=\u00a0\u00bb0&Prime; shift_y_down=\u00a0\u00bb0&Prime; z_index=\u00a0\u00bb0&Prime; medium_width=\u00a0\u00bb0&Prime; mobile_width=\u00a0\u00bb0&Prime; width=\u00a0\u00bb1\/1&Prime;][vc_custom_heading text_font=\u00a0\u00bbfont-rubik\u00a0\u00bb text_size=\u00a0\u00bbh3&Prime; text_weight=\u00a0\u00bb500&Prime; text_height=\u00a0\u00bbfontheight-27&Prime; subheading=\u00a0\u00bbS\u00e9lectionnez le niveau d\u2019absorption souhait\u00e9 en faisant glisser le curseur\u00a0\u00bb el_class=\u00a0\u00bbsubheader-italic\u00a0\u00bb uncode_shortcode_id=\u00a0\u00bb154542&Prime;]Quel niveau d&rsquo;absorption choisir ?[\/vc_custom_heading][vc_empty_space empty_h=\u00a0\u00bb3&Prime; el_class=\u00a0\u00bbempty-mobile-single\u00a0\u00bb][vc_widget_sidebar sidebar_id=\u00a0\u00bbabs-meter-formen\u00a0\u00bb][\/vc_column][\/vc_row][vc_row row_height_percent=\u00a0\u00bb0&Prime; override_padding=\u00a0\u00bbyes\u00a0\u00bb h_padding=\u00a0\u00bb0&Prime; top_padding=\u00a0\u00bb0&Prime; bottom_padding=\u00a0\u00bb0&Prime; back_color=\u00a0\u00bbcolor-lgreen\u00a0\u00bb overlay_alpha=\u00a0\u00bb50&Prime; gutter_size=\u00a0\u00bb0&Prime; column_width_percent=\u00a0\u00bb100&Prime; shift_y=\u00a0\u00bb0&Prime; z_index=\u00a0\u00bb0&Prime; inverted_device_order=\u00a0\u00bbyes\u00a0\u00bb el_id=\u00a0\u00bbsingle-howto\u00a0\u00bb el_class=\u00a0\u00bbproduct-how-to single-p formen\u00a0\u00bb][vc_column column_width_percent=\u00a0\u00bb100&Prime; gutter_size=\u00a0\u00bb3&Prime; overlay_alpha=\u00a0\u00bb50&Prime; shift_x=\u00a0\u00bb0&Prime; shift_y=\u00a0\u00bb0&Prime; shift_y_down=\u00a0\u00bb0&Prime; z_index=\u00a0\u00bb0&Prime; medium_width=\u00a0\u00bb0&Prime; mobile_width=\u00a0\u00bb0&Prime; width=\u00a0\u00bb1\/2&Prime; el_class=\u00a0\u00bbstring-column pd-pm-60&Prime;][vc_row_inner row_inner_height_percent=\u00a0\u00bb0&Prime; overlay_alpha=\u00a0\u00bb50&Prime; gutter_size=\u00a0\u00bb3&Prime; shift_y=\u00a0\u00bb0&Prime; z_index=\u00a0\u00bb0&Prime; el_class=\u00a0\u00bbsolution-block\u00a0\u00bb][vc_column_inner width=\u00a0\u00bb1\/1&Prime;][vc_column_text text_lead=\u00a0\u00bbsmall\u00a0\u00bb el_class=\u00a0\u00bbblack-text solution-heading solution-heading-top\u00a0\u00bb]EXTRA[\/vc_column_text][vc_single_image media=\u00a0\u00bb413&Prime; media_width_percent=\u00a0\u00bb100&Prime; el_class=\u00a0\u00bblille-image howto-img auto-img\u00a0\u00bb][vc_single_image media=\u00a0\u00bb412&Prime; media_width_percent=\u00a0\u00bb100&Prime; el_class=\u00a0\u00bblille-image howto-img auto-img\u00a0\u00bb][vc_single_image media=\u00a0\u00bb411&Prime; media_width_percent=\u00a0\u00bb100&Prime; el_class=\u00a0\u00bblille-image howto-img auto-img\u00a0\u00bb][vc_single_image media=\u00a0\u00bb410&Prime; media_width_percent=\u00a0\u00bb100&Prime; el_class=\u00a0\u00bblille-image howto-img auto-img\u00a0\u00bb][\/vc_column_inner][\/vc_row_inner][vc_row_inner row_inner_height_percent=\u00a0\u00bb0&Prime; overlay_alpha=\u00a0\u00bb50&Prime; gutter_size=\u00a0\u00bb3&Prime; shift_y=\u00a0\u00bb0&Prime; z_index=\u00a0\u00bb0&Prime; el_class=\u00a0\u00bbsolution-block\u00a0\u00bb][vc_column_inner width=\u00a0\u00bb1\/1&Prime;][vc_column_text text_lead=\u00a0\u00bbsmall\u00a0\u00bb el_class=\u00a0\u00bbblack-text solution-heading solution-heading-bottom\u00a0\u00bb css=\u00a0\u00bb.vc_custom_1624358445079{padding-top: 36px !important;}\u00a0\u00bb]SUPER[\/vc_column_text][vc_single_image media=\u00a0\u00bb409&Prime; media_width_percent=\u00a0\u00bb100&Prime; el_class=\u00a0\u00bblille-image howto-img auto-img\u00a0\u00bb][vc_single_image media=\u00a0\u00bb408&Prime; media_width_percent=\u00a0\u00bb100&Prime; el_class=\u00a0\u00bblille-image howto-img auto-img\u00a0\u00bb][vc_single_image media=\u00a0\u00bb407&Prime; media_width_percent=\u00a0\u00bb100&Prime; el_class=\u00a0\u00bblille-image howto-img auto-img\u00a0\u00bb][\/vc_column_inner][\/vc_row_inner][\/vc_column][vc_column column_width_percent=\u00a0\u00bb100&Prime; gutter_size=\u00a0\u00bb3&Prime; overlay_alpha=\u00a0\u00bb50&Prime; shift_x=\u00a0\u00bb0&Prime; shift_y=\u00a0\u00bb0&Prime; shift_y_down=\u00a0\u00bb0&Prime; z_index=\u00a0\u00bb0&Prime; medium_width=\u00a0\u00bb0&Prime; mobile_width=\u00a0\u00bb0&Prime; width=\u00a0\u00bb1\/2&Prime; el_class=\u00a0\u00bbstring-text pd-pm-60&Prime;][vc_custom_heading heading_semantic=\u00a0\u00bbh3&Prime; text_font=\u00a0\u00bbfont-poppins\u00a0\u00bb text_size=\u00a0\u00bbh3&Prime; text_weight=\u00a0\u00bb600&Prime; text_height=\u00a0\u00bbfontheight-33&Prime;]Comment enfiler nos protections en images[\/vc_custom_heading][vc_column_text css=\u00a0\u00bb.vc_custom_1624358457935{margin-top: 25px !important;}\u00a0\u00bb]EXTRA &#8211; \u200bUne fois la protection retir\u00e9e de son emballage, enlever le papier prot\u00e9geant la partie adh\u00e9sive de la protection. Ouvrir l\u00e9g\u00e8rement la protection comme indiqu\u00e9 et il ne reste plus qu\u2019\u00e0 la placer correctement.<\/p>\n<p>SUPER &#8211; Une fois la protection retir\u00e9e de son emballage, enlever le papier prot\u00e9geant la partie adh\u00e9sive de la protection. \u200bPositionner la protection dans le sous v\u00eatement en suivant le sens indiqu\u00e9 ci contre.[\/vc_column_text][vc_button button_color=\u00a0\u00bbcolor-pblue\u00a0\u00bb border_width=\u00a0\u00bb0&Prime; link=\u00a0\u00bburl:%2Ffr%2Finformations-conseils%2F|title:Information%20%26%20conseils\u00a0\u00bb]Voir nos informations et conseils[\/vc_button][\/vc_column][\/vc_row][vc_row row_height_percent=\u00a0\u00bb0&Prime; override_padding=\u00a0\u00bbyes\u00a0\u00bb h_padding=\u00a0\u00bb2&Prime; top_padding=\u00a0\u00bb3&Prime; bottom_padding=\u00a0\u00bb4&Prime; back_color=\u00a0\u00bbcolor-white\u00a0\u00bb overlay_alpha=\u00a0\u00bb50&Prime; gutter_size=\u00a0\u00bb3&Prime; column_width_percent=\u00a0\u00bb100&Prime; shift_y=\u00a0\u00bb0&Prime; z_index=\u00a0\u00bb0&Prime; el_class=\u00a0\u00bbrelated-products single-p\u00a0\u00bb][vc_column width=\u00a0\u00bb1\/1&Prime;][uncode_block id=\u00a0\u00bb399&Prime; inside_column=\u00a0\u00bbyes\u00a0\u00bb][\/vc_column][\/vc_row]<\/p>\n<\/div>","protected":false},"excerpt":{"rendered":"<p>[vc_row row_height_percent=\u00a0\u00bb0&Prime; override_padding=\u00a0\u00bbyes\u00a0\u00bb h_padding=\u00a0\u00bb2&Prime; top_padding=\u00a0\u00bb0&Prime; bottom_padding=\u00a0\u00bb3&Prime; overlay_alpha=\u00a0\u00bb50&Prime; gutter_size=\u00a0\u00bb3&Prime; column_width_percent=\u00a0\u00bb100&Prime; shift_y=\u00a0\u00bb0&Prime; z_index=\u00a0\u00bb0&Prime; el_class=\u00a0\u00bbhero-section formen\u00a0\u00bb el_id=\u00a0\u00bbproduct-hero\u00a0\u00bb][vc_column column_width_percent=\u00a0\u00bb100&Prime; gutter_size=\u00a0\u00bb3&Prime; overlay_alpha=\u00a0\u00bb50&Prime; shift_x=\u00a0\u00bb0&Prime; shift_y=\u00a0\u00bb0&Prime; shift_y_down=\u00a0\u00bb0&Prime; [&hellip;]<\/p>\n","protected":false},"author":2,"featured_media":0,"parent":868,"menu_order":0,"comment_status":"closed","ping_status":"closed","template":"","meta":{"footnotes":""},"class_list":["post-1002","page","type-page","status-publish","hentry"],"yoast_head":"<!-- This site is optimized with the Yoast SEO Premium plugin v27.3 (Yoast SEO v27.3) - https:\/\/yoast.com\/product\/yoast-seo-premium-wordpress\/ -->\n<title>Lille SUPREM forMen &#183; Lille Healthcare<\/title>\n<meta name=\"description\" content=\"Vous \u00eates un homme et vous avez des fuites mod\u00e9r\u00e9es et occasionnelles\u202f? Nos protections sont adapt\u00e9es \u00e0 l\u2019anatomie masculine et allient s\u00e9curit\u00e9 et confort.\" \/>\n<meta name=\"robots\" content=\"index, follow, max-snippet:-1, max-image-preview:large, max-video-preview:-1\" \/>\n<link rel=\"canonical\" href=\"https:\/\/lillehealthcare.com\/fr\/nos-protections\/lille-suprem-formen\/\" \/>\n<meta property=\"og:locale\" content=\"fr_FR\" \/>\n<meta property=\"og:type\" content=\"article\" \/>\n<meta property=\"og:title\" content=\"Lille SUPREM forMen\" \/>\n<meta property=\"og:description\" content=\"Vous \u00eates un homme et vous avez des fuites mod\u00e9r\u00e9es et occasionnelles\u202f? Nos protections sont adapt\u00e9es \u00e0 l\u2019anatomie masculine et allient s\u00e9curit\u00e9 et confort.\" \/>\n<meta property=\"og:url\" content=\"https:\/\/lillehealthcare.com\/fr\/nos-protections\/lille-suprem-formen\/\" \/>\n<meta property=\"og:site_name\" content=\"Lille Healthcare\" \/>\n<meta property=\"article:modified_time\" content=\"2021-09-22T12:29:26+00:00\" \/>\n<meta property=\"og:image\" content=\"https:\/\/lillehealthcare.com\/wp-content\/uploads\/2021\/05\/hero-couple.jpg\" \/>\n\t<meta property=\"og:image:width\" content=\"960\" \/>\n\t<meta property=\"og:image:height\" content=\"639\" \/>\n\t<meta property=\"og:image:type\" content=\"image\/jpeg\" \/>\n<meta name=\"twitter:card\" content=\"summary_large_image\" \/>\n<meta name=\"twitter:label1\" content=\"Dur\u00e9e de lecture estim\u00e9e\" \/>\n\t<meta name=\"twitter:data1\" content=\"2 minutes\" \/>\n<script type=\"application\/ld+json\" class=\"yoast-schema-graph\">{\"@context\":\"https:\\\/\\\/schema.org\",\"@graph\":[{\"@type\":\"WebPage\",\"@id\":\"https:\\\/\\\/lillehealthcare.com\\\/fr\\\/nos-protections\\\/lille-suprem-formen\\\/\",\"url\":\"https:\\\/\\\/lillehealthcare.com\\\/fr\\\/nos-protections\\\/lille-suprem-formen\\\/\",\"name\":\"Lille SUPREM forMen &#183; Lille Healthcare\",\"isPartOf\":{\"@id\":\"https:\\\/\\\/lillehealthcare.com\\\/fr\\\/#website\"},\"datePublished\":\"2021-06-17T14:10:32+00:00\",\"dateModified\":\"2021-09-22T12:29:26+00:00\",\"description\":\"Vous \u00eates un homme et vous avez des fuites mod\u00e9r\u00e9es et occasionnelles\u202f? Nos protections sont adapt\u00e9es \u00e0 l\u2019anatomie masculine et allient s\u00e9curit\u00e9 et confort.\",\"breadcrumb\":{\"@id\":\"https:\\\/\\\/lillehealthcare.com\\\/fr\\\/nos-protections\\\/lille-suprem-formen\\\/#breadcrumb\"},\"inLanguage\":\"fr-FR\",\"potentialAction\":[{\"@type\":\"ReadAction\",\"target\":[\"https:\\\/\\\/lillehealthcare.com\\\/fr\\\/nos-protections\\\/lille-suprem-formen\\\/\"]}]},{\"@type\":\"BreadcrumbList\",\"@id\":\"https:\\\/\\\/lillehealthcare.com\\\/fr\\\/nos-protections\\\/lille-suprem-formen\\\/#breadcrumb\",\"itemListElement\":[{\"@type\":\"ListItem\",\"position\":1,\"name\":\"Home\",\"item\":\"https:\\\/\\\/lillehealthcare.com\\\/fr\\\/\"},{\"@type\":\"ListItem\",\"position\":2,\"name\":\"Nos protections\",\"item\":\"https:\\\/\\\/lillehealthcare.com\\\/fr\\\/nos-protections\\\/\"},{\"@type\":\"ListItem\",\"position\":3,\"name\":\"Lille SUPREM forMen\"}]},{\"@type\":\"WebSite\",\"@id\":\"https:\\\/\\\/lillehealthcare.com\\\/fr\\\/#website\",\"url\":\"https:\\\/\\\/lillehealthcare.com\\\/fr\\\/\",\"name\":\"Lille Healthcare\",\"description\":\"Incontinence products suitable for everyone\u2019s needs\",\"publisher\":{\"@id\":\"https:\\\/\\\/lillehealthcare.com\\\/fr\\\/#organization\"},\"potentialAction\":[{\"@type\":\"SearchAction\",\"target\":{\"@type\":\"EntryPoint\",\"urlTemplate\":\"https:\\\/\\\/lillehealthcare.com\\\/fr\\\/?s={search_term_string}\"},\"query-input\":{\"@type\":\"PropertyValueSpecification\",\"valueRequired\":true,\"valueName\":\"search_term_string\"}}],\"inLanguage\":\"fr-FR\"},{\"@type\":\"Organization\",\"@id\":\"https:\\\/\\\/lillehealthcare.com\\\/fr\\\/#organization\",\"name\":\"Lille Healthcare\",\"url\":\"https:\\\/\\\/lillehealthcare.com\\\/fr\\\/\",\"logo\":{\"@type\":\"ImageObject\",\"inLanguage\":\"fr-FR\",\"@id\":\"https:\\\/\\\/lillehealthcare.com\\\/fr\\\/#\\\/schema\\\/logo\\\/image\\\/\",\"url\":\"https:\\\/\\\/lillehealthcare.com\\\/wp-content\\\/uploads\\\/2021\\\/05\\\/logoLilleHealthCareCMJN.svg\",\"contentUrl\":\"https:\\\/\\\/lillehealthcare.com\\\/wp-content\\\/uploads\\\/2021\\\/05\\\/logoLilleHealthCareCMJN.svg\",\"width\":100,\"height\":100,\"caption\":\"Lille Healthcare\"},\"image\":{\"@id\":\"https:\\\/\\\/lillehealthcare.com\\\/fr\\\/#\\\/schema\\\/logo\\\/image\\\/\"}}]}<\/script>\n<!-- \/ Yoast SEO Premium plugin. -->","yoast_head_json":{"title":"Lille SUPREM forMen &#183; Lille Healthcare","description":"Vous \u00eates un homme et vous avez des fuites mod\u00e9r\u00e9es et occasionnelles\u202f? Nos protections sont adapt\u00e9es \u00e0 l\u2019anatomie masculine et allient s\u00e9curit\u00e9 et confort.","robots":{"index":"index","follow":"follow","max-snippet":"max-snippet:-1","max-image-preview":"max-image-preview:large","max-video-preview":"max-video-preview:-1"},"canonical":"https:\/\/lillehealthcare.com\/fr\/nos-protections\/lille-suprem-formen\/","og_locale":"fr_FR","og_type":"article","og_title":"Lille SUPREM forMen","og_description":"Vous \u00eates un homme et vous avez des fuites mod\u00e9r\u00e9es et occasionnelles\u202f? Nos protections sont adapt\u00e9es \u00e0 l\u2019anatomie masculine et allient s\u00e9curit\u00e9 et confort.","og_url":"https:\/\/lillehealthcare.com\/fr\/nos-protections\/lille-suprem-formen\/","og_site_name":"Lille Healthcare","article_modified_time":"2021-09-22T12:29:26+00:00","og_image":[{"width":960,"height":639,"url":"https:\/\/lillehealthcare.com\/wp-content\/uploads\/2021\/05\/hero-couple.jpg","type":"image\/jpeg"}],"twitter_card":"summary_large_image","twitter_misc":{"Dur\u00e9e de lecture estim\u00e9e":"2 minutes"},"schema":{"@context":"https:\/\/schema.org","@graph":[{"@type":"WebPage","@id":"https:\/\/lillehealthcare.com\/fr\/nos-protections\/lille-suprem-formen\/","url":"https:\/\/lillehealthcare.com\/fr\/nos-protections\/lille-suprem-formen\/","name":"Lille SUPREM forMen &#183; Lille Healthcare","isPartOf":{"@id":"https:\/\/lillehealthcare.com\/fr\/#website"},"datePublished":"2021-06-17T14:10:32+00:00","dateModified":"2021-09-22T12:29:26+00:00","description":"Vous \u00eates un homme et vous avez des fuites mod\u00e9r\u00e9es et occasionnelles\u202f? Nos protections sont adapt\u00e9es \u00e0 l\u2019anatomie masculine et allient s\u00e9curit\u00e9 et confort.","breadcrumb":{"@id":"https:\/\/lillehealthcare.com\/fr\/nos-protections\/lille-suprem-formen\/#breadcrumb"},"inLanguage":"fr-FR","potentialAction":[{"@type":"ReadAction","target":["https:\/\/lillehealthcare.com\/fr\/nos-protections\/lille-suprem-formen\/"]}]},{"@type":"BreadcrumbList","@id":"https:\/\/lillehealthcare.com\/fr\/nos-protections\/lille-suprem-formen\/#breadcrumb","itemListElement":[{"@type":"ListItem","position":1,"name":"Home","item":"https:\/\/lillehealthcare.com\/fr\/"},{"@type":"ListItem","position":2,"name":"Nos protections","item":"https:\/\/lillehealthcare.com\/fr\/nos-protections\/"},{"@type":"ListItem","position":3,"name":"Lille SUPREM forMen"}]},{"@type":"WebSite","@id":"https:\/\/lillehealthcare.com\/fr\/#website","url":"https:\/\/lillehealthcare.com\/fr\/","name":"Lille Healthcare","description":"Incontinence products suitable for everyone\u2019s needs","publisher":{"@id":"https:\/\/lillehealthcare.com\/fr\/#organization"},"potentialAction":[{"@type":"SearchAction","target":{"@type":"EntryPoint","urlTemplate":"https:\/\/lillehealthcare.com\/fr\/?s={search_term_string}"},"query-input":{"@type":"PropertyValueSpecification","valueRequired":true,"valueName":"search_term_string"}}],"inLanguage":"fr-FR"},{"@type":"Organization","@id":"https:\/\/lillehealthcare.com\/fr\/#organization","name":"Lille Healthcare","url":"https:\/\/lillehealthcare.com\/fr\/","logo":{"@type":"ImageObject","inLanguage":"fr-FR","@id":"https:\/\/lillehealthcare.com\/fr\/#\/schema\/logo\/image\/","url":"https:\/\/lillehealthcare.com\/wp-content\/uploads\/2021\/05\/logoLilleHealthCareCMJN.svg","contentUrl":"https:\/\/lillehealthcare.com\/wp-content\/uploads\/2021\/05\/logoLilleHealthCareCMJN.svg","width":100,"height":100,"caption":"Lille Healthcare"},"image":{"@id":"https:\/\/lillehealthcare.com\/fr\/#\/schema\/logo\/image\/"}}]}},"_links":{"self":[{"href":"https:\/\/lillehealthcare.com\/fr\/wp-json\/wp\/v2\/pages\/1002","targetHints":{"allow":["GET"]}}],"collection":[{"href":"https:\/\/lillehealthcare.com\/fr\/wp-json\/wp\/v2\/pages"}],"about":[{"href":"https:\/\/lillehealthcare.com\/fr\/wp-json\/wp\/v2\/types\/page"}],"author":[{"embeddable":true,"href":"https:\/\/lillehealthcare.com\/fr\/wp-json\/wp\/v2\/users\/2"}],"replies":[{"embeddable":true,"href":"https:\/\/lillehealthcare.com\/fr\/wp-json\/wp\/v2\/comments?post=1002"}],"version-history":[{"count":0,"href":"https:\/\/lillehealthcare.com\/fr\/wp-json\/wp\/v2\/pages\/1002\/revisions"}],"up":[{"embeddable":true,"href":"https:\/\/lillehealthcare.com\/fr\/wp-json\/wp\/v2\/pages\/868"}],"wp:attachment":[{"href":"https:\/\/lillehealthcare.com\/fr\/wp-json\/wp\/v2\/media?parent=1002"}],"curies":[{"name":"wp","href":"https:\/\/api.w.org\/{rel}","templated":true}]}}