{"id":2176,"date":"2021-06-27T22:47:22","date_gmt":"2021-06-27T20:47:22","guid":{"rendered":"https:\/\/lille.wpengine.com\/?page_id=2176"},"modified":"2022-06-09T15:17:34","modified_gmt":"2022-06-09T13:17:34","slug":"cookie-richtlinie","status":"publish","type":"page","link":"https:\/\/lillehealthcare.com\/de\/cookie-richtlinie\/","title":{"rendered":"Cookie-Richtlinie"},"content":{"rendered":"<div class=\"wpb-content-wrapper\"><p>[vc_row row_height_percent=&#8220;0&#8243; override_padding=&#8220;yes&#8220; h_padding=&#8220;2&#8243; top_padding=&#8220;2&#8243; bottom_padding=&#8220;4&#8243; overlay_alpha=&#8220;50&#8243; gutter_size=&#8220;3&#8243; column_width_percent=&#8220;100&#8243; shift_y=&#8220;0&#8243; z_index=&#8220;0&#8243; uncode_shortcode_id=&#8220;161031&#8243; shape_dividers=&#8220;&#8220;][vc_column width=&#8220;1\/1&#8243;][vc_column_text uncode_shortcode_id=&#8220;104694&#8243;]<\/p>\n<h2>Cookie-Richtlinie<\/h2>\n<p>Stand: 17\/09\/2020<\/p>\n<p>&nbsp;<\/p>\n<p>Auf dieser Website von orizon-solutions.com (\u201cOntex\u201d, \u201cwir\u201d oder \u201cuns\u201c) werden Cookies verwendet. Diese Richtlinie informiert Sie \u00fcber unsere Verwendungszwecke und ihre Verwaltungsoptionen f\u00fcr diese Cookies.<\/p>\n<p><strong>(a) Was ist ein Cookie?<\/strong><\/p>\n<p>Ein \u201eCookie\u201c ist eine kleine Datei, im Allgemeinen bestehend aus Buchstaben und Zahlen, die beim Aufruf dieser Website vom Internetserver an die Cookie-Datei des Browsers geschickt wird, die auf der Festplatte Ihres Computers (oder einem anderen Ger\u00e4t, das mit dem Internet verbunden ist, z. B. ein Smartphone oder ein Tablet) abgelegt ist.<br \/>\nEin Cookie enth\u00e4lt im Allgemeinen den Namen der Website, von der es stammt, seine Lebensdauer (wie lange es auf Ihrem Ger\u00e4t bleibt) und einen Wert, bei dem es sich im Allgemeinen um eine eindeutige Nummer handelt, die nach dem Zufallsprinzip generiert wird.<\/p>\n<p>Es k\u00f6nnen zwei Arten von Cookies verwendet werden: befristete Cookies (auch \u201eSession Cookies\u201c) und dauerhafte Cookies. Befristete Cookies werden am Ende Ihrer Browser-Sitzung automatisch gel\u00f6scht. Dauerhafte Cookies bleiben l\u00e4nger auf Ihrem Ger\u00e4t, je nach ihrer Lebensdauer, und bleiben bis zu ihrem Ablaufdatum aktiv (au\u00dfer sie werden vom Benutzer vorher gel\u00f6scht).<\/p>\n<p>Cookies k\u00f6nnen vom Webserver verwendet werden, um Benutzer beim Navigieren auf verschiedenen Seiten einer Website zu identifizieren und zu verfolgen, und um die Benutzer zu identifizieren, die zu einer Website zur\u00fcckkehren.<br \/>\nDie meisten Cookies beinhalten keine Informationen, die Sie pers\u00f6nlich identifizieren (personenbezogene Daten). Gewisse pers\u00f6nliche Informationen, die Ontex zu Ihrer Person speichert, k\u00f6nnen aber mit gespeicherten Daten in den Cookies verbunden und aus diesen abgerufen werden. Weitere Informationen zur Verarbeitung Ihrer personenbezogenen Daten finden Sie in unseren <a href=\"\/de\/datenschutzrichtlinie\/\">Datenschutzhinweisen<\/a>.<\/p>\n<p><strong>(b) F\u00fcr welche Zwecke verwendet diese Website Cookies?<\/strong><\/p>\n<p>Viele Cookies auf dieser Website f\u00fchren wesentliche Funktionen oder Dienste aus, die Sie angefordert haben, oder gew\u00e4hrleisten die Sicherheit, wie in der untenstehenden Tabelle ersichtlich.<br \/>\nOntex und seine Dienstanbieter k\u00f6nnen Cookies au\u00dferdem verwenden, um aggregierte Daten mit dem Ziel zu erheben, die ordnungsm\u00e4\u00dfige Verwaltung unserer Website zu gew\u00e4hrleisten und die Navigation auf der Website zu verbessern. Wir k\u00f6nnen Vorrichtungen verwenden, um Informationen auf unseren Systemen zu verfolgen und Besucherkategorien anhand von Angaben wie der IP-Adresse, der Domain, dem Browsertyp und den aufgerufenen Seiten zu identifizieren. Diese Informationen werden an unsere Webmaster \u00fcbermittelt, die sie verwenden, um die Anzahl Besucher verschiedener Teile der Website zu analysieren und daf\u00fcr zu sorgen, dass unsere Website eine n\u00fctzliche und wirksame Informationsquelle bleibt.<\/p>\n<p><strong>(c) Welche Cookies verwendet diese Website?<\/strong><\/p>\n<p>In der untenstehenden Tabelle sind die verschiedenen Cookie-Typen aufgef\u00fchrt, die von Ontex auf dieser Website verwendet werden, sowie Ihr\/e Zweck\/e und ihre Lebensdauer.<\/p>\n<p><em>1. Analyse Cookies<\/em>[\/vc_column_text][vc_raw_html]JTNDZGl2JTIwY2xhc3MlM0QlMjJjdXN0b20tY29va2llLXRhYmxlJTIyJTNFJTBBJTNDZGl2JTIwY2xhc3MlM0QlMjJjdXN0b20tY29va2llLWhlYWRlcnMlMjBjdXN0b20tY29va2llLXJvdyUyMiUzRSUwQSUzQ2RpdiUzRUNvb2tpZS1OYW1lJTNDJTJGZGl2JTNFJTBBJTNDZGl2JTNFWndlY2slMjBkZXMlMjBDb29raWVzJTNDJTJGZGl2JTNFJTBBJTNDZGl2JTNFQ29va2llLURhdWVyJTNDJTJGZGl2JTNFJTBBJTNDJTJGZGl2JTNFJTBBJTBBJTNDZGl2JTIwY2xhc3MlM0QlMjJjdXN0b20tY29va2llLXJvdyUyMiUzRSUwQSUzQ2RpdiUyMGNsYXNzJTNEJTIyY29va2llLW5hbWUlMjIlM0VfZ2ElM0MlMkZkaXYlM0UlMEElM0NkaXYlMjBjbGFzcyUzRCUyMmNvb2tpZS1wdXJwb3NlJTIyJTNFRGllcyUyMGlzdCUyMGRhcyUyMEhhdXB0LUNvb2tpZSUyQyUyMGRhcyUyMHZvbiUyMEdvb2dsZSUyMEFuYWx5dGljcyUyMHZlcndlbmRldCUyMHdpcmQuJTIwRXMlMjBlcm0lQzMlQjZnbGljaHQlMjBlaW5lbSUyMERpZW5zdCUyQyUyMGVpbmVuJTIwQmVudXR6ZXIlMjB2b24lMjBlaW5lbSUyMGFuZGVyZW4lMjB6dSUyMHVudGVyc2NoZWlkZW4lMkMlMjB1bmQlMjBkYXVlcnQlMjAyJTIwSmFocmUuJTIwRXMlMjB3aXJkJTIwdm9uJTIwamVkZXIlMjBXZWJzaXRlJTIwdmVyd2VuZGV0JTJDJTIwZGllJTIwR29vZ2xlJTIwQW5hbHl0aWNzJTIwaW1wbGVtZW50aWVydCUyQyUyMGVpbnNjaGxpZSVDMyU5RmxpY2glMjBHb29nbGUtRGllbnN0ZW4uJTNDJTJGZGl2JTNFJTBBJTNDZGl2JTIwY2xhc3MlM0QlMjJjb29raWUtZHVyYXRpb24lMjIlM0V6d2VpJTIwSmFocmUlM0MlMkZkaXYlM0UlMEElM0MlMkZkaXYlM0UlMEElMEElM0NkaXYlMjBjbGFzcyUzRCUyMmN1c3RvbS1jb29raWUtcm93JTIyJTNFJTBBJTNDZGl2JTIwY2xhc3MlM0QlMjJjb29raWUtbmFtZSUyMiUzRV9nYXQlM0MlMkZkaXYlM0UlMEElM0NkaXYlMjBjbGFzcyUzRCUyMmNvb2tpZS1wdXJwb3NlJTIyJTNFV2lyZCUyMHZlcndlbmRldCUyQyUyMHVtJTIwZGllJTIwQW5mb3JkZXJ1bmdzcmF0ZSUyMHp1JTIwYmVncmVuemVuLiUyMFdlbm4lMjBHb29nbGUlMjBBbmFseXRpY3MlMjAlQzMlQkNiZXIlMjBHb29nbGUlMjBUYWclMjBNYW5hZ2VyJTIwYmVyZWl0Z2VzdGVsbHQlMjB3aXJkJTJDJTIwd2lyZCUyMGRpZXNlcyUyMENvb2tpZSUyMGJlbmFubnQlMjBfZGNfZ3RtXy4lM0MlMkZkaXYlM0UlMEElM0NkaXYlMjBjbGFzcyUzRCUyMmNvb2tpZS1kdXJhdGlvbiUyMiUzRTElMjBUYWclM0MlMkZkaXYlM0UlMEElM0MlMkZkaXYlM0UlMEElMEElM0NkaXYlMjBjbGFzcyUzRCUyMmN1c3RvbS1jb29raWUtcm93JTIyJTNFJTBBJTNDZGl2JTIwY2xhc3MlM0QlMjJjb29raWUtbmFtZSUyMiUzRV91dG1iJTNDJTJGZGl2JTNFJTBBJTNDZGl2JTIwY2xhc3MlM0QlMjJjb29raWUtcHVycG9zZSUyMiUzRURpZXNlcyUyMENvb2tpZSUyMHdpcmQlMjB2ZXJ3ZW5kZXQlMkMlMjB1bSUyMGVpbmUlMjBCZW51dHplcnNpdHp1bmclMjB6dSUyMGVyc3RlbGxlbiUyMHVuZCUyMGZvcnR6dXNldHplbi4lM0MlMkZkaXYlM0UlMEElM0NkaXYlMjBjbGFzcyUzRCUyMmNvb2tpZS1kdXJhdGlvbiUyMiUzRVNpdHp1bmclM0MlMkZkaXYlM0UlMEElM0MlMkZkaXYlM0UlMEElMEElMEElM0NkaXYlMjBjbGFzcyUzRCUyMmN1c3RvbS1jb29raWUtcm93JTIyJTNFJTBBJTNDZGl2JTIwY2xhc3MlM0QlMjJjb29raWUtbmFtZSUyMiUzRV91dG1jJTNDJTJGZGl2JTNFJTBBJTNDZGl2JTIwY2xhc3MlM0QlMjJjb29raWUtcHVycG9zZSUyMiUzRURpZXNlcyUyMENvb2tpZSUyMHdpcmQlMjB2ZXJ3ZW5kZXQlMkMlMjB1bSUyMHp1JTIwYmVzdGltbWVuJTJDJTIwb2IlMjBlaW5lJTIwbmV1ZSUyMFNpdHp1bmclMjBmJUMzJUJDciUyMGRlbiUyMEJlbnV0emVyJTIwZXJzdGVsbHQlMjB3ZXJkZW4lMjBzb2xsJTIwb2RlciUyMG5pY2h0LiUzQyUyRmRpdiUzRSUwQSUzQ2RpdiUyMGNsYXNzJTNEJTIyY29va2llLWR1cmF0aW9uJTIyJTNFU2l0enVuZyUzQyUyRmRpdiUzRSUwQSUzQyUyRmRpdiUzRSUwQSUwQSUzQ2RpdiUyMGNsYXNzJTNEJTIyY3VzdG9tLWNvb2tpZS1yb3clMjIlM0UlMEElM0NkaXYlMjBjbGFzcyUzRCUyMmNvb2tpZS1uYW1lJTIyJTNFX3V0bXQlM0MlMkZkaXYlM0UlMEElM0NkaXYlMjBjbGFzcyUzRCUyMmNvb2tpZS1wdXJwb3NlJTIyJTNFRGllc2VzJTIwQ29va2llJTIwd2lyZCUyMHZlcndlbmRldCUyQyUyMHVtJTIwZGllJTIwQXJ0JTIwZGVyJTIwQW5mcmFnZSUyMGFuenV6ZWlnZW4uJTNDJTJGZGl2JTNFJTBBJTNDZGl2JTIwY2xhc3MlM0QlMjJjb29raWUtZHVyYXRpb24lMjIlM0VTaXR6dW5nJTNDJTJGZGl2JTNFJTBBJTNDJTJGZGl2JTNFJTBBJTBBJTNDZGl2JTIwY2xhc3MlM0QlMjJjdXN0b20tY29va2llLXJvdyUyMiUzRSUwQSUzQ2RpdiUyMGNsYXNzJTNEJTIyY29va2llLW5hbWUlMjIlM0VfdXRteiUzQyUyRmRpdiUzRSUwQSUzQ2RpdiUyMGNsYXNzJTNEJTIyY29va2llLXB1cnBvc2UlMjIlM0VEaWVzZXMlMjBDb29raWUlMjB3aXJkJTIwdmVyd2VuZGV0JTJDJTIwdW0lMjBkaWUlMjBBcnQlMjBkZXIlMjBPcmllbnRpZXJ1bmclMjB6dSUyMHNwZWljaGVybiUyQyUyMGRpZSUyMGRlciUyMEJlc3VjaGVyJTIwdmVyd2VuZGV0JTJDJTIwdW0lMjBlaW5lJTIwV2Vic2l0ZSUyMHp1JTIwZXJyZWljaGVuLiUzQyUyRmRpdiUzRSUwQSUzQ2RpdiUyMGNsYXNzJTNEJTIyY29va2llLWR1cmF0aW9uJTIyJTNFNiUyME1vbmF0ZSUzQyUyRmRpdiUzRSUwQSUzQyUyRmRpdiUzRSUwQSUzQyUyRmRpdiUzRQ==[\/vc_raw_html][vc_column_text uncode_shortcode_id=&#8220;132261&#8243;]<em>2. Leistungs-Cookies<\/em>[\/vc_column_text][vc_raw_html]JTNDZGl2JTIwY2xhc3MlM0QlMjJjdXN0b20tY29va2llLXRhYmxlJTIyJTNFJTBBJTNDZGl2JTIwY2xhc3MlM0QlMjJjdXN0b20tY29va2llLWhlYWRlcnMlMjBjdXN0b20tY29va2llLXJvdyUyMiUzRSUwQSUzQ2RpdiUzRUNvb2tpZS1OYW1lJTNDJTJGZGl2JTNFJTBBJTNDZGl2JTNFWndlY2slMjBkZXMlMjBDb29raWVzJTNDJTJGZGl2JTNFJTBBJTNDZGl2JTNFQ29va2llLURhdWVyJTNDJTJGZGl2JTNFJTBBJTNDJTJGZGl2JTNFJTBBJTBBJTBBJTNDZGl2JTIwY2xhc3MlM0QlMjJjdXN0b20tY29va2llLXJvdyUyMiUzRSUwQSUzQ2RpdiUyMGNsYXNzJTNEJTIyY29va2llLW5hbWUlMjIlM0VfaGppZCUzQyUyRmRpdiUzRSUwQSUzQ2RpdiUyMGNsYXNzJTNEJTIyY29va2llLXB1cnBvc2UlMjIlM0VIb3RqYXItQ29va2llJTJDJTIwZGFzJTIwZ2VzZXR6dCUyMHdpcmQlMkMlMjB3ZW5uJTIwZGVyJTIwS3VuZGUlMjB6dW0lMjBlcnN0ZW4lMjBNYWwlMjBtaXQlMjBkZW0lMjBIb3RqYXItU2tyaXB0JTIwYXVmJTIwZWluZSUyMFNlaXRlJTIwenVncmVpZnQuJTIwRXMlMjB3aXJkJTIwdmVyd2VuZGV0JTJDJTIwdW0lMjBkaWUlMjBmJUMzJUJDciUyMGRpZXNlJTIwV2Vic2l0ZSUyMGVpbmRldXRpZ2UlMjBIb3RqYXItQmVudXR6ZXItSUQlMjBpbSUyMEJyb3dzZXIlMjB6dSUyMHNwZWljaGVybi4lMjBEYWR1cmNoJTIwd2lyZCUyMHNpY2hlcmdlc3RlbGx0JTJDJTIwZGFzcyUyMGRhcyUyMFZlcmhhbHRlbiUyMGJlaSUyMHNwJUMzJUE0dGVyZW4lMjBCZXN1Y2hlbiUyMGRlcnNlbGJlbiUyMFdlYnNpdGUlMjBkZXJzZWxiZW4lMjBCZW51dHplci1JRCUyMHp1Z2VvcmRuZXQlMjB3aXJkLiUzQyUyRmRpdiUzRSUwQSUzQ2RpdiUyMGNsYXNzJTNEJTIyY29va2llLWR1cmF0aW9uJTIyJTNFMSUyMEphaHIlM0MlMkZkaXYlM0UlMEElM0MlMkZkaXYlM0UlMEElMEElM0NkaXYlMjBjbGFzcyUzRCUyMmN1c3RvbS1jb29raWUtcm93JTIyJTNFJTBBJTNDZGl2JTIwY2xhc3MlM0QlMjJjb29raWUtbmFtZSUyMiUzRV9oalJlY29yZGluZ0VuYWJsZWQlM0MlMkZkaXYlM0UlMEElM0NkaXYlMjBjbGFzcyUzRCUyMmNvb2tpZS1wdXJwb3NlJTIyJTNFRGllcyUyMHdpcmQlMjBoaW56dWdlZiVDMyVCQ2d0JTJDJTIwd2VubiUyMGVpbmUlMjBBdWZ6ZWljaG51bmclMjBiZWdpbm50JTJDJTIwdW5kJTIwd2lyZCUyMGFiZ2VzcGllbHQlMkMlMjB3ZW5uJTIwZGFzJTIwQXVmemVpY2hudW5nc21vZHVsJTIwaW5pdGlhbGlzaWVydCUyMHdpcmQlMkMlMjB1bSUyMHp1JTIwc2VoZW4lMkMlMjBvYiUyMHNpY2glMjBkZXIlMjBCZW51dHplciUyMGluJTIwZWluZXIlMjBiZXN0aW1tdGVuJTIwU2l0enVuZyUyMGJlcmVpdHMlMjBpbiUyMGVpbmVyJTIwQXVmemVpY2hudW5nJTIwYmVmaW5kZXQuJTNDJTJGZGl2JTNFJTBBJTNDZGl2JTIwY2xhc3MlM0QlMjJjb29raWUtZHVyYXRpb24lMjIlM0VTaXR6dW5nJTNDJTJGZGl2JTNFJTBBJTNDJTJGZGl2JTNFJTBBJTBBJTNDZGl2JTIwY2xhc3MlM0QlMjJjdXN0b20tY29va2llLXJvdyUyMiUzRSUwQSUzQ2RpdiUyMGNsYXNzJTNEJTIyY29va2llLW5hbWUlMjIlM0VfaGpSZWNvcmRpbmdMYXN0QWN0aXZpdHklM0MlMkZkaXYlM0UlMEElM0NkaXYlMjBjbGFzcyUzRCUyMmNvb2tpZS1wdXJwb3NlJTIyJTNFRGllcyUyMHNvbGx0ZSUyMGltJTIwU2l0enVuZ3NzcGVpY2hlciUyMCUyOGltJTIwR2VnZW5zYXR6JTIwenUlMjBDb29raWVzJTI5JTIwenUlMjBmaW5kZW4lMjBzZWluLiUyMERpZXMlMjB3aXJkJTIwYWt0dWFsaXNpZXJ0JTJDJTIwd2VubiUyMGVpbmUlMjBCZW51dHplcmF1ZnplaWNobnVuZyUyMGJlZ2lubnQlMjB1bmQlMjB3ZW5uJTIwRGF0ZW4lMjAlQzMlQkNiZXIlMjBXZWJTb2NrZXQlMjBnZXNlbmRldCUyMHdlcmRlbiUyMCUyOEJlbnV0emVyJTIwZiVDMyVCQ2hydCUyMGVpbmUlMjBBa3Rpb24lMjBhdXMlMkMlMjBkaWUlMjBIb3RqYXIlMjBhdWZ6ZWljaG5ldCUyOS4lM0MlMkZkaXYlM0UlMEElM0NkaXYlMjBjbGFzcyUzRCUyMmNvb2tpZS1kdXJhdGlvbiUyMiUzRVNpdHp1bmclM0MlMkZkaXYlM0UlMEElM0MlMkZkaXYlM0UlMEElMEElM0NkaXYlMjBjbGFzcyUzRCUyMmN1c3RvbS1jb29raWUtcm93JTIyJTNFJTBBJTNDZGl2JTIwY2xhc3MlM0QlMjJjb29raWUtbmFtZSUyMiUzRV9oakluY2x1ZGVkSW5QYWdldmlld1NhbXBsZSUzQyUyRmRpdiUzRSUwQSUzQ2RpdiUyMGNsYXNzJTNEJTIyY29va2llLXB1cnBvc2UlMjIlM0VEaWVzZXMlMjBDb29raWUlMjB3aXJkJTIwZ2VzZXR6dCUyQyUyMHVtJTIwSG90amFyJTIwbWl0enV0ZWlsZW4lMkMlMjBvYiUyMGRpZXNlciUyMEJlbnV0emVyJTIwaW4lMjBkZXIlMjBEYXRlbnN0aWNocHJvYmUlMjBlbnRoYWx0ZW4lMjBpc3QlMkMlMjBkaWUlMjBkdXJjaCUyMGRhcyUyMFNlaXRlbmF1ZnJ1ZmxpbWl0JTIwSWhyZXIlMjBXZWJzaXRlJTIwZGVmaW5pZXJ0JTIwaXN0LiUzQyUyRmRpdiUzRSUwQSUzQ2RpdiUyMGNsYXNzJTNEJTIyY29va2llLWR1cmF0aW9uJTIyJTNFMzAlMjBNaW51dGVuJTNDJTJGZGl2JTNFJTBBJTNDJTJGZGl2JTNFJTBBJTBBJTNDZGl2JTIwY2xhc3MlM0QlMjJjdXN0b20tY29va2llLXJvdyUyMiUzRSUwQSUzQ2RpdiUyMGNsYXNzJTNEJTIyY29va2llLW5hbWUlMjIlM0VfaGpJbmNsdWRlZEluUGFnZXZpZXdTYW1wbGUlM0MlMkZkaXYlM0UlMEElM0NkaXYlMjBjbGFzcyUzRCUyMmNvb2tpZS1wdXJwb3NlJTIyJTNFRGllc2VzJTIwQ29va2llJTIwd2lyZCUyMGdlc2V0enQlMkMlMjB1bSUyMEhvdGphciUyMG1pdHp1dGVpbGVuJTJDJTIwb2IlMjBkaWVzZXIlMjBCZW51dHplciUyMGluJTIwZGVyJTIwRGF0ZW5lcmZhc3N1bmclMjBlbnRoYWx0ZW4lMjBpc3QlMkMlMjBkaWUlMjBkdXJjaCUyMGRhcyUyMHQlQzMlQTRnbGljaGUlMjBTaXR6dW5nc2xpbWl0JTIwSWhyZXIlMjBXZWJzaXRlJTIwZGVmaW5pZXJ0JTIwaXN0LiUzQyUyRmRpdiUzRSUwQSUzQ2RpdiUyMGNsYXNzJTNEJTIyY29va2llLWR1cmF0aW9uJTIyJTNFU2l0enVuZyUzQyUyRmRpdiUzRSUwQSUzQyUyRmRpdiUzRSUwQSUwQSUzQ2RpdiUyMGNsYXNzJTNEJTIyY3VzdG9tLWNvb2tpZS1yb3clMjIlM0UlMEElM0NkaXYlMjBjbGFzcyUzRCUyMmNvb2tpZS1uYW1lJTIyJTNFX2hqRmlyc3RTZWVuJTNDJTJGZGl2JTNFJTBBJTNDZGl2JTIwY2xhc3MlM0QlMjJjb29raWUtcHVycG9zZSUyMiUzRURpZXMlMjB3aXJkJTIwZmVzdGdlbGVndCUyQyUyMHVtJTIwZGllJTIwZXJzdGUlMjBTaXR6dW5nJTIwZWluZXMlMjBuZXVlbiUyMEJlbnV0emVycyUyMHp1JTIwaWRlbnRpZml6aWVyZW4uJTIwRXMlMjBzcGVpY2hlcnQlMjBlaW5lbiUyMFdhaHIlMkZGYWxzY2gtV2VydCUyQyUyMGRlciUyMGFuZ2lidCUyQyUyMG9iJTIwSG90amFyJTIwZGllc2VuJTIwQmVudXR6ZXIlMjB6dW0lMjBlcnN0ZW4lMjBNYWwlMjBnZXNlaGVuJTIwaGF0LiUyMEVzJTIwd2lyZCUyMHZvbiUyMFJlZ2lzdHJpZXJ1bmdzZmlsdGVybiUyMHZlcndlbmRldCUyQyUyMHVtJTIwbmV1ZSUyMEJlbnV0emVyc2l0enVuZ2VuJTIwenUlMjBpZGVudGlmaXppZXJlbi4lM0MlMkZkaXYlM0UlMEElM0NkaXYlMjBjbGFzcyUzRCUyMmNvb2tpZS1kdXJhdGlvbiUyMiUzRVNpdHp1bmclM0MlMkZkaXYlM0UlMEElM0MlMkZkaXYlM0UlMEElMEElM0NkaXYlMjBjbGFzcyUzRCUyMmN1c3RvbS1jb29raWUtcm93JTIyJTNFJTBBJTNDZGl2JTIwY2xhc3MlM0QlMjJjb29raWUtbmFtZSUyMiUzRV9oalJlY29yZGluZ0VuYWJsZWQlM0MlMkZkaXYlM0UlMEElM0NkaXYlMjBjbGFzcyUzRCUyMmNvb2tpZS1wdXJwb3NlJTIyJTNFRGllcyUyMHdpcmQlMjBoaW56dWdlZiVDMyVCQ2d0JTJDJTIwd2VubiUyMGVpbmUlMjBBdWZ6ZWljaG51bmclMjBiZWdpbm50JTJDJTIwdW5kJTIwd2lyZCUyMGFiZ2VzcGllbHQlMkMlMjB3ZW5uJTIwZGFzJTIwQXVmemVpY2hudW5nc21vZHVsJTIwaW5pdGlhbGlzaWVydCUyMHdpcmQlMkMlMjB1bSUyMHp1JTIwc2VoZW4lMkMlMjBvYiUyMHNpY2glMjBkZXIlMjBCZW51dHplciUyMGluJTIwZWluZXIlMjBiZXN0aW1tdGVuJTIwU2l0enVuZyUyMGJlcmVpdHMlMjBpbiUyMGVpbmVyJTIwQXVmemVpY2hudW5nJTIwYmVmaW5kZXQuJTNDJTJGZGl2JTNFJTBBJTNDZGl2JTIwY2xhc3MlM0QlMjJjb29raWUtZHVyYXRpb24lMjIlM0VTaXR6dW5nJTNDJTJGZGl2JTNFJTBBJTNDJTJGZGl2JTNFJTBBJTNDZGl2JTIwY2xhc3MlM0QlMjJjdXN0b20tY29va2llLXJvdyUyMiUzRSUwQSUzQ2RpdiUyMGNsYXNzJTNEJTIyY29va2llLW5hbWUlMjIlM0VWaW1lbyUyMHZpZGVvJTIwcGxheWVyJTNDJTJGZGl2JTNFJTBBJTNDZGl2JTIwY2xhc3MlM0QlMjJjb29raWUtcHVycG9zZSUyMiUzRUVpbmJldHRiYXJlciUyMFZpZGVvcGxheWVyLiUyMFdlaXRlcmUlMjBJbmZvcm1hdGlvbmVuJTIwZmluZGVuJTIwU2llJTIwYXVmJTIwZGVyJTIwU2VpdGUlMjB2b24lMjAlM0NhJTIwdGFyZ2V0JTNEJTIyX2JsYW5rJTIyJTIwaHJlZiUzRCUyMmh0dHBzJTNBJTJGJTJGdmltZW8uY29tJTJGY29va2llX3BvbGljeSUyMiUzRVZpbWVvLiUzQyUyRmElM0UlM0MlMkZkaXYlM0UlMEElM0NkaXYlMjBjbGFzcyUzRCUyMmNvb2tpZS1kdXJhdGlvbiUyMiUzRVNpdHp1bmclM0MlMkZkaXYlM0UlMEElM0MlMkZkaXYlM0UlMEElMEElM0MlMkZkaXYlM0U=[\/vc_raw_html][vc_column_text uncode_shortcode_id=&#8220;539340&#8243;]<strong>d) Wie k\u00f6nnen Sie die verwendeten Cookies der Website verwalten?<\/strong><\/p>\n<p>Sie k\u00f6nnen Ihre Einwilligung(en) jederzeit hier mit Wirkung f\u00fcr die Zukunft widerrufen.<\/p>\n<p>Falls Sie die Verwendung von Cookies durch die Website ablehnen oder Cookies auf Ihrem Ger\u00e4t l\u00f6schen oder erneut zulassen m\u00f6chten, k\u00f6nnen Sie auch Ihre Browsereinstellungen \u00e4ndern, um die Cookies zu sperren oder Sie zu benachrichtigen, wenn Cookies an Ihr Ger\u00e4t gesendet werden. Die Cookies lassen sich auf unterschiedliche Weise verwalten. Beziehen Sie sich bitte auf die Nutzungshinweise Ihres Browsers, um mehr dar\u00fcber zu erfahren, wie bei der Einstellungs\u00e4nderung Ihres Browsers vorzugehen ist:<\/p>\n<ul>\n<li><a href=\"http:\/\/windows.microsoft.com\/en-US\/windows-vista\/How-to-manage-cookies-in-Internet-Explorer-9\" target=\"blank\" rel=\"noopener\">Internet Explorer<\/a><\/li>\n<li><a href=\"http:\/\/support.google.com\/chrome\/bin\/answer.py?hl=en-GB&amp;hlrm=nl&amp;answer=95647\" target=\"blank\" rel=\"noopener\">Chrome<\/a><\/li>\n<li><a href=\"http:\/\/support.mozilla.org\/en-US\/kb\/enable-and-disable-cookies-website-preferences?s=cookies&amp;r=5&amp;as=s\" target=\"blank\" rel=\"noopener\">Firefox<\/a><\/li>\n<li><a href=\"http:\/\/support.apple.com\/kb\/PH5042\" target=\"blank\" rel=\"noopener\">Safari<\/a><\/li>\n<\/ul>\n<p>Falls Sie die verwendeten Cookies dieser Website deaktivieren oder bereits installierte Cookies der Website auf Ihrem Ger\u00e4t l\u00f6schen m\u00f6chten, kann sich das auf Ihre Navigation auf der Website auswirken (m\u00f6glicherweise k\u00f6nnen Sie z. B. gewisse Teile der Website nicht mehr aufrufen oder erhalten beim Aufruf der Website keine personalisierten Informationen mehr).<\/p>\n<p><strong>(e) Aktualisierung dieser Cookie-Richtlinie<\/strong><\/p>\n<p>Falls Ontex \u00c4nderungen an seinem Umgang mit Cookies macht, werden diese \u00c4nderungen in eine aktualisierte Version dieser Richtlinie aufgenommen. Wir informieren auch Sie \u00fcber diese \u00c4nderungen, indem wir das obenstehende G\u00fcltigkeitsdatum aktualisieren. Unbeschadet Ihrer Rechte im Rahmen der geltenden Gesetze darf Ontex diese Richtlinie mitunter \u00e4ndern, um den technologischen Fortschritt, \u00c4nderungen von Gesetzen und Vorschriften und bew\u00e4hrte kaufm\u00e4nnische Methoden in angemessener Weise zu ber\u00fccksichtigen.[\/vc_column_text][\/vc_column][\/vc_row]<\/p>\n<\/div>","protected":false},"excerpt":{"rendered":"<p>[vc_row row_height_percent=&#8220;0&#8243; override_padding=&#8220;yes&#8220; h_padding=&#8220;2&#8243; top_padding=&#8220;2&#8243; bottom_padding=&#8220;4&#8243; overlay_alpha=&#8220;50&#8243; gutter_size=&#8220;3&#8243; column_width_percent=&#8220;100&#8243; shift_y=&#8220;0&#8243; z_index=&#8220;0&#8243; uncode_shortcode_id=&#8220;161031&#8243; shape_dividers=&#8220;&#8220;][vc_column width=&#8220;1\/1&#8243;][vc_column_text uncode_shortcode_id=&#8220;104694&#8243;] Cookie-Richtlinie Stand: 17\/09\/2020 &nbsp; Auf [&hellip;]<\/p>\n","protected":false},"author":3,"featured_media":0,"parent":0,"menu_order":0,"comment_status":"closed","ping_status":"closed","template":"","meta":{"footnotes":""},"class_list":["post-2176","page","type-page","status-publish","hentry"],"yoast_head":"<!-- This site is optimized with the Yoast SEO Premium plugin v27.4 (Yoast SEO v27.4) - https:\/\/yoast.com\/product\/yoast-seo-premium-wordpress\/ -->\n<title>Cookie-Richtlinie &#183; Lille Healthcare<\/title>\n<meta name=\"robots\" content=\"index, follow, max-snippet:-1, max-image-preview:large, max-video-preview:-1\" \/>\n<link rel=\"canonical\" href=\"https:\/\/lillehealthcare.com\/de\/cookie-richtlinie\/\" \/>\n<meta property=\"og:locale\" content=\"de_DE\" \/>\n<meta property=\"og:type\" content=\"article\" \/>\n<meta property=\"og:title\" content=\"Cookie-Richtlinie\" \/>\n<meta property=\"og:description\" content=\"[vc_row row_height_percent=&#8220;0&#8243; override_padding=&#8220;yes&#8220; h_padding=&#8220;2&#8243; top_padding=&#8220;2&#8243; bottom_padding=&#8220;4&#8243; overlay_alpha=&#8220;50&#8243; gutter_size=&#8220;3&#8243; column_width_percent=&#8220;100&#8243; shift_y=&#8220;0&#8243; z_index=&#8220;0&#8243; uncode_shortcode_id=&#8220;161031&#8243; shape_dividers=&#8220;&#8220;][vc_column width=&#8220;1\/1&#8243;][vc_column_text uncode_shortcode_id=&#8220;104694&#8243;] Cookie-Richtlinie Stand: 17\/09\/2020 &nbsp; Auf [&hellip;]\" \/>\n<meta property=\"og:url\" content=\"https:\/\/lillehealthcare.com\/de\/cookie-richtlinie\/\" \/>\n<meta property=\"og:site_name\" content=\"Lille Healthcare\" \/>\n<meta property=\"article:modified_time\" content=\"2022-06-09T13:17:34+00:00\" \/>\n<meta property=\"og:image\" content=\"https:\/\/lillehealthcare.com\/wp-content\/uploads\/2021\/05\/hero-couple.jpg\" \/>\n\t<meta property=\"og:image:width\" content=\"960\" \/>\n\t<meta property=\"og:image:height\" content=\"639\" \/>\n\t<meta property=\"og:image:type\" content=\"image\/jpeg\" \/>\n<meta name=\"twitter:card\" content=\"summary_large_image\" \/>\n<meta name=\"twitter:label1\" content=\"Gesch\u00e4tzte Lesezeit\" \/>\n\t<meta name=\"twitter:data1\" content=\"5 Minuten\" \/>\n<script type=\"application\/ld+json\" class=\"yoast-schema-graph\">{\"@context\":\"https:\\\/\\\/schema.org\",\"@graph\":[{\"@type\":\"WebPage\",\"@id\":\"https:\\\/\\\/lillehealthcare.com\\\/de\\\/cookie-richtlinie\\\/\",\"url\":\"https:\\\/\\\/lillehealthcare.com\\\/de\\\/cookie-richtlinie\\\/\",\"name\":\"Cookie-Richtlinie &#183; Lille Healthcare\",\"isPartOf\":{\"@id\":\"https:\\\/\\\/lillehealthcare.com\\\/de\\\/#website\"},\"datePublished\":\"2021-06-27T20:47:22+00:00\",\"dateModified\":\"2022-06-09T13:17:34+00:00\",\"breadcrumb\":{\"@id\":\"https:\\\/\\\/lillehealthcare.com\\\/de\\\/cookie-richtlinie\\\/#breadcrumb\"},\"inLanguage\":\"de-DE\",\"potentialAction\":[{\"@type\":\"ReadAction\",\"target\":[\"https:\\\/\\\/lillehealthcare.com\\\/de\\\/cookie-richtlinie\\\/\"]}]},{\"@type\":\"BreadcrumbList\",\"@id\":\"https:\\\/\\\/lillehealthcare.com\\\/de\\\/cookie-richtlinie\\\/#breadcrumb\",\"itemListElement\":[{\"@type\":\"ListItem\",\"position\":1,\"name\":\"Home\",\"item\":\"https:\\\/\\\/lillehealthcare.com\\\/de\\\/\"},{\"@type\":\"ListItem\",\"position\":2,\"name\":\"Cookie-Richtlinie\"}]},{\"@type\":\"WebSite\",\"@id\":\"https:\\\/\\\/lillehealthcare.com\\\/de\\\/#website\",\"url\":\"https:\\\/\\\/lillehealthcare.com\\\/de\\\/\",\"name\":\"Lille Healthcare\",\"description\":\"Incontinence products suitable for everyone\u2019s needs\",\"publisher\":{\"@id\":\"https:\\\/\\\/lillehealthcare.com\\\/de\\\/#organization\"},\"potentialAction\":[{\"@type\":\"SearchAction\",\"target\":{\"@type\":\"EntryPoint\",\"urlTemplate\":\"https:\\\/\\\/lillehealthcare.com\\\/de\\\/?s={search_term_string}\"},\"query-input\":{\"@type\":\"PropertyValueSpecification\",\"valueRequired\":true,\"valueName\":\"search_term_string\"}}],\"inLanguage\":\"de-DE\"},{\"@type\":\"Organization\",\"@id\":\"https:\\\/\\\/lillehealthcare.com\\\/de\\\/#organization\",\"name\":\"Lille Healthcare\",\"url\":\"https:\\\/\\\/lillehealthcare.com\\\/de\\\/\",\"logo\":{\"@type\":\"ImageObject\",\"inLanguage\":\"de-DE\",\"@id\":\"https:\\\/\\\/lillehealthcare.com\\\/de\\\/#\\\/schema\\\/logo\\\/image\\\/\",\"url\":\"https:\\\/\\\/lillehealthcare.com\\\/wp-content\\\/uploads\\\/2021\\\/05\\\/logoLilleHealthCareCMJN.svg\",\"contentUrl\":\"https:\\\/\\\/lillehealthcare.com\\\/wp-content\\\/uploads\\\/2021\\\/05\\\/logoLilleHealthCareCMJN.svg\",\"width\":100,\"height\":100,\"caption\":\"Lille Healthcare\"},\"image\":{\"@id\":\"https:\\\/\\\/lillehealthcare.com\\\/de\\\/#\\\/schema\\\/logo\\\/image\\\/\"}}]}<\/script>\n<!-- \/ Yoast SEO Premium plugin. -->","yoast_head_json":{"title":"Cookie-Richtlinie &#183; Lille Healthcare","robots":{"index":"index","follow":"follow","max-snippet":"max-snippet:-1","max-image-preview":"max-image-preview:large","max-video-preview":"max-video-preview:-1"},"canonical":"https:\/\/lillehealthcare.com\/de\/cookie-richtlinie\/","og_locale":"de_DE","og_type":"article","og_title":"Cookie-Richtlinie","og_description":"[vc_row row_height_percent=&#8220;0&#8243; override_padding=&#8220;yes&#8220; h_padding=&#8220;2&#8243; top_padding=&#8220;2&#8243; bottom_padding=&#8220;4&#8243; overlay_alpha=&#8220;50&#8243; gutter_size=&#8220;3&#8243; column_width_percent=&#8220;100&#8243; shift_y=&#8220;0&#8243; z_index=&#8220;0&#8243; uncode_shortcode_id=&#8220;161031&#8243; shape_dividers=&#8220;&#8220;][vc_column width=&#8220;1\/1&#8243;][vc_column_text uncode_shortcode_id=&#8220;104694&#8243;] Cookie-Richtlinie Stand: 17\/09\/2020 &nbsp; Auf [&hellip;]","og_url":"https:\/\/lillehealthcare.com\/de\/cookie-richtlinie\/","og_site_name":"Lille Healthcare","article_modified_time":"2022-06-09T13:17:34+00:00","og_image":[{"width":960,"height":639,"url":"https:\/\/lillehealthcare.com\/wp-content\/uploads\/2021\/05\/hero-couple.jpg","type":"image\/jpeg"}],"twitter_card":"summary_large_image","twitter_misc":{"Gesch\u00e4tzte Lesezeit":"5 Minuten"},"schema":{"@context":"https:\/\/schema.org","@graph":[{"@type":"WebPage","@id":"https:\/\/lillehealthcare.com\/de\/cookie-richtlinie\/","url":"https:\/\/lillehealthcare.com\/de\/cookie-richtlinie\/","name":"Cookie-Richtlinie &#183; Lille Healthcare","isPartOf":{"@id":"https:\/\/lillehealthcare.com\/de\/#website"},"datePublished":"2021-06-27T20:47:22+00:00","dateModified":"2022-06-09T13:17:34+00:00","breadcrumb":{"@id":"https:\/\/lillehealthcare.com\/de\/cookie-richtlinie\/#breadcrumb"},"inLanguage":"de-DE","potentialAction":[{"@type":"ReadAction","target":["https:\/\/lillehealthcare.com\/de\/cookie-richtlinie\/"]}]},{"@type":"BreadcrumbList","@id":"https:\/\/lillehealthcare.com\/de\/cookie-richtlinie\/#breadcrumb","itemListElement":[{"@type":"ListItem","position":1,"name":"Home","item":"https:\/\/lillehealthcare.com\/de\/"},{"@type":"ListItem","position":2,"name":"Cookie-Richtlinie"}]},{"@type":"WebSite","@id":"https:\/\/lillehealthcare.com\/de\/#website","url":"https:\/\/lillehealthcare.com\/de\/","name":"Lille Healthcare","description":"Incontinence products suitable for everyone\u2019s needs","publisher":{"@id":"https:\/\/lillehealthcare.com\/de\/#organization"},"potentialAction":[{"@type":"SearchAction","target":{"@type":"EntryPoint","urlTemplate":"https:\/\/lillehealthcare.com\/de\/?s={search_term_string}"},"query-input":{"@type":"PropertyValueSpecification","valueRequired":true,"valueName":"search_term_string"}}],"inLanguage":"de-DE"},{"@type":"Organization","@id":"https:\/\/lillehealthcare.com\/de\/#organization","name":"Lille Healthcare","url":"https:\/\/lillehealthcare.com\/de\/","logo":{"@type":"ImageObject","inLanguage":"de-DE","@id":"https:\/\/lillehealthcare.com\/de\/#\/schema\/logo\/image\/","url":"https:\/\/lillehealthcare.com\/wp-content\/uploads\/2021\/05\/logoLilleHealthCareCMJN.svg","contentUrl":"https:\/\/lillehealthcare.com\/wp-content\/uploads\/2021\/05\/logoLilleHealthCareCMJN.svg","width":100,"height":100,"caption":"Lille Healthcare"},"image":{"@id":"https:\/\/lillehealthcare.com\/de\/#\/schema\/logo\/image\/"}}]}},"_links":{"self":[{"href":"https:\/\/lillehealthcare.com\/de\/wp-json\/wp\/v2\/pages\/2176","targetHints":{"allow":["GET"]}}],"collection":[{"href":"https:\/\/lillehealthcare.com\/de\/wp-json\/wp\/v2\/pages"}],"about":[{"href":"https:\/\/lillehealthcare.com\/de\/wp-json\/wp\/v2\/types\/page"}],"author":[{"embeddable":true,"href":"https:\/\/lillehealthcare.com\/de\/wp-json\/wp\/v2\/users\/3"}],"replies":[{"embeddable":true,"href":"https:\/\/lillehealthcare.com\/de\/wp-json\/wp\/v2\/comments?post=2176"}],"version-history":[{"count":0,"href":"https:\/\/lillehealthcare.com\/de\/wp-json\/wp\/v2\/pages\/2176\/revisions"}],"wp:attachment":[{"href":"https:\/\/lillehealthcare.com\/de\/wp-json\/wp\/v2\/media?parent=2176"}],"curies":[{"name":"wp","href":"https:\/\/api.w.org\/{rel}","templated":true}]}}