{"id":2175,"date":"2021-06-27T22:38:48","date_gmt":"2021-06-27T20:38:48","guid":{"rendered":"https:\/\/lille.wpengine.com\/?page_id=2175"},"modified":"2021-06-28T22:43:48","modified_gmt":"2021-06-28T20:43:48","slug":"datenschutzrichtlinie","status":"publish","type":"page","link":"https:\/\/lillehealthcare.com\/de\/datenschutzrichtlinie\/","title":{"rendered":"Datenschutzrichtlinie"},"content":{"rendered":"<div class=\"wpb-content-wrapper\"><p>[vc_row][vc_column width=&#8220;1\/1&#8243;][vc_column_text]<\/p>\n<h2>Website Datenschutzrichtlinie<\/h2>\n<p>Stand: 25\/05\/2020<\/p>\n<p>&nbsp;<\/p>\n<p><strong>Einleitung<\/strong><\/p>\n<p>Die vorliegenden Datenschutzhinweise gelten f\u00fcr lillehealthcare.com (wie nachfolgend angegeben) und die verbundenen Unternehmen* (nachfolgend \u201eOntex\u201c genannt), die personenbezogene Daten eines Besuchers dieser Website (\u201eBesucher\u201c) beim Besuch verarbeiten oder wenn der Besucher sich auf dieser Website registriert bzw. auf sonstige Weise personenbezogene Daten eingibt. Bitte beachten Sie, dass diese Website Links zu anderen Websites enth\u00e4lt, die nicht von Ontex betrieben werden, f\u00fcr die Ontex nicht verantwortlich ist und die nicht unter die vorliegenden Datenschutzhinweise fallen. Daher sollten Sie die jeweiligen Websites von Drittanbietern und die entsprechenden Datenschutzerkl\u00e4rungen pr\u00fcfen, um mehr \u00fcber deren Verarbeitung Ihrer personenbezogenen Daten zu erfahren.<\/p>\n<p>Verantwortlicher f\u00fcr die Verarbeitung Ihrer personenbezogenen Daten im Zusammenhang mit der Website ist:<\/p>\n<p>Ontex BV<br \/>\nGenthof 5<br \/>\n9255 Buggenhout, Belgien<br \/>\n<a href=\"mailto:dataprotection.germany@ontexglobal.com\">dataprotection.germany@ontexglobal.com<\/a><\/p>\n<p>Unseren Datenschutzbeauftragten k\u00f6nnen Sie \u00fcber den Kontaktbereich auf dieser Website erreichen oder unter Anschrift und dataprotection.germany@ontexglobal.com.<\/p>\n<p><em>*Zu verbundenen Unternehmen z\u00e4hlen alle Unternehmen, die von Ontex BVBA kontrolliert werden, Ontex BVBA kontrollieren oder unter gemeinsamer Kontrolle von Ontex BVBA stehen, wobei Kontrolle den Besitz von mindestens 50 % der Aktien bedeutet. Sie k\u00f6nnen die Liste aller Ontex-Unternehmen in unserem Jahresbericht auf unserer Website <a href=\"https:\/\/ontex.com\">ontex.com<\/a> einsehen.<\/em><\/p>\n<p>&nbsp;<\/p>\n<p><strong>Erhebung personenbezogener Daten<\/strong><\/p>\n<p>Der Besucher muss keine personenbezogenen Daten angeben, um diese Website nutzen zu k\u00f6nnen. Die verarbeiteten Daten k\u00f6nnen unter anderem den Namen, die E-Mail-Adresse, die Telefonnummer, das Land und das Profil des Besuchers umfassen.<\/p>\n<p><strong>Verwendung personenbezogener Daten<\/strong><\/p>\n<p>Ontex verarbeitet personenbezogene Daten der Besucher f\u00fcr nachfolgende Zwecke und auf Basis der jeweils genannten Rechtsgrundlage; sollte die Verarbeitung auf Grundlage berechtigter Interessen erfolgen, wird auch das jeweilige Interesse benannt:<\/p>\n<ul>\n<li>Um sicherzustellen, dass diese Website funktioniert und dass wir diese Website und die personenbezogenen Daten der Besucher vor unbefugtem Zugriff sch\u00fctzen, verarbeitet Ontex personenbezogene Daten zur Erf\u00fcllung unserer rechtlichen Verpflichtung, die Datensicherheit zu gew\u00e4hrleisten, (Art. 6 (1) lit. c) Datenschutz-Grundverordnung (\u201eDSGVO\u201c) in Verbindung mit Art. 32 DSGVO) sowie auf Grundlage unseres berechtigten Interesses an der Beseitigung von St\u00f6rungen, der Gew\u00e4hrleistung von Systemsicherheit und der Aufdeckung sowie Nachverfolgung unzul\u00e4ssiger Zugriffsversuche bzw. Zugriffe (Art. 6 (1) lit. f) DSGVO).<\/li>\n<li>Sofern der Besucher eine Bestellung aufgibt oder Informationen zu einer Bestellung oder unseren Produkten anfordert, verarbeiten wir personenbezogene Daten, um die Bestellung zu verarbeiten bzw. die Anfrage zu beantworten, und zwar jeweils auf Grundlage der Vertragserf\u00fcllung (Artikel 6 (1) lit. b) DSGVO).<\/li>\n<li>Wenn der Besucher sich auf dieser Website registriert, um Zugriff auf bestimmte Inhalte zu erhalten oder um zuk\u00fcnftige Mitteilungen \u00fcber Ontex anzufordern, darf Ontex die vom Besucher \u00fcbermittelten personenbezogenen Daten zur Erstellung eines pers\u00f6nlichen Konto verwenden, um die Antwort von Ontex auf weitere Anforderungen oder Anfragen zu personalisieren. Rechtsgrundlage daf\u00fcr ist die Vertragserf\u00fcllung (Art. 6 (1) lit. b) DSGVO bzw., soweit der Besucher die Personalisierung nicht ausdr\u00fccklich angefordert hat, unser berechtigtes Interesse (Art. 6 (1) lit. f) DSGVO) daran, unseren Besuchern einen individuellen Service zu bieten.<\/li>\n<li>Ontex darf die personenbezogenen Daten auch verwenden, um das Weberlebnis des Besuchers auf der Website zu personalisieren. Rechtsgrundlage daf\u00fcr ist Ihre Einwilligung (Art. 6 (1) lit. a), Art. 7 DSGVO daran, das Weberlebnis auf unserer Website Ihren Interessen anzupassen und Ihnen so ein bestm\u00f6gliches Nutzungserlebnis zu bieten].<\/li>\n<li>Wenn sich der Besucher entscheidet, sich online f\u00fcr eine von Ontex gehostete Veranstaltung zu registrieren, wird Ontex die vom Besucher \u00fcbermittelten personenbezogenen Daten verwenden, um dem Besucher zu antworten. Rechtsgrundlage daf\u00fcr ist die Vertragserf\u00fcllung (Art. 6 (1) lit. b) DSGVO.<\/li>\n<li>Um den Besuchern die M\u00f6glichkeit zu geben, diese Website mittels Social Plugins weiterzuempfehlen oder Informationen \u00fcber diese Website mit anderen zu teilen (weitere Informationen finden Sie im Abschnitt \u201eSoziale Medien und Netzwerke\u201c), verarbeiten wir personenbezogene Daten auf Grundlage Ihrer Einwilligung (Art. 6 (1) lit.\u00a0a), Art. 7 DSGVO) daran, auf den Wunsch der Besucher, die ein Social Plugin aktiviert haben, deren Informationen mit dem entsprechenden sozialen Netzwerk zu teilen.<\/li>\n<li>Um statistische Informationen \u00fcber die Nutzung dieser Website zu sammeln (sogenannte Web-Analyse), verarbeiten wir personenbezogene Daten auf Grundlage Ihrer Einwilligung (Art. 6 (1) lit. a), Art. 7 DSGVO) daran, die Nutzung der Website zu analysieren, um sie kontinuierlich zu verbessern und an die Bed\u00fcrfnisse unserer Nutzer anzupassen.<\/li>\n<li>Zur Aufzeichnung und Auswertung von Daten \u00fcber die Nutzung dieser Website f\u00fcr interessenbezogene Werbung verarbeiten wir und unsere Werbepartner personenbezogene Daten auf Grundlage Ihrer Einwilligung (Art. 6 (1) lit. a), Art. 7 DSGVO) daran, unseren Besuchern Werbung zeigen zu k\u00f6nnen, die auf ihren pers\u00f6nlichen Interessen basiert].<\/li>\n<li>Zur Wahrung gesetzlicher Aufbewahrungspflichten und sonstiger rechtlicher Verpflichtungen verarbeiten wir Ihre personenbezogenen Daten auf Grundlage der Erf\u00fcllung unserer rechtlichen Verpflichtungen (Art. 6 (1) lit. c) DSGVO).<\/li>\n<li>Zur Wahrung und Verteidigung unserer Rechte verarbeiten wir Ihre personenbezogenen Daten auf Grundlage unseres berechtigten Interesses (Art. 6 (1) lit. f) DSGVO) an der Geltendmachung und Verteidigung unserer Rechte.<\/li>\n<\/ul>\n<p>Die personenbezogenen Daten werden so lange gespeichert, wie dies f\u00fcr die Abwicklung Ihrer Anfrage oder f\u00fcr die Erf\u00fcllung unseres Vertrages mit Ihnen erforderlich ist, sofern Sie ein Kunde sind, sowie solange ein berechtigtes Interesse oder eine anderweitige Rechtsgrundlage f\u00fcr die Speicherung besteht.<\/p>\n<ul>\n<li>wenn wir aufgrund gesetzlicher Vorgaben oder vollstreckbarer beh\u00f6rdlicher bzw. gerichtlicher Anordnungen dazu verpflichtet sein sollten;<\/li>\n<li>im Zusammenhang mit Rechtsstreitigkeiten (gegen\u00fcber Gerichten und Anw\u00e4lten) oder Betriebspr\u00fcfungen (gegen\u00fcber Wirtschaftspr\u00fcfern);<\/li>\n<li>im Zusammenhang mit m\u00f6glicherweise strafbaren Handlungen (gegen\u00fcber den zust\u00e4ndigen Ermittlungsbeh\u00f6rden).<\/li>\n<\/ul>\n<p><strong>Zugang des Besuchers zu eigenen personenbezogenen Daten<\/strong><\/p>\n<p>Ontex ist \u00e4u\u00dferst bem\u00fcht, den Besuchern einen angemessenen Zugang zu den bei der Registrierung auf dieser Website erfassten personenbezogenen Daten zwecks \u00dcberpr\u00fcfung und Berichtigung etwaiger Ungenauigkeiten zu erm\u00f6glichen. Besucher, die sich f\u00fcr eine Registrierung entscheiden, k\u00f6nnen auf ihr Besucherprofil zugreifen, ihre Angaben korrigieren und aktualisieren oder sich jederzeit wieder abmelden. Besucher, die Probleme hinsichtlich des Zugriffs auf ihr Profil haben, sonstige Ausk\u00fcnfte w\u00fcnschen oder eine Kopie ihrer personenbezogenen Daten anfordern m\u00f6chten, wenden sich bitte \u00fcber den Kontaktbereich auf dieser Website an Ontex. Ontex behandelt Anfragen auf Auskunft oder Berichtigung von personenbezogenen Daten nach Ma\u00dfgabe der anwendbaren gesetzlichen Anforderungen.<\/p>\n<p><strong>Ihre Rechte als betroffene Person<\/strong><\/p>\n<p>Sie haben ein Recht auf Zugang bzw. Auskunft \u00fcber die Verarbeitung ihrer personenbezogenen Daten durch Ontex. Sie haben auch das Recht, die Berichtigung oder, sofern die konkreten Voraussetzungen hierf\u00fcr erf\u00fcllt sind, L\u00f6schung Ihrer personenbezogenen Daten oder die Einschr\u00e4nkung der Verarbeitung zu verlangen. Daten, die von Ihnen an Ontex auf Basis einer Einwilligung oder eines Vertrages \u00fcbermittelt wurden, k\u00f6nnen in einem maschinenlesbaren Format angefordert werden; Besucher k\u00f6nnen auch verlangen, dass wir diese Daten direkt einem Dritten \u00fcbermitteln, soweit dies technisch machbar ist (Recht auf Daten\u00fcbertragbarkeit).<\/p>\n<p>Soweit Ihre personenbezogener Daten auf Grundlage einer Einwilligung verarbeitet werden, haben Sie das Recht, Ihre Einwilligung jederzeit zu widerrufen. Bitte beachten Sie, dass die Rechtm\u00e4\u00dfigkeit der aufgrund der Einwilligung bis zum Widerruf erfolgten Verarbeitung davon nicht ber\u00fchrt wird.<\/p>\n<p><strong>Ihre Widerspruchsrechte<\/strong><\/p>\n<p>Sie haben das Recht, einer Verarbeitung Ihrer personenbezogenen Daten zu Zwecken der Direktwerbung ohne Angabe von Gr\u00fcnden zu widersprechen.<\/p>\n<p>Verarbeitet Ontex Ihre Daten auf Grundlage berechtigter Interessen, k\u00f6nnen Sie dieser Verarbeitung aus Gr\u00fcnden, die sich aus Ihrer besonderen Situation ergeben, widersprechen. Ontex verarbeitet Ihre personenbezogenen Daten dann nicht mehr, es sei denn, Ontex kann zwingende schutzw\u00fcrdige Gr\u00fcnde f\u00fcr die Verarbeitung nachweisen, die Ihren Interessen, Rechte und Freiheiten \u00fcberwiegen, oder die Verarbeitung dient der Geltendmachung, Aus\u00fcbung oder Verteidigung von Rechtsanspr\u00fcchen.<\/p>\n<p>Ontex legt gr\u00f6\u00dften Wert auf Ihre Privatsph\u00e4re und bittet h\u00f6flichst darum, sich bei allen Fragen oder Bedenken, die Sie hinsichtlich der Verwendung Ihrer personenbezogenen Daten haben, \u00fcber den Kontaktbereich auf dieser Website an uns zu wenden.<\/p>\n<p>Sie haben zudem das Recht, eine Beschwerde bei der zust\u00e4ndigen Datenschutzbeh\u00f6rde einzureichen, wenn Sie der Meinung sind, dass Ihre personenbezogenen Daten von Ontex nicht angemessen behandelt werden. Die Datenschutzbeh\u00f6rde von Ontex ist die belgische Datenschutzbeh\u00f6rde (www.autoriteprotectiondonnees.be), die Sie in diesem Fall kontaktieren k\u00f6nnen. Sie haben auch das Recht, jederzeit bei Ihrer \u00f6rtlichen Datenschutzbeh\u00f6rde Beschwerde einzulegen. Ontex sch\u00e4tzt Ihre Privatsph\u00e4re sehr und bittet Sie, bei Fragen oder Bedenken, die Sie bez\u00fcglich der Nutzung ihrer personenbezogenen Daten haben, uns zuerst \u00fcber den Kontaktbereich auf dieser Website zu kontaktieren.<\/p>\n<p><strong>Informationssicherheit<\/strong><\/p>\n<p>Ontex wendet marktkonforme Standards f\u00fcr die Technologie und die Betriebssicherheit an, um alle von den Besuchern bereitgestellten personenbezogenen Daten vor Verlust, missbr\u00e4uchlicher Verwendung, \u00c4nderung oder Vernichtung zu sch\u00fctzen.<\/p>\n<p><strong>Schutz der Privatsph\u00e4re von Kindern<\/strong><\/p>\n<p>Ontex ist sich bewusst, wie wichtig der Schutz der Privatsph\u00e4re von Kindern in der interaktiven Onlinewelt ist. Diese Website, f\u00fcr welche die vorliegenden Datenschutzhinweise gelten, wurde nicht f\u00fcr Kinder bis einschlie\u00dflich 16 Jahre konzipiert und richtet sich nicht gezielt an diese. Es entspricht nicht der Leitlinie von Ontex, wissentlich Daten von Personen unter einem Alter von 16 Jahren zu verarbeiten.<\/p>\n<p><strong>Soziale Medien und Netzwerke<\/strong><\/p>\n<p>Bei jeder Nutzung des Internet werden von Ihrem Internet-Browser automatisch bestimmte Informationen \u00fcbermittelt und von uns zur Ermittlung von St\u00f6rungen und aus Sicherheitsgr\u00fcnden (z. B. zur Aufkl\u00e4rung von Angriffsversuchen) f\u00fcr 7 bis 10 Tage gespeichert und danach gel\u00f6scht. Log-Dateien, deren weitere Aufbewahrung zu Beweiszwecken erforderlich ist, sind von der L\u00f6schung ausgenommen bis zur endg\u00fcltigen Kl\u00e4rung des jeweiligen Vorfalls und k\u00f6nnen im Einzelfall an Ermittlungsbeh\u00f6rden weitergegeben werden.<\/p>\n<p><strong>Log-Files (Browserinformationen)<\/strong><\/p>\n<p>Bei jeder Nutzung des Internet werden von Ihrem Internet-Browser automatisch bestimmte Informationen \u00fcbermittelt und von uns zur Ermittlung von St\u00f6rungen und aus Sicherheitsgr\u00fcnden (z. B. zur Aufkl\u00e4rung von Angriffsversuchen) f\u00fcr 7 bis 10 Tage gespeichert und danach gel\u00f6scht. Log-Dateien, deren weitere Aufbewahrung zu Beweiszwecken erforderlich ist, sind von der L\u00f6schung ausgenommen bis zur endg\u00fcltigen Kl\u00e4rung des jeweiligen Vorfalls und k\u00f6nnen im Einzelfall an Ermittlungsbeh\u00f6rden weitergegeben werden.<\/p>\n<p>In den Log-Dateien werden insbesondere folgende Informationen gespeichert:<\/p>\n<ul>\n<li>IP-Adresse (Internetprotokoll-Adresse) des Endger\u00e4ts, von dem aus auf das Online-Angebot zugriffen wird;<\/li>\n<li>Internetadresse der Website, von der aus das Online-Angebot aufgerufen wurde (sog. Herkunfts- oder Referrer-URL);<\/li>\n<li>Name des Service-Providers, \u00fcber den der Zugriff auf das Online-Angebot erfolgt;<\/li>\n<li>Name der abgerufenen Dateien bzw. Informationen;<\/li>\n<li>Datum und Uhrzeit sowie Dauer des Abrufs;<\/li>\n<li>\u00fcbertragene Datenmenge;<\/li>\n<li>Betriebssystem und Informationen zum verwendeten Internet-Browser einschlie\u00dflich installierter Add-Ons (z. B. f\u00fcr den Flash Player); und<\/li>\n<li>http-Status-Code (z. B. \u201eAnfrage erfolgreich\u201c oder \u201eangeforderte Datei nicht gefunden\u201c).<\/li>\n<\/ul>\n<p><strong>Cookies<\/strong><\/p>\n<p>Informationen zu den Cookies, die auf dieser Website verwendet werden, finden Sie in unserer\u00a0<a href=\"https:\/\/www.moltexbaby.com\/de\/cookie-richtlinie\/\">Cookie-Richtlinie<\/a>\u00a0sowie in unserer Consent Management Plattform (auch \u201eCMP\u201c). Soweit es im Zusammenhang mit Cookie-basierten Prozessen zur Verarbeitung personenbezogener Daten kommt, finden Sie dort auch n\u00e4here Angaben zu den verfolgten Zwecken und eingebundenen Dienstleistern bzw. Werbepartnern.[\/vc_column_text][\/vc_column][\/vc_row]<\/p>\n<\/div>","protected":false},"excerpt":{"rendered":"<p>[vc_row][vc_column width=&#8220;1\/1&#8243;][vc_column_text] Website Datenschutzrichtlinie Stand: 25\/05\/2020 &nbsp; Einleitung Die vorliegenden Datenschutzhinweise gelten f\u00fcr lillehealthcare.com (wie nachfolgend angegeben) und die verbundenen [&hellip;]<\/p>\n","protected":false},"author":3,"featured_media":0,"parent":0,"menu_order":0,"comment_status":"closed","ping_status":"open","template":"","meta":{"footnotes":""},"class_list":["post-2175","page","type-page","status-publish","hentry"],"yoast_head":"<!-- This site is optimized with the Yoast SEO Premium plugin v27.3 (Yoast SEO v27.3) - https:\/\/yoast.com\/product\/yoast-seo-premium-wordpress\/ -->\n<title>Datenschutzrichtlinie &#183; Lille Healthcare<\/title>\n<meta name=\"robots\" content=\"index, follow, max-snippet:-1, max-image-preview:large, max-video-preview:-1\" \/>\n<link rel=\"canonical\" href=\"https:\/\/lillehealthcare.com\/de\/datenschutzrichtlinie\/\" \/>\n<meta property=\"og:locale\" content=\"de_DE\" \/>\n<meta property=\"og:type\" content=\"article\" \/>\n<meta property=\"og:title\" content=\"Datenschutzrichtlinie\" \/>\n<meta property=\"og:description\" content=\"[vc_row][vc_column width=&#8220;1\/1&#8243;][vc_column_text] Website Datenschutzrichtlinie Stand: 25\/05\/2020 &nbsp; Einleitung Die vorliegenden Datenschutzhinweise gelten f\u00fcr lillehealthcare.com (wie nachfolgend angegeben) und die verbundenen [&hellip;]\" \/>\n<meta property=\"og:url\" content=\"https:\/\/lillehealthcare.com\/de\/datenschutzrichtlinie\/\" \/>\n<meta property=\"og:site_name\" content=\"Lille Healthcare\" \/>\n<meta property=\"article:modified_time\" content=\"2021-06-28T20:43:48+00:00\" \/>\n<meta property=\"og:image\" content=\"https:\/\/lillehealthcare.com\/wp-content\/uploads\/2021\/05\/hero-couple.jpg\" \/>\n\t<meta property=\"og:image:width\" content=\"960\" \/>\n\t<meta property=\"og:image:height\" content=\"639\" \/>\n\t<meta property=\"og:image:type\" content=\"image\/jpeg\" \/>\n<meta name=\"twitter:card\" content=\"summary_large_image\" \/>\n<meta name=\"twitter:label1\" content=\"Gesch\u00e4tzte Lesezeit\" \/>\n\t<meta name=\"twitter:data1\" content=\"8 Minuten\" \/>\n<script type=\"application\/ld+json\" class=\"yoast-schema-graph\">{\"@context\":\"https:\\\/\\\/schema.org\",\"@graph\":[{\"@type\":\"WebPage\",\"@id\":\"https:\\\/\\\/lillehealthcare.com\\\/de\\\/datenschutzrichtlinie\\\/\",\"url\":\"https:\\\/\\\/lillehealthcare.com\\\/de\\\/datenschutzrichtlinie\\\/\",\"name\":\"Datenschutzrichtlinie &#183; Lille Healthcare\",\"isPartOf\":{\"@id\":\"https:\\\/\\\/lillehealthcare.com\\\/de\\\/#website\"},\"datePublished\":\"2021-06-27T20:38:48+00:00\",\"dateModified\":\"2021-06-28T20:43:48+00:00\",\"breadcrumb\":{\"@id\":\"https:\\\/\\\/lillehealthcare.com\\\/de\\\/datenschutzrichtlinie\\\/#breadcrumb\"},\"inLanguage\":\"de-DE\",\"potentialAction\":[{\"@type\":\"ReadAction\",\"target\":[\"https:\\\/\\\/lillehealthcare.com\\\/de\\\/datenschutzrichtlinie\\\/\"]}]},{\"@type\":\"BreadcrumbList\",\"@id\":\"https:\\\/\\\/lillehealthcare.com\\\/de\\\/datenschutzrichtlinie\\\/#breadcrumb\",\"itemListElement\":[{\"@type\":\"ListItem\",\"position\":1,\"name\":\"Home\",\"item\":\"https:\\\/\\\/lillehealthcare.com\\\/de\\\/\"},{\"@type\":\"ListItem\",\"position\":2,\"name\":\"Datenschutzrichtlinie\"}]},{\"@type\":\"WebSite\",\"@id\":\"https:\\\/\\\/lillehealthcare.com\\\/de\\\/#website\",\"url\":\"https:\\\/\\\/lillehealthcare.com\\\/de\\\/\",\"name\":\"Lille Healthcare\",\"description\":\"Incontinence products suitable for everyone\u2019s needs\",\"publisher\":{\"@id\":\"https:\\\/\\\/lillehealthcare.com\\\/de\\\/#organization\"},\"potentialAction\":[{\"@type\":\"SearchAction\",\"target\":{\"@type\":\"EntryPoint\",\"urlTemplate\":\"https:\\\/\\\/lillehealthcare.com\\\/de\\\/?s={search_term_string}\"},\"query-input\":{\"@type\":\"PropertyValueSpecification\",\"valueRequired\":true,\"valueName\":\"search_term_string\"}}],\"inLanguage\":\"de-DE\"},{\"@type\":\"Organization\",\"@id\":\"https:\\\/\\\/lillehealthcare.com\\\/de\\\/#organization\",\"name\":\"Lille Healthcare\",\"url\":\"https:\\\/\\\/lillehealthcare.com\\\/de\\\/\",\"logo\":{\"@type\":\"ImageObject\",\"inLanguage\":\"de-DE\",\"@id\":\"https:\\\/\\\/lillehealthcare.com\\\/de\\\/#\\\/schema\\\/logo\\\/image\\\/\",\"url\":\"https:\\\/\\\/lillehealthcare.com\\\/wp-content\\\/uploads\\\/2021\\\/05\\\/logoLilleHealthCareCMJN.svg\",\"contentUrl\":\"https:\\\/\\\/lillehealthcare.com\\\/wp-content\\\/uploads\\\/2021\\\/05\\\/logoLilleHealthCareCMJN.svg\",\"width\":100,\"height\":100,\"caption\":\"Lille Healthcare\"},\"image\":{\"@id\":\"https:\\\/\\\/lillehealthcare.com\\\/de\\\/#\\\/schema\\\/logo\\\/image\\\/\"}}]}<\/script>\n<!-- \/ Yoast SEO Premium plugin. -->","yoast_head_json":{"title":"Datenschutzrichtlinie &#183; Lille Healthcare","robots":{"index":"index","follow":"follow","max-snippet":"max-snippet:-1","max-image-preview":"max-image-preview:large","max-video-preview":"max-video-preview:-1"},"canonical":"https:\/\/lillehealthcare.com\/de\/datenschutzrichtlinie\/","og_locale":"de_DE","og_type":"article","og_title":"Datenschutzrichtlinie","og_description":"[vc_row][vc_column width=&#8220;1\/1&#8243;][vc_column_text] Website Datenschutzrichtlinie Stand: 25\/05\/2020 &nbsp; Einleitung Die vorliegenden Datenschutzhinweise gelten f\u00fcr lillehealthcare.com (wie nachfolgend angegeben) und die verbundenen [&hellip;]","og_url":"https:\/\/lillehealthcare.com\/de\/datenschutzrichtlinie\/","og_site_name":"Lille Healthcare","article_modified_time":"2021-06-28T20:43:48+00:00","og_image":[{"width":960,"height":639,"url":"https:\/\/lillehealthcare.com\/wp-content\/uploads\/2021\/05\/hero-couple.jpg","type":"image\/jpeg"}],"twitter_card":"summary_large_image","twitter_misc":{"Gesch\u00e4tzte Lesezeit":"8 Minuten"},"schema":{"@context":"https:\/\/schema.org","@graph":[{"@type":"WebPage","@id":"https:\/\/lillehealthcare.com\/de\/datenschutzrichtlinie\/","url":"https:\/\/lillehealthcare.com\/de\/datenschutzrichtlinie\/","name":"Datenschutzrichtlinie &#183; Lille Healthcare","isPartOf":{"@id":"https:\/\/lillehealthcare.com\/de\/#website"},"datePublished":"2021-06-27T20:38:48+00:00","dateModified":"2021-06-28T20:43:48+00:00","breadcrumb":{"@id":"https:\/\/lillehealthcare.com\/de\/datenschutzrichtlinie\/#breadcrumb"},"inLanguage":"de-DE","potentialAction":[{"@type":"ReadAction","target":["https:\/\/lillehealthcare.com\/de\/datenschutzrichtlinie\/"]}]},{"@type":"BreadcrumbList","@id":"https:\/\/lillehealthcare.com\/de\/datenschutzrichtlinie\/#breadcrumb","itemListElement":[{"@type":"ListItem","position":1,"name":"Home","item":"https:\/\/lillehealthcare.com\/de\/"},{"@type":"ListItem","position":2,"name":"Datenschutzrichtlinie"}]},{"@type":"WebSite","@id":"https:\/\/lillehealthcare.com\/de\/#website","url":"https:\/\/lillehealthcare.com\/de\/","name":"Lille Healthcare","description":"Incontinence products suitable for everyone\u2019s needs","publisher":{"@id":"https:\/\/lillehealthcare.com\/de\/#organization"},"potentialAction":[{"@type":"SearchAction","target":{"@type":"EntryPoint","urlTemplate":"https:\/\/lillehealthcare.com\/de\/?s={search_term_string}"},"query-input":{"@type":"PropertyValueSpecification","valueRequired":true,"valueName":"search_term_string"}}],"inLanguage":"de-DE"},{"@type":"Organization","@id":"https:\/\/lillehealthcare.com\/de\/#organization","name":"Lille Healthcare","url":"https:\/\/lillehealthcare.com\/de\/","logo":{"@type":"ImageObject","inLanguage":"de-DE","@id":"https:\/\/lillehealthcare.com\/de\/#\/schema\/logo\/image\/","url":"https:\/\/lillehealthcare.com\/wp-content\/uploads\/2021\/05\/logoLilleHealthCareCMJN.svg","contentUrl":"https:\/\/lillehealthcare.com\/wp-content\/uploads\/2021\/05\/logoLilleHealthCareCMJN.svg","width":100,"height":100,"caption":"Lille Healthcare"},"image":{"@id":"https:\/\/lillehealthcare.com\/de\/#\/schema\/logo\/image\/"}}]}},"_links":{"self":[{"href":"https:\/\/lillehealthcare.com\/de\/wp-json\/wp\/v2\/pages\/2175","targetHints":{"allow":["GET"]}}],"collection":[{"href":"https:\/\/lillehealthcare.com\/de\/wp-json\/wp\/v2\/pages"}],"about":[{"href":"https:\/\/lillehealthcare.com\/de\/wp-json\/wp\/v2\/types\/page"}],"author":[{"embeddable":true,"href":"https:\/\/lillehealthcare.com\/de\/wp-json\/wp\/v2\/users\/3"}],"replies":[{"embeddable":true,"href":"https:\/\/lillehealthcare.com\/de\/wp-json\/wp\/v2\/comments?post=2175"}],"version-history":[{"count":0,"href":"https:\/\/lillehealthcare.com\/de\/wp-json\/wp\/v2\/pages\/2175\/revisions"}],"wp:attachment":[{"href":"https:\/\/lillehealthcare.com\/de\/wp-json\/wp\/v2\/media?parent=2175"}],"curies":[{"name":"wp","href":"https:\/\/api.w.org\/{rel}","templated":true}]}}