{"id":2174,"date":"2021-06-27T22:32:50","date_gmt":"2021-06-27T20:32:50","guid":{"rendered":"https:\/\/lille.wpengine.com\/?page_id=2174"},"modified":"2021-06-28T22:44:49","modified_gmt":"2021-06-28T20:44:49","slug":"nutzungsbedingungen","status":"publish","type":"page","link":"https:\/\/lillehealthcare.com\/de\/nutzungsbedingungen\/","title":{"rendered":"Nutzungsbedingungen"},"content":{"rendered":"<div class=\"wpb-content-wrapper\"><p>[vc_row][vc_column width=&#8220;1\/1&#8243;][vc_column_text]<\/p>\n<h2>Nutzungsbedingungen<\/h2>\n<p><strong>Inhalt<\/strong><br \/>\n\u2013 Annahme und \u00c4nderung der Nutzungsbedingungen<br \/>\n\u2013 Aufrufen der Website \u2013 Inhalt der Website<br \/>\n\u2013 Nutzung der Website<br \/>\n\u2013 Geistiges Eigentum<br \/>\n\u2013 Links zu externen Websites und Diensten<br \/>\n\u2013 Dauer und Beendigung<br \/>\n\u2013 Haftung<br \/>\n\u2013 Allgemeines<br \/>\n\u2013 Geltendes Recht- Streitbeilegung<\/p>\n<p><strong>Annahme und \u00c4nderung der Nutzungsbedingungen<\/strong><\/p>\n<p>Die vorliegenden Nutzungsbedingungen (\u201eNutzungsbedingungen\u201c) bilden den gesetzlichen Rahmen f\u00fcr den Aufruf und die Nutzung der Website lillehealthcare.com (\u201eWebsite\u201c), die das Eigentum der Ontex BV mit Handelsregisternummer 0419.457.296 und mit eingetragenem Firmensitz in der Genthof 5, 9255 Buggenhout, Belgien, (\u201eOntex\u201c, \u201ewir\u201c, \u201eunser\u201c oder \u201euns\u201c) ist und von ihr betrieben wird.<\/p>\n<p>Wenn Sie die Website aufrufen und verwenden, akzeptieren Sie die zum Zeitpunkt Ihres Besuchs geltenden Nutzungsbedingungen, die von Ontex jederzeit ge\u00e4ndert werden k\u00f6nnen. Wenn Sie die Website aufrufen und verwenden, erkl\u00e4ren Sie sich damit einverstanden, dass Sie automatisch an die zum Zeitpunkt Ihres Besuchs oder Ihrer Nutzung der Website geltenden Nutzungsbedingungen gebunden sind. Ferner erkl\u00e4ren Sie sich damit einverstanden, dass Ihre auf dieser Weise erteilte Zustimmung rechtlich gleichrangig mit einer ausdr\u00fccklichen schriftlichen Zustimmung ist. Wenn Sie den Nutzungsbedingungen nicht zustimmen, d\u00fcrfen Sie unsere Website nicht aufrufen oder verwenden. Bitte lesen Sie diese Nutzungsbedingungen und unsere Datenschutzrichtlinie (hier) vor Nutzung der Website sorgf\u00e4ltig durch. Wir empfehlen Ihnen, die Nutzungsbedingungen bei jedem Besuch unserer Website zu lesen.<\/p>\n<p><strong>Aufrufen der Website \u2013 Inhalt der Website<\/strong><\/p>\n<p>Sofern Sie unsere Nutzungsbedingungen vollumf\u00e4nglich einhalten, gew\u00e4hren wir Ihnen das pers\u00f6nliche, nicht exklusive, nicht \u00fcbertragbare und widerrufliche Recht, den Inhalt (\u201eInhalt\u201c) dieser Website zum alleinigen Zwecke der Nutzung der Website unter den Nutzungsbedingungen aufzurufen und zu verwenden. Alle anderen Rechte sind ausdr\u00fccklich ausgeschlossen.<\/p>\n<p>Ontex beh\u00e4lt sich das Recht vor, jederzeit ohne vorherige Ank\u00fcndigung Inhalte (vor\u00fcbergehend oder dauerhaft) hinzuzuf\u00fcgen, zu l\u00f6schen oder zu \u00e4ndern, den Zugang zur Website zu sperren oder die Website zu schlie\u00dfen, um die Website zu warten und\/oder zu verbessern und\/oder zu \u00fcberarbeiten.<\/p>\n<p>Sie erkennen an, dass Sie die Website nur nutzen k\u00f6nnen, wenn Ihr Endger\u00e4t mit dem Internet verbunden ist. Verbindungs- oder Zugangsgeb\u00fchren f\u00fcr die Nutzung der Website unterliegen den mit Ihrem Internetprovider oder Mobilfunkbetreiber vereinbarten Gesch\u00e4ftsbedingungen. Sie erkl\u00e4ren, dass Sie sich der Risiken bewusst sind, die die Nutzung des Internets mit sich bringt, so zum Beispiel die Nichterreichbarkeit der Website, Offenlegung oder Integrit\u00e4tsverlust \u00fcbertragener Daten, potenzielle Virenangriffe usw. Ontex tut alles in seinen Kr\u00e4ften Stehende, um Virenangriffe auf der Website zu verhindern, kann jedoch nicht garantieren, dass die Website vollst\u00e4ndig frei von Viren ist, und \u00fcbernimmt hierf\u00fcr keine Haftung. Wir empfehlen Ihnen, vor Ihrer Nutzung der Website und\/oder dem Herunterladen von Informationen von der Website alle notwendigen Ma\u00dfnahmen zu ergreifen.<\/p>\n<p>Wenn Sie sich auf der Website registrieren sollten, verpflichten Sie sich, Ihr Passwort, Ihre Kontodaten und Ihre Login-Daten f\u00fcr die Website nicht an Dritte weiterzugeben. Ihr Konto ist ein pers\u00f6nliches Konto, und es ist nur ein Konto pro nat\u00fcrlicher Person erlaubt. Sie sind daf\u00fcr verantwortlich, Ihr Passwort und Ihre Kontoinformationen geheim zu halten. Sie sind f\u00fcr alle mithilfe Ihrer Login-Daten, mit Ihrem Konto oder nach Ihrem Zugriff auf die Website ausgef\u00fchrten Aktivit\u00e4ten verantwortlich.<\/p>\n<p><strong>Nutzung der Website<\/strong><\/p>\n<p>Sie d\u00fcrfen die Website nicht so aufrufen oder verwenden, dass Konten, IT-Systeme oder Netzwerke von Ontex besch\u00e4digt, deaktiviert, \u00fcberlastet oder kompromittiert werden k\u00f6nnten. Der nicht autorisierte Zugriff auf Konten, IT-Systeme oder Netzwerke von Ontex ist untersagt. Die Nutzung von Crawlern, Scraping-Tools oder anderen automatisierten Mitteln, um unbefugten Zugriff auf Konten, IT-Systeme oder Netzwerke von Ontex zu erhalten, ist untersagt. Es ist untersagt, die Website oder ihren Inhalt so aufzurufen, herunterzuladen oder zu exportieren, dass Vorschriften oder Gesetze f\u00fcr den Export oder andere geltende Vorschriften oder Gesetze verletzt werden.<br \/>\nEs ist ohne Einschr\u00e4nkung untersagt, (i) die gesamte Website oder Teile der Website zu \u00e4ndern, zu vervielf\u00e4ltigen, zu repr\u00e4sentieren, anzupassen und\/oder zu \u00fcbersetzen; (ii) Ausz\u00fcge der gesamten Website oder eines Teils davon anzulegen und (iii) den Inhalt auf einer Website, einem Medium oder Netzwerk zu ver\u00f6ffentlichen. (Sie d\u00fcrfen auch keine dritte Partei hiermit beauftragen.)<\/p>\n<p>Wenn Sie Inhalte auf der Website ver\u00f6ffentlichen (zum Beispiel Kommentare zu Produkten oder Diensten von Ontex) (\u201eVer\u00f6ffentlichungen\u201c), garantieren Sie, (i) in Besitz aller erforderlichen Lizenzen, Rechte, Vereinbarungen und Genehmigungen f\u00fcr die Nutzung zu sein, (ii) Ontex alle f\u00fcr Ver\u00f6ffentlichungen geltenden Urheberrechte, Markenrechte und andere Eigentumsrechte zu \u00fcbertragen und (ii) dass Sie f\u00fcr jede Ver\u00f6ffentlichung \u00fcber eine schriftliche Zustimmung aller identifizierbaren nat\u00fcrlichen Personen verf\u00fcgen, dass ihre Namen und Bilder in besagter Ver\u00f6ffentlichung verwendet werden d\u00fcrfen. Sie erkl\u00e4ren sich damit einverstanden, keine Ver\u00f6ffentlichungen zu \u00fcbermitteln, die rechtswidrig, sittenwidrig, obsz\u00f6n, diffamierend, bedrohend, pornographisch, p\u00e4dophil, revisionistisch (den Holocaust verleugnend), einsch\u00fcchternd, hasserf\u00fcllt, rassistisch, beleidigend, politischen oder Rassenhass sch\u00fcrend oder fremdenfeindlich sind oder gegen das Gesetz oder eine obligatorische Vorschrift versto\u00dfen oder auf sonstige Art und Weise unangemessen sind. Mit der Ver\u00f6ffentlichung auf der Website \u00fcbertragen Sie Ontex das Recht, die Ver\u00f6ffentlichung im Ganzen oder in Teilen kostenlos auf s\u00e4mtlichen Datentr\u00e4gern und zum Nutzen der gesamten Welt unter den mit dieser Ver\u00f6ffentlichung verbundenen Eigentumsrechten zu nutzen, zu vervielf\u00e4ltigen und zu repr\u00e4sentieren, um die Zwecke der Website zu erf\u00fcllen und die besagte Website zu Marketing- oder kommerziellen Zwecken zu bewerben.<\/p>\n<p><strong>Geistiges Eigentum<\/strong><\/p>\n<p>Die Website und ihr Inhalt sowie das Urheberrecht und die Rechte, die sich auf Warenzeichen, Handelsnamen, Zeichnungen, Bilder, Datenbanken, Informationen, Daten, Texte, Audioaufnahmen, Fotos und Grafiken beziehen, sowie s\u00e4mtliche Quelltexte, Software und andere Inhalte sind Eigentum von Ontex oder seiner Lizenzgeber und werden durch geistige Eigentumsrechte sowie andere nationale und internationale Eigentumsrechte einschlie\u00dflich, aber nicht beschr\u00e4nkt auf Urheberrecht und verwandte Rechte, Rechte f\u00fcr Datenbanken, Modelle, Marken und Handelsnamen, Patente usw. gesch\u00fctzt. Sie verpflichten sich, das Logo und Marken von Ontex nicht ohne vorherige schriftliche Zustimmung abzubilden oder zu nutzen.<\/p>\n<p>Der Aufruf der Website und\/oder ihrer Inhalte und deren Nutzung k\u00f6nnen nicht als Erteilung einer Lizenz f\u00fcr irgendeines dieser geistigen Eigentumsrechte interpretiert werden. Wir behalten uns alle Rechte f\u00fcr die Website und deren Inhalt vor, die Ihnen nicht ausdr\u00fccklich gew\u00e4hrt wurden.<br \/>\nDie Website und ihr Inhalt d\u00fcrfen nur unter Einhaltung der Nutzungsbedingungen verwendet werden.<br \/>\nDie Verwendung von Inhalten oder Elementen der Website, die das Eigentum von Ontex sind oder f\u00fcr die Ontex eine Lizenz hat, im Widerspruch zu unseren Nutzungsbedingungen oder die Verwendung dieser Inhalte oder Elemente ohne die Zustimmung von Ontex stellen einen Versto\u00df gegen unsere geistigen Eigentumsrechte oder die Eigentumsrechte Dritter dar, einschlie\u00dflich, aber nicht beschr\u00e4nkt auf Urheberrechte und verwandte Rechte, Rechte, die sich auf Datenbanken, Entw\u00fcrfe und Modelle, Handelsmarken, Warenzeichen und Patente beziehen, sowie andere Rechte. In solchen F\u00e4llen behalten wir uns vollst\u00e4ndig das Recht vor, Ihnen den Zugriff auf die Website automatisch zu verweigern und alle uns angemessen erscheinenden, vorbeugenden oder aussetzenden Ma\u00dfnahmen zu ergreifen, um Schadenersatz f\u00fcr den Versto\u00df gegen unsere geistigen Eigentumsrechte zu erhalten. Personen, die auf die Website und\/oder ihren Inhalt zugreifen, wird keine Lizenz jedweder Art gew\u00e4hrt, zuerkannt oder auf andere Weise \u00fcbertragen.<\/p>\n<p><strong>Links zu externen Websites und Diensten<\/strong><\/p>\n<p>Die Website enth\u00e4lt Hyperlinks zu anderen, von dritten Parteien genutzten Websites und Verweise auf externe formationsquellen. Diese Links und Informationsquellen werden zu Informationszwecken zur Verf\u00fcgung gestellt. Diese Websites und die hierauf enthaltenen Informationen werden nicht von Ontex verwaltet oder kontrolliert. Da wir keine Kontrolle \u00fcber diese Dienste haben, erkennen Sie an und akzeptieren Sie, dass wir nicht f\u00fcr (i) die Verf\u00fcgbarkeit, den Inhalt, die Richtigkeit, Qualit\u00e4t, Werbung und Produkte, die zu diesen externen Diensten geh\u00f6ren, sowie andere mit diesen Diensten in Zusammenhang stehende oder \u00fcber diese Dienste verf\u00fcgbare Aspekte verantwortlich sind und (ii) nicht f\u00fcr den Schutz pers\u00f6nlicher Daten oder andere Praktiken auf diesen Websites haften.<\/p>\n<p><strong>Dauer und Beendigung<\/strong><\/p>\n<p>Die Nutzungsbedingungen von Ontex sind f\u00fcr die gesamte Dauer Ihres Besuchs auf der Website g\u00fcltig.<br \/>\nSollten wir Ihre Nutzung der Website als rechtswidrig und\/oder unerlaubt und\/oder als Versto\u00df gegen die Nutzungsbedingungen betrachten, behalten wir uns vollst\u00e4ndig das Recht vor, gegen Sie vorzugehen, namentlich ein Gerichtsverfahren gegen Sie einzuleiten, wenn wir dies f\u00fcr notwendig betrachten, und Ihren Zugang zur Website zu sperren.<\/p>\n<p><strong>Haftung<\/strong><\/p>\n<p>Die auf der Website enthaltenen Informationen beziehen sich haupts\u00e4chlich auf die Marketingaktivit\u00e4ten oder Finanzdaten von Ontex und\/oder der mit Ontex verbundenen Unternehmen. Diese Daten werden zu Informationszwecken bereitgestellt und stellen keine Zusagen seitens Ontex und\/oder der mit Ontex verbundenen Unternehmen dar.<\/p>\n<p>Sie \u00fcbernehmen die vollst\u00e4ndige Verantwortung f\u00fcr Ihre Nutzung der Website und jegliche Entscheidungen, die Sie unter Ber\u00fccksichtigung der Datenbank und\/oder der auf dieser Website enthaltenen Informationen f\u00e4llen.<\/p>\n<p><strong>Allgemeines<\/strong><\/p>\n<p>Diese Nutzungsbedingungen bilden die vollst\u00e4ndige Vereinbarung zwischen Ontex und Ihnen in Bezug auf den Vertragsgegenstand. Sie ersetzen die Bedingungen jeder anderen Mitteilung und\/oder Bekanntmachung in Bezug auf die Website.<\/p>\n<p>Wenn eine in den Nutzungsbedingungen enthaltene Bestimmung von einem zust\u00e4ndigen Gericht oder einer zust\u00e4ndigen Stelle als rechtswidrig, ung\u00fcltig oder nicht anwendbar erkl\u00e4rt wird, bleibt die G\u00fcltigkeit der \u00fcbrigen Bestimmungen in diesen Nutzungsbedingungen hiervon unber\u00fchrt.<\/p>\n<p>Macht eine Partei ein in diesen Nutzungsbedingungen genanntes Recht oder eine Bestimmung nicht geltend, so stellt dies keinen Verzicht auf dieses Recht oder diese Bestimmung dar.<\/p>\n<p>Sie verpflichten sich, Ontex und seine Vertreter, Gesch\u00e4ftsf\u00fchrer, Mitarbeiter und Subunternehmer vor Schadensersatzanspr\u00fcchen, Klagen, gerichtlichen Verfahren, Sch\u00e4den und Kosten, die sich aus Ihrem Versto\u00df gegen die Nutzungsbedingungen ergeben, schadlos zu halten und zu entsch\u00e4digen und sie dagegen zu verteidigen.<\/p>\n<p>Die Nutzungsbedingungen unterliegen deutschem Recht.<br \/>\nIm Falle von Streitigkeiten k\u00f6nnen Sie Ihre schriftliche Forderung \u00fcber den Kontakt-Bereich dieser Website einreichen, um eine einvernehmliche L\u00f6sung zu finden.<\/p>\n<p>Sie k\u00f6nnen auch den von der Europ\u00e4ischen Kommission gem\u00e4\u00df Artikel 14 der (EU) Verordnung Nr. 524\/2013 angebotenen Online-Streitbeilegungsdienst in Anspruch nehmen. Diese Plattform ist \u00fcber folgenden Link erreichbar: <a href=\"https:\/\/webgate.ec.europa.eu\/odr\/\">https:\/\/webgate.ec.europa.eu\/odr\/<\/a>.<\/p>\n<p>Jeder Rechtsstreit in Bezug auf G\u00fcltigkeit, Auslegung, Erf\u00fcllung oder K\u00fcndigung der Nutzungsbedingungen unterliegt der ausschlie\u00dflichen Zust\u00e4ndigkeit der Gerichte (i) des Gesch\u00e4ftssitzes von Ontex, (ii) Ihres Wohnsitzes oder (iii) des Bereitstellungsortes f\u00fcr den Zugang auf die Website.[\/vc_column_text][\/vc_column][\/vc_row]<\/p>\n<\/div>","protected":false},"excerpt":{"rendered":"<p>[vc_row][vc_column width=&#8220;1\/1&#8243;][vc_column_text] Nutzungsbedingungen Inhalt \u2013 Annahme und \u00c4nderung der Nutzungsbedingungen \u2013 Aufrufen der Website \u2013 Inhalt der Website \u2013 Nutzung [&hellip;]<\/p>\n","protected":false},"author":3,"featured_media":0,"parent":0,"menu_order":0,"comment_status":"closed","ping_status":"closed","template":"","meta":{"footnotes":""},"class_list":["post-2174","page","type-page","status-publish","hentry"],"yoast_head":"<!-- This site is optimized with the Yoast SEO Premium plugin v27.3 (Yoast SEO v27.3) - https:\/\/yoast.com\/product\/yoast-seo-premium-wordpress\/ -->\n<title>Nutzungsbedingungen &#183; Lille Healthcare<\/title>\n<meta name=\"robots\" content=\"index, follow, max-snippet:-1, max-image-preview:large, max-video-preview:-1\" \/>\n<link rel=\"canonical\" href=\"https:\/\/lillehealthcare.com\/de\/nutzungsbedingungen\/\" \/>\n<meta property=\"og:locale\" content=\"de_DE\" \/>\n<meta property=\"og:type\" content=\"article\" \/>\n<meta property=\"og:title\" content=\"Nutzungsbedingungen\" \/>\n<meta property=\"og:description\" content=\"[vc_row][vc_column width=&#8220;1\/1&#8243;][vc_column_text] Nutzungsbedingungen Inhalt \u2013 Annahme und \u00c4nderung der Nutzungsbedingungen \u2013 Aufrufen der Website \u2013 Inhalt der Website \u2013 Nutzung [&hellip;]\" \/>\n<meta property=\"og:url\" content=\"https:\/\/lillehealthcare.com\/de\/nutzungsbedingungen\/\" \/>\n<meta property=\"og:site_name\" content=\"Lille Healthcare\" \/>\n<meta property=\"article:modified_time\" content=\"2021-06-28T20:44:49+00:00\" \/>\n<meta property=\"og:image\" content=\"https:\/\/lillehealthcare.com\/wp-content\/uploads\/2021\/05\/hero-couple.jpg\" \/>\n\t<meta property=\"og:image:width\" content=\"960\" \/>\n\t<meta property=\"og:image:height\" content=\"639\" \/>\n\t<meta property=\"og:image:type\" content=\"image\/jpeg\" \/>\n<meta name=\"twitter:card\" content=\"summary_large_image\" \/>\n<meta name=\"twitter:label1\" content=\"Gesch\u00e4tzte Lesezeit\" \/>\n\t<meta name=\"twitter:data1\" content=\"7 Minuten\" \/>\n<script type=\"application\/ld+json\" class=\"yoast-schema-graph\">{\"@context\":\"https:\\\/\\\/schema.org\",\"@graph\":[{\"@type\":\"WebPage\",\"@id\":\"https:\\\/\\\/lillehealthcare.com\\\/de\\\/nutzungsbedingungen\\\/\",\"url\":\"https:\\\/\\\/lillehealthcare.com\\\/de\\\/nutzungsbedingungen\\\/\",\"name\":\"Nutzungsbedingungen &#183; Lille Healthcare\",\"isPartOf\":{\"@id\":\"https:\\\/\\\/lillehealthcare.com\\\/de\\\/#website\"},\"datePublished\":\"2021-06-27T20:32:50+00:00\",\"dateModified\":\"2021-06-28T20:44:49+00:00\",\"breadcrumb\":{\"@id\":\"https:\\\/\\\/lillehealthcare.com\\\/de\\\/nutzungsbedingungen\\\/#breadcrumb\"},\"inLanguage\":\"de-DE\",\"potentialAction\":[{\"@type\":\"ReadAction\",\"target\":[\"https:\\\/\\\/lillehealthcare.com\\\/de\\\/nutzungsbedingungen\\\/\"]}]},{\"@type\":\"BreadcrumbList\",\"@id\":\"https:\\\/\\\/lillehealthcare.com\\\/de\\\/nutzungsbedingungen\\\/#breadcrumb\",\"itemListElement\":[{\"@type\":\"ListItem\",\"position\":1,\"name\":\"Home\",\"item\":\"https:\\\/\\\/lillehealthcare.com\\\/de\\\/\"},{\"@type\":\"ListItem\",\"position\":2,\"name\":\"Nutzungsbedingungen\"}]},{\"@type\":\"WebSite\",\"@id\":\"https:\\\/\\\/lillehealthcare.com\\\/de\\\/#website\",\"url\":\"https:\\\/\\\/lillehealthcare.com\\\/de\\\/\",\"name\":\"Lille Healthcare\",\"description\":\"Incontinence products suitable for everyone\u2019s needs\",\"publisher\":{\"@id\":\"https:\\\/\\\/lillehealthcare.com\\\/de\\\/#organization\"},\"potentialAction\":[{\"@type\":\"SearchAction\",\"target\":{\"@type\":\"EntryPoint\",\"urlTemplate\":\"https:\\\/\\\/lillehealthcare.com\\\/de\\\/?s={search_term_string}\"},\"query-input\":{\"@type\":\"PropertyValueSpecification\",\"valueRequired\":true,\"valueName\":\"search_term_string\"}}],\"inLanguage\":\"de-DE\"},{\"@type\":\"Organization\",\"@id\":\"https:\\\/\\\/lillehealthcare.com\\\/de\\\/#organization\",\"name\":\"Lille Healthcare\",\"url\":\"https:\\\/\\\/lillehealthcare.com\\\/de\\\/\",\"logo\":{\"@type\":\"ImageObject\",\"inLanguage\":\"de-DE\",\"@id\":\"https:\\\/\\\/lillehealthcare.com\\\/de\\\/#\\\/schema\\\/logo\\\/image\\\/\",\"url\":\"https:\\\/\\\/lillehealthcare.com\\\/wp-content\\\/uploads\\\/2021\\\/05\\\/logoLilleHealthCareCMJN.svg\",\"contentUrl\":\"https:\\\/\\\/lillehealthcare.com\\\/wp-content\\\/uploads\\\/2021\\\/05\\\/logoLilleHealthCareCMJN.svg\",\"width\":100,\"height\":100,\"caption\":\"Lille Healthcare\"},\"image\":{\"@id\":\"https:\\\/\\\/lillehealthcare.com\\\/de\\\/#\\\/schema\\\/logo\\\/image\\\/\"}}]}<\/script>\n<!-- \/ Yoast SEO Premium plugin. -->","yoast_head_json":{"title":"Nutzungsbedingungen &#183; Lille Healthcare","robots":{"index":"index","follow":"follow","max-snippet":"max-snippet:-1","max-image-preview":"max-image-preview:large","max-video-preview":"max-video-preview:-1"},"canonical":"https:\/\/lillehealthcare.com\/de\/nutzungsbedingungen\/","og_locale":"de_DE","og_type":"article","og_title":"Nutzungsbedingungen","og_description":"[vc_row][vc_column width=&#8220;1\/1&#8243;][vc_column_text] Nutzungsbedingungen Inhalt \u2013 Annahme und \u00c4nderung der Nutzungsbedingungen \u2013 Aufrufen der Website \u2013 Inhalt der Website \u2013 Nutzung [&hellip;]","og_url":"https:\/\/lillehealthcare.com\/de\/nutzungsbedingungen\/","og_site_name":"Lille Healthcare","article_modified_time":"2021-06-28T20:44:49+00:00","og_image":[{"width":960,"height":639,"url":"https:\/\/lillehealthcare.com\/wp-content\/uploads\/2021\/05\/hero-couple.jpg","type":"image\/jpeg"}],"twitter_card":"summary_large_image","twitter_misc":{"Gesch\u00e4tzte Lesezeit":"7 Minuten"},"schema":{"@context":"https:\/\/schema.org","@graph":[{"@type":"WebPage","@id":"https:\/\/lillehealthcare.com\/de\/nutzungsbedingungen\/","url":"https:\/\/lillehealthcare.com\/de\/nutzungsbedingungen\/","name":"Nutzungsbedingungen &#183; Lille Healthcare","isPartOf":{"@id":"https:\/\/lillehealthcare.com\/de\/#website"},"datePublished":"2021-06-27T20:32:50+00:00","dateModified":"2021-06-28T20:44:49+00:00","breadcrumb":{"@id":"https:\/\/lillehealthcare.com\/de\/nutzungsbedingungen\/#breadcrumb"},"inLanguage":"de-DE","potentialAction":[{"@type":"ReadAction","target":["https:\/\/lillehealthcare.com\/de\/nutzungsbedingungen\/"]}]},{"@type":"BreadcrumbList","@id":"https:\/\/lillehealthcare.com\/de\/nutzungsbedingungen\/#breadcrumb","itemListElement":[{"@type":"ListItem","position":1,"name":"Home","item":"https:\/\/lillehealthcare.com\/de\/"},{"@type":"ListItem","position":2,"name":"Nutzungsbedingungen"}]},{"@type":"WebSite","@id":"https:\/\/lillehealthcare.com\/de\/#website","url":"https:\/\/lillehealthcare.com\/de\/","name":"Lille Healthcare","description":"Incontinence products suitable for everyone\u2019s needs","publisher":{"@id":"https:\/\/lillehealthcare.com\/de\/#organization"},"potentialAction":[{"@type":"SearchAction","target":{"@type":"EntryPoint","urlTemplate":"https:\/\/lillehealthcare.com\/de\/?s={search_term_string}"},"query-input":{"@type":"PropertyValueSpecification","valueRequired":true,"valueName":"search_term_string"}}],"inLanguage":"de-DE"},{"@type":"Organization","@id":"https:\/\/lillehealthcare.com\/de\/#organization","name":"Lille Healthcare","url":"https:\/\/lillehealthcare.com\/de\/","logo":{"@type":"ImageObject","inLanguage":"de-DE","@id":"https:\/\/lillehealthcare.com\/de\/#\/schema\/logo\/image\/","url":"https:\/\/lillehealthcare.com\/wp-content\/uploads\/2021\/05\/logoLilleHealthCareCMJN.svg","contentUrl":"https:\/\/lillehealthcare.com\/wp-content\/uploads\/2021\/05\/logoLilleHealthCareCMJN.svg","width":100,"height":100,"caption":"Lille Healthcare"},"image":{"@id":"https:\/\/lillehealthcare.com\/de\/#\/schema\/logo\/image\/"}}]}},"_links":{"self":[{"href":"https:\/\/lillehealthcare.com\/de\/wp-json\/wp\/v2\/pages\/2174","targetHints":{"allow":["GET"]}}],"collection":[{"href":"https:\/\/lillehealthcare.com\/de\/wp-json\/wp\/v2\/pages"}],"about":[{"href":"https:\/\/lillehealthcare.com\/de\/wp-json\/wp\/v2\/types\/page"}],"author":[{"embeddable":true,"href":"https:\/\/lillehealthcare.com\/de\/wp-json\/wp\/v2\/users\/3"}],"replies":[{"embeddable":true,"href":"https:\/\/lillehealthcare.com\/de\/wp-json\/wp\/v2\/comments?post=2174"}],"version-history":[{"count":0,"href":"https:\/\/lillehealthcare.com\/de\/wp-json\/wp\/v2\/pages\/2174\/revisions"}],"wp:attachment":[{"href":"https:\/\/lillehealthcare.com\/de\/wp-json\/wp\/v2\/media?parent=2174"}],"curies":[{"name":"wp","href":"https:\/\/api.w.org\/{rel}","templated":true}]}}