{"id":2083,"date":"2021-06-24T19:20:22","date_gmt":"2021-06-24T17:20:22","guid":{"rendered":"https:\/\/lille.wpengine.com\/?page_id=2083"},"modified":"2026-02-10T17:53:09","modified_gmt":"2026-02-10T16:53:09","slug":"lille-suprem-fit","status":"publish","type":"page","link":"https:\/\/lillehealthcare.com\/de\/unsere-produkte\/lille-suprem-fit\/","title":{"rendered":"Lille SUPREM fit"},"content":{"rendered":"<div class=\"wpb-content-wrapper\"><p>[vc_row row_height_percent=&#8220;0&#8243; override_padding=&#8220;yes&#8220; h_padding=&#8220;2&#8243; top_padding=&#8220;0&#8243; bottom_padding=&#8220;3&#8243; overlay_alpha=&#8220;50&#8243; gutter_size=&#8220;3&#8243; column_width_percent=&#8220;100&#8243; shift_y=&#8220;0&#8243; z_index=&#8220;0&#8243; el_class=&#8220;hero-section suprem-fit&#8220; el_id=&#8220;product-hero&#8220;][vc_column column_width_percent=&#8220;100&#8243; gutter_size=&#8220;3&#8243; overlay_alpha=&#8220;50&#8243; shift_x=&#8220;0&#8243; shift_y=&#8220;0&#8243; shift_y_down=&#8220;0&#8243; z_index=&#8220;0&#8243; medium_width=&#8220;0&#8243; mobile_width=&#8220;0&#8243; width=&#8220;1\/2&#8243; el_class=&#8220;image-column&#8220;][vc_single_image media=&#8220;2193&#8243; media_width_percent=&#8220;100&#8243; alignment=&#8220;center&#8220; el_class=&#8220;single-prod-image&#8220;][\/vc_column][vc_column column_width_percent=&#8220;100&#8243; gutter_size=&#8220;3&#8243; overlay_alpha=&#8220;50&#8243; shift_x=&#8220;0&#8243; shift_y=&#8220;0&#8243; shift_y_down=&#8220;0&#8243; z_index=&#8220;0&#8243; medium_width=&#8220;0&#8243; mobile_width=&#8220;0&#8243; width=&#8220;1\/2&#8243; el_class=&#8220;hero-text&#8220; css=&#8220;.vc_custom_1623497675973{padding-bottom: 47px !important;}&#8220;][uncode_block id=&#8220;1972&#8243; inside_column=&#8220;yes&#8220;][vc_custom_heading heading_semantic=&#8220;h1&#8243; text_size=&#8220;h1&#8243; text_weight=&#8220;400&#8243; text_height=&#8220;fontheight-57&#8243; sub_lead=&#8220;yes&#8220; el_class=&#8220;subheader&#8220;]<strong>SUPREM<\/strong> fit[\/vc_custom_heading][vc_raw_html el_class=&#8220;single-product-tags&#8220;]JTNDc3BhbiUyMGNsYXNzJTNEJTIycC10YWclMjB1bmlzZXglMjIlM0VVbmlzZXglM0MlMkZzcGFuJTNFJTBBJTNDc3BhbiUyMGNsYXNzJTNEJTIycC10YWclMjBkZXBlbmRlbnQlMjIlM0VhYmglQzMlQTRuZ2lnJTIwdm9uJTIwYW5kZXJlbiUzQyUyRnNwYW4lM0U=[\/vc_raw_html][vc_column_text el_class=&#8220;reg-text leader-text anchor-text&#8220;]All-in-One-Produkt, geeignet f\u00fcr mittlere bis schwere Inkontinenz.<\/p>\n<p>Geeignet f\u00fcr Menschen, die unter starker Inkontinenz leiden oder einen Teil ihrer Unabh\u00e4ngigkeit verloren haben.<\/p>\n<p>Unsere unisex All-in-One-Produkte SUPREM fit sind schnell aufsaugend, verhindern das Auslaufen und gew\u00e4hrleisten optimale Sicherheit und Komfort. SUPREM fit Produkte haben verstellbare, selbstklebende Seitenlaschen, mit denen das Produkt optimalan den Patienten angepasst werden kann. Diese Produkte sind dank ihrer hohen Saugf\u00e4higkeit und ihrer Auslaufbarrieren \u00e4u\u00dferst effektiv. Die All-in-One Lille SUPREM fit eignet sich auch besonders gut bei Stuhl-Inkontinenz. Ein N\u00e4sseindikator erm\u00f6glicht es Ihnen, die S\u00e4ttigung des Produktes einfach von au\u00dfen zu \u00fcberpr\u00fcfen, bevor Sie es wechseln m\u00fcssen.<\/p>\n<p>Diese Produkte sind 100 % atmungsaktiv und hypoallergen-um die Haut optimal zu sch\u00fctzen.[\/vc_column_text][\/vc_column][\/vc_row][vc_row][vc_column width=&#8220;1\/1&#8243;][uncode_block id=&#8220;2057&#8243;][\/vc_column][\/vc_row][vc_row row_height_percent=&#8220;0&#8243; override_padding=&#8220;yes&#8220; h_padding=&#8220;2&#8243; top_padding=&#8220;3&#8243; bottom_padding=&#8220;0&#8243; back_color=&#8220;color-white&#8220; overlay_alpha=&#8220;50&#8243; gutter_size=&#8220;3&#8243; column_width_percent=&#8220;100&#8243; shift_y=&#8220;0&#8243; z_index=&#8220;0&#8243; el_class=&#8220;single-p&#8220; uncode_shortcode_id=&#8220;170531&#8243; back_color_type=&#8220;uncode-palette&#8220;][vc_column column_width_percent=&#8220;100&#8243; gutter_size=&#8220;0&#8243; override_padding=&#8220;yes&#8220; column_padding=&#8220;0&#8243; overlay_alpha=&#8220;50&#8243; shift_x=&#8220;0&#8243; shift_y=&#8220;0&#8243; shift_y_down=&#8220;0&#8243; z_index=&#8220;0&#8243; medium_width=&#8220;0&#8243; mobile_width=&#8220;0&#8243; width=&#8220;1\/1&#8243;][vc_custom_heading text_font=&#8220;font-rubik&#8220; text_size=&#8220;h3&#8243; text_weight=&#8220;500&#8243; text_height=&#8220;fontheight-27&#8243; subheading=&#8220;W\u00e4hlen Sie die gew\u00fcnschte Saugst\u00e4rke durch Verschieben des Reglers.&#8220; el_class=&#8220;subheader-italic&#8220; uncode_shortcode_id=&#8220;319444&#8243;]Welche Saugst\u00e4rke sollten w\u00e4hlen Sie?[\/vc_custom_heading][vc_empty_space empty_h=&#8220;3&#8243; el_class=&#8220;empty-mobile-single&#8220;][vc_widget_sidebar sidebar_id=&#8220;abs-meter-fit&#8220;][vc_custom_heading text_font=&#8220;font-rubik&#8220; text_size=&#8220;h3&#8243; text_weight=&#8220;500&#8243; text_height=&#8220;fontheight-27&#8243; subheading=&#8220;W\u00e4hlen Sie Ihren Taillenumfang in cm durch Verschieben des Reglers.&#8220; el_class=&#8220;subheader-italic&#8220; uncode_shortcode_id=&#8220;117682&#8243;]Welche Gr\u00f6\u00dfe sollte ich w\u00e4hlen?[\/vc_custom_heading][vc_empty_space empty_h=&#8220;3&#8243; el_class=&#8220;empty-mobile-single&#8220;][vc_widget_sidebar sidebar_id=&#8220;sidebar-sizemeter-fit&#8220;][\/vc_column][\/vc_row][vc_row row_height_percent=&#8220;0&#8243; override_padding=&#8220;yes&#8220; h_padding=&#8220;2&#8243; top_padding=&#8220;3&#8243; bottom_padding=&#8220;3&#8243; back_color=&#8220;color-white&#8220; overlay_alpha=&#8220;50&#8243; gutter_size=&#8220;3&#8243; column_width_percent=&#8220;100&#8243; shift_y=&#8220;0&#8243; z_index=&#8220;0&#8243; el_class=&#8220;single-p&#8220;][vc_column column_width_percent=&#8220;100&#8243; position_vertical=&#8220;middle&#8220; gutter_size=&#8220;3&#8243; overlay_alpha=&#8220;50&#8243; shift_x=&#8220;0&#8243; shift_y=&#8220;0&#8243; shift_y_down=&#8220;0&#8243; z_index=&#8220;0&#8243; medium_width=&#8220;0&#8243; mobile_width=&#8220;0&#8243; width=&#8220;2\/3&#8243;][vc_custom_heading text_font=&#8220;font-rubik&#8220; text_size=&#8220;h3&#8243; text_weight=&#8220;500&#8243; text_height=&#8220;fontheight-27&#8243;]Der Feuchtigkeitsindikator\u200b[\/vc_custom_heading][vc_column_text]Das Produkt muss nicht ge\u00f6ffnet werden, um den S\u00e4ttigungsgrad des Produkts zu kontrollieren. Denn die Lille SUPREM Produkte sind mit einem Feuchtigkeitsindikator ausgestattet.\u00a0Dieser zeigt ihnen au\u00dfen an, ob das Produkt gewechselt werden muss. Die gelbe Linie f\u00e4rbt sich blau, wenn das Produkt vollgesaugt ist, und die blaue Linie verschwindet.[\/vc_column_text][\/vc_column][vc_column column_width_percent=&#8220;100&#8243; position_vertical=&#8220;middle&#8220; gutter_size=&#8220;3&#8243; overlay_alpha=&#8220;50&#8243; shift_x=&#8220;0&#8243; shift_y=&#8220;0&#8243; shift_y_down=&#8220;0&#8243; z_index=&#8220;0&#8243; medium_width=&#8220;0&#8243; mobile_width=&#8220;0&#8243; width=&#8220;1\/3&#8243;][vc_single_image media=&#8220;2866&#8243; media_width_percent=&#8220;60&#8243; el_class=&#8220;lille-image&#8220; uncode_shortcode_id=&#8220;203998&#8243;][\/vc_column][\/vc_row][vc_row row_height_percent=&#8220;0&#8243; override_padding=&#8220;yes&#8220; h_padding=&#8220;0&#8243; top_padding=&#8220;0&#8243; bottom_padding=&#8220;0&#8243; back_color=&#8220;color-lgreen&#8220; overlay_alpha=&#8220;50&#8243; gutter_size=&#8220;0&#8243; column_width_percent=&#8220;100&#8243; shift_y=&#8220;0&#8243; z_index=&#8220;0&#8243; inverted_device_order=&#8220;yes&#8220; el_id=&#8220;single-howto&#8220; el_class=&#8220;product-how-to single-p suprem-fit&#8220;][vc_column column_width_percent=&#8220;100&#8243; gutter_size=&#8220;3&#8243; overlay_alpha=&#8220;50&#8243; shift_x=&#8220;0&#8243; shift_y=&#8220;0&#8243; shift_y_down=&#8220;0&#8243; z_index=&#8220;0&#8243; medium_width=&#8220;0&#8243; mobile_width=&#8220;0&#8243; width=&#8220;1\/2&#8243; el_class=&#8220;string-column pd-pm-60&#8243;][vc_row_inner row_inner_height_percent=&#8220;0&#8243; overlay_alpha=&#8220;50&#8243; gutter_size=&#8220;3&#8243; shift_y=&#8220;0&#8243; z_index=&#8220;0&#8243; el_class=&#8220;solution-block&#8220;][vc_column_inner width=&#8220;1\/1&#8243;][vc_column_text text_lead=&#8220;small&#8220; el_class=&#8220;black-text solution-heading solution-heading-top&#8220;]Stehende Position[\/vc_column_text][vc_single_image media=&#8220;2775&#8243; media_width_percent=&#8220;100&#8243; el_class=&#8220;lille-image howto-img auto-img&#8220;][vc_single_image media=&#8220;455&#8243; media_width_percent=&#8220;100&#8243; el_class=&#8220;lille-image howto-img auto-img&#8220;][vc_single_image media=&#8220;454&#8243; media_width_percent=&#8220;100&#8243; el_class=&#8220;lille-image howto-img auto-img&#8220;][vc_single_image media=&#8220;453&#8243; media_width_percent=&#8220;100&#8243; el_class=&#8220;lille-image howto-img auto-img&#8220;][\/vc_column_inner][\/vc_row_inner][vc_row_inner row_inner_height_percent=&#8220;0&#8243; overlay_alpha=&#8220;50&#8243; gutter_size=&#8220;3&#8243; shift_y=&#8220;0&#8243; z_index=&#8220;0&#8243; el_class=&#8220;solution-block&#8220;][vc_column_inner width=&#8220;1\/1&#8243;][vc_column_text text_lead=&#8220;small&#8220; el_class=&#8220;black-text solution-heading solution-heading-bottom&#8220; css=&#8220;.vc_custom_1624953040158{padding-top: 36px !important;}&#8220;]Hinlegen [\/vc_column_text][vc_single_image media=&#8220;2767&#8243; media_width_percent=&#8220;100&#8243; el_class=&#8220;lille-image howto-img auto-img&#8220;][vc_single_image media=&#8220;452&#8243; media_width_percent=&#8220;100&#8243; el_class=&#8220;lille-image howto-img auto-img&#8220;][vc_single_image media=&#8220;451&#8243; media_width_percent=&#8220;100&#8243; el_class=&#8220;lille-image howto-img auto-img&#8220;][vc_single_image media=&#8220;450&#8243; media_width_percent=&#8220;100&#8243; el_class=&#8220;lille-image howto-img auto-img&#8220;][\/vc_column_inner][\/vc_row_inner][\/vc_column][vc_column column_width_percent=&#8220;100&#8243; gutter_size=&#8220;3&#8243; overlay_alpha=&#8220;50&#8243; shift_x=&#8220;0&#8243; shift_y=&#8220;0&#8243; shift_y_down=&#8220;0&#8243; z_index=&#8220;0&#8243; medium_width=&#8220;0&#8243; mobile_width=&#8220;0&#8243; width=&#8220;1\/2&#8243; el_class=&#8220;string-text pd-pm-60&#8243;][vc_custom_heading heading_semantic=&#8220;h3&#8243; text_font=&#8220;font-poppins&#8220; text_size=&#8220;h3&#8243; text_weight=&#8220;600&#8243; text_height=&#8220;fontheight-33&#8243;]Wie wenden Sie unsere Produkte an? [\/vc_custom_heading][vc_column_text css=&#8220;.vc_custom_1624555428536{margin-top: 25px !important;}&#8220;]Nachdem Sie das Produkt aus der Verpackung genommen haben, formen Sie eine Art Schiffchen und legen Sie es wie nebenstehend gezeigt entweder im Stehen oder bei einer Person im Liegen an. Positionieren Sie das Produkt zwischen den Beinen und bringen Sie es mit den seitlichen Befestigungen an.\u200b[\/vc_column_text][vc_button button_color=&#8220;color-pblue&#8220; border_width=&#8220;0&#8243; link=&#8220;url:%2Finformation-advice%2F|title:Information%20%26%20Advice%20&#8243;] Informationen und Beratung[\/vc_button][\/vc_column][\/vc_row][vc_row row_height_percent=&#8220;0&#8243; override_padding=&#8220;yes&#8220; h_padding=&#8220;2&#8243; top_padding=&#8220;3&#8243; bottom_padding=&#8220;5&#8243; back_color=&#8220;color-white&#8220; overlay_alpha=&#8220;50&#8243; gutter_size=&#8220;3&#8243; column_width_percent=&#8220;100&#8243; shift_y=&#8220;0&#8243; z_index=&#8220;0&#8243; row_name=&#8220;components&#8220; el_id=&#8220;components&#8220; uncode_shortcode_id=&#8220;886924&#8243; back_color_type=&#8220;uncode-palette&#8220;][vc_column column_width_percent=&#8220;100&#8243; gutter_size=&#8220;0&#8243; overlay_alpha=&#8220;50&#8243; shift_x=&#8220;0&#8243; shift_y=&#8220;0&#8243; shift_y_down=&#8220;0&#8243; z_index=&#8220;0&#8243; medium_width=&#8220;0&#8243; mobile_width=&#8220;0&#8243; width=&#8220;1\/1&#8243;][vc_custom_heading el_class=&#8220;mb-24&#8243;]Die Bestandteile[\/vc_custom_heading][vc_custom_heading text_color=&#8220;color-pblue&#8220; heading_semantic=&#8220;h6&#8243; text_size=&#8220;h6&#8243; text_weight=&#8220;700&#8243; el_class=&#8220;pblue up mb-10&#8243;]Unsere Produkte[\/vc_custom_heading][vc_column_text el_class=&#8220;reg-text&#8220; css=&#8220;.vc_custom_1624552608763{margin-bottom: 45px !important;}&#8220;]Bei Lille Healthcare haben wir uns entschieden, nichts zu verbergen und genau offenzulegen, woraus unsere Produkte bestehen. Auf transparente Weise haben wir uns entschieden, ein Produkt aus der Lille SUPREM fit Serie zu pr\u00e4sentieren, das die meisten Komponenten enth\u00e4lt.[\/vc_column_text][vc_row_inner][vc_column_inner width=&#8220;1\/2&#8243;][vc_single_image media=&#8220;102&#8243; media_width_percent=&#8220;100&#8243; el_class=&#8220;lille-image&#8220;][\/vc_column_inner][vc_column_inner width=&#8220;1\/2&#8243;][uncode_block id=&#8220;1993&#8243; inside_column=&#8220;yes&#8220;][\/vc_column_inner][\/vc_row_inner][\/vc_column][\/vc_row][vc_row row_height_percent=&#8220;0&#8243; override_padding=&#8220;yes&#8220; h_padding=&#8220;2&#8243; top_padding=&#8220;3&#8243; bottom_padding=&#8220;4&#8243; back_color=&#8220;color-white&#8220; overlay_alpha=&#8220;50&#8243; gutter_size=&#8220;3&#8243; column_width_percent=&#8220;100&#8243; shift_y=&#8220;0&#8243; z_index=&#8220;0&#8243; el_class=&#8220;related-products single-p&#8220;][vc_column width=&#8220;1\/1&#8243;][uncode_block id=&#8220;399&#8243; inside_column=&#8220;yes&#8220;][\/vc_column][\/vc_row]<\/p>\n<\/div>","protected":false},"excerpt":{"rendered":"<p>[vc_row row_height_percent=&#8220;0&#8243; override_padding=&#8220;yes&#8220; h_padding=&#8220;2&#8243; top_padding=&#8220;0&#8243; bottom_padding=&#8220;3&#8243; overlay_alpha=&#8220;50&#8243; gutter_size=&#8220;3&#8243; column_width_percent=&#8220;100&#8243; shift_y=&#8220;0&#8243; z_index=&#8220;0&#8243; el_class=&#8220;hero-section suprem-fit&#8220; el_id=&#8220;product-hero&#8220;][vc_column column_width_percent=&#8220;100&#8243; gutter_size=&#8220;3&#8243; overlay_alpha=&#8220;50&#8243; shift_x=&#8220;0&#8243; shift_y=&#8220;0&#8243; shift_y_down=&#8220;0&#8243; [&hellip;]<\/p>\n","protected":false},"author":3,"featured_media":0,"parent":2074,"menu_order":0,"comment_status":"closed","ping_status":"closed","template":"","meta":{"footnotes":""},"class_list":["post-2083","page","type-page","status-publish","hentry"],"yoast_head":"<!-- This site is optimized with the Yoast SEO Premium plugin v27.3 (Yoast SEO v27.3) - https:\/\/yoast.com\/product\/yoast-seo-premium-wordpress\/ -->\n<title>Lille SUPREM fit &#183; Lille Healthcare<\/title>\n<meta name=\"description\" content=\"Suchen Sie einen Schutz bei schwerer Inkontinenz? Lille SUPREM fit verbindet Komfort und Sicherheit dank hoher Saugf\u00e4higkeit und Auslaufbarrieren.\" \/>\n<meta name=\"robots\" content=\"index, follow, max-snippet:-1, max-image-preview:large, max-video-preview:-1\" \/>\n<link rel=\"canonical\" href=\"https:\/\/lillehealthcare.com\/de\/unsere-produkte\/lille-suprem-fit\/\" \/>\n<meta property=\"og:locale\" content=\"de_DE\" \/>\n<meta property=\"og:type\" content=\"article\" \/>\n<meta property=\"og:title\" content=\"Lille SUPREM fit\" \/>\n<meta property=\"og:description\" content=\"Suchen Sie einen Schutz bei schwerer Inkontinenz? Lille SUPREM fit verbindet Komfort und Sicherheit dank hoher Saugf\u00e4higkeit und Auslaufbarrieren.\" \/>\n<meta property=\"og:url\" content=\"https:\/\/lillehealthcare.com\/de\/unsere-produkte\/lille-suprem-fit\/\" \/>\n<meta property=\"og:site_name\" content=\"Lille Healthcare\" \/>\n<meta property=\"article:modified_time\" content=\"2026-02-10T16:53:09+00:00\" \/>\n<meta property=\"og:image\" content=\"https:\/\/lillehealthcare.com\/wp-content\/uploads\/2021\/05\/hero-couple.jpg\" \/>\n\t<meta property=\"og:image:width\" content=\"960\" \/>\n\t<meta property=\"og:image:height\" content=\"639\" \/>\n\t<meta property=\"og:image:type\" content=\"image\/jpeg\" \/>\n<meta name=\"twitter:card\" content=\"summary_large_image\" \/>\n<meta name=\"twitter:label1\" content=\"Gesch\u00e4tzte Lesezeit\" \/>\n\t<meta name=\"twitter:data1\" content=\"3 Minuten\" \/>\n<script type=\"application\/ld+json\" class=\"yoast-schema-graph\">{\"@context\":\"https:\\\/\\\/schema.org\",\"@graph\":[{\"@type\":\"WebPage\",\"@id\":\"https:\\\/\\\/lillehealthcare.com\\\/de\\\/unsere-produkte\\\/lille-suprem-fit\\\/\",\"url\":\"https:\\\/\\\/lillehealthcare.com\\\/de\\\/unsere-produkte\\\/lille-suprem-fit\\\/\",\"name\":\"Lille SUPREM fit &#183; Lille Healthcare\",\"isPartOf\":{\"@id\":\"https:\\\/\\\/lillehealthcare.com\\\/de\\\/#website\"},\"datePublished\":\"2021-06-24T17:20:22+00:00\",\"dateModified\":\"2026-02-10T16:53:09+00:00\",\"description\":\"Suchen Sie einen Schutz bei schwerer Inkontinenz? Lille SUPREM fit verbindet Komfort und Sicherheit dank hoher Saugf\u00e4higkeit und Auslaufbarrieren.\",\"breadcrumb\":{\"@id\":\"https:\\\/\\\/lillehealthcare.com\\\/de\\\/unsere-produkte\\\/lille-suprem-fit\\\/#breadcrumb\"},\"inLanguage\":\"de-DE\",\"potentialAction\":[{\"@type\":\"ReadAction\",\"target\":[\"https:\\\/\\\/lillehealthcare.com\\\/de\\\/unsere-produkte\\\/lille-suprem-fit\\\/\"]}]},{\"@type\":\"BreadcrumbList\",\"@id\":\"https:\\\/\\\/lillehealthcare.com\\\/de\\\/unsere-produkte\\\/lille-suprem-fit\\\/#breadcrumb\",\"itemListElement\":[{\"@type\":\"ListItem\",\"position\":1,\"name\":\"Home\",\"item\":\"https:\\\/\\\/lillehealthcare.com\\\/de\\\/\"},{\"@type\":\"ListItem\",\"position\":2,\"name\":\"Unsere Produkte\",\"item\":\"https:\\\/\\\/lillehealthcare.com\\\/de\\\/unsere-produkte\\\/\"},{\"@type\":\"ListItem\",\"position\":3,\"name\":\"Lille SUPREM fit\"}]},{\"@type\":\"WebSite\",\"@id\":\"https:\\\/\\\/lillehealthcare.com\\\/de\\\/#website\",\"url\":\"https:\\\/\\\/lillehealthcare.com\\\/de\\\/\",\"name\":\"Lille Healthcare\",\"description\":\"Incontinence products suitable for everyone\u2019s needs\",\"publisher\":{\"@id\":\"https:\\\/\\\/lillehealthcare.com\\\/de\\\/#organization\"},\"potentialAction\":[{\"@type\":\"SearchAction\",\"target\":{\"@type\":\"EntryPoint\",\"urlTemplate\":\"https:\\\/\\\/lillehealthcare.com\\\/de\\\/?s={search_term_string}\"},\"query-input\":{\"@type\":\"PropertyValueSpecification\",\"valueRequired\":true,\"valueName\":\"search_term_string\"}}],\"inLanguage\":\"de-DE\"},{\"@type\":\"Organization\",\"@id\":\"https:\\\/\\\/lillehealthcare.com\\\/de\\\/#organization\",\"name\":\"Lille Healthcare\",\"url\":\"https:\\\/\\\/lillehealthcare.com\\\/de\\\/\",\"logo\":{\"@type\":\"ImageObject\",\"inLanguage\":\"de-DE\",\"@id\":\"https:\\\/\\\/lillehealthcare.com\\\/de\\\/#\\\/schema\\\/logo\\\/image\\\/\",\"url\":\"https:\\\/\\\/lillehealthcare.com\\\/wp-content\\\/uploads\\\/2021\\\/05\\\/logoLilleHealthCareCMJN.svg\",\"contentUrl\":\"https:\\\/\\\/lillehealthcare.com\\\/wp-content\\\/uploads\\\/2021\\\/05\\\/logoLilleHealthCareCMJN.svg\",\"width\":100,\"height\":100,\"caption\":\"Lille Healthcare\"},\"image\":{\"@id\":\"https:\\\/\\\/lillehealthcare.com\\\/de\\\/#\\\/schema\\\/logo\\\/image\\\/\"}}]}<\/script>\n<!-- \/ Yoast SEO Premium plugin. -->","yoast_head_json":{"title":"Lille SUPREM fit &#183; Lille Healthcare","description":"Suchen Sie einen Schutz bei schwerer Inkontinenz? Lille SUPREM fit verbindet Komfort und Sicherheit dank hoher Saugf\u00e4higkeit und Auslaufbarrieren.","robots":{"index":"index","follow":"follow","max-snippet":"max-snippet:-1","max-image-preview":"max-image-preview:large","max-video-preview":"max-video-preview:-1"},"canonical":"https:\/\/lillehealthcare.com\/de\/unsere-produkte\/lille-suprem-fit\/","og_locale":"de_DE","og_type":"article","og_title":"Lille SUPREM fit","og_description":"Suchen Sie einen Schutz bei schwerer Inkontinenz? Lille SUPREM fit verbindet Komfort und Sicherheit dank hoher Saugf\u00e4higkeit und Auslaufbarrieren.","og_url":"https:\/\/lillehealthcare.com\/de\/unsere-produkte\/lille-suprem-fit\/","og_site_name":"Lille Healthcare","article_modified_time":"2026-02-10T16:53:09+00:00","og_image":[{"width":960,"height":639,"url":"https:\/\/lillehealthcare.com\/wp-content\/uploads\/2021\/05\/hero-couple.jpg","type":"image\/jpeg"}],"twitter_card":"summary_large_image","twitter_misc":{"Gesch\u00e4tzte Lesezeit":"3 Minuten"},"schema":{"@context":"https:\/\/schema.org","@graph":[{"@type":"WebPage","@id":"https:\/\/lillehealthcare.com\/de\/unsere-produkte\/lille-suprem-fit\/","url":"https:\/\/lillehealthcare.com\/de\/unsere-produkte\/lille-suprem-fit\/","name":"Lille SUPREM fit &#183; Lille Healthcare","isPartOf":{"@id":"https:\/\/lillehealthcare.com\/de\/#website"},"datePublished":"2021-06-24T17:20:22+00:00","dateModified":"2026-02-10T16:53:09+00:00","description":"Suchen Sie einen Schutz bei schwerer Inkontinenz? Lille SUPREM fit verbindet Komfort und Sicherheit dank hoher Saugf\u00e4higkeit und Auslaufbarrieren.","breadcrumb":{"@id":"https:\/\/lillehealthcare.com\/de\/unsere-produkte\/lille-suprem-fit\/#breadcrumb"},"inLanguage":"de-DE","potentialAction":[{"@type":"ReadAction","target":["https:\/\/lillehealthcare.com\/de\/unsere-produkte\/lille-suprem-fit\/"]}]},{"@type":"BreadcrumbList","@id":"https:\/\/lillehealthcare.com\/de\/unsere-produkte\/lille-suprem-fit\/#breadcrumb","itemListElement":[{"@type":"ListItem","position":1,"name":"Home","item":"https:\/\/lillehealthcare.com\/de\/"},{"@type":"ListItem","position":2,"name":"Unsere Produkte","item":"https:\/\/lillehealthcare.com\/de\/unsere-produkte\/"},{"@type":"ListItem","position":3,"name":"Lille SUPREM fit"}]},{"@type":"WebSite","@id":"https:\/\/lillehealthcare.com\/de\/#website","url":"https:\/\/lillehealthcare.com\/de\/","name":"Lille Healthcare","description":"Incontinence products suitable for everyone\u2019s needs","publisher":{"@id":"https:\/\/lillehealthcare.com\/de\/#organization"},"potentialAction":[{"@type":"SearchAction","target":{"@type":"EntryPoint","urlTemplate":"https:\/\/lillehealthcare.com\/de\/?s={search_term_string}"},"query-input":{"@type":"PropertyValueSpecification","valueRequired":true,"valueName":"search_term_string"}}],"inLanguage":"de-DE"},{"@type":"Organization","@id":"https:\/\/lillehealthcare.com\/de\/#organization","name":"Lille Healthcare","url":"https:\/\/lillehealthcare.com\/de\/","logo":{"@type":"ImageObject","inLanguage":"de-DE","@id":"https:\/\/lillehealthcare.com\/de\/#\/schema\/logo\/image\/","url":"https:\/\/lillehealthcare.com\/wp-content\/uploads\/2021\/05\/logoLilleHealthCareCMJN.svg","contentUrl":"https:\/\/lillehealthcare.com\/wp-content\/uploads\/2021\/05\/logoLilleHealthCareCMJN.svg","width":100,"height":100,"caption":"Lille Healthcare"},"image":{"@id":"https:\/\/lillehealthcare.com\/de\/#\/schema\/logo\/image\/"}}]}},"_links":{"self":[{"href":"https:\/\/lillehealthcare.com\/de\/wp-json\/wp\/v2\/pages\/2083","targetHints":{"allow":["GET"]}}],"collection":[{"href":"https:\/\/lillehealthcare.com\/de\/wp-json\/wp\/v2\/pages"}],"about":[{"href":"https:\/\/lillehealthcare.com\/de\/wp-json\/wp\/v2\/types\/page"}],"author":[{"embeddable":true,"href":"https:\/\/lillehealthcare.com\/de\/wp-json\/wp\/v2\/users\/3"}],"replies":[{"embeddable":true,"href":"https:\/\/lillehealthcare.com\/de\/wp-json\/wp\/v2\/comments?post=2083"}],"version-history":[{"count":0,"href":"https:\/\/lillehealthcare.com\/de\/wp-json\/wp\/v2\/pages\/2083\/revisions"}],"up":[{"embeddable":true,"href":"https:\/\/lillehealthcare.com\/de\/wp-json\/wp\/v2\/pages\/2074"}],"wp:attachment":[{"href":"https:\/\/lillehealthcare.com\/de\/wp-json\/wp\/v2\/media?parent=2083"}],"curies":[{"name":"wp","href":"https:\/\/api.w.org\/{rel}","templated":true}]}}