{"id":2082,"date":"2021-06-24T19:19:20","date_gmt":"2021-06-24T17:19:20","guid":{"rendered":"https:\/\/lille.wpengine.com\/?page_id=2082"},"modified":"2021-06-28T22:36:43","modified_gmt":"2021-06-28T20:36:43","slug":"ergaenzende-produkte","status":"publish","type":"page","link":"https:\/\/lillehealthcare.com\/de\/unsere-produkte\/ergaenzende-produkte\/","title":{"rendered":"Erg\u00e4nzende Produkte"},"content":{"rendered":"<div class=\"wpb-content-wrapper\"><p>[vc_row row_height_percent=&#8220;0&#8243; override_padding=&#8220;yes&#8220; h_padding=&#8220;2&#8243; top_padding=&#8220;0&#8243; bottom_padding=&#8220;0&#8243; overlay_alpha=&#8220;50&#8243; gutter_size=&#8220;3&#8243; column_width_percent=&#8220;100&#8243; shift_y=&#8220;0&#8243; z_index=&#8220;0&#8243; inverted_device_order=&#8220;yes&#8220; el_class=&#8220;hero-section draw-up padded-left&#8220; el_id=&#8220;cp-hero&#8220;][vc_column column_width_percent=&#8220;100&#8243; gutter_size=&#8220;3&#8243; overlay_alpha=&#8220;50&#8243; shift_x=&#8220;0&#8243; shift_y=&#8220;0&#8243; shift_y_down=&#8220;0&#8243; z_index=&#8220;0&#8243; medium_width=&#8220;0&#8243; mobile_width=&#8220;0&#8243; width=&#8220;1\/2&#8243; el_class=&#8220;hero-text&#8220; css=&#8220;.vc_custom_1621429572972{padding-bottom: 47px !important;}&#8220;][uncode_block id=&#8220;1972&#8243; inside_column=&#8220;yes&#8220;][vc_custom_heading heading_semantic=&#8220;h1&#8243; text_size=&#8220;h1&#8243; text_height=&#8220;fontheight-57&#8243; sub_lead=&#8220;yes&#8220; el_class=&#8220;subheader&#8220;]Erg\u00e4nzende Produkte [\/vc_custom_heading][vc_column_text el_class=&#8220;reg-text leader-text anchor-text&#8220;]Um unser Angebot an Inkontinenzprodukten zu vervollst\u00e4ndigen, das an die spezifischen Bed\u00fcrfnisse jedes Einzelnen angepasst ist, hat Lille Healthcare zudem einige erg\u00e4nzende Produkte entwickelt. Das Lille CLASSIC bed ist eine ideale L\u00f6sung zum Schutz der Matratze, w\u00e4hrend die Lille Reinigungst\u00fccher Sie bei Ihrem t\u00e4glichen Pflegeritual unterst\u00fctzen.[\/vc_column_text][\/vc_column][vc_column column_width_percent=&#8220;100&#8243; gutter_size=&#8220;3&#8243; overlay_alpha=&#8220;50&#8243; shift_x=&#8220;0&#8243; shift_y=&#8220;0&#8243; shift_y_down=&#8220;0&#8243; z_index=&#8220;0&#8243; medium_width=&#8220;0&#8243; mobile_width=&#8220;0&#8243; width=&#8220;1\/2&#8243; el_class=&#8220;image-column&#8220;][vc_single_image media=&#8220;457&#8243; media_width_percent=&#8220;100&#8243; el_class=&#8220;rounded-img&#8220;][\/vc_column][\/vc_row][vc_row row_height_percent=&#8220;0&#8243; override_padding=&#8220;yes&#8220; h_padding=&#8220;2&#8243; top_padding=&#8220;4&#8243; bottom_padding=&#8220;3&#8243; back_color=&#8220;color-white&#8220; overlay_alpha=&#8220;50&#8243; gutter_size=&#8220;3&#8243; column_width_percent=&#8220;100&#8243; shift_y=&#8220;0&#8243; z_index=&#8220;0&#8243; el_id=&#8220;cp-string&#8220;][vc_column column_width_percent=&#8220;100&#8243; gutter_size=&#8220;3&#8243; overlay_alpha=&#8220;50&#8243; shift_x=&#8220;0&#8243; shift_y=&#8220;0&#8243; shift_y_down=&#8220;0&#8243; z_index=&#8220;0&#8243; medium_width=&#8220;0&#8243; mobile_width=&#8220;0&#8243; width=&#8220;1\/1&#8243; el_class=&#8220;string-column&#8220;][vc_row_inner row_inner_height_percent=&#8220;0&#8243; overlay_alpha=&#8220;50&#8243; gutter_size=&#8220;3&#8243; shift_y=&#8220;0&#8243; z_index=&#8220;0&#8243;][vc_column_inner width=&#8220;1\/3&#8243;][vc_single_image media=&#8220;463&#8243; media_width_percent=&#8220;100&#8243; alignment=&#8220;center&#8220; el_class=&#8220;lille-image&#8220;][\/vc_column_inner][vc_column_inner column_width_percent=&#8220;100&#8243; gutter_size=&#8220;3&#8243; overlay_alpha=&#8220;50&#8243; shift_x=&#8220;0&#8243; shift_y=&#8220;0&#8243; shift_y_down=&#8220;0&#8243; z_index=&#8220;0&#8243; medium_width=&#8220;0&#8243; mobile_width=&#8220;0&#8243; width=&#8220;2\/3&#8243; el_class=&#8220;product-item-row&#8220;][vc_custom_heading heading_semantic=&#8220;h3&#8243; text_font=&#8220;font-rubik&#8220; text_size=&#8220;h3&#8243; text_weight=&#8220;400&#8243;]<strong>Lille CLASSIC<\/strong> bed[\/vc_custom_heading][vc_column_text css=&#8220;.vc_custom_1624555093954{margin-top: 20px !important;margin-bottom: 16px !important;}&#8220;]Lille CLASSIC bed ist eine Einwegunterlage, mit dem Matratzen und Sessel wirksam gesch\u00fctzt werden k\u00f6nnen. Die Unterlaken CLASSIC bed k\u00f6nnen zus\u00e4tzlich zu den am K\u00f6rper getragenen Produkten Lille SUPREM verwendet werden.<\/p>\n<p>Erh\u00e4ltlich in 4\u00a0Gr\u00f6\u00dfen: 40 x 60 cm, 60 x 60 cm, 60 x 90 cm und 90 x 180 cm.[\/vc_column_text][vc_single_image media=&#8220;308&#8243; media_width_percent=&#8220;100&#8243; el_class=&#8220;lille-image drop-icon&#8220;][vc_single_image media=&#8220;307&#8243; media_width_percent=&#8220;100&#8243; el_class=&#8220;lille-image drop-icon&#8220;][vc_single_image media=&#8220;312&#8243; media_width_percent=&#8220;100&#8243; el_class=&#8220;lille-image drop-icon&#8220;][\/vc_column_inner][\/vc_row_inner][vc_row_inner row_inner_height_percent=&#8220;0&#8243; overlay_alpha=&#8220;50&#8243; gutter_size=&#8220;0&#8243; shift_y=&#8220;0&#8243; z_index=&#8220;0&#8243;][vc_column_inner width=&#8220;1\/2&#8243;][vc_single_image media=&#8220;462&#8243; media_width_percent=&#8220;100&#8243; alignment=&#8220;right&#8220; el_class=&#8220;lille-image float-right&#8220;][\/vc_column_inner][vc_column_inner column_width_percent=&#8220;100&#8243; gutter_size=&#8220;3&#8243; overlay_alpha=&#8220;50&#8243; shift_x=&#8220;0&#8243; shift_y=&#8220;0&#8243; shift_y_down=&#8220;0&#8243; z_index=&#8220;0&#8243; medium_width=&#8220;0&#8243; mobile_width=&#8220;0&#8243; width=&#8220;1\/2&#8243; el_class=&#8220;product-item-row&#8220;][vc_custom_heading heading_semantic=&#8220;h3&#8243; text_font=&#8220;font-rubik&#8220; text_size=&#8220;h3&#8243; text_weight=&#8220;400&#8243;]<strong>Lille<\/strong> Feuchtt\u00fccher[\/vc_custom_heading][vc_column_text css=&#8220;.vc_custom_1624555132902{margin-top: 20px !important;margin-bottom: 16px !important;}&#8220;]Als Begleitprodukt f\u00fcr Ihre t\u00e4gliche K\u00f6rperpflege hat Lille Healthcare angenehme und leicht anzuwendende Feuchtt\u00fccher f\u00fcr Ihren Bedarf entwickelt.<\/p>\n<p>Unsere Feuchtt\u00fccher enthalten 98 % nat\u00fcrliche Inhaltsstoffe, unter anderem Aloe Vera, und sind speziell daf\u00fcr entwickelt, das Risiko allergischer Reaktionen zu reduzieren.<\/p>\n<p>Eine Packung enth\u00e4lt 80 T\u00fccher und eine kleine wiederverschlie\u00dfbare \u00d6ffnung, sodass die T\u00fccher nicht austrocknen k\u00f6nnen.[\/vc_column_text][\/vc_column_inner][\/vc_row_inner][\/vc_column][\/vc_row][vc_row row_height_percent=&#8220;0&#8243; override_padding=&#8220;yes&#8220; h_padding=&#8220;2&#8243; top_padding=&#8220;0&#8243; bottom_padding=&#8220;3&#8243; back_color=&#8220;color-white&#8220; overlay_alpha=&#8220;50&#8243; gutter_size=&#8220;3&#8243; column_width_percent=&#8220;100&#8243; shift_y=&#8220;0&#8243; z_index=&#8220;0&#8243; el_id=&#8220;portfolio-section&#8220;][vc_column width=&#8220;1\/1&#8243;][vc_row_inner row_inner_height_percent=&#8220;0&#8243; back_color=&#8220;color-lgreen&#8220; overlay_alpha=&#8220;50&#8243; gutter_size=&#8220;3&#8243; shift_y=&#8220;0&#8243; z_index=&#8220;0&#8243; el_class=&#8220;inco-portfolio&#8220; el_id=&#8220;portfolio-row&#8220; css=&#8220;.vc_custom_1623600678248{padding-bottom: 0px !important;}&#8220;][vc_column_inner column_width_percent=&#8220;100&#8243; gutter_size=&#8220;3&#8243; overlay_alpha=&#8220;50&#8243; shift_x=&#8220;0&#8243; shift_y=&#8220;0&#8243; shift_y_down=&#8220;0&#8243; z_index=&#8220;0&#8243; medium_width=&#8220;0&#8243; mobile_width=&#8220;0&#8243; width=&#8220;1\/3&#8243;][vc_custom_heading heading_semantic=&#8220;h3&#8243; text_font=&#8220;font-rubik&#8220; text_size=&#8220;h3&#8243; el_class=&#8220;mb-10&#8243;]Lassen Sie sich beraten [\/vc_custom_heading][vc_column_text css=&#8220;.vc_custom_1624555151201{margin-top: 0px !important;}&#8220;]Finden Sie den richtigen Schutz f\u00fcr jede Situation![\/vc_column_text][\/vc_column_inner][vc_column_inner column_width_percent=&#8220;100&#8243; gutter_size=&#8220;3&#8243; overlay_alpha=&#8220;50&#8243; shift_x=&#8220;0&#8243; shift_y=&#8220;0&#8243; shift_y_down=&#8220;0&#8243; z_index=&#8220;0&#8243; medium_width=&#8220;0&#8243; mobile_width=&#8220;0&#8243; width=&#8220;2\/3&#8243;][vc_single_image media=&#8220;305&#8243; media_width_percent=&#8220;100&#8243; alignment=&#8220;center&#8220; el_class=&#8220;lille-image&#8220;][\/vc_column_inner][\/vc_row_inner][vc_row_inner row_inner_height_percent=&#8220;0&#8243; back_color=&#8220;color-lgreen&#8220; overlay_alpha=&#8220;50&#8243; gutter_size=&#8220;3&#8243; shift_y=&#8220;0&#8243; z_index=&#8220;0&#8243; el_class=&#8220;inco-portfolio&#8220; el_id=&#8220;portfolio-btn&#8220; css=&#8220;.vc_custom_1623600177582{margin-top: 0px !important;padding-top: 0px !important;}&#8220;][vc_column_inner width=&#8220;1\/3&#8243;][vc_button shadow=&#8220;yes&#8220; border_width=&#8220;0&#8243; link=&#8220;url:%2Four-products%2F|title:Our%20Products&#8220; el_class=&#8220;white-btn mmb-50&#8243;]Entdecken Sie alle unsere Lille Produkte[\/vc_button][\/vc_column_inner][vc_column_inner width=&#8220;2\/3&#8243;][\/vc_column_inner][\/vc_row_inner][\/vc_column][\/vc_row]<\/p>\n<\/div>","protected":false},"excerpt":{"rendered":"<p>[vc_row row_height_percent=&#8220;0&#8243; override_padding=&#8220;yes&#8220; h_padding=&#8220;2&#8243; top_padding=&#8220;0&#8243; bottom_padding=&#8220;0&#8243; overlay_alpha=&#8220;50&#8243; gutter_size=&#8220;3&#8243; column_width_percent=&#8220;100&#8243; shift_y=&#8220;0&#8243; z_index=&#8220;0&#8243; inverted_device_order=&#8220;yes&#8220; el_class=&#8220;hero-section draw-up padded-left&#8220; el_id=&#8220;cp-hero&#8220;][vc_column column_width_percent=&#8220;100&#8243; gutter_size=&#8220;3&#8243; overlay_alpha=&#8220;50&#8243; shift_x=&#8220;0&#8243; [&hellip;]<\/p>\n","protected":false},"author":3,"featured_media":0,"parent":2074,"menu_order":0,"comment_status":"closed","ping_status":"closed","template":"","meta":{"footnotes":""},"class_list":["post-2082","page","type-page","status-publish","hentry"],"yoast_head":"<!-- This site is optimized with the Yoast SEO Premium plugin v27.4 (Yoast SEO v27.4) - https:\/\/yoast.com\/product\/yoast-seo-premium-wordpress\/ -->\n<title>Erg\u00e4nzende Produkte &#183; Lille Healthcare<\/title>\n<meta name=\"description\" content=\"Das Lille CLASSIC-Sortiment bietet sowohl effektiven Bettschutz als auch Pfleget\u00fccher f\u00fcr Ihrer Haut.\" \/>\n<meta name=\"robots\" content=\"index, follow, max-snippet:-1, max-image-preview:large, max-video-preview:-1\" \/>\n<link rel=\"canonical\" href=\"https:\/\/lillehealthcare.com\/de\/unsere-produkte\/ergaenzende-produkte\/\" \/>\n<meta property=\"og:locale\" content=\"de_DE\" \/>\n<meta property=\"og:type\" content=\"article\" \/>\n<meta property=\"og:title\" content=\"Erg\u00e4nzende Produkte\" \/>\n<meta property=\"og:description\" content=\"Das Lille CLASSIC-Sortiment bietet sowohl effektiven Bettschutz als auch Pfleget\u00fccher f\u00fcr Ihrer Haut.\" \/>\n<meta property=\"og:url\" content=\"https:\/\/lillehealthcare.com\/de\/unsere-produkte\/ergaenzende-produkte\/\" \/>\n<meta property=\"og:site_name\" content=\"Lille Healthcare\" \/>\n<meta property=\"article:modified_time\" content=\"2021-06-28T20:36:43+00:00\" \/>\n<meta property=\"og:image\" content=\"https:\/\/lillehealthcare.com\/wp-content\/uploads\/2021\/05\/hero-couple.jpg\" \/>\n\t<meta property=\"og:image:width\" content=\"960\" \/>\n\t<meta property=\"og:image:height\" content=\"639\" \/>\n\t<meta property=\"og:image:type\" content=\"image\/jpeg\" \/>\n<meta name=\"twitter:card\" content=\"summary_large_image\" \/>\n<meta name=\"twitter:label1\" content=\"Gesch\u00e4tzte Lesezeit\" \/>\n\t<meta name=\"twitter:data1\" content=\"2 Minuten\" \/>\n<script type=\"application\/ld+json\" class=\"yoast-schema-graph\">{\"@context\":\"https:\\\/\\\/schema.org\",\"@graph\":[{\"@type\":\"WebPage\",\"@id\":\"https:\\\/\\\/lillehealthcare.com\\\/de\\\/unsere-produkte\\\/ergaenzende-produkte\\\/\",\"url\":\"https:\\\/\\\/lillehealthcare.com\\\/de\\\/unsere-produkte\\\/ergaenzende-produkte\\\/\",\"name\":\"Erg\u00e4nzende Produkte &#183; Lille Healthcare\",\"isPartOf\":{\"@id\":\"https:\\\/\\\/lillehealthcare.com\\\/de\\\/#website\"},\"datePublished\":\"2021-06-24T17:19:20+00:00\",\"dateModified\":\"2021-06-28T20:36:43+00:00\",\"description\":\"Das Lille CLASSIC-Sortiment bietet sowohl effektiven Bettschutz als auch Pfleget\u00fccher f\u00fcr Ihrer Haut.\",\"breadcrumb\":{\"@id\":\"https:\\\/\\\/lillehealthcare.com\\\/de\\\/unsere-produkte\\\/ergaenzende-produkte\\\/#breadcrumb\"},\"inLanguage\":\"de-DE\",\"potentialAction\":[{\"@type\":\"ReadAction\",\"target\":[\"https:\\\/\\\/lillehealthcare.com\\\/de\\\/unsere-produkte\\\/ergaenzende-produkte\\\/\"]}]},{\"@type\":\"BreadcrumbList\",\"@id\":\"https:\\\/\\\/lillehealthcare.com\\\/de\\\/unsere-produkte\\\/ergaenzende-produkte\\\/#breadcrumb\",\"itemListElement\":[{\"@type\":\"ListItem\",\"position\":1,\"name\":\"Home\",\"item\":\"https:\\\/\\\/lillehealthcare.com\\\/de\\\/\"},{\"@type\":\"ListItem\",\"position\":2,\"name\":\"Unsere Produkte\",\"item\":\"https:\\\/\\\/lillehealthcare.com\\\/de\\\/unsere-produkte\\\/\"},{\"@type\":\"ListItem\",\"position\":3,\"name\":\"Erg\u00e4nzende Produkte\"}]},{\"@type\":\"WebSite\",\"@id\":\"https:\\\/\\\/lillehealthcare.com\\\/de\\\/#website\",\"url\":\"https:\\\/\\\/lillehealthcare.com\\\/de\\\/\",\"name\":\"Lille Healthcare\",\"description\":\"Incontinence products suitable for everyone\u2019s needs\",\"publisher\":{\"@id\":\"https:\\\/\\\/lillehealthcare.com\\\/de\\\/#organization\"},\"potentialAction\":[{\"@type\":\"SearchAction\",\"target\":{\"@type\":\"EntryPoint\",\"urlTemplate\":\"https:\\\/\\\/lillehealthcare.com\\\/de\\\/?s={search_term_string}\"},\"query-input\":{\"@type\":\"PropertyValueSpecification\",\"valueRequired\":true,\"valueName\":\"search_term_string\"}}],\"inLanguage\":\"de-DE\"},{\"@type\":\"Organization\",\"@id\":\"https:\\\/\\\/lillehealthcare.com\\\/de\\\/#organization\",\"name\":\"Lille Healthcare\",\"url\":\"https:\\\/\\\/lillehealthcare.com\\\/de\\\/\",\"logo\":{\"@type\":\"ImageObject\",\"inLanguage\":\"de-DE\",\"@id\":\"https:\\\/\\\/lillehealthcare.com\\\/de\\\/#\\\/schema\\\/logo\\\/image\\\/\",\"url\":\"https:\\\/\\\/lillehealthcare.com\\\/wp-content\\\/uploads\\\/2021\\\/05\\\/logoLilleHealthCareCMJN.svg\",\"contentUrl\":\"https:\\\/\\\/lillehealthcare.com\\\/wp-content\\\/uploads\\\/2021\\\/05\\\/logoLilleHealthCareCMJN.svg\",\"width\":100,\"height\":100,\"caption\":\"Lille Healthcare\"},\"image\":{\"@id\":\"https:\\\/\\\/lillehealthcare.com\\\/de\\\/#\\\/schema\\\/logo\\\/image\\\/\"}}]}<\/script>\n<!-- \/ Yoast SEO Premium plugin. -->","yoast_head_json":{"title":"Erg\u00e4nzende Produkte &#183; Lille Healthcare","description":"Das Lille CLASSIC-Sortiment bietet sowohl effektiven Bettschutz als auch Pfleget\u00fccher f\u00fcr Ihrer Haut.","robots":{"index":"index","follow":"follow","max-snippet":"max-snippet:-1","max-image-preview":"max-image-preview:large","max-video-preview":"max-video-preview:-1"},"canonical":"https:\/\/lillehealthcare.com\/de\/unsere-produkte\/ergaenzende-produkte\/","og_locale":"de_DE","og_type":"article","og_title":"Erg\u00e4nzende Produkte","og_description":"Das Lille CLASSIC-Sortiment bietet sowohl effektiven Bettschutz als auch Pfleget\u00fccher f\u00fcr Ihrer Haut.","og_url":"https:\/\/lillehealthcare.com\/de\/unsere-produkte\/ergaenzende-produkte\/","og_site_name":"Lille Healthcare","article_modified_time":"2021-06-28T20:36:43+00:00","og_image":[{"width":960,"height":639,"url":"https:\/\/lillehealthcare.com\/wp-content\/uploads\/2021\/05\/hero-couple.jpg","type":"image\/jpeg"}],"twitter_card":"summary_large_image","twitter_misc":{"Gesch\u00e4tzte Lesezeit":"2 Minuten"},"schema":{"@context":"https:\/\/schema.org","@graph":[{"@type":"WebPage","@id":"https:\/\/lillehealthcare.com\/de\/unsere-produkte\/ergaenzende-produkte\/","url":"https:\/\/lillehealthcare.com\/de\/unsere-produkte\/ergaenzende-produkte\/","name":"Erg\u00e4nzende Produkte &#183; Lille Healthcare","isPartOf":{"@id":"https:\/\/lillehealthcare.com\/de\/#website"},"datePublished":"2021-06-24T17:19:20+00:00","dateModified":"2021-06-28T20:36:43+00:00","description":"Das Lille CLASSIC-Sortiment bietet sowohl effektiven Bettschutz als auch Pfleget\u00fccher f\u00fcr Ihrer Haut.","breadcrumb":{"@id":"https:\/\/lillehealthcare.com\/de\/unsere-produkte\/ergaenzende-produkte\/#breadcrumb"},"inLanguage":"de-DE","potentialAction":[{"@type":"ReadAction","target":["https:\/\/lillehealthcare.com\/de\/unsere-produkte\/ergaenzende-produkte\/"]}]},{"@type":"BreadcrumbList","@id":"https:\/\/lillehealthcare.com\/de\/unsere-produkte\/ergaenzende-produkte\/#breadcrumb","itemListElement":[{"@type":"ListItem","position":1,"name":"Home","item":"https:\/\/lillehealthcare.com\/de\/"},{"@type":"ListItem","position":2,"name":"Unsere Produkte","item":"https:\/\/lillehealthcare.com\/de\/unsere-produkte\/"},{"@type":"ListItem","position":3,"name":"Erg\u00e4nzende Produkte"}]},{"@type":"WebSite","@id":"https:\/\/lillehealthcare.com\/de\/#website","url":"https:\/\/lillehealthcare.com\/de\/","name":"Lille Healthcare","description":"Incontinence products suitable for everyone\u2019s needs","publisher":{"@id":"https:\/\/lillehealthcare.com\/de\/#organization"},"potentialAction":[{"@type":"SearchAction","target":{"@type":"EntryPoint","urlTemplate":"https:\/\/lillehealthcare.com\/de\/?s={search_term_string}"},"query-input":{"@type":"PropertyValueSpecification","valueRequired":true,"valueName":"search_term_string"}}],"inLanguage":"de-DE"},{"@type":"Organization","@id":"https:\/\/lillehealthcare.com\/de\/#organization","name":"Lille Healthcare","url":"https:\/\/lillehealthcare.com\/de\/","logo":{"@type":"ImageObject","inLanguage":"de-DE","@id":"https:\/\/lillehealthcare.com\/de\/#\/schema\/logo\/image\/","url":"https:\/\/lillehealthcare.com\/wp-content\/uploads\/2021\/05\/logoLilleHealthCareCMJN.svg","contentUrl":"https:\/\/lillehealthcare.com\/wp-content\/uploads\/2021\/05\/logoLilleHealthCareCMJN.svg","width":100,"height":100,"caption":"Lille Healthcare"},"image":{"@id":"https:\/\/lillehealthcare.com\/de\/#\/schema\/logo\/image\/"}}]}},"_links":{"self":[{"href":"https:\/\/lillehealthcare.com\/de\/wp-json\/wp\/v2\/pages\/2082","targetHints":{"allow":["GET"]}}],"collection":[{"href":"https:\/\/lillehealthcare.com\/de\/wp-json\/wp\/v2\/pages"}],"about":[{"href":"https:\/\/lillehealthcare.com\/de\/wp-json\/wp\/v2\/types\/page"}],"author":[{"embeddable":true,"href":"https:\/\/lillehealthcare.com\/de\/wp-json\/wp\/v2\/users\/3"}],"replies":[{"embeddable":true,"href":"https:\/\/lillehealthcare.com\/de\/wp-json\/wp\/v2\/comments?post=2082"}],"version-history":[{"count":0,"href":"https:\/\/lillehealthcare.com\/de\/wp-json\/wp\/v2\/pages\/2082\/revisions"}],"up":[{"embeddable":true,"href":"https:\/\/lillehealthcare.com\/de\/wp-json\/wp\/v2\/pages\/2074"}],"wp:attachment":[{"href":"https:\/\/lillehealthcare.com\/de\/wp-json\/wp\/v2\/media?parent=2082"}],"curies":[{"name":"wp","href":"https:\/\/api.w.org\/{rel}","templated":true}]}}