{"id":2079,"date":"2021-06-24T19:14:20","date_gmt":"2021-06-24T17:14:20","guid":{"rendered":"https:\/\/lille.wpengine.com\/?page_id=2079"},"modified":"2022-06-27T11:52:57","modified_gmt":"2022-06-27T09:52:57","slug":"produktionsstandort-buggenhout","status":"publish","type":"page","link":"https:\/\/lillehealthcare.com\/de\/unsere-verpflichtungen\/produktionsstandort-buggenhout\/","title":{"rendered":"Produktionsstandort Buggenhout"},"content":{"rendered":"<div class=\"wpb-content-wrapper\"><p>[vc_row unlock_row_content=&#8220;yes&#8220; row_height_percent=&#8220;0&#8243; override_padding=&#8220;yes&#8220; h_padding=&#8220;2&#8243; top_padding=&#8220;0&#8243; bottom_padding=&#8220;0&#8243; overlay_alpha=&#8220;50&#8243; gutter_size=&#8220;3&#8243; column_width_percent=&#8220;100&#8243; shift_y=&#8220;0&#8243; z_index=&#8220;0&#8243;][vc_column width=&#8220;1\/1&#8243;][uncode_block id=&#8220;1972&#8243; inside_column=&#8220;yes&#8220;][\/vc_column][\/vc_row][vc_row row_height_percent=&#8220;0&#8243; override_padding=&#8220;yes&#8220; h_padding=&#8220;2&#8243; top_padding=&#8220;3&#8243; bottom_padding=&#8220;3&#8243; overlay_alpha=&#8220;50&#8243; gutter_size=&#8220;3&#8243; column_width_percent=&#8220;100&#8243; shift_y=&#8220;0&#8243; z_index=&#8220;0&#8243;][vc_column width=&#8220;1\/1&#8243;][vc_custom_heading text_color=&#8220;color-pblue&#8220; heading_semantic=&#8220;div&#8220; text_size=&#8220;h6&#8243; text_weight=&#8220;700&#8243; text_transform=&#8220;uppercase&#8220; text_height=&#8220;fontheight-24&#8243; el_class=&#8220;bold-text pblue up country-tag belgium-tag mb-16&#8243;]Belgien[\/vc_custom_heading][vc_custom_heading text_weight=&#8220;500&#8243; el_class=&#8220;margin-0&#8243;]Produktionsstandort Buggenhout[\/vc_custom_heading][vc_row_inner row_inner_height_percent=&#8220;0&#8243; overlay_alpha=&#8220;50&#8243; equal_height=&#8220;yes&#8220; gutter_size=&#8220;0&#8243; shift_y=&#8220;0&#8243; z_index=&#8220;0&#8243; css=&#8220;.vc_custom_1622197156451{margin-top: 32px !important;}&#8220;][vc_column_inner column_width_percent=&#8220;100&#8243; gutter_size=&#8220;3&#8243; overlay_alpha=&#8220;50&#8243; shift_x=&#8220;0&#8243; shift_y=&#8220;0&#8243; shift_y_down=&#8220;0&#8243; z_index=&#8220;0&#8243; medium_width=&#8220;0&#8243; mobile_width=&#8220;0&#8243; width=&#8220;2\/3&#8243; el_class=&#8220;video-column&#8220;][vc_raw_html]JTNDZGl2JTIwY2xhc3MlM0QlMjJ2aWRlby13cmFwcGVyJTIyJTNFJTBBJTNDaWZyYW1lJTIwc3JjJTNEJTIyaHR0cHMlM0ElMkYlMkZwbGF5ZXIudmltZW8uY29tJTJGdmlkZW8lMkY1NTg1NjUxNzglMjIlMjB3aWR0aCUzRCUyMjY0MCUyMiUyMGhlaWdodCUzRCUyMjM2MSUyMiUyMCUyMGZyYW1lYm9yZGVyJTNEJTIyMCUyMiUyMGFsbG93JTNEJTIyYXV0b3BsYXklM0IlMjBmdWxsc2NyZWVuJTNCJTIwcGljdHVyZS1pbi1waWN0dXJlJTIyJTNFJTNDJTJGaWZyYW1lJTNFJTBBJTNDJTJGZGl2JTNF[\/vc_raw_html][\/vc_column_inner][vc_column_inner column_width_percent=&#8220;100&#8243; gutter_size=&#8220;3&#8243; overlay_alpha=&#8220;50&#8243; shift_x=&#8220;0&#8243; shift_y=&#8220;0&#8243; shift_y_down=&#8220;0&#8243; z_index=&#8220;0&#8243; medium_width=&#8220;0&#8243; mobile_width=&#8220;0&#8243; width=&#8220;1\/3&#8243; el_class=&#8220;stacked-images&#8220;][vc_raw_html el_class=&#8220;production-site-images&#8220;]JTNDZGl2JTIwY2xhc3MlM0QlMjJpc28taWNvbi1pbWclMjByb3VuZGVkLWltZzIlMjBwcy1pbWFnZTQlMjIlM0UlMEElM0MlMkZkaXYlM0UlMEElMEElM0NkaXYlMjBjbGFzcyUzRCUyMnJvdW5kZWQtaW1nMiUyMHBzLWltYWdlNSUyMiUzRSUwQSUzQyUyRmRpdiUzRSUwQSUwQSUzQ2RpdiUyMGNsYXNzJTNEJTIycm91bmRlZC1pbWcyJTIwcHMtaW1hZ2U2JTIyJTNFJTBBJTNDJTJGZGl2JTNF[\/vc_raw_html][\/vc_column_inner][\/vc_row_inner][vc_column_text css=&#8220;.vc_custom_1656323577647{margin-top: 60px !important;}&#8220; el_class=&#8220;reg-text&#8220; uncode_shortcode_id=&#8220;194510&#8243;]&#8220;\u201eDie Produktionsst\u00e4tte von Buggenhout ist der historische Standort von Ontex. Sie ist auch Europas gr\u00f6\u00dfte Fabrik zur Herstellung von Hygieneprodukten f\u00fcr Erwachsene. Derzeit sind dort 600 Mitarbeiter besch\u00e4ftigt. Das Umweltmanagementsystem von Buggenhout achtet auf eine nachhaltige Entwicklung und auf unsere Umwelt. Der Standort ist seit mehreren Jahren nach ISO 14001 durch eine akkreditierte Organisation zertifiziert.[\/vc_column_text][vc_column_text css=&#8220;.vc_custom_1624554926842{margin-top: 20px !important;}&#8220; el_class=&#8220;reg-text&#8220;]<em>Einige Fotos und Videos wurden m\u00f6glicherweise vor der COVID-19 Pandemie aufgenommen, sodass Sie keine Gesichtsmasken sehen werden.\u200b<\/em>[\/vc_column_text][\/vc_column][\/vc_row][vc_row unlock_row_content=&#8220;yes&#8220; row_height_percent=&#8220;0&#8243; override_padding=&#8220;yes&#8220; h_padding=&#8220;2&#8243; top_padding=&#8220;0&#8243; bottom_padding=&#8220;3&#8243; overlay_alpha=&#8220;50&#8243; gutter_size=&#8220;3&#8243; column_width_percent=&#8220;100&#8243; shift_y=&#8220;0&#8243; z_index=&#8220;0&#8243;][vc_column width=&#8220;1\/1&#8243;][vc_custom_heading text_color=&#8220;accent&#8220; heading_semantic=&#8220;div&#8220; text_size=&#8220;h6&#8243; text_weight=&#8220;400&#8243; text_height=&#8220;fontheight-24&#8243; el_class=&#8220;green-link arrow-link&#8220;]<a href=\"\/our-commitments\/\">Zur\u00fcck zu unseren Verpflichtungen<\/a>[\/vc_custom_heading][\/vc_column][\/vc_row]<\/p>\n<\/div>","protected":false},"excerpt":{"rendered":"<p>[vc_row unlock_row_content=&#8220;yes&#8220; row_height_percent=&#8220;0&#8243; override_padding=&#8220;yes&#8220; h_padding=&#8220;2&#8243; top_padding=&#8220;0&#8243; bottom_padding=&#8220;0&#8243; overlay_alpha=&#8220;50&#8243; gutter_size=&#8220;3&#8243; column_width_percent=&#8220;100&#8243; shift_y=&#8220;0&#8243; z_index=&#8220;0&#8243;][vc_column width=&#8220;1\/1&#8243;][uncode_block id=&#8220;1972&#8243; inside_column=&#8220;yes&#8220;][\/vc_column][\/vc_row][vc_row row_height_percent=&#8220;0&#8243; override_padding=&#8220;yes&#8220; h_padding=&#8220;2&#8243; top_padding=&#8220;3&#8243; bottom_padding=&#8220;3&#8243; [&hellip;]<\/p>\n","protected":false},"author":3,"featured_media":0,"parent":2075,"menu_order":0,"comment_status":"closed","ping_status":"closed","template":"","meta":{"footnotes":""},"class_list":["post-2079","page","type-page","status-publish","hentry"],"yoast_head":"<!-- This site is optimized with the Yoast SEO Premium plugin v27.3 (Yoast SEO v27.3) - https:\/\/yoast.com\/product\/yoast-seo-premium-wordpress\/ -->\n<title>Produktionsstandort Buggenhout &#183; Lille Healthcare<\/title>\n<meta name=\"description\" content=\"M\u00f6chten Sie mehr \u00fcber unseren Produktionsstandort in Buggenhout, Belgien, erfahren? Wir zeigen Ihnen unsere gr\u00f6\u00dfte Fabrik in vollem Umfang.\" \/>\n<meta name=\"robots\" content=\"index, follow, max-snippet:-1, max-image-preview:large, max-video-preview:-1\" \/>\n<link rel=\"canonical\" href=\"https:\/\/lillehealthcare.com\/de\/unsere-verpflichtungen\/produktionsstandort-buggenhout\/\" \/>\n<meta property=\"og:locale\" content=\"de_DE\" \/>\n<meta property=\"og:type\" content=\"article\" \/>\n<meta property=\"og:title\" content=\"Produktionsstandort Buggenhout\" \/>\n<meta property=\"og:description\" content=\"M\u00f6chten Sie mehr \u00fcber unseren Produktionsstandort in Buggenhout, Belgien, erfahren? Wir zeigen Ihnen unsere gr\u00f6\u00dfte Fabrik in vollem Umfang.\" \/>\n<meta property=\"og:url\" content=\"https:\/\/lillehealthcare.com\/de\/unsere-verpflichtungen\/produktionsstandort-buggenhout\/\" \/>\n<meta property=\"og:site_name\" content=\"Lille Healthcare\" \/>\n<meta property=\"article:modified_time\" content=\"2022-06-27T09:52:57+00:00\" \/>\n<meta property=\"og:image\" content=\"https:\/\/lillehealthcare.com\/wp-content\/uploads\/2021\/05\/hero-couple.jpg\" \/>\n\t<meta property=\"og:image:width\" content=\"960\" \/>\n\t<meta property=\"og:image:height\" content=\"639\" \/>\n\t<meta property=\"og:image:type\" content=\"image\/jpeg\" \/>\n<meta name=\"twitter:card\" content=\"summary_large_image\" \/>\n<meta name=\"twitter:label1\" content=\"Gesch\u00e4tzte Lesezeit\" \/>\n\t<meta name=\"twitter:data1\" content=\"1 Minute\" \/>\n<script type=\"application\/ld+json\" class=\"yoast-schema-graph\">{\"@context\":\"https:\\\/\\\/schema.org\",\"@graph\":[{\"@type\":\"WebPage\",\"@id\":\"https:\\\/\\\/lillehealthcare.com\\\/de\\\/unsere-verpflichtungen\\\/produktionsstandort-buggenhout\\\/\",\"url\":\"https:\\\/\\\/lillehealthcare.com\\\/de\\\/unsere-verpflichtungen\\\/produktionsstandort-buggenhout\\\/\",\"name\":\"Produktionsstandort Buggenhout &#183; Lille Healthcare\",\"isPartOf\":{\"@id\":\"https:\\\/\\\/lillehealthcare.com\\\/de\\\/#website\"},\"datePublished\":\"2021-06-24T17:14:20+00:00\",\"dateModified\":\"2022-06-27T09:52:57+00:00\",\"description\":\"M\u00f6chten Sie mehr \u00fcber unseren Produktionsstandort in Buggenhout, Belgien, erfahren? Wir zeigen Ihnen unsere gr\u00f6\u00dfte Fabrik in vollem Umfang.\",\"breadcrumb\":{\"@id\":\"https:\\\/\\\/lillehealthcare.com\\\/de\\\/unsere-verpflichtungen\\\/produktionsstandort-buggenhout\\\/#breadcrumb\"},\"inLanguage\":\"de-DE\",\"potentialAction\":[{\"@type\":\"ReadAction\",\"target\":[\"https:\\\/\\\/lillehealthcare.com\\\/de\\\/unsere-verpflichtungen\\\/produktionsstandort-buggenhout\\\/\"]}]},{\"@type\":\"BreadcrumbList\",\"@id\":\"https:\\\/\\\/lillehealthcare.com\\\/de\\\/unsere-verpflichtungen\\\/produktionsstandort-buggenhout\\\/#breadcrumb\",\"itemListElement\":[{\"@type\":\"ListItem\",\"position\":1,\"name\":\"Home\",\"item\":\"https:\\\/\\\/lillehealthcare.com\\\/de\\\/\"},{\"@type\":\"ListItem\",\"position\":2,\"name\":\"Unsere Verpflichtungen\",\"item\":\"https:\\\/\\\/lillehealthcare.com\\\/de\\\/unsere-verpflichtungen\\\/\"},{\"@type\":\"ListItem\",\"position\":3,\"name\":\"Produktionsstandort Buggenhout\"}]},{\"@type\":\"WebSite\",\"@id\":\"https:\\\/\\\/lillehealthcare.com\\\/de\\\/#website\",\"url\":\"https:\\\/\\\/lillehealthcare.com\\\/de\\\/\",\"name\":\"Lille Healthcare\",\"description\":\"Incontinence products suitable for everyone\u2019s needs\",\"publisher\":{\"@id\":\"https:\\\/\\\/lillehealthcare.com\\\/de\\\/#organization\"},\"potentialAction\":[{\"@type\":\"SearchAction\",\"target\":{\"@type\":\"EntryPoint\",\"urlTemplate\":\"https:\\\/\\\/lillehealthcare.com\\\/de\\\/?s={search_term_string}\"},\"query-input\":{\"@type\":\"PropertyValueSpecification\",\"valueRequired\":true,\"valueName\":\"search_term_string\"}}],\"inLanguage\":\"de-DE\"},{\"@type\":\"Organization\",\"@id\":\"https:\\\/\\\/lillehealthcare.com\\\/de\\\/#organization\",\"name\":\"Lille Healthcare\",\"url\":\"https:\\\/\\\/lillehealthcare.com\\\/de\\\/\",\"logo\":{\"@type\":\"ImageObject\",\"inLanguage\":\"de-DE\",\"@id\":\"https:\\\/\\\/lillehealthcare.com\\\/de\\\/#\\\/schema\\\/logo\\\/image\\\/\",\"url\":\"https:\\\/\\\/lillehealthcare.com\\\/wp-content\\\/uploads\\\/2021\\\/05\\\/logoLilleHealthCareCMJN.svg\",\"contentUrl\":\"https:\\\/\\\/lillehealthcare.com\\\/wp-content\\\/uploads\\\/2021\\\/05\\\/logoLilleHealthCareCMJN.svg\",\"width\":100,\"height\":100,\"caption\":\"Lille Healthcare\"},\"image\":{\"@id\":\"https:\\\/\\\/lillehealthcare.com\\\/de\\\/#\\\/schema\\\/logo\\\/image\\\/\"}}]}<\/script>\n<!-- \/ Yoast SEO Premium plugin. -->","yoast_head_json":{"title":"Produktionsstandort Buggenhout &#183; Lille Healthcare","description":"M\u00f6chten Sie mehr \u00fcber unseren Produktionsstandort in Buggenhout, Belgien, erfahren? Wir zeigen Ihnen unsere gr\u00f6\u00dfte Fabrik in vollem Umfang.","robots":{"index":"index","follow":"follow","max-snippet":"max-snippet:-1","max-image-preview":"max-image-preview:large","max-video-preview":"max-video-preview:-1"},"canonical":"https:\/\/lillehealthcare.com\/de\/unsere-verpflichtungen\/produktionsstandort-buggenhout\/","og_locale":"de_DE","og_type":"article","og_title":"Produktionsstandort Buggenhout","og_description":"M\u00f6chten Sie mehr \u00fcber unseren Produktionsstandort in Buggenhout, Belgien, erfahren? Wir zeigen Ihnen unsere gr\u00f6\u00dfte Fabrik in vollem Umfang.","og_url":"https:\/\/lillehealthcare.com\/de\/unsere-verpflichtungen\/produktionsstandort-buggenhout\/","og_site_name":"Lille Healthcare","article_modified_time":"2022-06-27T09:52:57+00:00","og_image":[{"width":960,"height":639,"url":"https:\/\/lillehealthcare.com\/wp-content\/uploads\/2021\/05\/hero-couple.jpg","type":"image\/jpeg"}],"twitter_card":"summary_large_image","twitter_misc":{"Gesch\u00e4tzte Lesezeit":"1 Minute"},"schema":{"@context":"https:\/\/schema.org","@graph":[{"@type":"WebPage","@id":"https:\/\/lillehealthcare.com\/de\/unsere-verpflichtungen\/produktionsstandort-buggenhout\/","url":"https:\/\/lillehealthcare.com\/de\/unsere-verpflichtungen\/produktionsstandort-buggenhout\/","name":"Produktionsstandort Buggenhout &#183; Lille Healthcare","isPartOf":{"@id":"https:\/\/lillehealthcare.com\/de\/#website"},"datePublished":"2021-06-24T17:14:20+00:00","dateModified":"2022-06-27T09:52:57+00:00","description":"M\u00f6chten Sie mehr \u00fcber unseren Produktionsstandort in Buggenhout, Belgien, erfahren? Wir zeigen Ihnen unsere gr\u00f6\u00dfte Fabrik in vollem Umfang.","breadcrumb":{"@id":"https:\/\/lillehealthcare.com\/de\/unsere-verpflichtungen\/produktionsstandort-buggenhout\/#breadcrumb"},"inLanguage":"de-DE","potentialAction":[{"@type":"ReadAction","target":["https:\/\/lillehealthcare.com\/de\/unsere-verpflichtungen\/produktionsstandort-buggenhout\/"]}]},{"@type":"BreadcrumbList","@id":"https:\/\/lillehealthcare.com\/de\/unsere-verpflichtungen\/produktionsstandort-buggenhout\/#breadcrumb","itemListElement":[{"@type":"ListItem","position":1,"name":"Home","item":"https:\/\/lillehealthcare.com\/de\/"},{"@type":"ListItem","position":2,"name":"Unsere Verpflichtungen","item":"https:\/\/lillehealthcare.com\/de\/unsere-verpflichtungen\/"},{"@type":"ListItem","position":3,"name":"Produktionsstandort Buggenhout"}]},{"@type":"WebSite","@id":"https:\/\/lillehealthcare.com\/de\/#website","url":"https:\/\/lillehealthcare.com\/de\/","name":"Lille Healthcare","description":"Incontinence products suitable for everyone\u2019s needs","publisher":{"@id":"https:\/\/lillehealthcare.com\/de\/#organization"},"potentialAction":[{"@type":"SearchAction","target":{"@type":"EntryPoint","urlTemplate":"https:\/\/lillehealthcare.com\/de\/?s={search_term_string}"},"query-input":{"@type":"PropertyValueSpecification","valueRequired":true,"valueName":"search_term_string"}}],"inLanguage":"de-DE"},{"@type":"Organization","@id":"https:\/\/lillehealthcare.com\/de\/#organization","name":"Lille Healthcare","url":"https:\/\/lillehealthcare.com\/de\/","logo":{"@type":"ImageObject","inLanguage":"de-DE","@id":"https:\/\/lillehealthcare.com\/de\/#\/schema\/logo\/image\/","url":"https:\/\/lillehealthcare.com\/wp-content\/uploads\/2021\/05\/logoLilleHealthCareCMJN.svg","contentUrl":"https:\/\/lillehealthcare.com\/wp-content\/uploads\/2021\/05\/logoLilleHealthCareCMJN.svg","width":100,"height":100,"caption":"Lille Healthcare"},"image":{"@id":"https:\/\/lillehealthcare.com\/de\/#\/schema\/logo\/image\/"}}]}},"_links":{"self":[{"href":"https:\/\/lillehealthcare.com\/de\/wp-json\/wp\/v2\/pages\/2079","targetHints":{"allow":["GET"]}}],"collection":[{"href":"https:\/\/lillehealthcare.com\/de\/wp-json\/wp\/v2\/pages"}],"about":[{"href":"https:\/\/lillehealthcare.com\/de\/wp-json\/wp\/v2\/types\/page"}],"author":[{"embeddable":true,"href":"https:\/\/lillehealthcare.com\/de\/wp-json\/wp\/v2\/users\/3"}],"replies":[{"embeddable":true,"href":"https:\/\/lillehealthcare.com\/de\/wp-json\/wp\/v2\/comments?post=2079"}],"version-history":[{"count":0,"href":"https:\/\/lillehealthcare.com\/de\/wp-json\/wp\/v2\/pages\/2079\/revisions"}],"up":[{"embeddable":true,"href":"https:\/\/lillehealthcare.com\/de\/wp-json\/wp\/v2\/pages\/2075"}],"wp:attachment":[{"href":"https:\/\/lillehealthcare.com\/de\/wp-json\/wp\/v2\/media?parent=2079"}],"curies":[{"name":"wp","href":"https:\/\/api.w.org\/{rel}","templated":true}]}}