{"id":2074,"date":"2021-06-24T18:23:21","date_gmt":"2021-06-24T16:23:21","guid":{"rendered":"https:\/\/lille.wpengine.com\/?page_id=2074"},"modified":"2021-06-28T22:34:46","modified_gmt":"2021-06-28T20:34:46","slug":"unsere-produkte","status":"publish","type":"page","link":"https:\/\/lillehealthcare.com\/de\/unsere-produkte\/","title":{"rendered":"Unsere Produkte"},"content":{"rendered":"<div class=\"wpb-content-wrapper\"><p>[vc_row unlock_row_content=&#8220;yes&#8220; row_height_percent=&#8220;0&#8243; override_padding=&#8220;yes&#8220; h_padding=&#8220;0&#8243; top_padding=&#8220;0&#8243; bottom_padding=&#8220;0&#8243; overlay_alpha=&#8220;50&#8243; gutter_size=&#8220;3&#8243; column_width_percent=&#8220;100&#8243; shift_y=&#8220;0&#8243; z_index=&#8220;0&#8243; el_class=&#8220;hero-section draw-up&#8220; el_id=&#8220;products-hero&#8220; shape_dividers=&#8220;&#8220;][vc_column column_width_percent=&#8220;100&#8243; gutter_size=&#8220;3&#8243; overlay_alpha=&#8220;50&#8243; shift_x=&#8220;0&#8243; shift_y=&#8220;0&#8243; shift_y_down=&#8220;0&#8243; z_index=&#8220;0&#8243; medium_width=&#8220;0&#8243; mobile_width=&#8220;0&#8243; width=&#8220;1\/3&#8243; el_class=&#8220;image-column&#8220;][vc_single_image media=&#8220;338&#8243; media_width_percent=&#8220;100&#8243; el_class=&#8220;rounded-img&#8220;][\/vc_column][vc_column column_width_percent=&#8220;100&#8243; gutter_size=&#8220;3&#8243; overlay_alpha=&#8220;50&#8243; shift_x=&#8220;0&#8243; shift_y=&#8220;0&#8243; shift_y_down=&#8220;0&#8243; z_index=&#8220;0&#8243; medium_width=&#8220;0&#8243; mobile_width=&#8220;0&#8243; width=&#8220;2\/3&#8243; el_class=&#8220;hero-text&#8220; css=&#8220;.vc_custom_1621417390566{padding-bottom: 47px !important;}&#8220;][uncode_block id=&#8220;1972&#8243; inside_column=&#8220;yes&#8220;][vc_custom_heading heading_semantic=&#8220;h1&#8243; text_size=&#8220;h1&#8243; text_height=&#8220;fontheight-57&#8243; sub_lead=&#8220;yes&#8220; el_class=&#8220;subheader&#8220;]Das Produktsortiment Lille Suprem[\/vc_custom_heading][vc_column_text text_lead=&#8220;yes&#8220; el_class=&#8220;reg-text leader-text&#8220;]Eine optimale Leistungsf\u00e4higkeit bei gleichzeitigem Schutz Ihrer Haut.[\/vc_column_text][uncode_block id=&#8220;2056&#8243; inside_column=&#8220;yes&#8220;][\/vc_column][\/vc_row][vc_row row_height_percent=&#8220;0&#8243; override_padding=&#8220;yes&#8220; h_padding=&#8220;2&#8243; top_padding=&#8220;4&#8243; bottom_padding=&#8220;3&#8243; back_color=&#8220;color-white&#8220; overlay_alpha=&#8220;50&#8243; gutter_size=&#8220;3&#8243; column_width_percent=&#8220;100&#8243; shift_y=&#8220;0&#8243; z_index=&#8220;0&#8243; row_name=&#8220;little-discomforts&#8220; el_class=&#8220;little-discomforts-section&#8220;][vc_column column_width_percent=&#8220;100&#8243; gutter_size=&#8220;3&#8243; override_padding=&#8220;yes&#8220; column_padding=&#8220;0&#8243; back_image=&#8220;340&#8243; back_repeat=&#8220;no-repeat&#8220; back_position=&#8220;left top&#8220; overlay_alpha=&#8220;50&#8243; shift_x=&#8220;0&#8243; shift_y=&#8220;0&#8243; shift_y_down=&#8220;0&#8243; z_index=&#8220;0&#8243; medium_width=&#8220;0&#8243; mobile_width=&#8220;0&#8243; width=&#8220;1\/1&#8243; back_size=&#8220;contain&#8220; el_class=&#8220;product-category-block bg-block&#8220;][vc_custom_heading text_font=&#8220;font-rubik&#8220; text_size=&#8220;h6&#8243; text_color=&#8220;color-pblue&#8220; el_class=&#8220;up pblue product-category-heading&#8220;]Leichter Tr\u00f6pfchenverlust[\/vc_custom_heading][vc_column_text el_class=&#8220;product-quote&#8220; css=&#8220;.vc_custom_1624551682191{margin-top: 0px !important;}&#8220;]<em>\u201eIch leide unter leichtem Harnverlust. Ich verliere immer wieder ein wenig Urin, vor allem beim Lachen oder Husten.\u201c<\/em>[\/vc_column_text][vc_empty_space empty_h=&#8220;2&#8243; el_class=&#8220;custom-empty-30&#8243;][uncode_index el_id=&#8220;ld-en&#8220; isotope_mode=&#8220;cellsByRow&#8220; loop=&#8220;size:10|order_by:date|order:ASC|post_type:portfolio|tax_query:4|taxonomy_count:10|taxonomy_include_ids:68&#8243; gutter_size=&#8220;2&#8243; portfolio_items=&#8220;text|full&#8220; screen_lg=&#8220;1000&#8243; screen_md=&#8220;600&#8243; screen_sm=&#8220;480&#8243; single_width=&#8220;6&#8243; single_shape=&#8220;round&#8220; single_overlay_opacity=&#8220;50&#8243; single_image_anim=&#8220;no&#8220; single_padding=&#8220;0&#8243; single_shadow=&#8220;yes&#8220; custom_order=&#8220;yes&#8220; el_class=&#8220;product-cards&#8220; order_ids=&#8220;68,341&#8243;][\/vc_column][\/vc_row][vc_row row_height_percent=&#8220;0&#8243; override_padding=&#8220;yes&#8220; h_padding=&#8220;2&#8243; top_padding=&#8220;2&#8243; bottom_padding=&#8220;3&#8243; back_color=&#8220;color-white&#8220; overlay_alpha=&#8220;50&#8243; gutter_size=&#8220;3&#8243; column_width_percent=&#8220;100&#8243; shift_y=&#8220;0&#8243; z_index=&#8220;0&#8243; row_name=&#8220;bladder-weakness&#8220; el_class=&#8220;bladder-weakness-section&#8220;][vc_column column_width_percent=&#8220;100&#8243; gutter_size=&#8220;3&#8243; override_padding=&#8220;yes&#8220; column_padding=&#8220;0&#8243; back_image=&#8220;344&#8243; back_repeat=&#8220;no-repeat&#8220; back_position=&#8220;left top&#8220; overlay_alpha=&#8220;50&#8243; shift_x=&#8220;0&#8243; shift_y=&#8220;0&#8243; shift_y_down=&#8220;0&#8243; z_index=&#8220;0&#8243; medium_width=&#8220;0&#8243; mobile_width=&#8220;0&#8243; width=&#8220;1\/1&#8243; back_size=&#8220;contain&#8220; el_class=&#8220;product-category-block bg-block&#8220;][vc_custom_heading text_font=&#8220;font-rubik&#8220; text_size=&#8220;h6&#8243; text_color=&#8220;color-pastelgreen&#8220; el_class=&#8220;up pblue product-category-heading&#8220;]Blasenschw\u00e4che[\/vc_custom_heading][vc_column_text el_class=&#8220;product-quote&#8220; css=&#8220;.vc_custom_1624551703612{margin-top: 0px !important;}&#8220;]<em>\u201eIch leide gelegentlich unter leichtem Harnverlust und manchmal schaffe ich es nicht rechtzeitig auf die Toilette&#8220;.<\/em>[\/vc_column_text][vc_empty_space empty_h=&#8220;2&#8243; el_class=&#8220;custom-empty-30&#8243;][uncode_index el_id=&#8220;bw-en&#8220; isotope_mode=&#8220;cellsByRow&#8220; loop=&#8220;size:10|order_by:date|post_type:portfolio|tax_query:5|taxonomy_count:10|taxonomy_include_ids:68&#8243; gutter_size=&#8220;2&#8243; portfolio_items=&#8220;text|full&#8220; screen_lg=&#8220;1000&#8243; screen_md=&#8220;600&#8243; screen_sm=&#8220;480&#8243; single_width=&#8220;6&#8243; single_shape=&#8220;round&#8220; single_overlay_opacity=&#8220;50&#8243; single_image_anim=&#8220;no&#8220; single_padding=&#8220;0&#8243; single_shadow=&#8220;yes&#8220; custom_order=&#8220;yes&#8220; el_class=&#8220;product-cards&#8220; order_ids=&#8220;68,341&#8243;][vc_column_text el_class=&#8220;bw-category-description&#8220;]Harnverlust ist auf eine Funktionsschw\u00e4che der Blase zur\u00fcckzuf\u00fchren und zeigt sich zun\u00e4chst in leichtem Urinverlust, der in manchen F\u00e4llen zum permanenten Problem werden kann. Die Menge an austretendem Urin kann sich steigern und die Unf\u00e4lle regelm\u00e4\u00dfiger auftreten. Es kommt sowohl am Tag (in den meisten F\u00e4llen) als auch gelegentlich in der Nacht zu diesen Unf\u00e4llen.[\/vc_column_text][\/vc_column][\/vc_row][vc_row row_height_percent=&#8220;0&#8243; override_padding=&#8220;yes&#8220; h_padding=&#8220;2&#8243; top_padding=&#8220;2&#8243; bottom_padding=&#8220;3&#8243; back_color=&#8220;color-white&#8220; overlay_alpha=&#8220;50&#8243; gutter_size=&#8220;3&#8243; column_width_percent=&#8220;100&#8243; shift_y=&#8220;0&#8243; z_index=&#8220;0&#8243; row_name=&#8220;inco&#8220; el_class=&#8220;incontinence-section&#8220;][vc_column column_width_percent=&#8220;100&#8243; gutter_size=&#8220;3&#8243; override_padding=&#8220;yes&#8220; column_padding=&#8220;0&#8243; back_image=&#8220;348&#8243; back_repeat=&#8220;no-repeat&#8220; back_position=&#8220;left top&#8220; overlay_alpha=&#8220;50&#8243; shift_x=&#8220;0&#8243; shift_y=&#8220;0&#8243; shift_y_down=&#8220;0&#8243; z_index=&#8220;0&#8243; medium_width=&#8220;0&#8243; mobile_width=&#8220;0&#8243; width=&#8220;1\/1&#8243; back_size=&#8220;contain&#8220; el_class=&#8220;product-category-block bg-block&#8220;][vc_custom_heading text_font=&#8220;font-rubik&#8220; text_size=&#8220;h6&#8243; text_color=&#8220;color-pink&#8220; el_class=&#8220;up pblue product-category-heading&#8220;]Inkontinenz[\/vc_custom_heading][vc_column_text el_class=&#8220;product-quote&#8220; css=&#8220;.vc_custom_1624551745565{margin-top: 0px !important;}&#8220;]<em>\u201eIch habe oftmals Probleme damit, meine Blasenfunktion zu kontrollieren. Ich schaffe es nicht rechtzeitig zur Toilette und immer wieder kommt es zu n\u00e4chtlichen Unf\u00e4llen.\u201c<\/em>[\/vc_column_text][vc_column_text el_class=&#8220;product-quote&#8220; css=&#8220;.vc_custom_1624551751941{margin-top: 0px !important;}&#8220;]<em>\u201eIch k\u00fcmmere mich um eine Person, die ihre Blasenfunktion nicht mehr kontrollieren kann. Sie\/er leidet unter schwerer Inkontinenz.\u201c<\/em>[\/vc_column_text][vc_empty_space empty_h=&#8220;2&#8243; el_class=&#8220;custom-empty-30&#8243;][uncode_index el_id=&#8220;inco-en&#8220; isotope_mode=&#8220;cellsByRow&#8220; loop=&#8220;size:10|order_by:date|order:ASC|post_type:portfolio|tax_query:6|taxonomy_count:10|taxonomy_include_ids:68&#8243; gutter_size=&#8220;2&#8243; portfolio_items=&#8220;text|full&#8220; screen_lg=&#8220;1000&#8243; screen_md=&#8220;600&#8243; screen_sm=&#8220;480&#8243; single_width=&#8220;6&#8243; single_shape=&#8220;round&#8220; single_overlay_opacity=&#8220;50&#8243; single_image_anim=&#8220;no&#8220; single_padding=&#8220;0&#8243; single_shadow=&#8220;yes&#8220; custom_order=&#8220;yes&#8220; el_class=&#8220;product-cards&#8220; order_ids=&#8220;68,341&#8243;][\/vc_column][\/vc_row][vc_row row_height_percent=&#8220;0&#8243; override_padding=&#8220;yes&#8220; h_padding=&#8220;2&#8243; top_padding=&#8220;2&#8243; bottom_padding=&#8220;4&#8243; back_color=&#8220;color-white&#8220; overlay_alpha=&#8220;50&#8243; gutter_size=&#8220;3&#8243; column_width_percent=&#8220;100&#8243; shift_y=&#8220;0&#8243; z_index=&#8220;0&#8243; row_name=&#8220;complementary&#8220; el_class=&#8220;complementary-section&#8220;][vc_column column_width_percent=&#8220;100&#8243; gutter_size=&#8220;3&#8243; override_padding=&#8220;yes&#8220; column_padding=&#8220;0&#8243; overlay_alpha=&#8220;50&#8243; shift_x=&#8220;0&#8243; shift_y=&#8220;0&#8243; shift_y_down=&#8220;0&#8243; z_index=&#8220;0&#8243; medium_width=&#8220;0&#8243; mobile_width=&#8220;0&#8243; width=&#8220;1\/1&#8243; el_class=&#8220;product-category-block&#8220;][vc_custom_heading text_font=&#8220;font-rubik&#8220; text_size=&#8220;h6&#8243; text_color=&#8220;color-emerald&#8220; el_class=&#8220;up pblue product-category-heading&#8220;]Erg\u00e4nzende Produkte[\/vc_custom_heading][vc_column_text el_class=&#8220;product-quote&#8220; css=&#8220;.vc_custom_1624551774181{margin-top: 0px !important;}&#8220;]<em>\u201eIch wache regelm\u00e4\u00dfig in einem nassen Bett auf.\u201c<\/em>[\/vc_column_text][vc_column_text el_class=&#8220;product-quote&#8220; css=&#8220;.vc_custom_1624551785032{margin-top: 0px !important;}&#8220;]<em>\u201eIch pflege meine Haut, besonders wenn ich mich wasche.\u201c<\/em>[\/vc_column_text][vc_empty_space empty_h=&#8220;2&#8243; el_class=&#8220;custom-empty-30&#8243;][uncode_index el_id=&#8220;cp-en&#8220; isotope_mode=&#8220;cellsByRow&#8220; loop=&#8220;size:10|order_by:date|order:ASC|post_type:portfolio|tax_query:20|taxonomy_count:10|taxonomy_include_ids:68&#8243; gutter_size=&#8220;2&#8243; portfolio_items=&#8220;text|full&#8220; screen_lg=&#8220;1000&#8243; screen_md=&#8220;600&#8243; screen_sm=&#8220;480&#8243; single_width=&#8220;6&#8243; single_shape=&#8220;round&#8220; single_overlay_opacity=&#8220;50&#8243; single_image_anim=&#8220;no&#8220; single_padding=&#8220;0&#8243; single_shadow=&#8220;yes&#8220; custom_order=&#8220;yes&#8220; el_class=&#8220;product-cards&#8220; order_ids=&#8220;68,341&#8243;][vc_column_text el_class=&#8220;cp-category-description&#8220;]Um unser Angebot an Inkontinenzprodukten zu vervollst\u00e4ndigen, das an die spezifischen Bed\u00fcrfnisse jedes Einzelnen angepasst ist, hat Lille Healthcare auch einige zus\u00e4tzliche Produkte entwickelt.<\/p>\n<p>Das Lille CLASSIC Bed pad ist eine ideale L\u00f6sung zum Schutz der Matratze, w\u00e4hrend die Lille Reinigungst\u00fccher Sie bei Ihrem t\u00e4glichen Pflegeritual unterst\u00fctzen.[\/vc_column_text][\/vc_column][\/vc_row][vc_row row_height_percent=&#8220;0&#8243; override_padding=&#8220;yes&#8220; h_padding=&#8220;0&#8243; top_padding=&#8220;0&#8243; bottom_padding=&#8220;0&#8243; back_color=&#8220;color-white&#8220; overlay_alpha=&#8220;50&#8243; gutter_size=&#8220;3&#8243; column_width_percent=&#8220;100&#8243; shift_y=&#8220;0&#8243; z_index=&#8220;0&#8243;][vc_column width=&#8220;1\/1&#8243;][vc_raw_js]JTNDc2NyaXB0JTIwdHlwZSUzRCUyMnRleHQlMkZqYXZhc2NyaXB0JTIyJTNFJTIwJTBBaWYlMjhqUXVlcnklMjglMjcubWFpbi13cmFwcGVyJTI3JTI5LndpZHRoJTI4JTI5JTIwJTNDJTNEOTYwJTI5JTIwJTdCJTBBalF1ZXJ5JTI4JTI3Lmlzb3RvcGUtY29udGFpbmVyJTI3JTI5LmF0dHIlMjglMjdkYXRhLWxheW91dCUyNyUyQyUyMCUwQSUyN3ZlcnRpY2FsJTI3JTI5JTNCJTBBJTdEJTBBJTNDJTJGc2NyaXB0JTNF[\/vc_raw_js][\/vc_column][\/vc_row]<\/p>\n<\/div>","protected":false},"excerpt":{"rendered":"<p>[vc_row unlock_row_content=&#8220;yes&#8220; row_height_percent=&#8220;0&#8243; override_padding=&#8220;yes&#8220; h_padding=&#8220;0&#8243; top_padding=&#8220;0&#8243; bottom_padding=&#8220;0&#8243; overlay_alpha=&#8220;50&#8243; gutter_size=&#8220;3&#8243; column_width_percent=&#8220;100&#8243; shift_y=&#8220;0&#8243; z_index=&#8220;0&#8243; el_class=&#8220;hero-section draw-up&#8220; el_id=&#8220;products-hero&#8220; shape_dividers=&#8220;&#8220;][vc_column column_width_percent=&#8220;100&#8243; gutter_size=&#8220;3&#8243; overlay_alpha=&#8220;50&#8243; shift_x=&#8220;0&#8243; [&hellip;]<\/p>\n","protected":false},"author":3,"featured_media":0,"parent":0,"menu_order":0,"comment_status":"closed","ping_status":"closed","template":"","meta":{"footnotes":""},"class_list":["post-2074","page","type-page","status-publish","hentry"],"yoast_head":"<!-- This site is optimized with the Yoast SEO Premium plugin v27.3 (Yoast SEO v27.3) - https:\/\/yoast.com\/product\/yoast-seo-premium-wordpress\/ -->\n<title>Unsere Produkte &#183; Lille Healthcare<\/title>\n<meta name=\"description\" content=\"Lille Healthcare bietet eine gro\u00dfe Auswahl an Inkontinenzprodukten an, um den spezifischen Bed\u00fcrfnissen jedes Einzelnen gerecht zu werden.\" \/>\n<meta name=\"robots\" content=\"index, follow, max-snippet:-1, max-image-preview:large, max-video-preview:-1\" \/>\n<link rel=\"canonical\" href=\"https:\/\/lillehealthcare.com\/de\/unsere-produkte\/\" \/>\n<meta property=\"og:locale\" content=\"de_DE\" \/>\n<meta property=\"og:type\" content=\"article\" \/>\n<meta property=\"og:title\" content=\"Unsere Produkte\" \/>\n<meta property=\"og:description\" content=\"Lille Healthcare bietet eine gro\u00dfe Auswahl an Inkontinenzprodukten an, um den spezifischen Bed\u00fcrfnissen jedes Einzelnen gerecht zu werden.\" \/>\n<meta property=\"og:url\" content=\"https:\/\/lillehealthcare.com\/de\/unsere-produkte\/\" \/>\n<meta property=\"og:site_name\" content=\"Lille Healthcare\" \/>\n<meta property=\"article:modified_time\" content=\"2021-06-28T20:34:46+00:00\" \/>\n<meta property=\"og:image\" content=\"https:\/\/lillehealthcare.com\/wp-content\/uploads\/2021\/05\/hero-couple.jpg\" \/>\n\t<meta property=\"og:image:width\" content=\"960\" \/>\n\t<meta property=\"og:image:height\" content=\"639\" \/>\n\t<meta property=\"og:image:type\" content=\"image\/jpeg\" \/>\n<meta name=\"twitter:card\" content=\"summary_large_image\" \/>\n<meta name=\"twitter:label1\" content=\"Gesch\u00e4tzte Lesezeit\" \/>\n\t<meta name=\"twitter:data1\" content=\"3 Minuten\" \/>\n<script type=\"application\/ld+json\" class=\"yoast-schema-graph\">{\"@context\":\"https:\\\/\\\/schema.org\",\"@graph\":[{\"@type\":\"WebPage\",\"@id\":\"https:\\\/\\\/lillehealthcare.com\\\/de\\\/unsere-produkte\\\/\",\"url\":\"https:\\\/\\\/lillehealthcare.com\\\/de\\\/unsere-produkte\\\/\",\"name\":\"Unsere Produkte &#183; Lille Healthcare\",\"isPartOf\":{\"@id\":\"https:\\\/\\\/lillehealthcare.com\\\/de\\\/#website\"},\"datePublished\":\"2021-06-24T16:23:21+00:00\",\"dateModified\":\"2021-06-28T20:34:46+00:00\",\"description\":\"Lille Healthcare bietet eine gro\u00dfe Auswahl an Inkontinenzprodukten an, um den spezifischen Bed\u00fcrfnissen jedes Einzelnen gerecht zu werden.\",\"breadcrumb\":{\"@id\":\"https:\\\/\\\/lillehealthcare.com\\\/de\\\/unsere-produkte\\\/#breadcrumb\"},\"inLanguage\":\"de-DE\",\"potentialAction\":[{\"@type\":\"ReadAction\",\"target\":[\"https:\\\/\\\/lillehealthcare.com\\\/de\\\/unsere-produkte\\\/\"]}]},{\"@type\":\"BreadcrumbList\",\"@id\":\"https:\\\/\\\/lillehealthcare.com\\\/de\\\/unsere-produkte\\\/#breadcrumb\",\"itemListElement\":[{\"@type\":\"ListItem\",\"position\":1,\"name\":\"Home\",\"item\":\"https:\\\/\\\/lillehealthcare.com\\\/de\\\/\"},{\"@type\":\"ListItem\",\"position\":2,\"name\":\"Unsere Produkte\"}]},{\"@type\":\"WebSite\",\"@id\":\"https:\\\/\\\/lillehealthcare.com\\\/de\\\/#website\",\"url\":\"https:\\\/\\\/lillehealthcare.com\\\/de\\\/\",\"name\":\"Lille Healthcare\",\"description\":\"Incontinence products suitable for everyone\u2019s needs\",\"publisher\":{\"@id\":\"https:\\\/\\\/lillehealthcare.com\\\/de\\\/#organization\"},\"potentialAction\":[{\"@type\":\"SearchAction\",\"target\":{\"@type\":\"EntryPoint\",\"urlTemplate\":\"https:\\\/\\\/lillehealthcare.com\\\/de\\\/?s={search_term_string}\"},\"query-input\":{\"@type\":\"PropertyValueSpecification\",\"valueRequired\":true,\"valueName\":\"search_term_string\"}}],\"inLanguage\":\"de-DE\"},{\"@type\":\"Organization\",\"@id\":\"https:\\\/\\\/lillehealthcare.com\\\/de\\\/#organization\",\"name\":\"Lille Healthcare\",\"url\":\"https:\\\/\\\/lillehealthcare.com\\\/de\\\/\",\"logo\":{\"@type\":\"ImageObject\",\"inLanguage\":\"de-DE\",\"@id\":\"https:\\\/\\\/lillehealthcare.com\\\/de\\\/#\\\/schema\\\/logo\\\/image\\\/\",\"url\":\"https:\\\/\\\/lillehealthcare.com\\\/wp-content\\\/uploads\\\/2021\\\/05\\\/logoLilleHealthCareCMJN.svg\",\"contentUrl\":\"https:\\\/\\\/lillehealthcare.com\\\/wp-content\\\/uploads\\\/2021\\\/05\\\/logoLilleHealthCareCMJN.svg\",\"width\":100,\"height\":100,\"caption\":\"Lille Healthcare\"},\"image\":{\"@id\":\"https:\\\/\\\/lillehealthcare.com\\\/de\\\/#\\\/schema\\\/logo\\\/image\\\/\"}}]}<\/script>\n<!-- \/ Yoast SEO Premium plugin. -->","yoast_head_json":{"title":"Unsere Produkte &#183; Lille Healthcare","description":"Lille Healthcare bietet eine gro\u00dfe Auswahl an Inkontinenzprodukten an, um den spezifischen Bed\u00fcrfnissen jedes Einzelnen gerecht zu werden.","robots":{"index":"index","follow":"follow","max-snippet":"max-snippet:-1","max-image-preview":"max-image-preview:large","max-video-preview":"max-video-preview:-1"},"canonical":"https:\/\/lillehealthcare.com\/de\/unsere-produkte\/","og_locale":"de_DE","og_type":"article","og_title":"Unsere Produkte","og_description":"Lille Healthcare bietet eine gro\u00dfe Auswahl an Inkontinenzprodukten an, um den spezifischen Bed\u00fcrfnissen jedes Einzelnen gerecht zu werden.","og_url":"https:\/\/lillehealthcare.com\/de\/unsere-produkte\/","og_site_name":"Lille Healthcare","article_modified_time":"2021-06-28T20:34:46+00:00","og_image":[{"width":960,"height":639,"url":"https:\/\/lillehealthcare.com\/wp-content\/uploads\/2021\/05\/hero-couple.jpg","type":"image\/jpeg"}],"twitter_card":"summary_large_image","twitter_misc":{"Gesch\u00e4tzte Lesezeit":"3 Minuten"},"schema":{"@context":"https:\/\/schema.org","@graph":[{"@type":"WebPage","@id":"https:\/\/lillehealthcare.com\/de\/unsere-produkte\/","url":"https:\/\/lillehealthcare.com\/de\/unsere-produkte\/","name":"Unsere Produkte &#183; Lille Healthcare","isPartOf":{"@id":"https:\/\/lillehealthcare.com\/de\/#website"},"datePublished":"2021-06-24T16:23:21+00:00","dateModified":"2021-06-28T20:34:46+00:00","description":"Lille Healthcare bietet eine gro\u00dfe Auswahl an Inkontinenzprodukten an, um den spezifischen Bed\u00fcrfnissen jedes Einzelnen gerecht zu werden.","breadcrumb":{"@id":"https:\/\/lillehealthcare.com\/de\/unsere-produkte\/#breadcrumb"},"inLanguage":"de-DE","potentialAction":[{"@type":"ReadAction","target":["https:\/\/lillehealthcare.com\/de\/unsere-produkte\/"]}]},{"@type":"BreadcrumbList","@id":"https:\/\/lillehealthcare.com\/de\/unsere-produkte\/#breadcrumb","itemListElement":[{"@type":"ListItem","position":1,"name":"Home","item":"https:\/\/lillehealthcare.com\/de\/"},{"@type":"ListItem","position":2,"name":"Unsere Produkte"}]},{"@type":"WebSite","@id":"https:\/\/lillehealthcare.com\/de\/#website","url":"https:\/\/lillehealthcare.com\/de\/","name":"Lille Healthcare","description":"Incontinence products suitable for everyone\u2019s needs","publisher":{"@id":"https:\/\/lillehealthcare.com\/de\/#organization"},"potentialAction":[{"@type":"SearchAction","target":{"@type":"EntryPoint","urlTemplate":"https:\/\/lillehealthcare.com\/de\/?s={search_term_string}"},"query-input":{"@type":"PropertyValueSpecification","valueRequired":true,"valueName":"search_term_string"}}],"inLanguage":"de-DE"},{"@type":"Organization","@id":"https:\/\/lillehealthcare.com\/de\/#organization","name":"Lille Healthcare","url":"https:\/\/lillehealthcare.com\/de\/","logo":{"@type":"ImageObject","inLanguage":"de-DE","@id":"https:\/\/lillehealthcare.com\/de\/#\/schema\/logo\/image\/","url":"https:\/\/lillehealthcare.com\/wp-content\/uploads\/2021\/05\/logoLilleHealthCareCMJN.svg","contentUrl":"https:\/\/lillehealthcare.com\/wp-content\/uploads\/2021\/05\/logoLilleHealthCareCMJN.svg","width":100,"height":100,"caption":"Lille Healthcare"},"image":{"@id":"https:\/\/lillehealthcare.com\/de\/#\/schema\/logo\/image\/"}}]}},"_links":{"self":[{"href":"https:\/\/lillehealthcare.com\/de\/wp-json\/wp\/v2\/pages\/2074","targetHints":{"allow":["GET"]}}],"collection":[{"href":"https:\/\/lillehealthcare.com\/de\/wp-json\/wp\/v2\/pages"}],"about":[{"href":"https:\/\/lillehealthcare.com\/de\/wp-json\/wp\/v2\/types\/page"}],"author":[{"embeddable":true,"href":"https:\/\/lillehealthcare.com\/de\/wp-json\/wp\/v2\/users\/3"}],"replies":[{"embeddable":true,"href":"https:\/\/lillehealthcare.com\/de\/wp-json\/wp\/v2\/comments?post=2074"}],"version-history":[{"count":0,"href":"https:\/\/lillehealthcare.com\/de\/wp-json\/wp\/v2\/pages\/2074\/revisions"}],"wp:attachment":[{"href":"https:\/\/lillehealthcare.com\/de\/wp-json\/wp\/v2\/media?parent=2074"}],"curies":[{"name":"wp","href":"https:\/\/api.w.org\/{rel}","templated":true}]}}